{"id":4859,"date":"2023-06-29T18:52:24","date_gmt":"2023-06-29T16:52:24","guid":{"rendered":"https:\/\/agora.xtec.cat\/insgurb\/?page_id=4859"},"modified":"2024-04-28T21:08:41","modified_gmt":"2024-04-28T19:08:41","slug":"projecte-erasmus","status":"publish","type":"page","link":"https:\/\/agora.xtec.cat\/insgurb\/projecte-erasmus\/","title":{"rendered":"Projecte Erasmus+"},"content":{"rendered":"<p>L&#8217;Institut de Gurb, amb l&#8217;objectiu de fer intercanvi d&#8217;experi\u00e8ncies amb centres d&#8217;altres pa\u00efsos per con\u00e8ixer els seus sistemes educatius, projectes educatius i models de gesti\u00f3, ha participat en diversos projectes Erasmus+.<\/p>\n<h5><\/h5>\n<p>&nbsp;<\/p>\n<h5><strong>Projecte Alliance3 amb la Universitat de Vic<\/strong><\/h5>\n<ul>\n<li><a href=\"https:\/\/agora.xtec.cat\/insgurb\/portada\/participacio-en-un-projecte-erasmus\/\">Participaci\u00f3 al projecte Alliance3<\/a><\/li>\n<li>Visita a Dinamarca\n<ul>\n<li><a href=\"https:\/\/www.instagram.com\/p\/CU5rhOPIIDE\/?utm_source=ig_web_copy_link&amp;igshid=MzRlODBiNWFlZA==\">Dia 1<\/a><\/li>\n<li><a href=\"https:\/\/www.instagram.com\/p\/CU8XJ_tBZ3X\/?utm_source=ig_web_copy_link&amp;igshid=MzRlODBiNWFlZA==\">Dia 2<\/a><\/li>\n<li><a href=\"https:\/\/www.instagram.com\/p\/CVBiEavI2BI\/?utm_source=ig_web_copy_link&amp;igshid=MzRlODBiNWFlZA==\">Dia 3<\/a><\/li>\n<li><a href=\"https:\/\/www.instagram.com\/p\/CVDvEZWI1u5\/?utm_source=ig_web_copy_link&amp;igshid=MzRlODBiNWFlZA==\">Dia 4<\/a><\/li>\n<\/ul>\n<\/li>\n<li><a href=\"https:\/\/agora.xtec.cat\/insgurb\/portada\/visita-dels-companys-de-dinamarca-franca-i-hongria\/\">Visita dels centres de Dinamarca, Fran\u00e7a i Hongria<\/a><\/li>\n<\/ul>\n<h5><\/h5>\n<p>&nbsp;<\/p>\n<h5><strong>Projecte CETE+ 21 amb SC4 &#8211; STEAMcat<\/strong><\/h5>\n<p><a href=\"https:\/\/agora.xtec.cat\/insgurb\/wp-content\/uploads\/usu1744\/2023\/11\/CETE-300x257-1.png\"><img loading=\"lazy\" decoding=\"async\" class=\"alignnone wp-image-5317\" src=\"https:\/\/agora.xtec.cat\/insgurb\/wp-content\/uploads\/usu1744\/2023\/11\/CETE-300x257-1.png\" alt=\"\" width=\"271\" height=\"146\" srcset=\"https:\/\/agora.xtec.cat\/insgurb\/wp-content\/uploads\/usu1744\/2023\/11\/CETE-300x257-1.png 565w, https:\/\/agora.xtec.cat\/insgurb\/wp-content\/uploads\/usu1744\/2023\/11\/CETE-300x257-1-300x161.png 300w\" sizes=\"auto, (max-width: 271px) 100vw, 271px\" \/><\/a><\/p>\n<table style=\"border-collapse: collapse; width: 100%;\">\n<tbody>\n<tr>\n<td style=\"width: 33.3333%;\"><strong>Participants<\/strong><\/td>\n<td style=\"width: 33.3333%;\"><strong>Objectius<\/strong><\/td>\n<td style=\"width: 33.3333%;\"><strong>Activitats<\/strong><\/td>\n<\/tr>\n<tr>\n<td style=\"width: 33.3333%;\">\n<ul>\n<li style=\"font-weight: 500;\" aria-level=\"1\"><span style=\"font-weight: 500;\">Escola Rosend Montan\u00e9<\/span><\/li>\n<li style=\"font-weight: 500;\" aria-level=\"1\"><span style=\"font-weight: 500;\">Institut Frederic Mompou<\/span><\/li>\n<li style=\"font-weight: 500;\" aria-level=\"1\"><span style=\"font-weight: 500;\">Institut de Gurb\u00a0<\/span><\/li>\n<li style=\"font-weight: 500;\" aria-level=\"1\"><span style=\"font-weight: 500;\">Institut Sunsi Mora<\/span><\/li>\n<li style=\"font-weight: 500;\" aria-level=\"1\"><span style=\"font-weight: 500;\">Institut El Vern<\/span><\/li>\n<\/ul>\n<\/td>\n<td style=\"width: 33.3333%;\">\n<ul>\n<li style=\"font-weight: 500;\" aria-level=\"1\"><span style=\"font-weight: 500;\">Con\u00e8ixer la recerca STEAM a nivell internacional.<\/span><\/li>\n<li style=\"font-weight: 500;\" aria-level=\"1\"><span style=\"font-weight: 500;\">Difondre les bones pr\u00e0ctiques que se\u2019n deriven.\u00a0<\/span><\/li>\n<li style=\"font-weight: 500;\" aria-level=\"1\"><span style=\"font-weight: 500;\">Fer-les servir de model de refer\u00e8ncia pels nostres centres.<\/span><\/li>\n<li style=\"font-weight: 500;\" aria-level=\"1\"><span style=\"font-weight: 500;\">Con\u00e8ixer i experienciar nous models de metodologies i tecnologies, aix\u00ed com d\u2019espais d\u2019aprenentatge innovadors. <\/span><\/li>\n<\/ul>\n<\/td>\n<td style=\"width: 33.3333%;\">\n<ul>\n<li style=\"font-weight: 500;\" aria-level=\"1\"><span style=\"font-weight: 500;\">Visites entre centres del SC4.<\/span><\/li>\n<li style=\"font-weight: 500;\" aria-level=\"1\"><span style=\"font-weight: 500;\">Reunions peri\u00f2diques virtuals (cada 3-4 setmanes) amb la participaci\u00f3 d&#8217;un representant de cada centre.<\/span><\/li>\n<li style=\"font-weight: 500;\" aria-level=\"1\"><span style=\"font-weight: 500;\">Transfer\u00e8ncia de les mobilitats en format presencial durant les visites. <\/span><\/li>\n<li style=\"font-weight: 500;\" aria-level=\"1\">Mobilitats de <em>job shadowing<\/em><span style=\"font-weight: 400;\">.<\/span><\/li>\n<\/ul>\n<\/td>\n<\/tr>\n<\/tbody>\n<\/table>\n<p>En el marc d&#8217;aquest projecte, des de l&#8217;Institut de Gurb hem realitzat les activitats seg\u00fcents:<\/p>\n<ul>\n<li>Maig 2022: hem realitzat una <strong>mobilitat a Viena (\u00c0ustria)<\/strong>, juntament amb altres centres del projecte.\n<ul>\n<li>Publicaci\u00f3 de l&#8217;experi\u00e8ncia i les conclusions a la <a href=\"https:\/\/sites.google.com\/xtec.cat\/erasmussteamcat40\/diaries-of-our-visits\/vienna\/mittelschule-pyrkergasse-vienna?authuser=0\">p\u00e0gina web del projecte<\/a>.<\/li>\n<li>Publicaci\u00f3 de l&#8217;experi\u00e8ncia i les conclusions a la <a href=\"https:\/\/agora.xtec.cat\/insgurb\/projecte-erasmus\/job-shadowing-in-austria\/\">p\u00e0gina web del centre<\/a>.<\/li>\n<li>Publicaci\u00f3 a les xarxes socials.\n<ul>\n<li><a href=\"https:\/\/www.instagram.com\/p\/CdnhHo6qOaW\/\">Not\u00edcia 1<\/a><\/li>\n<li><a href=\"https:\/\/www.instagram.com\/p\/CdqxsQhKcKb\/?img_index=1\">Not\u00edcia 2<\/a><\/li>\n<li><a href=\"https:\/\/www.instagram.com\/p\/CdtwHxVKAVZ\/?img_index=1\">Not\u00edcia 3<\/a><\/li>\n<li><a href=\"https:\/\/www.instagram.com\/p\/Cdvrp_Jq1bF\/?img_index=1\">Not\u00edcia 4<\/a><\/li>\n<li><a href=\"https:\/\/www.instagram.com\/p\/Cdxx06tK02t\/?img_index=1\">Not\u00edcia 5<\/a><\/li>\n<\/ul>\n<\/li>\n<\/ul>\n<\/li>\n<li>Octubre 2022: hem realitzat una <strong>mobilitat a Nyborg (Dinamarca)<\/strong><a href=\"https:\/\/sites.google.com\/xtec.cat\/erasmussteamcat40\/diaries-of-our-visits\/denmark?authuser=0\">.<\/a>\n<ul>\n<li>Publicaci\u00f3 de l&#8217;experi\u00e8ncia i les conclusions a la<a href=\"https:\/\/sites.google.com\/xtec.cat\/erasmussteamcat40\/diaries-of-our-visits\/denmark?authuser=0\"> p\u00e0gina web del projecte<\/a>.<\/li>\n<li>Publicaci\u00f3 de l&#8217;experi\u00e8ncia i les conclusions a la <a href=\"https:\/\/agora.xtec.cat\/insgurb\/projecte-erasmus\/job-shadowing-in-denmark-2022\/\">p\u00e0gina web del centre<\/a>.<\/li>\n<li>Publicaci\u00f3 a les xarxes socials:\n<ul>\n<li><a href=\"https:\/\/www.instagram.com\/p\/CjllwF6KA-k\/?img_index=1\">Not\u00edcia 1<\/a><\/li>\n<li><a href=\"https:\/\/www.instagram.com\/p\/Cjx8D1CK64Y\/?img_index=1\">Not\u00edcia 2<\/a><\/li>\n<\/ul>\n<\/li>\n<\/ul>\n<\/li>\n<li>Novembre 2022: hem rebut una <a href=\"https:\/\/agora.xtec.cat\/insgurb\/portada\/intercanvi-de-professorat-amb-dinamarca\/\">visita de professorat de Dinamarca.<\/a><\/li>\n<li>Desembre 2022: hem rebut un visita dels centres STEAMcat.<\/li>\n<li>Mar\u00e7 2023: hem fet una visita a l&#8217;Institut Sunsi Mora.<\/li>\n<\/ul>\n<h5><\/h5>\n<p>&nbsp;<\/p>\n<h5><strong>Projecte Erasmus+ propi sobre aprenentatge cooperatiu<\/strong><\/h5>\n<ul>\n<li>Abril 2023: hem realitzat una <strong>mobiltiat a Roma (It\u00e0lia)<\/strong>.\n<ul>\n<li>Publicaci\u00f3 de l&#8217;experi\u00e8ncia i les conclusions a la <a href=\"https:\/\/agora.xtec.cat\/insgurb\/projecte-erasmus\/job-shadowing-in-rome\/\">p\u00e0gina web del centre<\/a>.<\/li>\n<li><a href=\"https:\/\/www.instagram.com\/p\/CrYvUkiopQ2\/?utm_source=ig_web_copy_link&amp;igshid=MzRlODBiNWFlZA==\">Publicaci\u00f3 a les xarxes socials<\/a>.<\/li>\n<\/ul>\n<\/li>\n<li>Octubre 2023: hem realitzat una <strong>mobilitat a Dinamarca<\/strong>\n<ul>\n<li>Publicaci\u00f3 de la <a href=\"https:\/\/agora.xtec.cat\/insgurb\/general\/mobilitat-erasmus-a-dinamarca\/\">not\u00edcia<\/a> a la p\u00e0gina web del centre.<\/li>\n<li>Publicaci\u00f3 de l&#8217;experi\u00e8ncia i les conclusions a la <a href=\"https:\/\/agora.xtec.cat\/insgurb\/projecte-erasmus\/job-shadowing-in-denmark-october-2023\/\">p\u00e0gina web del centre<\/a>.<\/li>\n<li>Publicaci\u00f3 a les xarxes socials:\n<ul>\n<li><a href=\"https:\/\/www.instagram.com\/p\/CyOQePZIlUH\/?img_index=1\">Not\u00edcia 1<\/a><\/li>\n<li><a href=\"https:\/\/www.instagram.com\/p\/CyY8ImjoUk-\/?img_index=1\">Not\u00edcia 2<\/a><\/li>\n<\/ul>\n<\/li>\n<\/ul>\n<\/li>\n<\/ul>\n<h5><\/h5>\n<p>&nbsp;<\/p>\n<h5><strong>Projecte CETE+ 22 amb EMAILC<\/strong><\/h5>\n<p><a href=\"https:\/\/agora.xtec.cat\/insgurb\/wp-content\/uploads\/usu1744\/2023\/11\/CETE-300x257-2.png\"><img loading=\"lazy\" decoding=\"async\" class=\"alignnone wp-image-5318\" src=\"https:\/\/agora.xtec.cat\/insgurb\/wp-content\/uploads\/usu1744\/2023\/11\/CETE-300x257-2.png\" alt=\"\" width=\"286\" height=\"154\" srcset=\"https:\/\/agora.xtec.cat\/insgurb\/wp-content\/uploads\/usu1744\/2023\/11\/CETE-300x257-2.png 565w, https:\/\/agora.xtec.cat\/insgurb\/wp-content\/uploads\/usu1744\/2023\/11\/CETE-300x257-2-300x161.png 300w\" sizes=\"auto, (max-width: 286px) 100vw, 286px\" \/><\/a><\/p>\n<ul>\n<li>Octubre 2023: hem realitzat una <strong>mobilitat a Eslov\u00e8nia<\/strong>\n<ul>\n<li>Publicaci\u00f3 de la <a href=\"https:\/\/agora.xtec.cat\/insgurb\/portada\/job-shadowing-a-eslovenia\/\">not\u00edcia<\/a> a la p\u00e0gina web del centre.<\/li>\n<li>Publicaci\u00f3 de l&#8217;experi\u00e8ncia i les conclusions a la <a href=\"https:\/\/agora.xtec.cat\/insgurb\/job-shadowing-slovenia-2023\/\">p\u00e0gina web del centre<\/a>.<\/li>\n<li><a href=\"https:\/\/www.instagram.com\/p\/Cx8Y034o0ZO\/?img_index=1\">Publicaci\u00f3 a les xarxes socials<\/a>.<\/li>\n<\/ul>\n<\/li>\n<li>Gener\/febrer 2024: hem realitzat una <strong>mobilitat a B\u00e8lgica<\/strong>\n<ul>\n<li>Publicaci\u00f3 de la <a href=\"https:\/\/agora.xtec.cat\/insgurb\/portada\/job-shadowing-a-belgica\/\">not\u00edcia<\/a> a la p\u00e0gina web del centre.<\/li>\n<li>Publicaci\u00f3 de l&#8217;experi\u00e8ncia i les conclusions a la <a href=\"https:\/\/agora.xtec.cat\/insgurb\/projecte-erasmus\/job-shadowing-belgium-2024\/\">p\u00e0gina web del centre<\/a>.<\/li>\n<li><a href=\"https:\/\/www.instagram.com\/p\/C2xACvkIkIj\/\">Publicaci\u00f3 a les xarxes socials<\/a>.<\/li>\n<\/ul>\n<\/li>\n<\/ul>\n<p>&nbsp;<\/p>\n<p>&nbsp;<\/p>\n<p><a href=\"https:\/\/agora.xtec.cat\/insgurb\/wp-content\/uploads\/usu1744\/2023\/10\/erasmus_en-1030x461-1.png\"><img loading=\"lazy\" decoding=\"async\" class=\"alignnone wp-image-5230\" src=\"https:\/\/agora.xtec.cat\/insgurb\/wp-content\/uploads\/usu1744\/2023\/10\/erasmus_en-1030x461-1.png\" alt=\"\" width=\"365\" height=\"76\" srcset=\"https:\/\/agora.xtec.cat\/insgurb\/wp-content\/uploads\/usu1744\/2023\/10\/erasmus_en-1030x461-1.png 993w, https:\/\/agora.xtec.cat\/insgurb\/wp-content\/uploads\/usu1744\/2023\/10\/erasmus_en-1030x461-1-300x62.png 300w, https:\/\/agora.xtec.cat\/insgurb\/wp-content\/uploads\/usu1744\/2023\/10\/erasmus_en-1030x461-1-768x159.png 768w\" sizes=\"auto, (max-width: 365px) 100vw, 365px\" \/><\/a><a href=\"http:\/\/www.sepie.es\/index.html\">\u00a0 \u00a0<img loading=\"lazy\" decoding=\"async\" class=\"alignnone wp-image-5223\" src=\"https:\/\/agora.xtec.cat\/insgurb\/wp-content\/uploads\/usu1744\/2023\/10\/SEPIE_erasmus_plus.gif\" alt=\"\" width=\"198\" height=\"73\" \/><\/a><\/p>\n<p>&nbsp;<\/p>\n<p>&nbsp;<\/p>\n","protected":false},"excerpt":{"rendered":"<p>L&#8217;Institut de Gurb, amb l&#8217;objectiu de fer intercanvi d&#8217;experi\u00e8ncies amb centres d&#8217;altres pa\u00efsos per con\u00e8ixer els seus sistemes educatius, projectes educatius i models de gesti\u00f3, ha participat en diversos projectes Erasmus+.<\/p>\n<p>&nbsp;<br \/>\nProjecte Alliance3 amb la Universitat de Vic<\/p>\n<ul>\n<li><a href=\"https:\/\/agora.xtec.cat\/insgurb\/portada\/participacio-en-un-projecte-erasmus\/\">Participaci\u00f3 al projecte Alliance3<\/a><\/li>\n<li>Visita a Dinamarca\n<ul>\n<li><a href=\"https:\/\/www.instagram.com\/p\/CU5rhOPIIDE\/?utm_source=ig_web_copy_link&amp;igshid=MzRlODBiNWFlZA==\">Dia 1<\/a><\/li>\n<li><a&hellip;  <a href=\"https:\/\/agora.xtec.cat\/insgurb\/projecte-erasmus\/\" title=\"Read Projecte Erasmus+\">Llegeix m\u00e9s\u00bb<\/a><br \/>\n","protected":false},"author":1,"featured_media":0,"parent":0,"menu_order":0,"comment_status":"closed","ping_status":"closed","template":"","meta":{"_bbp_topic_count":0,"_bbp_reply_count":0,"_bbp_total_topic_count":0,"_bbp_total_reply_count":0,"_bbp_voice_count":0,"_bbp_anonymous_reply_count":0,"_bbp_topic_count_hidden":0,"_bbp_reply_count_hidden":0,"_bbp_forum_subforum_count":0,"footnotes":""},"class_list":["post-4859","page","type-page","status-publish","hentry"],"post_mailing_queue_ids":[],"_links":{"self":[{"href":"https:\/\/agora.xtec.cat\/insgurb\/wp-json\/wp\/v2\/pages\/4859","targetHints":{"allow":["GET"]}}],"collection":[{"href":"https:\/\/agora.xtec.cat\/insgurb\/wp-json\/wp\/v2\/pages"}],"about":[{"href":"https:\/\/agora.xtec.cat\/insgurb\/wp-json\/wp\/v2\/types\/page"}],"author":[{"embeddable":true,"href":"https:\/\/agora.xtec.cat\/insgurb\/wp-json\/wp\/v2\/users\/1"}],"replies":[{"embeddable":true,"href":"https:\/\/agora.xtec.cat\/insgurb\/wp-json\/wp\/v2\/comments?post=4859"}],"version-history":[{"count":7,"href":"https:\/\/agora.xtec.cat\/insgurb\/wp-json\/wp\/v2\/pages\/4859\/revisions"}],"predecessor-version":[{"id":5687,"href":"https:\/\/agora.xtec.cat\/insgurb\/wp-json\/wp\/v2\/pages\/4859\/revisions\/5687"}],"wp:attachment":[{"href":"https:\/\/agora.xtec.cat\/insgurb\/wp-json\/wp\/v2\/media?parent=4859"}],"curies":[{"name":"wp","href":"https:\/\/api.w.org\/{rel}","templated":true}]}}