{"id":46,"date":"2014-09-17T16:53:45","date_gmt":"2014-09-17T16:53:45","guid":{"rendered":"http:\/\/agora.xtec.cat\/insgurb\/?page_id=46"},"modified":"2025-09-22T18:31:06","modified_gmt":"2025-09-22T16:31:06","slug":"organigrama","status":"publish","type":"page","link":"https:\/\/agora.xtec.cat\/insgurb\/linstitut\/organigrama\/","title":{"rendered":"Organigrama"},"content":{"rendered":"<p>L&#8217;Institut de Gurb est\u00e0 organitzat a trav\u00e9s de l&#8217;organigrama seg\u00fcent:<\/p>\n<p><a href=\"https:\/\/agora.xtec.cat\/insgurb\/wp-content\/uploads\/usu1744\/2025\/02\/organigrama_24_25.png\"><img loading=\"lazy\" decoding=\"async\" class=\"alignnone size-full wp-image-6240\" src=\"https:\/\/agora.xtec.cat\/insgurb\/wp-content\/uploads\/usu1744\/2025\/02\/organigrama_24_25.png\" alt=\"\" width=\"1058\" height=\"656\" srcset=\"https:\/\/agora.xtec.cat\/insgurb\/wp-content\/uploads\/usu1744\/2025\/02\/organigrama_24_25.png 1058w, https:\/\/agora.xtec.cat\/insgurb\/wp-content\/uploads\/usu1744\/2025\/02\/organigrama_24_25-300x186.png 300w, https:\/\/agora.xtec.cat\/insgurb\/wp-content\/uploads\/usu1744\/2025\/02\/organigrama_24_25-1024x635.png 1024w, https:\/\/agora.xtec.cat\/insgurb\/wp-content\/uploads\/usu1744\/2025\/02\/organigrama_24_25-768x476.png 768w\" sizes=\"auto, (max-width: 1058px) 100vw, 1058px\" \/><\/a><\/p>\n<p><strong>EQUIP DIRECTIU<\/strong><\/p>\n<ul>\n<li><strong>Director<\/strong>: Francesc Gim\u00e9nez (francesc.gimenez@institutdegurb.cat)<\/li>\n<li><strong>Cap d&#8217;estudis<\/strong>:\u00a0Guillem Riera (guillem.riera@institutdegurb.cat)<\/li>\n<li><strong>Coordinadora pedag\u00f2gica<\/strong>: N\u00faria Sams\u00f3 (nuria.samso@institutdegurb.cat)<\/li>\n<li><strong>Secret\u00e0ria<\/strong>: Anna Collelldemont\u00a0(anna.collelldemont@institutdegurb.cat)<\/li>\n<\/ul>\n<p>&nbsp;<\/p>\n<p><strong>COORDINACIONS<\/strong><\/p>\n<ul>\n<li><strong>Coordinaci\u00f3 de qualitat<\/strong>: N\u00faria Sams\u00f3 (nuria.samso@institutdegurb.cat)<\/li>\n<li><strong>Coordinaci\u00f3 de coeducaci\u00f3, conviv\u00e8ncia i benestar de l&#8217;alumnat<\/strong>: Roser Roca (roser.roca@institutdegurb.cat)<\/li>\n<li><strong>Coordinaci\u00f3 de riscos laborals<\/strong>: Isabel Palacio (isabel.palacio@institutdegurb.cat)<\/li>\n<li><strong>Coordinaci\u00f3 digital<\/strong>: Josep Rubi\u00f3 (josep.rubio@institutdegurb.cat)<\/li>\n<li><strong>Coordinaci\u00f3 de comunicaci\u00f3<\/strong>:\u00a0 Mireia Sala (mireia.sala@institutdegurb.cat)<\/li>\n<li><strong>Coordinaci\u00f3 d&#8217;activitats i sortides<\/strong>: Anna Collelldemont (anna.collelldemont@institutdegurb.cat) i Guillem Riera (guillem.riera@institutdegurb.cat)<\/li>\n<li><strong>Coordinaci\u00f3 de mobilitat<\/strong>: Ada Colomer (ada.colomer@institutdegurb.cat)<\/li>\n<li><strong>Coordinaci\u00f3 de biblioteca<\/strong>: N\u00faria Capdevila i Paula Maestre (biblioteca@institutdegurb.cat)<\/li>\n<li><strong>Coordinaci\u00f3 de medi ambient<\/strong>:<em> pendent de renovaci\u00f3<\/em><\/li>\n<\/ul>\n<p>&nbsp;<\/p>\n<p><strong>COMISSI\u00d3 PEDAG\u00d2GICA<\/strong><\/p>\n<ul>\n<li><strong>Director i cap pedag\u00f2gic de 3r d&#8217;ESO<\/strong>: Francesc Gim\u00e9nez (francesc.gimenez@institutdegurb.cat)<\/li>\n<li><strong>Coordinadora pedag\u00f2gica i cap pedag\u00f2gica de 4t d&#8217;ESO<\/strong>: N\u00faria Sams\u00f3 (nuria.samso@institutdegurb.cat)<\/li>\n<li><strong>Cap pedag\u00f2gica<\/strong> <strong>de 1r d&#8217;ESO<\/strong>: Laia Torralba (laia.torralba@institutdegurb.cat)<\/li>\n<li><strong>Cap pedag\u00f2gic de 2n d&#8217;ESO<\/strong>: Dani Blasi (dani.blasi@institutdegurb.cat)<\/li>\n<\/ul>\n<p>&nbsp;<\/p>\n<p><strong>COMISSI\u00d3 D&#8217;ATENCI\u00d3 EDUCATIVA INCLUSIVA<\/strong><\/p>\n<ul>\n<li><strong>Coordinadora pedag\u00f2gica<\/strong>: N\u00faria Sams\u00f3 (nuria.samso@institutdegurb.cat)<\/li>\n<li><strong>Equip d&#8217;orientaci\u00f3<\/strong>: Cristina Roca (mroca@institutdegurb.cat) i S\u00edlvia Viad\u00e9 (silvia.viade@institutdegurb.cat)<\/li>\n<li><strong>Cap de tutors de 1r d&#8217;ESO<\/strong>: Laia Torralba (laia.torralba@institutdegurb.cat)<\/li>\n<li><strong>Cap de tutors de 2n d&#8217;ESO<\/strong>: Sandra Lacruz (sandra.lacruz@institutdegurb.cat)<\/li>\n<li><strong>Cap de tutors de 3r d&#8217;ESO<\/strong>: Ester Bay\u00f3n (ebayon@institutdegurb.cat)<\/li>\n<li><strong>Cap de tutors de 4t d&#8217;ESO<\/strong>: Elisabet L\u00f3pez (elisabet.lopez@institutdegurb.cat)<\/li>\n<li><strong>Representant de l&#8217;EAP<\/strong>: Nat\u00e0lia Franch<\/li>\n<\/ul>\n<p>&nbsp;<\/p>\n<p><strong>COMISSI\u00d3 DE CONVIV\u00c8NCIA<\/strong><\/p>\n<ul>\n<li><strong>Director<\/strong>: Francesc Gim\u00e9nez (francesc.gimenez@institutdegurb.cat)<\/li>\n<li><strong>Cap d&#8217;estudis<\/strong>: Guillem Riera (guillem.riera@institutdegurb.cat)<\/li>\n<li><strong>Coordinadora de coeducaci\u00f3, conviv\u00e8ncia i benestar de l&#8217;alumnat i cap de conviv\u00e8ncia de 3r d&#8217;ESO<\/strong>: Roser Roca (roser.roca@institutdegurb.cat)<\/li>\n<li><strong>Cap de conviv\u00e8ncia de 1r d&#8217;ESO<\/strong>: Dar\u00edo Anguita (dario.anguita@institutdegurb.cat)<\/li>\n<li><strong>Cap de conviv\u00e8ncia de 2n d&#8217;ESO<\/strong>: N\u00faria Vidal (nvidal@institutdegurb.cat)<\/li>\n<li><strong>Cap de conviv\u00e8ncia de 4t d&#8217;ESO<\/strong>: Albert Barniol (albert.barniol@institutdegurb.cat)<\/li>\n<\/ul>\n<p>&nbsp;<\/p>\n<p><strong>COMISSI\u00d3 DE QUALITAT<\/strong><\/p>\n<ul>\n<li>Francesc Gim\u00e9nez\u00a0(francesc.gimenez@institutdegurb.cat)<\/li>\n<li>Guillem Riera (guillem.riera@institutdegurb.cat)<\/li>\n<li>Anna Collelldemont (anna.collelldemont@institutdegurb.cat)<\/li>\n<li>N\u00faria Sams\u00f3 (nuria.samso@institutdegurb.cat)<\/li>\n<li>Juanma Pozuelo (juanma.pozuelo@institutdegurb.cat)<\/li>\n<\/ul>\n<p>&nbsp;<\/p>\n<p><strong>\u00c0MBITS I DEPARTAMENTS<\/strong><\/p>\n<ul>\n<li><strong>\u00c0mbit ling\u00fc\u00edstic<\/strong>\n<ul>\n<li>Departaments:\n<ul>\n<li><strong>Lletres<\/strong>:\n<ul>\n<li>Cap de departament: Joan Pere Alzamora<\/li>\n<li>Professorat de Llengua Catalana: N\u00faria Capdevila, Mireia Sala, Joan Pere Alzamora, Marta Gonz\u00e1lez, Pere Vargas i Mireia Catot<\/li>\n<li>Professorat de Llengua Castellana: Paula Maestre i N\u00faria Trias (substitu\u00efda per \u00cfa Garriga)<\/li>\n<\/ul>\n<\/li>\n<li><strong>Lleng\u00fces Estrangeres<\/strong>:\n<ul>\n<li>Cap de departament: Ester Bay\u00f3n<\/li>\n<li>Professorat d&#8217;Angl\u00e8s: Ester Bay\u00f3n, N\u00faria Sams\u00f3, Isabel Palacio, Ada Colomer, Katharina Hahn i Eva Valls<\/li>\n<li>Professorat d&#8217;Alemany: Katharina Hahn<\/li>\n<li>Professorat de Franc\u00e8s: Ada Colomer<\/li>\n<\/ul>\n<\/li>\n<li><strong>Orientaci\u00f3<\/strong>:\n<ul>\n<li>Cap de departament: S\u00edlvia Viad\u00e9<\/li>\n<li>Professorat d&#8217;Orientaci\u00f3: Cristina Roca i S\u00edlvia Viad\u00e9<\/li>\n<\/ul>\n<\/li>\n<\/ul>\n<\/li>\n<\/ul>\n<\/li>\n<\/ul>\n<ul>\n<li><strong>\u00c0mbit STEAM<\/strong>\n<ul>\n<li>Departaments:\n<ul>\n<li><strong>Ci\u00e8ncies<\/strong>:\n<ul>\n<li>Cap de departament: Laura Paloma<\/li>\n<li>Professorat de Ci\u00e8ncies: Guillem Riera (substitu\u00eft per Mireia Ylla), Laia Torralba, Laura Paloma, Gen\u00eds Torguet, Mart\u00ed Boleda i Maria Ylla-Catal\u00e0<\/li>\n<\/ul>\n<\/li>\n<li><strong>Tecnologia<\/strong>:\n<ul>\n<li>Cap de departament: Josep Rubi\u00f3<\/li>\n<li>Professorat de Tecnologia: Francesc Gim\u00e9nez, N\u00faria Vidal i Josep Rubi\u00f3<\/li>\n<\/ul>\n<\/li>\n<li><strong>Matem\u00e0tiques<\/strong>:\n<ul>\n<li>Cap de departament: Dani Blasi<\/li>\n<li>Professorat de Matem\u00e0tiques: Anna Collelldemont, Roser Roca, Juanma Pozuelo i Dani Blasi<\/li>\n<\/ul>\n<\/li>\n<li><strong>Educaci\u00f3 F\u00edsica<\/strong>:\n<ul>\n<li>Cap de departament: Albert Barniol<\/li>\n<li>Professorat d&#8217;Educaci\u00f3 F\u00edsica: Pere Vila, Albert Barniol i N\u00faria Sala<\/li>\n<\/ul>\n<\/li>\n<\/ul>\n<\/li>\n<\/ul>\n<\/li>\n<\/ul>\n<ul>\n<li><strong>\u00c0mbit de participaci\u00f3<\/strong>:\n<ul>\n<li><strong>Ci\u00e8ncies Socials<\/strong>:\n<ul>\n<li>Cap de departament: Dar\u00edo Anguita<\/li>\n<li>Professorat de Ci\u00e8ncies Socials: Sandra Lacruz, Elisabet L\u00f3pez, Dar\u00edo Anguita i Daniel del Blanco<\/li>\n<\/ul>\n<\/li>\n<li><strong>Visual i Pl\u00e0stica<\/strong>: Carme Jim\u00e9nez<\/li>\n<li><strong>M\u00fasica:<\/strong>\n<ul>\n<li>Cap de departament: Carles Planas<\/li>\n<li>Professorat d&#8217;Educaci\u00f3 F\u00edsica: Carles Planas i N\u00faria G\u00fcell<\/li>\n<\/ul>\n<\/li>\n<\/ul>\n<\/li>\n<\/ul>\n<p>&nbsp;<\/p>\n<p><strong>TUTORIES<\/strong><\/p>\n<ul>\n<li><strong>1r A<\/strong>: Ada Colomer i Marta Gonz\u00e1lez<\/li>\n<li><strong>1r B<\/strong>: Anna Collelldemont i Pere Vila<\/li>\n<li><strong>1r C<\/strong>: Laia Torralba i Mart\u00ed Boleda<\/li>\n<li><strong>1r D<\/strong>: Dar\u00edo Anguita, Carles Planas i N\u00faria Sala<\/li>\n<li><strong>2n A<\/strong>: N\u00faria Vidal i N\u00faria G\u00fcell<\/li>\n<li><strong>2n B<\/strong>: Isabel Palacio i Dani Blasi<\/li>\n<li><strong>2n C<\/strong>: Sandra Lacruz i Pere Vargas<\/li>\n<li><strong>3r A<\/strong>: Guillem Riera (substitu\u00eft per Mireia Ylla), Ester Bay\u00f3n i Eva Valls<\/li>\n<li><strong>3r B<\/strong>: N\u00faria Trias (substitu\u00efda per \u00cfa Garriga) i Roser Roca<\/li>\n<li><strong>3r C<\/strong>: N\u00faria Capdevila, Gen\u00eds Torget i Maria Ylla-Catal\u00e0<\/li>\n<li><strong>3r D<\/strong>: Josep Rubi\u00f3 i Daniel del Blanco<\/li>\n<li><strong>4t A<\/strong>: Katharina Hahn i Laura Paloma<\/li>\n<li><strong>4t B<\/strong>: Elisabet L\u00f3pez, Paula Maestre i Mireia Catot<\/li>\n<li><strong>4t C<\/strong>: Albert Barniol i Juanma Pozuelo<\/li>\n<li><strong>4t D<\/strong>: Mireia Sala i Joan Pere Alzamora<\/li>\n<\/ul>\n<p>&nbsp;<\/p>\n<p><strong>PAS<\/strong><\/p>\n<ul>\n<li><strong>Administrativa<\/strong>: Marta Font<\/li>\n<li><strong>Conserges<\/strong>: Llu\u00eds Prat i Miquel Valera<\/li>\n<\/ul>\n<p>&nbsp;<\/p>\n<p><strong>CONSELL ESCOLAR<\/strong><\/p>\n<ul>\n<li><strong>Director<\/strong>: Francesc Gim\u00e9nez<\/li>\n<li><strong>Cap d\u2019estudis<\/strong>: Guillem Riera<\/li>\n<li><strong>Secret\u00e0ria<\/strong>: Anna Collelldemont<\/li>\n<li><strong>Representants del professorat<\/strong>: Ester Bay\u00f3n, Juanma Pozuelo, N\u00faria Sams\u00f3, Dani Blasi, Sandra Lacruz, Paula Maestre i Laura Paloma<\/li>\n<li><strong>Representant del PAS<\/strong>: Miquel Valera<\/li>\n<li><strong>Representants de les fam\u00edlies<\/strong>: Ma\u00efna Gautier, Gustau Marcos i Xavier Punt\u00ed<\/li>\n<li><strong>Representant de l\u2019AFA<\/strong>: In\u00e9s P\u00e9rez de Le\u00f3n<\/li>\n<li><strong>Representants dels ajuntaments<\/strong>: Anna Arum\u00ed (Gurb), Txevi Rovira (Santa Eul\u00e0lia de Riuprimer), Marta Molas (Sant Bartomeu del Grau) i Serena Brunells (Muntanyola)<\/li>\n<li><strong>Representant de l&#8217;alumnat<\/strong>: Berta Frigola, Biel Par\u00e9s i Iris Porras<\/li>\n<\/ul>\n<p>&nbsp;<\/p>\n","protected":false},"excerpt":{"rendered":"<p>L&#8217;Institut de Gurb est\u00e0 organitzat a trav\u00e9s de l&#8217;organigrama seg\u00fcent:<br \/>\n<a href=\"https:\/\/agora.xtec.cat\/insgurb\/wp-content\/uploads\/usu1744\/2025\/02\/organigrama_24_25.png\"><\/a><br \/>\nEQUIP DIRECTIU<\/p>\n<ul>\n<li>Director: Francesc Gim\u00e9nez (francesc.gimenez@institutdegurb.cat)<\/li>\n<li>Cap d&#8217;estudis:\u00a0Guillem Riera (guillem.riera@institutdegurb.cat)<\/li>\n<li>Coordinadora pedag\u00f2gica: N\u00faria Sams\u00f3 (nuria.samso@institutdegurb.cat)<\/li>\n<li>Secret\u00e0ria: Anna Collelldemont\u00a0(anna.collelldemont@institutdegurb.cat)<\/li>\n<\/ul>\n<p>&nbsp;<br \/>\nCOORDINACIONS<\/p>\n<ul>\n<li>Coordinaci\u00f3 de qualitat: N\u00faria Sams\u00f3 (nuria.samso@institutdegurb.cat)<\/li>\n<li>Coordinaci\u00f3 de coeducaci\u00f3, conviv\u00e8ncia i benestar de l&#8217;alumnat: Roser Roca (roser.roca@institutdegurb.cat)<\/li>\n<li>Coordinaci\u00f3 de riscos laborals: Isabel Palacio (isabel.palacio@institutdegurb.cat)<\/li>\n<li>Coordinaci\u00f3&hellip;  <a href=\"https:\/\/agora.xtec.cat\/insgurb\/linstitut\/organigrama\/\" title=\"Read Organigrama\">Llegeix m\u00e9s\u00bb<\/a><br \/>\n","protected":false},"author":1,"featured_media":0,"parent":805,"menu_order":50,"comment_status":"closed","ping_status":"closed","template":"","meta":{"_bbp_topic_count":0,"_bbp_reply_count":0,"_bbp_total_topic_count":0,"_bbp_total_reply_count":0,"_bbp_voice_count":0,"_bbp_anonymous_reply_count":0,"_bbp_topic_count_hidden":0,"_bbp_reply_count_hidden":0,"_bbp_forum_subforum_count":0,"footnotes":""},"class_list":["post-46","page","type-page","status-publish","hentry"],"post_mailing_queue_ids":[],"_links":{"self":[{"href":"https:\/\/agora.xtec.cat\/insgurb\/wp-json\/wp\/v2\/pages\/46","targetHints":{"allow":["GET"]}}],"collection":[{"href":"https:\/\/agora.xtec.cat\/insgurb\/wp-json\/wp\/v2\/pages"}],"about":[{"href":"https:\/\/agora.xtec.cat\/insgurb\/wp-json\/wp\/v2\/types\/page"}],"author":[{"embeddable":true,"href":"https:\/\/agora.xtec.cat\/insgurb\/wp-json\/wp\/v2\/users\/1"}],"replies":[{"embeddable":true,"href":"https:\/\/agora.xtec.cat\/insgurb\/wp-json\/wp\/v2\/comments?post=46"}],"version-history":[{"count":6,"href":"https:\/\/agora.xtec.cat\/insgurb\/wp-json\/wp\/v2\/pages\/46\/revisions"}],"predecessor-version":[{"id":6556,"href":"https:\/\/agora.xtec.cat\/insgurb\/wp-json\/wp\/v2\/pages\/46\/revisions\/6556"}],"up":[{"embeddable":true,"href":"https:\/\/agora.xtec.cat\/insgurb\/wp-json\/wp\/v2\/pages\/805"}],"wp:attachment":[{"href":"https:\/\/agora.xtec.cat\/insgurb\/wp-json\/wp\/v2\/media?parent=46"}],"curies":[{"name":"wp","href":"https:\/\/api.w.org\/{rel}","templated":true}]}}