{"id":4150,"date":"2022-05-05T18:01:35","date_gmt":"2022-05-05T16:01:35","guid":{"rendered":"https:\/\/agora.xtec.cat\/insgurb\/?page_id=4150"},"modified":"2022-07-07T12:08:59","modified_gmt":"2022-07-07T10:08:59","slug":"estrategia-digital-de-centre","status":"publish","type":"page","link":"https:\/\/agora.xtec.cat\/insgurb\/projecte-educatiu\/estrategia-digital-de-centre\/","title":{"rendered":"Estrat\u00e8gia digital de centre"},"content":{"rendered":"<h5>Introducci\u00f3<\/h5>\n<p>L&#8217;estrat\u00e8gia digital de centre (EDC) defineix i concreta les l\u00ednies d&#8217;actuaci\u00f3 d&#8217;un centre que fan possible que docents, alumnat i centre assoleixin la compet\u00e8ncia digital. Per aconseguir aquesta compet\u00e8ncia digital, l&#8217;EDC compr\u00e8n tots els \u00e0mbits del centre: organitzatius, metodol\u00f2gics, curriculars i comunicatius, els quals s&#8217;han de veure necess\u00e0riament implicats i, si escau, transformats, des d\u2019una perspectiva d&#8217;innovaci\u00f3 i de millora cont\u00ednua.<\/p>\n<p>Els objectius de l&#8217;EDC es poden agrupar en cinc \u00e0mbits, que tenen com a fita el m\u00e0xim assoliment de la compet\u00e8ncia digital de l\u2019alumnat, del professorat i del centre:<\/p>\n<ul>\n<li>Assoliment de la compet\u00e8ncia digital<\/li>\n<li>Planificaci\u00f3 estrat\u00e8gica i organitzaci\u00f3<\/li>\n<li>Metodologies did\u00e0ctiques i innovaci\u00f3<\/li>\n<li>Inclusi\u00f3 digital i de g\u00e8nere<\/li>\n<li>Seguretat i protecci\u00f3 de dades<\/li>\n<\/ul>\n<p><iframe loading=\"lazy\" title=\"YouTube video player\" src=\"https:\/\/www.youtube.com\/embed\/uS5UUZIYLPQ\" width=\"560\" height=\"315\" frameborder=\"0\" allowfullscreen=\"allowfullscreen\"><\/iframe><\/p>\n<p>&nbsp;<\/p>\n<p>&nbsp;<\/p>\n<h5>L&#8217;Estrat\u00e8gia digital a l&#8217;Institut de Gurb<\/h5>\n<p>L&#8217;Institut de Gurb \u00e9s un centre que, des dels seus inicis l&#8217;any 2010, ha destacat per ser un centre totalment digitalitzat. El <a href=\"https:\/\/agora.xtec.cat\/insgurb\/wp-content\/uploads\/usu1744\/2021\/08\/Projecte_educatiu_v2.pdf\">PEC<\/a> reflexa la voluntat del centre de <strong><em>formar ciutadans competents i responsables en l\u2019\u00fas dels recursos digitals, respectuosos amb la legislaci\u00f3 vigent i que garanteixin la seva identitat digital de forma segura.\u00a0<\/em><\/strong><\/p>\n<p>A nivell d&#8217;infraestructures, totes les aules del centre estan equipades amb projectors digitals interactius, acc\u00e9s a internet i equip de so, i tant l&#8217;alumnat com el professorat disposen d&#8217;ordinador personal de treball.<\/p>\n<p>Tal com estableix la normativa vigent, les compet\u00e8ncies de l&#8217;\u00e0mbit digital es treballen i s&#8217;avaluen de forma transversal, des de totes les mat\u00e8ries i projectes que es duen a terme al centre.<\/p>\n<p>&nbsp;<\/p>\n<p>L&#8217;<strong>Estrat\u00e8gia Digital de Centre<\/strong> s&#8217;estructura en dues l\u00ednies:<\/p>\n<ul>\n<li><a href=\"https:\/\/agora.xtec.cat\/insgurb\/projecte-educatiu\/estrategia-digital-de-centre\/estrategia-digital\/\">Estrat\u00e8gia digital<\/a><\/li>\n<li><a href=\"https:\/\/agora.xtec.cat\/insgurb\/projecte-educatiu\/estrategia-digital-de-centre\/cultura-digital\/\">Cultura digital<\/a><\/li>\n<\/ul>\n<p>&nbsp;<\/p>\n","protected":false},"excerpt":{"rendered":"<p>Introducci\u00f3<br \/>\nL&#8217;estrat\u00e8gia digital de centre (EDC) defineix i concreta les l\u00ednies d&#8217;actuaci\u00f3 d&#8217;un centre que fan possible que docents, alumnat i centre assoleixin la compet\u00e8ncia digital. Per aconseguir aquesta compet\u00e8ncia digital, l&#8217;EDC compr\u00e8n tots els \u00e0mbits del centre: organitzatius, metodol\u00f2gics, curriculars i comunicatius, els quals s&#8217;han&hellip;  <a href=\"https:\/\/agora.xtec.cat\/insgurb\/projecte-educatiu\/estrategia-digital-de-centre\/\" title=\"Read Estrat\u00e8gia digital de centre\">Llegeix m\u00e9s\u00bb<\/a><\/p>\n","protected":false},"author":1,"featured_media":0,"parent":57,"menu_order":0,"comment_status":"closed","ping_status":"closed","template":"","meta":{"_bbp_topic_count":0,"_bbp_reply_count":0,"_bbp_total_topic_count":0,"_bbp_total_reply_count":0,"_bbp_voice_count":0,"_bbp_anonymous_reply_count":0,"_bbp_topic_count_hidden":0,"_bbp_reply_count_hidden":0,"_bbp_forum_subforum_count":0,"footnotes":""},"class_list":["post-4150","page","type-page","status-publish","hentry"],"post_mailing_queue_ids":[],"_links":{"self":[{"href":"https:\/\/agora.xtec.cat\/insgurb\/wp-json\/wp\/v2\/pages\/4150","targetHints":{"allow":["GET"]}}],"collection":[{"href":"https:\/\/agora.xtec.cat\/insgurb\/wp-json\/wp\/v2\/pages"}],"about":[{"href":"https:\/\/agora.xtec.cat\/insgurb\/wp-json\/wp\/v2\/types\/page"}],"author":[{"embeddable":true,"href":"https:\/\/agora.xtec.cat\/insgurb\/wp-json\/wp\/v2\/users\/1"}],"replies":[{"embeddable":true,"href":"https:\/\/agora.xtec.cat\/insgurb\/wp-json\/wp\/v2\/comments?post=4150"}],"version-history":[{"count":3,"href":"https:\/\/agora.xtec.cat\/insgurb\/wp-json\/wp\/v2\/pages\/4150\/revisions"}],"predecessor-version":[{"id":4275,"href":"https:\/\/agora.xtec.cat\/insgurb\/wp-json\/wp\/v2\/pages\/4150\/revisions\/4275"}],"up":[{"embeddable":true,"href":"https:\/\/agora.xtec.cat\/insgurb\/wp-json\/wp\/v2\/pages\/57"}],"wp:attachment":[{"href":"https:\/\/agora.xtec.cat\/insgurb\/wp-json\/wp\/v2\/media?parent=4150"}],"curies":[{"name":"wp","href":"https:\/\/api.w.org\/{rel}","templated":true}]}}