{"id":3529,"date":"2021-07-29T18:58:42","date_gmt":"2021-07-29T16:58:42","guid":{"rendered":"https:\/\/agora.xtec.cat\/insgurb\/?page_id=3529"},"modified":"2025-09-29T15:25:11","modified_gmt":"2025-09-29T13:25:11","slug":"programa-rcs","status":"publish","type":"page","link":"https:\/\/agora.xtec.cat\/insgurb\/programa-rcs\/","title":{"rendered":"Programa RCS"},"content":{"rendered":"<p>El programa <strong>RCS (Recerca, creaci\u00f3 i servei)<\/strong> \u00e9s un programa d\u2019innovaci\u00f3 del Departament d\u2019Educaci\u00f3 que t\u00e9 com a finalitat la millora i aprofundiment en l\u2019aprenentatge competencial de l\u2019alumnat de l\u2019ESO, especialment pel que fa a les compet\u00e8ncies globals, mitjan\u00e7ant el foment de l\u2019inter\u00e8s i el comprom\u00eds dels joves pel que passa al seu entorn, amb un aprenentatge que fomenta l\u2019autonomia i els capacita per interpretar i intervenir en el m\u00f3n, a trav\u00e9s del desenvolupament competencial i cultural.<\/p>\n<p><a href=\"https:\/\/agora.xtec.cat\/insgurb\/wp-content\/uploads\/usu1744\/2021\/07\/RCS.jpg\"><img loading=\"lazy\" decoding=\"async\" class=\"size-full wp-image-3530 aligncenter\" src=\"https:\/\/agora.xtec.cat\/insgurb\/wp-content\/uploads\/usu1744\/2021\/07\/RCS.jpg\" alt=\"\" width=\"290\" height=\"116\" \/><\/a><\/p>\n<p>El programa es fonamenta en el plantejament de diferents tipus de reptes derivats de necessitats que algunes entitats procedents de l\u2019entorn dels centres educatius, com associacions de ve\u00efns i ve\u00efnes, museus, ONG, etc., proposen a l\u2019alumnat. El coneixement que es desenvolupa en la resoluci\u00f3 del repte es converteix en accions que es projecten en forma de servei a les persones, intervenci\u00f3 sobre l\u2019entorn i concreci\u00f3 de les idees amb produccions culturals.<\/p>\n<p>El programa va destinat a tot l\u2019alumnat de 4t d\u2019ESO. Al llarg del curs, l\u2019alumnat ha d\u2019escollir 3 projectes que desenvolupar\u00e0 de manera successiva, cada un dels quals t\u00e9 una durada d&#8217;un trimestre. Els projectes pertanyen als tres \u00e0mbits seg\u00fcents: social i art\u00edstic, cient\u00edfic i tecnol\u00f2gic i comunicatiu.<\/p>\n<p>Les entitats amb les quals treballem s\u00f3n les que es mostren a continuaci\u00f3:<\/p>\n<table style=\"width: 97.6818%;\">\n<tbody>\n<tr>\n<td style=\"width: 15.3549%; text-align: center;\"><strong>\u00a0<\/strong><\/td>\n<td style=\"width: 27.2497%; text-align: center;\" width=\"153\"><strong>\u00c0mbit social i art\u00edstic<\/strong><\/td>\n<td style=\"width: 28.7709%; text-align: center;\" width=\"161\"><strong>\u00c0mbit cient\u00edfic i tecnol\u00f2gic<\/strong><\/td>\n<td style=\"width: 74.6979%; text-align: center;\" width=\"157\"><strong>\u00c0mbit comunicatiu<\/strong><\/td>\n<\/tr>\n<tr>\n<td style=\"width: 15.3549%;\"><strong>Curs 2021-22<\/strong><\/td>\n<td style=\"width: 27.2497%;\">Edualter<\/p>\n<p>Museu de la Immigraci\u00f3 de Catalunya<\/p>\n<p>Xarxa de Drets dels Infants<\/p>\n<p>Sant Tom\u00e0s (projecte propi)<\/td>\n<td style=\"width: 28.7709%;\">IBEC (Institut de Bioenginyeria de Catalunya)<\/p>\n<p>Museu de les Matem\u00e0tiques<\/p>\n<p>Casa Tarradellas (projecte propi)<\/td>\n<td style=\"width: 74.6979%;\">Catalunya R\u00e0dio<\/p>\n<p>Laboratori de Lletres<\/p>\n<p>Sala Beckett<\/p>\n<p>Casal de la Gent Gran de Gurb (projecte propi)<\/td>\n<\/tr>\n<tr>\n<td style=\"width: 15.3549%;\"><strong>Curs 2022-23<\/strong><\/td>\n<td style=\"width: 27.2497%;\" width=\"153\">TV3<\/p>\n<p>Museu de la Immigraci\u00f3 de Catalunya<\/p>\n<p>Sant Tom\u00e0s (projecte propi)<\/td>\n<td style=\"width: 28.7709%;\" width=\"161\">IBEC (Institut de Bioenginyeria de Catalunya)<\/p>\n<p>Computer Vision Center (CVC)<\/p>\n<p>Canvis en Cadena (projecte propi)<\/td>\n<td style=\"width: 74.6979%;\" width=\"157\">Sala Beckett<\/p>\n<p>Catalunya R\u00e0dio<\/p>\n<p>Casal de la Gent Gran de Gurb (projecte propi)<\/td>\n<\/tr>\n<tr>\n<td style=\"width: 15.3549%;\"><strong>Curs 2023-24<\/strong><\/td>\n<td style=\"width: 27.2497%;\">Associaci\u00f3 Rosa Dilm\u00e9 (projecte propi)<\/p>\n<p>Museu de la Immigraci\u00f3 de Catalunya<\/p>\n<p>Sant Tom\u00e0s (projecte propi)<\/td>\n<td style=\"width: 28.7709%;\">Hort social de l&#8217;Ajuntament de Gurb (projecte propi)<\/p>\n<p>Computer Vision Center (CVC)<\/p>\n<p>Ajuntament de Gurb (projecte propi)<\/td>\n<td style=\"width: 74.6979%;\">Teatre de Gurb (projecte propi)<\/p>\n<p>Catalunya R\u00e0dio<\/p>\n<p>Club de lectura del Casal de la Gent Gran de Gurb (projecte propi)<\/td>\n<\/tr>\n<tr>\n<td style=\"width: 15.3549%;\"><strong>Curs 2024-25<\/strong><\/td>\n<td style=\"width: 27.2497%;\">CIAO (Centre d&#8217;Investigacions Arqueol\u00f2giques d&#8217;Osona)<\/p>\n<p>Fundaci\u00f3 Ateneu Sant Roc<\/p>\n<p>Centre Ocupacional Sant Tom\u00e0s<\/td>\n<td style=\"width: 28.7709%;\">IBEC (Institut de Bioenginyeria de Catalunya)<\/p>\n<p>Institut de Gurb<\/p>\n<p>Sant Tom\u00e0s<\/td>\n<td style=\"width: 74.6979%;\">Casal de la Gent Gran de Gurb<\/p>\n<p>R\u00e0dio Manlleu<\/p>\n<p>Canal Taronja<\/td>\n<\/tr>\n<tr>\n<td style=\"width: 15.3549%;\"><strong>Curs 2025-26<\/strong><\/td>\n<td style=\"width: 27.2497%;\">CIAO (Centre d&#8217;Investigacions Arqueol\u00f2giques d&#8217;Osona)<\/p>\n<p>Consell Comarcal d&#8217;Osona<\/p>\n<p>Centre Ocupacional Sant Tom\u00e0s<\/td>\n<td style=\"width: 28.7709%;\">Institut de Gurb \/ GACO Osona (Grup d&#8217;Anellament de Calldetenes &#8211; Osona)<\/p>\n<p>Sant Tom\u00e0s \/ Rosa Dilm\u00e9<\/p>\n<p>IBEC (Institut de Bioenginyeria de Catalunya)<\/td>\n<td style=\"width: 74.6979%;\">R\u00e0dio Manlleu<\/p>\n<p>Casal de la Gent Gran de Gurb<\/p>\n<p>Canal Taronja<\/td>\n<\/tr>\n<\/tbody>\n<\/table>\n<p>A continuaci\u00f3, es pot veure l&#8217;experi\u00e8ncia de l&#8217;Institut de Gurb en la realitzaci\u00f3 d&#8217;un dels projectes RCS del curs 2021-22, concretament l&#8217;estudi de la qualitat del son proposat per l&#8217;IBEC (Institut de Bioenginyeria de Catalunya):<\/p>\n<p><iframe loading=\"lazy\" title=\"YouTube video player\" src=\"https:\/\/www.youtube.com\/embed\/NMFml91xhwE\" width=\"560\" height=\"315\" frameborder=\"0\" allowfullscreen=\"allowfullscreen\"><\/iframe><\/p>\n<p>&nbsp;<\/p>\n<p>&nbsp;<\/p>\n","protected":false},"excerpt":{"rendered":"<p>El programa RCS (Recerca, creaci\u00f3 i servei) \u00e9s un programa d\u2019innovaci\u00f3 del Departament d\u2019Educaci\u00f3 que t\u00e9 com a finalitat la millora i aprofundiment en l\u2019aprenentatge competencial de l\u2019alumnat de l\u2019ESO, especialment pel que fa a les compet\u00e8ncies globals, mitjan\u00e7ant el foment de l\u2019inter\u00e8s i el&hellip;  <a href=\"https:\/\/agora.xtec.cat\/insgurb\/programa-rcs\/\" title=\"Read Programa RCS\">Llegeix m\u00e9s\u00bb<\/a><\/p>\n","protected":false},"author":1,"featured_media":0,"parent":0,"menu_order":0,"comment_status":"closed","ping_status":"closed","template":"","meta":{"_bbp_topic_count":0,"_bbp_reply_count":0,"_bbp_total_topic_count":0,"_bbp_total_reply_count":0,"_bbp_voice_count":0,"_bbp_anonymous_reply_count":0,"_bbp_topic_count_hidden":0,"_bbp_reply_count_hidden":0,"_bbp_forum_subforum_count":0,"footnotes":""},"class_list":["post-3529","page","type-page","status-publish","hentry"],"post_mailing_queue_ids":[],"_links":{"self":[{"href":"https:\/\/agora.xtec.cat\/insgurb\/wp-json\/wp\/v2\/pages\/3529","targetHints":{"allow":["GET"]}}],"collection":[{"href":"https:\/\/agora.xtec.cat\/insgurb\/wp-json\/wp\/v2\/pages"}],"about":[{"href":"https:\/\/agora.xtec.cat\/insgurb\/wp-json\/wp\/v2\/types\/page"}],"author":[{"embeddable":true,"href":"https:\/\/agora.xtec.cat\/insgurb\/wp-json\/wp\/v2\/users\/1"}],"replies":[{"embeddable":true,"href":"https:\/\/agora.xtec.cat\/insgurb\/wp-json\/wp\/v2\/comments?post=3529"}],"version-history":[{"count":6,"href":"https:\/\/agora.xtec.cat\/insgurb\/wp-json\/wp\/v2\/pages\/3529\/revisions"}],"predecessor-version":[{"id":6557,"href":"https:\/\/agora.xtec.cat\/insgurb\/wp-json\/wp\/v2\/pages\/3529\/revisions\/6557"}],"wp:attachment":[{"href":"https:\/\/agora.xtec.cat\/insgurb\/wp-json\/wp\/v2\/media?parent=3529"}],"curies":[{"name":"wp","href":"https:\/\/api.w.org\/{rel}","templated":true}]}}