{"id":3423,"date":"2021-07-02T22:39:34","date_gmt":"2021-07-02T20:39:34","guid":{"rendered":"http:\/\/agora.xtec.cat\/insgurb\/?page_id=3423"},"modified":"2026-02-27T09:30:27","modified_gmt":"2026-02-27T08:30:27","slug":"servei-de-menjador","status":"publish","type":"page","link":"https:\/\/agora.xtec.cat\/insgurb\/afa\/servei-de-menjador\/","title":{"rendered":"Servei de menjador"},"content":{"rendered":"<p>El servei de menjador es va iniciar a les noves instal\u00b7lacions de l&#8217;institut el setembre de 2024. Est\u00e0 <strong>gestionat per l&#8217;AFA <\/strong>i va a c\u00e0rrec de l&#8217;empresa <strong>Sant Tom\u00e0s<\/strong>, que ofereix un <strong>servei de c\u00e0tering<\/strong>.<\/p>\n<p>L&#8217;horari del servei \u00e9s <strong>de 14:30 a 16:00 h, <\/strong>i inclou menjador i servei de vigil\u00e0ncia. En cas que algun\/a alumne\/a hagi de sortir abans de les 16:00 h, cal que porti una autoritzaci\u00f3 signada per la fam\u00edlia, que s&#8217;ha de lliurar a les 8:00 h a consergeria.<\/p>\n<p>El servei s&#8217;inicia el dia 8 de setembre, es paga a trav\u00e9s de l&#8217;aplicaci\u00f3 TPV Escola i t\u00e9 el cost seg\u00fcent:<\/p>\n<div>\n<ul>\n<li>5 dies a la setmana: 140 \u20ac \/ mes<\/li>\n<li>4 dies a la setmana:\u00a0125 \u20ac \/ mes<\/li>\n<li>3 dies a la setmana: 95\u00a0\u20ac \/ mes<\/li>\n<li>2 dies a la setmana: 65\u00a0\u20ac \/ mes<\/li>\n<li>1 dia a la setmana: 35 \u20ac \/ mes<\/li>\n<li>Espor\u00e0dic: 10 \u20ac \/ men\u00fa (caldr\u00e0 comprar tiquet a trav\u00e9s de TPV Escola abans de les 8:00 h)<\/li>\n<\/ul>\n<p>S&#8217;abonaran 5,5 \u20ac per cada dia que no es faci \u00fas del servei, si s&#8217;informa a trav\u00e9s de TPV Escola abans de les 8:00 h. \u00c9s responsabilitat de les fam\u00edlies anul\u00b7lar el men\u00fa d&#8217;un dia que no es vulgui fer \u00fas del servei. Si no es notifica abans de les 8:00 h a trav\u00e9s de TPV Escola, no es far\u00e0 l&#8217;abonament pertinent.<\/p>\n<p><span style=\"font-family: inherit; font-size: 1em;\">Les fam\u00edlies que vulguin fer servir el servei de menjador el proper curs 2025-26, han de fer la <\/span><strong style=\"font-family: inherit; font-size: 1em;\">inscripci\u00f3<\/strong><span style=\"font-family: inherit; font-size: 1em;\"> a trav\u00e9s del formulari seg\u00fcent <\/span><strong style=\"font-family: inherit; font-size: 1em;\">abans del dia 18 de juliol<\/strong><span style=\"font-family: inherit; font-size: 1em;\">:<\/span><\/p>\n<\/div>\n<p><a href=\"https:\/\/docs.google.com\/forms\/d\/e\/1FAIpQLSfx5tHU9Ai3yB8712ZWZpi1uZnAbzkIhnK-biQ_IDvTaPwymA\/viewform?usp=dialog\"><strong>Sol\u00b7licitud del servei de menjador per al curs 2025-26<\/strong><\/a><\/p>\n<p>Per qualsevol dubte, us podeu dirigir a l&#8217;AFA (<a href=\"mailto:afainstitutdegurb@gmail.com\">menjador@institutdegurb.cat<\/a>).<\/p>\n<p>&nbsp;<\/p>\n<p>&nbsp;<\/p>\n<h5><strong>Men\u00fa setembre 2025<\/strong><\/h5>\n<p><a href=\"https:\/\/agora.xtec.cat\/insgurb\/wp-content\/uploads\/usu1744\/2025\/09\/Menus-Setembre-2025_page-0001.jpg\"><img loading=\"lazy\" decoding=\"async\" class=\"alignnone size-full wp-image-6532\" src=\"https:\/\/agora.xtec.cat\/insgurb\/wp-content\/uploads\/usu1744\/2025\/09\/Menus-Setembre-2025_page-0001.jpg\" alt=\"\" width=\"2480\" height=\"1482\" srcset=\"https:\/\/agora.xtec.cat\/insgurb\/wp-content\/uploads\/usu1744\/2025\/09\/Menus-Setembre-2025_page-0001.jpg 2480w, https:\/\/agora.xtec.cat\/insgurb\/wp-content\/uploads\/usu1744\/2025\/09\/Menus-Setembre-2025_page-0001-300x179.jpg 300w, https:\/\/agora.xtec.cat\/insgurb\/wp-content\/uploads\/usu1744\/2025\/09\/Menus-Setembre-2025_page-0001-1024x612.jpg 1024w, https:\/\/agora.xtec.cat\/insgurb\/wp-content\/uploads\/usu1744\/2025\/09\/Menus-Setembre-2025_page-0001-768x459.jpg 768w, https:\/\/agora.xtec.cat\/insgurb\/wp-content\/uploads\/usu1744\/2025\/09\/Menus-Setembre-2025_page-0001-1536x918.jpg 1536w, https:\/\/agora.xtec.cat\/insgurb\/wp-content\/uploads\/usu1744\/2025\/09\/Menus-Setembre-2025_page-0001-2048x1224.jpg 2048w\" sizes=\"auto, (max-width: 2480px) 100vw, 2480px\" \/><\/a><\/p>\n<p>&nbsp;<\/p>\n<h5><strong>Men\u00fa octubre 2025<\/strong><\/h5>\n<p><a href=\"https:\/\/agora.xtec.cat\/insgurb\/wp-content\/uploads\/usu1744\/2025\/10\/Menus-Octubre-2025_page-0001-1.jpg\"><img loading=\"lazy\" decoding=\"async\" class=\"alignnone size-full wp-image-6560\" src=\"https:\/\/agora.xtec.cat\/insgurb\/wp-content\/uploads\/usu1744\/2025\/10\/Menus-Octubre-2025_page-0001-1.jpg\" alt=\"\" width=\"1754\" height=\"878\" srcset=\"https:\/\/agora.xtec.cat\/insgurb\/wp-content\/uploads\/usu1744\/2025\/10\/Menus-Octubre-2025_page-0001-1.jpg 1754w, https:\/\/agora.xtec.cat\/insgurb\/wp-content\/uploads\/usu1744\/2025\/10\/Menus-Octubre-2025_page-0001-1-300x150.jpg 300w, https:\/\/agora.xtec.cat\/insgurb\/wp-content\/uploads\/usu1744\/2025\/10\/Menus-Octubre-2025_page-0001-1-1024x513.jpg 1024w, https:\/\/agora.xtec.cat\/insgurb\/wp-content\/uploads\/usu1744\/2025\/10\/Menus-Octubre-2025_page-0001-1-768x384.jpg 768w, https:\/\/agora.xtec.cat\/insgurb\/wp-content\/uploads\/usu1744\/2025\/10\/Menus-Octubre-2025_page-0001-1-1536x769.jpg 1536w\" sizes=\"auto, (max-width: 1754px) 100vw, 1754px\" \/><\/a><\/p>\n<h5><\/h5>\n<h5><strong>Men\u00fa novembre 2025<\/strong><\/h5>\n<p><a href=\"https:\/\/agora.xtec.cat\/insgurb\/wp-content\/uploads\/usu1744\/2025\/11\/11-GURB_page-0001.jpg\"><img loading=\"lazy\" decoding=\"async\" class=\"alignnone size-full wp-image-6591\" src=\"https:\/\/agora.xtec.cat\/insgurb\/wp-content\/uploads\/usu1744\/2025\/11\/11-GURB_page-0001.jpg\" alt=\"\" width=\"1754\" height=\"861\" srcset=\"https:\/\/agora.xtec.cat\/insgurb\/wp-content\/uploads\/usu1744\/2025\/11\/11-GURB_page-0001.jpg 1754w, https:\/\/agora.xtec.cat\/insgurb\/wp-content\/uploads\/usu1744\/2025\/11\/11-GURB_page-0001-300x147.jpg 300w, https:\/\/agora.xtec.cat\/insgurb\/wp-content\/uploads\/usu1744\/2025\/11\/11-GURB_page-0001-1024x503.jpg 1024w, https:\/\/agora.xtec.cat\/insgurb\/wp-content\/uploads\/usu1744\/2025\/11\/11-GURB_page-0001-768x377.jpg 768w, https:\/\/agora.xtec.cat\/insgurb\/wp-content\/uploads\/usu1744\/2025\/11\/11-GURB_page-0001-1536x754.jpg 1536w\" sizes=\"auto, (max-width: 1754px) 100vw, 1754px\" \/><\/a><\/p>\n<p><a href=\"https:\/\/agora.xtec.cat\/insgurb\/wp-content\/uploads\/usu1744\/2025\/11\/11-GURB-CELIAC_page-0001.jpg\"><img loading=\"lazy\" decoding=\"async\" class=\"alignnone size-full wp-image-6592\" src=\"https:\/\/agora.xtec.cat\/insgurb\/wp-content\/uploads\/usu1744\/2025\/11\/11-GURB-CELIAC_page-0001.jpg\" alt=\"\" width=\"1754\" height=\"865\" srcset=\"https:\/\/agora.xtec.cat\/insgurb\/wp-content\/uploads\/usu1744\/2025\/11\/11-GURB-CELIAC_page-0001.jpg 1754w, https:\/\/agora.xtec.cat\/insgurb\/wp-content\/uploads\/usu1744\/2025\/11\/11-GURB-CELIAC_page-0001-300x148.jpg 300w, https:\/\/agora.xtec.cat\/insgurb\/wp-content\/uploads\/usu1744\/2025\/11\/11-GURB-CELIAC_page-0001-1024x505.jpg 1024w, https:\/\/agora.xtec.cat\/insgurb\/wp-content\/uploads\/usu1744\/2025\/11\/11-GURB-CELIAC_page-0001-768x379.jpg 768w, https:\/\/agora.xtec.cat\/insgurb\/wp-content\/uploads\/usu1744\/2025\/11\/11-GURB-CELIAC_page-0001-1536x757.jpg 1536w\" sizes=\"auto, (max-width: 1754px) 100vw, 1754px\" \/><\/a><\/p>\n<h5><\/h5>\n<h5><strong>Men\u00fa desembre 2025<\/strong><\/h5>\n<p><a href=\"https:\/\/agora.xtec.cat\/insgurb\/wp-content\/uploads\/usu1744\/2026\/01\/Menu-Desembre-2025_page-0001.jpg\"><img loading=\"lazy\" decoding=\"async\" class=\"alignnone size-full wp-image-6639\" src=\"https:\/\/agora.xtec.cat\/insgurb\/wp-content\/uploads\/usu1744\/2026\/01\/Menu-Desembre-2025_page-0001.jpg\" alt=\"\" width=\"1755\" height=\"929\" srcset=\"https:\/\/agora.xtec.cat\/insgurb\/wp-content\/uploads\/usu1744\/2026\/01\/Menu-Desembre-2025_page-0001.jpg 1755w, https:\/\/agora.xtec.cat\/insgurb\/wp-content\/uploads\/usu1744\/2026\/01\/Menu-Desembre-2025_page-0001-300x159.jpg 300w, https:\/\/agora.xtec.cat\/insgurb\/wp-content\/uploads\/usu1744\/2026\/01\/Menu-Desembre-2025_page-0001-1024x542.jpg 1024w, https:\/\/agora.xtec.cat\/insgurb\/wp-content\/uploads\/usu1744\/2026\/01\/Menu-Desembre-2025_page-0001-768x407.jpg 768w, https:\/\/agora.xtec.cat\/insgurb\/wp-content\/uploads\/usu1744\/2026\/01\/Menu-Desembre-2025_page-0001-1536x813.jpg 1536w\" sizes=\"auto, (max-width: 1755px) 100vw, 1755px\" \/><\/a><\/p>\n<p><a href=\"https:\/\/agora.xtec.cat\/insgurb\/wp-content\/uploads\/usu1744\/2026\/01\/Menu-Desembre-Celiac-2025_page-0001.jpg\"><img loading=\"lazy\" decoding=\"async\" class=\"alignnone size-full wp-image-6640\" src=\"https:\/\/agora.xtec.cat\/insgurb\/wp-content\/uploads\/usu1744\/2026\/01\/Menu-Desembre-Celiac-2025_page-0001.jpg\" alt=\"\" width=\"1755\" height=\"928\" srcset=\"https:\/\/agora.xtec.cat\/insgurb\/wp-content\/uploads\/usu1744\/2026\/01\/Menu-Desembre-Celiac-2025_page-0001.jpg 1755w, https:\/\/agora.xtec.cat\/insgurb\/wp-content\/uploads\/usu1744\/2026\/01\/Menu-Desembre-Celiac-2025_page-0001-300x159.jpg 300w, https:\/\/agora.xtec.cat\/insgurb\/wp-content\/uploads\/usu1744\/2026\/01\/Menu-Desembre-Celiac-2025_page-0001-1024x541.jpg 1024w, https:\/\/agora.xtec.cat\/insgurb\/wp-content\/uploads\/usu1744\/2026\/01\/Menu-Desembre-Celiac-2025_page-0001-768x406.jpg 768w, https:\/\/agora.xtec.cat\/insgurb\/wp-content\/uploads\/usu1744\/2026\/01\/Menu-Desembre-Celiac-2025_page-0001-1536x812.jpg 1536w\" sizes=\"auto, (max-width: 1755px) 100vw, 1755px\" \/><\/a><\/p>\n<h5><\/h5>\n<h5><strong>Men\u00fa gener 2026<\/strong><\/h5>\n<p><a href=\"https:\/\/agora.xtec.cat\/insgurb\/wp-content\/uploads\/usu1744\/2026\/01\/0126-GURB_page-0001.jpg\"><img loading=\"lazy\" decoding=\"async\" class=\"alignnone size-full wp-image-6636\" src=\"https:\/\/agora.xtec.cat\/insgurb\/wp-content\/uploads\/usu1744\/2026\/01\/0126-GURB_page-0001.jpg\" alt=\"\" width=\"1754\" height=\"765\" srcset=\"https:\/\/agora.xtec.cat\/insgurb\/wp-content\/uploads\/usu1744\/2026\/01\/0126-GURB_page-0001.jpg 1754w, https:\/\/agora.xtec.cat\/insgurb\/wp-content\/uploads\/usu1744\/2026\/01\/0126-GURB_page-0001-300x131.jpg 300w, https:\/\/agora.xtec.cat\/insgurb\/wp-content\/uploads\/usu1744\/2026\/01\/0126-GURB_page-0001-1024x447.jpg 1024w, https:\/\/agora.xtec.cat\/insgurb\/wp-content\/uploads\/usu1744\/2026\/01\/0126-GURB_page-0001-768x335.jpg 768w, https:\/\/agora.xtec.cat\/insgurb\/wp-content\/uploads\/usu1744\/2026\/01\/0126-GURB_page-0001-1536x670.jpg 1536w\" sizes=\"auto, (max-width: 1754px) 100vw, 1754px\" \/><\/a><\/p>\n<p><a href=\"https:\/\/agora.xtec.cat\/insgurb\/wp-content\/uploads\/usu1744\/2026\/01\/0126-GURB-CELIAC_page-0001.jpg\"><img loading=\"lazy\" decoding=\"async\" class=\"alignnone size-full wp-image-6637\" src=\"https:\/\/agora.xtec.cat\/insgurb\/wp-content\/uploads\/usu1744\/2026\/01\/0126-GURB-CELIAC_page-0001.jpg\" alt=\"\" width=\"1754\" height=\"762\" srcset=\"https:\/\/agora.xtec.cat\/insgurb\/wp-content\/uploads\/usu1744\/2026\/01\/0126-GURB-CELIAC_page-0001.jpg 1754w, https:\/\/agora.xtec.cat\/insgurb\/wp-content\/uploads\/usu1744\/2026\/01\/0126-GURB-CELIAC_page-0001-300x130.jpg 300w, https:\/\/agora.xtec.cat\/insgurb\/wp-content\/uploads\/usu1744\/2026\/01\/0126-GURB-CELIAC_page-0001-1024x445.jpg 1024w, https:\/\/agora.xtec.cat\/insgurb\/wp-content\/uploads\/usu1744\/2026\/01\/0126-GURB-CELIAC_page-0001-768x334.jpg 768w, https:\/\/agora.xtec.cat\/insgurb\/wp-content\/uploads\/usu1744\/2026\/01\/0126-GURB-CELIAC_page-0001-1536x667.jpg 1536w\" sizes=\"auto, (max-width: 1754px) 100vw, 1754px\" \/><\/a><\/p>\n<p>&nbsp;<\/p>\n<h5><strong>Men\u00fa febrer 2026<\/strong><\/h5>\n<p><a href=\"https:\/\/agora.xtec.cat\/insgurb\/wp-content\/uploads\/usu1744\/2026\/01\/Menu-Febrer26_page-0001.jpg\"><img loading=\"lazy\" decoding=\"async\" class=\"alignnone size-full wp-image-6649\" src=\"https:\/\/agora.xtec.cat\/insgurb\/wp-content\/uploads\/usu1744\/2026\/01\/Menu-Febrer26_page-0001.jpg\" alt=\"\" width=\"1754\" height=\"1048\" srcset=\"https:\/\/agora.xtec.cat\/insgurb\/wp-content\/uploads\/usu1744\/2026\/01\/Menu-Febrer26_page-0001.jpg 1754w, https:\/\/agora.xtec.cat\/insgurb\/wp-content\/uploads\/usu1744\/2026\/01\/Menu-Febrer26_page-0001-300x179.jpg 300w, https:\/\/agora.xtec.cat\/insgurb\/wp-content\/uploads\/usu1744\/2026\/01\/Menu-Febrer26_page-0001-1024x612.jpg 1024w, https:\/\/agora.xtec.cat\/insgurb\/wp-content\/uploads\/usu1744\/2026\/01\/Menu-Febrer26_page-0001-768x459.jpg 768w, https:\/\/agora.xtec.cat\/insgurb\/wp-content\/uploads\/usu1744\/2026\/01\/Menu-Febrer26_page-0001-1536x918.jpg 1536w\" sizes=\"auto, (max-width: 1754px) 100vw, 1754px\" \/><\/a> <a href=\"https:\/\/agora.xtec.cat\/insgurb\/wp-content\/uploads\/usu1744\/2026\/01\/Menu-Febrer26-Celiac_page-0001.jpg\"><img loading=\"lazy\" decoding=\"async\" class=\"alignnone size-full wp-image-6650\" src=\"https:\/\/agora.xtec.cat\/insgurb\/wp-content\/uploads\/usu1744\/2026\/01\/Menu-Febrer26-Celiac_page-0001.jpg\" alt=\"\" width=\"1755\" height=\"1024\" srcset=\"https:\/\/agora.xtec.cat\/insgurb\/wp-content\/uploads\/usu1744\/2026\/01\/Menu-Febrer26-Celiac_page-0001.jpg 1755w, https:\/\/agora.xtec.cat\/insgurb\/wp-content\/uploads\/usu1744\/2026\/01\/Menu-Febrer26-Celiac_page-0001-300x175.jpg 300w, https:\/\/agora.xtec.cat\/insgurb\/wp-content\/uploads\/usu1744\/2026\/01\/Menu-Febrer26-Celiac_page-0001-1024x597.jpg 1024w, https:\/\/agora.xtec.cat\/insgurb\/wp-content\/uploads\/usu1744\/2026\/01\/Menu-Febrer26-Celiac_page-0001-768x448.jpg 768w, https:\/\/agora.xtec.cat\/insgurb\/wp-content\/uploads\/usu1744\/2026\/01\/Menu-Febrer26-Celiac_page-0001-1536x896.jpg 1536w\" sizes=\"auto, (max-width: 1755px) 100vw, 1755px\" \/><\/a><\/p>\n<p>&nbsp;<\/p>\n<h5><strong>Men\u00fa mar\u00e7 2026<\/strong><\/h5>\n<p><a href=\"https:\/\/agora.xtec.cat\/insgurb\/wp-content\/uploads\/usu1744\/2026\/02\/0326-GURB_page-0001.jpg\"><img loading=\"lazy\" decoding=\"async\" class=\"alignnone size-full wp-image-6672\" src=\"https:\/\/agora.xtec.cat\/insgurb\/wp-content\/uploads\/usu1744\/2026\/02\/0326-GURB_page-0001.jpg\" alt=\"\" width=\"1754\" height=\"930\" srcset=\"https:\/\/agora.xtec.cat\/insgurb\/wp-content\/uploads\/usu1744\/2026\/02\/0326-GURB_page-0001.jpg 1754w, https:\/\/agora.xtec.cat\/insgurb\/wp-content\/uploads\/usu1744\/2026\/02\/0326-GURB_page-0001-300x159.jpg 300w, https:\/\/agora.xtec.cat\/insgurb\/wp-content\/uploads\/usu1744\/2026\/02\/0326-GURB_page-0001-1024x543.jpg 1024w, https:\/\/agora.xtec.cat\/insgurb\/wp-content\/uploads\/usu1744\/2026\/02\/0326-GURB_page-0001-768x407.jpg 768w, https:\/\/agora.xtec.cat\/insgurb\/wp-content\/uploads\/usu1744\/2026\/02\/0326-GURB_page-0001-1536x814.jpg 1536w\" sizes=\"auto, (max-width: 1754px) 100vw, 1754px\" \/><\/a> <a href=\"https:\/\/agora.xtec.cat\/insgurb\/wp-content\/uploads\/usu1744\/2026\/02\/0326-GURB-CELIAC_page-0001.jpg\"><img loading=\"lazy\" decoding=\"async\" class=\"alignnone size-full wp-image-6673\" src=\"https:\/\/agora.xtec.cat\/insgurb\/wp-content\/uploads\/usu1744\/2026\/02\/0326-GURB-CELIAC_page-0001.jpg\" alt=\"\" width=\"1754\" height=\"899\" srcset=\"https:\/\/agora.xtec.cat\/insgurb\/wp-content\/uploads\/usu1744\/2026\/02\/0326-GURB-CELIAC_page-0001.jpg 1754w, https:\/\/agora.xtec.cat\/insgurb\/wp-content\/uploads\/usu1744\/2026\/02\/0326-GURB-CELIAC_page-0001-300x154.jpg 300w, https:\/\/agora.xtec.cat\/insgurb\/wp-content\/uploads\/usu1744\/2026\/02\/0326-GURB-CELIAC_page-0001-1024x525.jpg 1024w, https:\/\/agora.xtec.cat\/insgurb\/wp-content\/uploads\/usu1744\/2026\/02\/0326-GURB-CELIAC_page-0001-768x394.jpg 768w, https:\/\/agora.xtec.cat\/insgurb\/wp-content\/uploads\/usu1744\/2026\/02\/0326-GURB-CELIAC_page-0001-1536x787.jpg 1536w\" sizes=\"auto, (max-width: 1754px) 100vw, 1754px\" \/><\/a><\/p>\n<p>&nbsp;<\/p>\n<p>&nbsp;<\/p>\n","protected":false},"excerpt":{"rendered":"<p>El servei de menjador es va iniciar a les noves instal\u00b7lacions de l&#8217;institut el setembre de 2024. Est\u00e0 gestionat per l&#8217;AFA i va a c\u00e0rrec de l&#8217;empresa Sant Tom\u00e0s, que ofereix un servei de c\u00e0tering.<br \/>\nL&#8217;horari del servei \u00e9s de 14:30 a 16:00 h, i inclou&hellip;  <a href=\"https:\/\/agora.xtec.cat\/insgurb\/afa\/servei-de-menjador\/\" title=\"Read Servei de menjador\">Llegeix m\u00e9s\u00bb<\/a><\/p>\n","protected":false},"author":1,"featured_media":0,"parent":1029,"menu_order":0,"comment_status":"closed","ping_status":"closed","template":"","meta":{"_bbp_topic_count":0,"_bbp_reply_count":0,"_bbp_total_topic_count":0,"_bbp_total_reply_count":0,"_bbp_voice_count":0,"_bbp_anonymous_reply_count":0,"_bbp_topic_count_hidden":0,"_bbp_reply_count_hidden":0,"_bbp_forum_subforum_count":0,"footnotes":""},"class_list":["post-3423","page","type-page","status-publish","hentry"],"post_mailing_queue_ids":[],"_links":{"self":[{"href":"https:\/\/agora.xtec.cat\/insgurb\/wp-json\/wp\/v2\/pages\/3423","targetHints":{"allow":["GET"]}}],"collection":[{"href":"https:\/\/agora.xtec.cat\/insgurb\/wp-json\/wp\/v2\/pages"}],"about":[{"href":"https:\/\/agora.xtec.cat\/insgurb\/wp-json\/wp\/v2\/types\/page"}],"author":[{"embeddable":true,"href":"https:\/\/agora.xtec.cat\/insgurb\/wp-json\/wp\/v2\/users\/1"}],"replies":[{"embeddable":true,"href":"https:\/\/agora.xtec.cat\/insgurb\/wp-json\/wp\/v2\/comments?post=3423"}],"version-history":[{"count":7,"href":"https:\/\/agora.xtec.cat\/insgurb\/wp-json\/wp\/v2\/pages\/3423\/revisions"}],"predecessor-version":[{"id":6674,"href":"https:\/\/agora.xtec.cat\/insgurb\/wp-json\/wp\/v2\/pages\/3423\/revisions\/6674"}],"up":[{"embeddable":true,"href":"https:\/\/agora.xtec.cat\/insgurb\/wp-json\/wp\/v2\/pages\/1029"}],"wp:attachment":[{"href":"https:\/\/agora.xtec.cat\/insgurb\/wp-json\/wp\/v2\/media?parent=3423"}],"curies":[{"name":"wp","href":"https:\/\/api.w.org\/{rel}","templated":true}]}}