{"id":3293,"date":"2021-05-19T21:43:08","date_gmt":"2021-05-19T19:43:08","guid":{"rendered":"http:\/\/agora.xtec.cat\/insgurb\/?page_id=3293"},"modified":"2024-09-26T23:54:45","modified_gmt":"2024-09-26T21:54:45","slug":"biblioteca","status":"publish","type":"page","link":"https:\/\/agora.xtec.cat\/insgurb\/biblioteca\/","title":{"rendered":"Biblioteca"},"content":{"rendered":"<h5 data-adtags-visited=\"true\"><strong>Busques un llibre? T&#8217;ajudem a trobar-lo!<\/strong><\/h5>\n<p data-adtags-visited=\"true\">L\u2019Institut de Gurb, des del curs 2020-21, disposa d\u2019una biblioteca amb servei de pr\u00e9stec de llibres i revistes. La coordinaci\u00f3 de biblioteca, formada per les professores Paula Maestre i N\u00faria Capdevila, treballa constantment per modernitzar el fons de la biblioteca, amb l\u2019objectiu que tot l\u2019alumnat hi pugui trobar una lectura que sigui del seu inter\u00e8s. S\u2019hi pot trobar material en catal\u00e0, castell\u00e0 i angl\u00e8s, i propostes de tots els departaments del centre. Tot aquest material es va catalogant poc a poc.<\/p>\n<p data-adtags-visited=\"true\">La biblioteca de l\u2019institut de Gurb dona servei a tots aquells membres de la comunitat educativa que vulguin o necessitin un espai cultural on trobar lectures interessants. Tot i que estem especialitzats, sobretot, en novel\u00b7la juvenil i llibres de coneixements, hi podeu trobar tamb\u00e9 petites, de moment, seccions per a professorat i fam\u00edlies que, a poc a poc, s\u2019aniran ampliant.<\/p>\n<p data-adtags-visited=\"true\">Podeu veure recomanacions de llibres a trav\u00e9s del compte d\u2019Instagram de la biblioteca:<\/p>\n<p><a href=\"https:\/\/agora.xtec.cat\/insgurb\/wp-content\/uploads\/usu1744\/2021\/05\/Instagram-biblioteca.png\"><img loading=\"lazy\" decoding=\"async\" class=\"wp-image-3296 aligncenter\" src=\"https:\/\/agora.xtec.cat\/insgurb\/wp-content\/uploads\/usu1744\/2021\/05\/Instagram-biblioteca.png\" alt=\"\" width=\"434\" height=\"307\" srcset=\"https:\/\/agora.xtec.cat\/insgurb\/wp-content\/uploads\/usu1744\/2021\/05\/Instagram-biblioteca.png 894w, https:\/\/agora.xtec.cat\/insgurb\/wp-content\/uploads\/usu1744\/2021\/05\/Instagram-biblioteca-300x212.png 300w, https:\/\/agora.xtec.cat\/insgurb\/wp-content\/uploads\/usu1744\/2021\/05\/Instagram-biblioteca-768x544.png 768w\" sizes=\"auto, (max-width: 434px) 100vw, 434px\" \/><\/a><\/p>\n<h5 dir=\"ltr\"><\/h5>\n<h5 data-adtags-visited=\"true\"><strong>Acostem el Bibliob\u00fas a l&#8217;alumnat del centre<\/strong><\/h5>\n<p dir=\"ltr\">L\u2019Institut de Gurb rep alumnat de Gurb, Santa Eul\u00e0lia de Riuprimer, Muntanyola i Sant Bartomeu del Grau, quatre municipis rurals sense biblioteca municipal i amb servei de Bibliob\u00fas (el Guilleries a Gurb i Sant Bartomeu del Grau, i el Puigdon a Muntanyola i Santa Eul\u00e0lia de Riuprimer). En tres de les les poblacions (Gurb, Sant Bartomeu del Grau i Muntanyola) l\u2019acc\u00e9s a aquest recurs \u00e9s en horari de matins, just quan els adolescents s\u00f3n a l\u2019institut i, per tant, l\u2019acc\u00e9s al servei els queda vetat.<\/p>\n<p dir=\"ltr\">Amb els objectius d\u2019acostar l\u2019acc\u00e9s a la cultura i al servei de pr\u00e9stec de la Xarxa de Biblioteques de la Diputaci\u00f3 de Barcelona a aquest alumnat sense biblioteca als seus municipis; i d\u2019ensenyar, promocionar i proporcionar l\u2019acc\u00e9s als bibliobusos en zones rurals, sense biblioteques municipals, ajudant en la gesti\u00f3 de pr\u00e9stecs de documents de la Xarxa, l\u2019Institut de Gurb i el Bibliob\u00fas Guilleries fa tres cursos que col\u00b7laboren fent parada del servei davant del centre els dijous cada quinze dies, de forma alternativa amb l\u2019altra parada del municipi, que \u00e9s davant de l\u2019escola de prim\u00e0ria.<\/p>\n<p dir=\"ltr\">El bibliob\u00fas proporciona una s\u00e8rie de documents -c\u00f2mics i llibres, tant de lectura com de coneixement- a la biblioteca de l\u2019institut, que \u00e9s qui en gestiona el pr\u00e9stec als usuaris finals. A m\u00e9s a m\u00e9s, durant les dues hores d\u2019estacionament davant el centre hi ha acc\u00e9s al bus per tal de poder demanar altres documents o fer \u00fas, tamb\u00e9, del pr\u00e9stec interbibliotecari.<\/p>\n<p dir=\"ltr\"><a href=\"https:\/\/agora.xtec.cat\/insgurb\/wp-content\/uploads\/usu1744\/2022\/10\/WhatsApp-Image-2022-10-13-at-12.47.053.jpeg\"><img loading=\"lazy\" decoding=\"async\" class=\"alignnone wp-image-4500\" src=\"https:\/\/agora.xtec.cat\/insgurb\/wp-content\/uploads\/usu1744\/2022\/10\/WhatsApp-Image-2022-10-13-at-12.47.053-1024x540.jpeg\" alt=\"\" width=\"488\" height=\"257\" srcset=\"https:\/\/agora.xtec.cat\/insgurb\/wp-content\/uploads\/usu1744\/2022\/10\/WhatsApp-Image-2022-10-13-at-12.47.053-1024x540.jpeg 1024w, https:\/\/agora.xtec.cat\/insgurb\/wp-content\/uploads\/usu1744\/2022\/10\/WhatsApp-Image-2022-10-13-at-12.47.053-300x158.jpeg 300w, https:\/\/agora.xtec.cat\/insgurb\/wp-content\/uploads\/usu1744\/2022\/10\/WhatsApp-Image-2022-10-13-at-12.47.053-768x405.jpeg 768w, https:\/\/agora.xtec.cat\/insgurb\/wp-content\/uploads\/usu1744\/2022\/10\/WhatsApp-Image-2022-10-13-at-12.47.053-1536x811.jpeg 1536w, https:\/\/agora.xtec.cat\/insgurb\/wp-content\/uploads\/usu1744\/2022\/10\/WhatsApp-Image-2022-10-13-at-12.47.053.jpeg 1876w\" sizes=\"auto, (max-width: 488px) 100vw, 488px\" \/><\/a><\/p>\n<p dir=\"ltr\"><a href=\"https:\/\/agora.xtec.cat\/insgurb\/wp-content\/uploads\/usu1744\/2022\/10\/WhatsApp-Image-2022-10-13-at-12.47.052.jpeg\"><img loading=\"lazy\" decoding=\"async\" class=\"alignnone wp-image-4501\" src=\"https:\/\/agora.xtec.cat\/insgurb\/wp-content\/uploads\/usu1744\/2022\/10\/WhatsApp-Image-2022-10-13-at-12.47.052-1024x577.jpeg\" alt=\"\" width=\"488\" height=\"275\" srcset=\"https:\/\/agora.xtec.cat\/insgurb\/wp-content\/uploads\/usu1744\/2022\/10\/WhatsApp-Image-2022-10-13-at-12.47.052-1024x577.jpeg 1024w, https:\/\/agora.xtec.cat\/insgurb\/wp-content\/uploads\/usu1744\/2022\/10\/WhatsApp-Image-2022-10-13-at-12.47.052-300x169.jpeg 300w, https:\/\/agora.xtec.cat\/insgurb\/wp-content\/uploads\/usu1744\/2022\/10\/WhatsApp-Image-2022-10-13-at-12.47.052-768x432.jpeg 768w, https:\/\/agora.xtec.cat\/insgurb\/wp-content\/uploads\/usu1744\/2022\/10\/WhatsApp-Image-2022-10-13-at-12.47.052.jpeg 1174w\" sizes=\"auto, (max-width: 488px) 100vw, 488px\" \/><\/a><\/p>\n<p dir=\"ltr\"><a href=\"https:\/\/agora.xtec.cat\/insgurb\/wp-content\/uploads\/usu1744\/2022\/10\/WhatsApp-Image-2022-10-13-at-12.47.051.jpeg\"><img loading=\"lazy\" decoding=\"async\" class=\"alignnone wp-image-4503\" src=\"https:\/\/agora.xtec.cat\/insgurb\/wp-content\/uploads\/usu1744\/2022\/10\/WhatsApp-Image-2022-10-13-at-12.47.051-1024x523.jpeg\" alt=\"\" width=\"487\" height=\"249\" srcset=\"https:\/\/agora.xtec.cat\/insgurb\/wp-content\/uploads\/usu1744\/2022\/10\/WhatsApp-Image-2022-10-13-at-12.47.051-1024x523.jpeg 1024w, https:\/\/agora.xtec.cat\/insgurb\/wp-content\/uploads\/usu1744\/2022\/10\/WhatsApp-Image-2022-10-13-at-12.47.051-300x153.jpeg 300w, https:\/\/agora.xtec.cat\/insgurb\/wp-content\/uploads\/usu1744\/2022\/10\/WhatsApp-Image-2022-10-13-at-12.47.051-768x392.jpeg 768w, https:\/\/agora.xtec.cat\/insgurb\/wp-content\/uploads\/usu1744\/2022\/10\/WhatsApp-Image-2022-10-13-at-12.47.051-1536x784.jpeg 1536w, https:\/\/agora.xtec.cat\/insgurb\/wp-content\/uploads\/usu1744\/2022\/10\/WhatsApp-Image-2022-10-13-at-12.47.051.jpeg 1946w\" sizes=\"auto, (max-width: 487px) 100vw, 487px\" \/><\/a><\/p>\n<p dir=\"ltr\"><a href=\"https:\/\/agora.xtec.cat\/insgurb\/wp-content\/uploads\/usu1744\/2022\/10\/WhatsApp-Image-2022-10-13-at-12.47.05-e1665771269487.jpeg\"><img loading=\"lazy\" decoding=\"async\" class=\"alignnone wp-image-4506\" src=\"https:\/\/agora.xtec.cat\/insgurb\/wp-content\/uploads\/usu1744\/2022\/10\/WhatsApp-Image-2022-10-13-at-12.47.05-e1665771269487-1024x551.jpeg\" alt=\"\" width=\"487\" height=\"262\" srcset=\"https:\/\/agora.xtec.cat\/insgurb\/wp-content\/uploads\/usu1744\/2022\/10\/WhatsApp-Image-2022-10-13-at-12.47.05-e1665771269487-1024x551.jpeg 1024w, https:\/\/agora.xtec.cat\/insgurb\/wp-content\/uploads\/usu1744\/2022\/10\/WhatsApp-Image-2022-10-13-at-12.47.05-e1665771269487-300x161.jpeg 300w, https:\/\/agora.xtec.cat\/insgurb\/wp-content\/uploads\/usu1744\/2022\/10\/WhatsApp-Image-2022-10-13-at-12.47.05-e1665771269487-768x413.jpeg 768w, https:\/\/agora.xtec.cat\/insgurb\/wp-content\/uploads\/usu1744\/2022\/10\/WhatsApp-Image-2022-10-13-at-12.47.05-e1665771269487-1536x827.jpeg 1536w, https:\/\/agora.xtec.cat\/insgurb\/wp-content\/uploads\/usu1744\/2022\/10\/WhatsApp-Image-2022-10-13-at-12.47.05-e1665771269487.jpeg 1613w\" sizes=\"auto, (max-width: 487px) 100vw, 487px\" \/><\/a><\/p>\n<p dir=\"ltr\"><a href=\"https:\/\/agora.xtec.cat\/insgurb\/wp-content\/uploads\/usu1744\/2022\/10\/WhatsApp-Image-2022-10-13-at-12.47.054.jpeg\"><img loading=\"lazy\" decoding=\"async\" class=\"alignnone wp-image-4504\" src=\"https:\/\/agora.xtec.cat\/insgurb\/wp-content\/uploads\/usu1744\/2022\/10\/WhatsApp-Image-2022-10-13-at-12.47.054-718x1024.jpeg\" alt=\"\" width=\"488\" height=\"696\" srcset=\"https:\/\/agora.xtec.cat\/insgurb\/wp-content\/uploads\/usu1744\/2022\/10\/WhatsApp-Image-2022-10-13-at-12.47.054-718x1024.jpeg 718w, https:\/\/agora.xtec.cat\/insgurb\/wp-content\/uploads\/usu1744\/2022\/10\/WhatsApp-Image-2022-10-13-at-12.47.054-210x300.jpeg 210w, https:\/\/agora.xtec.cat\/insgurb\/wp-content\/uploads\/usu1744\/2022\/10\/WhatsApp-Image-2022-10-13-at-12.47.054-768x1095.jpeg 768w, https:\/\/agora.xtec.cat\/insgurb\/wp-content\/uploads\/usu1744\/2022\/10\/WhatsApp-Image-2022-10-13-at-12.47.054-1077x1536.jpeg 1077w, https:\/\/agora.xtec.cat\/insgurb\/wp-content\/uploads\/usu1744\/2022\/10\/WhatsApp-Image-2022-10-13-at-12.47.054.jpeg 1116w\" sizes=\"auto, (max-width: 488px) 100vw, 488px\" \/><\/a><\/p>\n<p dir=\"ltr\">\n","protected":false},"excerpt":{"rendered":"<p>Busques un llibre? T&#8217;ajudem a trobar-lo!<br \/>\nL\u2019Institut de Gurb, des del curs 2020-21, disposa d\u2019una biblioteca amb servei de pr\u00e9stec de llibres i revistes. La coordinaci\u00f3 de biblioteca, formada per les professores Paula Maestre i N\u00faria Capdevila, treballa constantment per modernitzar el fons de la biblioteca,&hellip;  <a href=\"https:\/\/agora.xtec.cat\/insgurb\/biblioteca\/\" title=\"Read Biblioteca\">Llegeix m\u00e9s\u00bb<\/a><\/p>\n","protected":false},"author":1,"featured_media":0,"parent":0,"menu_order":0,"comment_status":"closed","ping_status":"closed","template":"page-templates\/side-menu.php","meta":{"_bbp_topic_count":0,"_bbp_reply_count":0,"_bbp_total_topic_count":0,"_bbp_total_reply_count":0,"_bbp_voice_count":0,"_bbp_anonymous_reply_count":0,"_bbp_topic_count_hidden":0,"_bbp_reply_count_hidden":0,"_bbp_forum_subforum_count":0,"footnotes":""},"class_list":["post-3293","page","type-page","status-publish","hentry"],"post_mailing_queue_ids":[],"_links":{"self":[{"href":"https:\/\/agora.xtec.cat\/insgurb\/wp-json\/wp\/v2\/pages\/3293","targetHints":{"allow":["GET"]}}],"collection":[{"href":"https:\/\/agora.xtec.cat\/insgurb\/wp-json\/wp\/v2\/pages"}],"about":[{"href":"https:\/\/agora.xtec.cat\/insgurb\/wp-json\/wp\/v2\/types\/page"}],"author":[{"embeddable":true,"href":"https:\/\/agora.xtec.cat\/insgurb\/wp-json\/wp\/v2\/users\/1"}],"replies":[{"embeddable":true,"href":"https:\/\/agora.xtec.cat\/insgurb\/wp-json\/wp\/v2\/comments?post=3293"}],"version-history":[{"count":6,"href":"https:\/\/agora.xtec.cat\/insgurb\/wp-json\/wp\/v2\/pages\/3293\/revisions"}],"predecessor-version":[{"id":5262,"href":"https:\/\/agora.xtec.cat\/insgurb\/wp-json\/wp\/v2\/pages\/3293\/revisions\/5262"}],"wp:attachment":[{"href":"https:\/\/agora.xtec.cat\/insgurb\/wp-json\/wp\/v2\/media?parent=3293"}],"curies":[{"name":"wp","href":"https:\/\/api.w.org\/{rel}","templated":true}]}}