{"id":2754,"date":"2020-08-24T20:51:31","date_gmt":"2020-08-24T18:51:31","guid":{"rendered":"http:\/\/agora.xtec.cat\/insgurb\/?page_id=2754"},"modified":"2021-08-14T03:14:21","modified_gmt":"2021-08-14T01:14:21","slug":"llengua-catalana-i-castellana","status":"publish","type":"page","link":"https:\/\/agora.xtec.cat\/insgurb\/banc-de-rubriques\/avaluacio-de-competencies-de-lambit-linguistic\/llengua-catalana-i-castellana\/","title":{"rendered":"Llengua catalana i castellana"},"content":{"rendered":"<h6><\/h6>\n<table style=\"height: 693px; width: 100.181%;\">\n<tbody>\n<tr style=\"height: 32px;\">\n<td style=\"height: 32px; width: 124.667px;\"><strong>Bloc d&#8217;avaluaci\u00f3<\/strong><\/td>\n<td style=\"height: 32px; width: 78px;\"><strong>Curs<\/strong><\/td>\n<td style=\"height: 32px; width: 526px;\"><strong>R\u00fabrica<\/strong><\/td>\n<\/tr>\n<tr style=\"height: 10px;\">\n<td style=\"height: 64px; width: 124.667px;\" rowspan=\"2\">Comprensi\u00f3 lectora<\/td>\n<td style=\"height: 32px; width: 78px;\">2n d&#8217;ESO<\/td>\n<td style=\"height: 32px; width: 526px;\">\n<ul>\n<li><a href=\"https:\/\/agora.xtec.cat\/insgurb\/wp-content\/uploads\/usu1744\/2021\/08\/CAST_Rubrica_analisis_metrico.pdf\">An\u00e1lisis m\u00e9trico<\/a><\/li>\n<\/ul>\n<\/td>\n<\/tr>\n<tr style=\"height: 32px;\">\n<td style=\"height: 32px; width: 78px;\">4t d&#8217;ESO<\/td>\n<td style=\"height: 32px; width: 526px;\">\n<ul>\n<li>Presentaci\u00f3 oral sobre una novel\u00b7la<\/li>\n<\/ul>\n<\/td>\n<\/tr>\n<tr style=\"height: 56px;\">\n<td style=\"height: 152px; width: 124.667px;\" rowspan=\"4\">Expressi\u00f3 escrita<\/td>\n<td style=\"height: 56px; width: 78px;\">1r d&#8217;ESO<\/td>\n<td style=\"height: 56px; width: 526px;\">\n<ul>\n<li>Creaci\u00f3n de un poema<\/li>\n<li><a href=\"https:\/\/agora.xtec.cat\/insgurb\/wp-content\/uploads\/usu1744\/2021\/08\/CAT_Rubrica_adaptacio_llegenda.pdf\">Adaptaci\u00f3 d&#8217;una llegenda<\/a><\/li>\n<\/ul>\n<\/td>\n<\/tr>\n<tr style=\"height: 32px;\">\n<td style=\"height: 32px; width: 78px;\">2n d&#8217;ESO<\/td>\n<td style=\"height: 32px; width: 526px;\">\n<ul>\n<li><a href=\"https:\/\/agora.xtec.cat\/insgurb\/wp-content\/uploads\/usu1744\/2021\/08\/CAST_Rubrica_biografia_objeto.pdf\">Biograf\u00eda de un objeto<\/a><\/li>\n<li><a href=\"https:\/\/agora.xtec.cat\/insgurb\/wp-content\/uploads\/usu1744\/2021\/08\/CAT_Rubrica_critica_segon_origen.pdf\">Cr\u00edtica<em> Segon Origen<\/em><\/a><\/li>\n<\/ul>\n<\/td>\n<\/tr>\n<tr style=\"height: 32px;\">\n<td style=\"height: 32px; width: 78px;\">3r d&#8217;ESO<\/td>\n<td style=\"height: 32px; width: 526px;\">\n<ul>\n<li><a href=\"https:\/\/agora.xtec.cat\/insgurb\/wp-content\/uploads\/usu1744\/2021\/08\/CAT_Rubrica_Portada.pdf\">Portada<\/a><\/li>\n<li><a href=\"https:\/\/agora.xtec.cat\/insgurb\/wp-content\/uploads\/usu1744\/2021\/08\/CAST_Rubrica_poema_recitado.pdf\">Entrevista<\/a><\/li>\n<li><a href=\"https:\/\/agora.xtec.cat\/insgurb\/wp-content\/uploads\/usu1744\/2021\/08\/CAST_Texto_teatral.pdf\">Texto teatral<\/a><\/li>\n<\/ul>\n<\/td>\n<\/tr>\n<tr style=\"height: 32px;\">\n<td style=\"height: 32px; width: 78px;\">4t d&#8217;ESO<\/td>\n<td style=\"height: 32px; width: 526px;\">\n<ul>\n<li><a href=\"https:\/\/agora.xtec.cat\/insgurb\/wp-content\/uploads\/usu1744\/2021\/08\/CAST_Base_orientacio_Texto_argumentativo.pdf\">Texto argumentativo<\/a> (base d&#8217;orientaci\u00f3)<\/li>\n<li><a href=\"https:\/\/agora.xtec.cat\/insgurb\/wp-content\/uploads\/usu1744\/2021\/08\/CAST_Texto_expositivo.pdf\">Texto expositivo<\/a><\/li>\n<li>Recomanaci\u00f3 s\u00e8rie polic\u00edaca per a blog<\/li>\n<\/ul>\n<\/td>\n<\/tr>\n<tr style=\"height: 78px;\">\n<td style=\"width: 124.667px; height: 78px;\">Expressi\u00f3 escrita + comprensi\u00f3 lectora<\/td>\n<td style=\"width: 78px; height: 78px;\">4t d&#8217;ESO<\/td>\n<td style=\"width: 526px; height: 78px;\">\n<ul>\n<li>Segueix la hist\u00f2ria (text narratiu)<\/li>\n<\/ul>\n<\/td>\n<\/tr>\n<tr style=\"height: 47px;\">\n<td style=\"width: 124.667px; height: 103px;\" rowspan=\"2\">Expressi\u00f3 escrita + compet\u00e8ncia digital<\/td>\n<td style=\"width: 78px; height: 47px;\">1r d&#8217;ESO<\/td>\n<td style=\"width: 526px; height: 47px;\">\n<ul>\n<li><a href=\"https:\/\/agora.xtec.cat\/insgurb\/wp-content\/uploads\/usu1744\/2021\/08\/CAST_Rubrica_revista_alimentos.pdf\">Revista de alimentos<\/a><\/li>\n<li><a href=\"https:\/\/agora.xtec.cat\/insgurb\/wp-content\/uploads\/usu1744\/2021\/08\/CAST_Rubrica_receta.pdf\">Receta: l\u00e9xico utensilios y texto instructivo<\/a><\/li>\n<li><a href=\"https:\/\/agora.xtec.cat\/insgurb\/wp-content\/uploads\/usu1744\/2021\/08\/CAT_Rubrica_manual_instruccions.pdf\">Elaboraci\u00f3 d&#8217;un text instructiu<\/a><\/li>\n<li><a href=\"https:\/\/agora.xtec.cat\/insgurb\/wp-content\/uploads\/usu1744\/2021\/08\/CAT_Rubrica_guio_illustrat.pdf\">Realitzaci\u00f3 d&#8217;un gui\u00f3 il\u00b7lustrat<\/a><\/li>\n<\/ul>\n<\/td>\n<\/tr>\n<tr style=\"height: 56px;\">\n<td style=\"width: 78px; height: 56px;\">2n d&#8217;ESO<\/td>\n<td style=\"width: 526px; height: 56px;\">\n<ul>\n<li><a href=\"https:\/\/agora.xtec.cat\/insgurb\/wp-content\/uploads\/usu1744\/2021\/08\/CAST_Rubrica_noticia_Rosa_Parks.pdf\">Texto period\u00edstico: Rosa Parks<\/a><\/li>\n<\/ul>\n<\/td>\n<\/tr>\n<tr style=\"height: 32px;\">\n<td style=\"width: 124.667px; height: 200px;\" rowspan=\"5\">Comunicaci\u00f3 oral<\/td>\n<td style=\"width: 78px; height: 32px;\">1r d&#8217;ESO<\/td>\n<td style=\"width: 526px; height: 32px;\">\n<ul>\n<li><a href=\"https:\/\/agora.xtec.cat\/insgurb\/wp-content\/uploads\/usu1744\/2021\/08\/CAST_Rubrica_revista_alimentos.pdf\">Exposici\u00f3n oral actividad &#8216;Revista de alimentos&#8217;<\/a><\/li>\n<li><a href=\"https:\/\/agora.xtec.cat\/insgurb\/wp-content\/uploads\/usu1744\/2021\/08\/CAT_Rubrica_contacontes_alumnes.pdf\">Contacontes alumnat<\/a><\/li>\n<\/ul>\n<\/td>\n<\/tr>\n<tr style=\"height: 57px;\">\n<td style=\"width: 78px; height: 57px;\">2n d&#8217;ESO<\/td>\n<td style=\"width: 526px; height: 57px;\">\n<ul>\n<li><a href=\"https:\/\/agora.xtec.cat\/insgurb\/wp-content\/uploads\/usu1744\/2021\/08\/CAT_Rubrica_falca_radio.pdf\">Falca radiof\u00f2nica<\/a><\/li>\n<\/ul>\n<\/td>\n<\/tr>\n<tr style=\"height: 47px;\">\n<td style=\"width: 78px; height: 47px;\">1r i 2n d&#8217;ESO<\/td>\n<td style=\"width: 526px; height: 47px;\">\n<ul>\n<li><a href=\"https:\/\/agora.xtec.cat\/insgurb\/wp-content\/uploads\/usu1744\/2021\/08\/CAST_Rubrica_poema_recitado.pdf\">Poema recitado<\/a><\/li>\n<li><a href=\"https:\/\/agora.xtec.cat\/insgurb\/wp-content\/uploads\/usu1744\/2021\/08\/CAST_Rubrica_lectura_voz_alta.pdf\">Lectura en voz alta<\/a><\/li>\n<\/ul>\n<\/td>\n<\/tr>\n<tr style=\"height: 32px;\">\n<td style=\"width: 78px; height: 32px;\">3r d&#8217;ESO<\/td>\n<td style=\"width: 526px; height: 32px;\">\n<ul>\n<li><a href=\"https:\/\/agora.xtec.cat\/insgurb\/wp-content\/uploads\/usu1744\/2021\/08\/CAST_Rubrica_representacion_teatral.pdf\">Representaci\u00f3n teatral<\/a><\/li>\n<li><a href=\"https:\/\/agora.xtec.cat\/insgurb\/wp-content\/uploads\/usu1744\/2021\/08\/CAT_Rubrica_Lectura_en_veu_alta.pdf\">Lectura en veu alta<\/a><\/li>\n<\/ul>\n<\/td>\n<\/tr>\n<tr style=\"height: 32px;\">\n<td style=\"width: 78px; height: 32px;\">4t d&#8217;ESO<\/td>\n<td style=\"width: 526px; height: 32px;\">\n<ul>\n<li><a href=\"https:\/\/agora.xtec.cat\/insgurb\/wp-content\/uploads\/usu1744\/2021\/08\/CAT_Rubrica_lectura_en_veu_alta_text_narratiu.pdf\">Lectura en veu alta preparada<\/a><\/li>\n<\/ul>\n<\/td>\n<\/tr>\n<tr style=\"height: 32px;\">\n<td style=\"width: 124.667px; height: 64px;\" rowspan=\"2\">Comunicaci\u00f3 oral + dimensi\u00f3 liter\u00e0ria<\/td>\n<td style=\"width: 78px; height: 32px;\">3r d&#8217;ESO<\/td>\n<td style=\"width: 526px; height: 32px;\">\n<ul>\n<li>\u00c0udioconte<\/li>\n<\/ul>\n<\/td>\n<\/tr>\n<tr style=\"height: 32px;\">\n<td style=\"width: 78px; height: 32px;\">4t d&#8217;ESO<\/td>\n<td style=\"width: 526px; height: 32px;\">\n<ul>\n<li>Presentaci\u00f3 oral sobre una novel\u00b7la<\/li>\n<\/ul>\n<\/td>\n<\/tr>\n<\/tbody>\n<\/table>\n<p>&nbsp;<\/p>\n","protected":false},"excerpt":{"rendered":"<p>Bloc d&#8217;avaluaci\u00f3<br \/>\nCurs<br \/>\nR\u00fabrica<\/p>\n<p>Comprensi\u00f3 lectora<br \/>\n2n d&#8217;ESO<\/p>\n<ul>\n<li><a href=\"https:\/\/agora.xtec.cat\/insgurb\/wp-content\/uploads\/usu1744\/2021\/08\/CAST_Rubrica_analisis_metrico.pdf\">An\u00e1lisis m\u00e9trico<\/a><\/li>\n<\/ul>\n<p>4t d&#8217;ESO<\/p>\n<ul>\n<li>Presentaci\u00f3 oral sobre una novel\u00b7la<\/li>\n<\/ul>\n<p>Expressi\u00f3 escrita<br \/>\n1r d&#8217;ESO<\/p>\n<ul>\n<li>Creaci\u00f3n de un poema<\/li>\n<li><a href=\"https:\/\/agora.xtec.cat\/insgurb\/wp-content\/uploads\/usu1744\/2021\/08\/CAT_Rubrica_adaptacio_llegenda.pdf\">Adaptaci\u00f3 d&#8217;una llegenda<\/a><\/li>\n<\/ul>\n<p>2n d&#8217;ESO<\/p>\n<ul>\n<li><a href=\"https:\/\/agora.xtec.cat\/insgurb\/wp-content\/uploads\/usu1744\/2021\/08\/CAST_Rubrica_biografia_objeto.pdf\">Biograf\u00eda de un objeto<\/a><\/li>\n<li><a href=\"https:\/\/agora.xtec.cat\/insgurb\/wp-content\/uploads\/usu1744\/2021\/08\/CAT_Rubrica_critica_segon_origen.pdf\">Cr\u00edtica Segon Origen<\/a><\/li>\n<\/ul>\n<p>3r d&#8217;ESO<\/p>\n<ul>\n<li><a href=\"https:\/\/agora.xtec.cat\/insgurb\/wp-content\/uploads\/usu1744\/2021\/08\/CAT_Rubrica_Portada.pdf\">Portada<\/a><\/li>\n<li><a href=\"https:\/\/agora.xtec.cat\/insgurb\/wp-content\/uploads\/usu1744\/2021\/08\/CAST_Rubrica_poema_recitado.pdf\">Entrevista<\/a><\/li>\n<li><a href=\"https:\/\/agora.xtec.cat\/insgurb\/wp-content\/uploads\/usu1744\/2021\/08\/CAST_Texto_teatral.pdf\">Texto teatral<\/a><\/li>\n<\/ul>\n<p>4t d&#8217;ESO<\/p>\n<ul>\n<li><a href=\"https:\/\/agora.xtec.cat\/insgurb\/wp-content\/uploads\/usu1744\/2021\/08\/CAST_Base_orientacio_Texto_argumentativo.pdf\">Texto argumentativo<\/a> (base d&#8217;orientaci\u00f3)<\/li>\n<li><a href=\"https:\/\/agora.xtec.cat\/insgurb\/wp-content\/uploads\/usu1744\/2021\/08\/CAST_Texto_expositivo.pdf\">Texto expositivo<\/a><\/li>\n<li>Recomanaci\u00f3 s\u00e8rie polic\u00edaca per a blog<\/li>\n<\/ul>\n<p>Expressi\u00f3 escrita&hellip;  <a href=\"https:\/\/agora.xtec.cat\/insgurb\/banc-de-rubriques\/avaluacio-de-competencies-de-lambit-linguistic\/llengua-catalana-i-castellana\/\" title=\"Read Llengua catalana i castellana\">Llegeix m\u00e9s\u00bb<\/a><\/p>\n","protected":false},"author":1,"featured_media":0,"parent":2752,"menu_order":1,"comment_status":"closed","ping_status":"closed","template":"page-templates\/side-menu.php","meta":{"_bbp_topic_count":0,"_bbp_reply_count":0,"_bbp_total_topic_count":0,"_bbp_total_reply_count":0,"_bbp_voice_count":0,"_bbp_anonymous_reply_count":0,"_bbp_topic_count_hidden":0,"_bbp_reply_count_hidden":0,"_bbp_forum_subforum_count":0,"footnotes":""},"class_list":["post-2754","page","type-page","status-publish","hentry"],"post_mailing_queue_ids":[],"_links":{"self":[{"href":"https:\/\/agora.xtec.cat\/insgurb\/wp-json\/wp\/v2\/pages\/2754","targetHints":{"allow":["GET"]}}],"collection":[{"href":"https:\/\/agora.xtec.cat\/insgurb\/wp-json\/wp\/v2\/pages"}],"about":[{"href":"https:\/\/agora.xtec.cat\/insgurb\/wp-json\/wp\/v2\/types\/page"}],"author":[{"embeddable":true,"href":"https:\/\/agora.xtec.cat\/insgurb\/wp-json\/wp\/v2\/users\/1"}],"replies":[{"embeddable":true,"href":"https:\/\/agora.xtec.cat\/insgurb\/wp-json\/wp\/v2\/comments?post=2754"}],"version-history":[{"count":3,"href":"https:\/\/agora.xtec.cat\/insgurb\/wp-json\/wp\/v2\/pages\/2754\/revisions"}],"predecessor-version":[{"id":3736,"href":"https:\/\/agora.xtec.cat\/insgurb\/wp-json\/wp\/v2\/pages\/2754\/revisions\/3736"}],"up":[{"embeddable":true,"href":"https:\/\/agora.xtec.cat\/insgurb\/wp-json\/wp\/v2\/pages\/2752"}],"wp:attachment":[{"href":"https:\/\/agora.xtec.cat\/insgurb\/wp-json\/wp\/v2\/media?parent=2754"}],"curies":[{"name":"wp","href":"https:\/\/api.w.org\/{rel}","templated":true}]}}