{"id":2752,"date":"2020-08-24T20:50:44","date_gmt":"2020-08-24T18:50:44","guid":{"rendered":"http:\/\/agora.xtec.cat\/insgurb\/?page_id=2752"},"modified":"2021-08-13T10:22:43","modified_gmt":"2021-08-13T08:22:43","slug":"avaluacio-de-competencies-de-lambit-linguistic","status":"publish","type":"page","link":"https:\/\/agora.xtec.cat\/insgurb\/banc-de-rubriques\/avaluacio-de-competencies-de-lambit-linguistic\/","title":{"rendered":"Avaluaci\u00f3 de compet\u00e8ncies de l&#8217;\u00e0mbit ling\u00fc\u00edstic"},"content":{"rendered":"<ul>\n<li><a href=\"https:\/\/agora.xtec.cat\/insgurb\/banc-de-rubriques\/avaluacio-de-competencies-de-lambit-linguistic\/llengua-catalana-i-castellana\/\">Llengua catalana i castellana<\/a><\/li>\n<li><a href=\"https:\/\/agora.xtec.cat\/insgurb\/banc-de-rubriques\/avaluacio-de-competencies-de-lambit-linguistic\/llengua-anglesa\/\">Llengua anglesa<\/a><\/li>\n<li><a href=\"https:\/\/agora.xtec.cat\/insgurb\/banc-de-rubriques\/avaluacio-de-competencies-de-lambit-linguistic\/rubriques-de-centre\/\">R\u00fabriques de centre<\/a><\/li>\n<\/ul>\n<p>&nbsp;<\/p>\n<p>&nbsp;<\/p>\n","protected":false},"excerpt":{"rendered":"<ul>\n<li><a href=\"https:\/\/agora.xtec.cat\/insgurb\/banc-de-rubriques\/avaluacio-de-competencies-de-lambit-linguistic\/llengua-catalana-i-castellana\/\">Llengua catalana i castellana<\/a><\/li>\n<li><a href=\"https:\/\/agora.xtec.cat\/insgurb\/banc-de-rubriques\/avaluacio-de-competencies-de-lambit-linguistic\/llengua-anglesa\/\">Llengua anglesa<\/a><\/li>\n<li><a href=\"https:\/\/agora.xtec.cat\/insgurb\/banc-de-rubriques\/avaluacio-de-competencies-de-lambit-linguistic\/rubriques-de-centre\/\">R\u00fabriques de centre<\/a><\/li>\n<\/ul>\n<p>&nbsp;<br \/>\n&nbsp;<\/p>\n","protected":false},"author":1,"featured_media":0,"parent":1099,"menu_order":0,"comment_status":"closed","ping_status":"closed","template":"page-templates\/side-menu.php","meta":{"_bbp_topic_count":0,"_bbp_reply_count":0,"_bbp_total_topic_count":0,"_bbp_total_reply_count":0,"_bbp_voice_count":0,"_bbp_anonymous_reply_count":0,"_bbp_topic_count_hidden":0,"_bbp_reply_count_hidden":0,"_bbp_forum_subforum_count":0,"footnotes":""},"class_list":["post-2752","page","type-page","status-publish","hentry"],"post_mailing_queue_ids":[],"_links":{"self":[{"href":"https:\/\/agora.xtec.cat\/insgurb\/wp-json\/wp\/v2\/pages\/2752","targetHints":{"allow":["GET"]}}],"collection":[{"href":"https:\/\/agora.xtec.cat\/insgurb\/wp-json\/wp\/v2\/pages"}],"about":[{"href":"https:\/\/agora.xtec.cat\/insgurb\/wp-json\/wp\/v2\/types\/page"}],"author":[{"embeddable":true,"href":"https:\/\/agora.xtec.cat\/insgurb\/wp-json\/wp\/v2\/users\/1"}],"replies":[{"embeddable":true,"href":"https:\/\/agora.xtec.cat\/insgurb\/wp-json\/wp\/v2\/comments?post=2752"}],"version-history":[{"count":3,"href":"https:\/\/agora.xtec.cat\/insgurb\/wp-json\/wp\/v2\/pages\/2752\/revisions"}],"predecessor-version":[{"id":3654,"href":"https:\/\/agora.xtec.cat\/insgurb\/wp-json\/wp\/v2\/pages\/2752\/revisions\/3654"}],"up":[{"embeddable":true,"href":"https:\/\/agora.xtec.cat\/insgurb\/wp-json\/wp\/v2\/pages\/1099"}],"wp:attachment":[{"href":"https:\/\/agora.xtec.cat\/insgurb\/wp-json\/wp\/v2\/media?parent=2752"}],"curies":[{"name":"wp","href":"https:\/\/api.w.org\/{rel}","templated":true}]}}