{"id":2745,"date":"2020-08-24T20:28:32","date_gmt":"2020-08-24T18:28:32","guid":{"rendered":"http:\/\/agora.xtec.cat\/insgurb\/?page_id=2745"},"modified":"2020-08-24T21:09:42","modified_gmt":"2020-08-24T19:09:42","slug":"llengua-anglesa","status":"publish","type":"page","link":"https:\/\/agora.xtec.cat\/insgurb\/banc-de-rubriques\/avaluacio-de-competencies-de-lambit-linguistic\/llengua-anglesa\/","title":{"rendered":"Llengua anglesa"},"content":{"rendered":"<h6><\/h6>\n<table style=\"height: 337px; width: 738px;\">\n<tbody>\n<tr style=\"height: 32px;\">\n<td style=\"height: 32px; width: 124.667px;\"><strong>Bloc d&#8217;avaluaci\u00f3<\/strong><\/td>\n<td style=\"height: 32px; width: 78px;\"><strong>Curs<\/strong><\/td>\n<td style=\"height: 32px; width: 526px;\"><strong>R\u00fabrica<\/strong><\/td>\n<\/tr>\n<tr style=\"height: 10px;\">\n<td style=\"height: 106px; width: 124.667px;\" rowspan=\"5\">Expressi\u00f3 oral<\/td>\n<td style=\"height: 10px; width: 78px;\">1r d&#8217;ESO<\/td>\n<td style=\"height: 10px; width: 526px;\">\n<ul>\n<li><a href=\"https:\/\/agora.xtec.cat\/insgurb\/wp-content\/uploads\/usu1744\/2020\/04\/ESO1-Rubric-Speaking-asking-for-and-giving-personal-information.pdf\">Asking for and giving personal information<\/a><\/li>\n<li><a href=\"https:\/\/agora.xtec.cat\/insgurb\/wp-content\/uploads\/usu1744\/2020\/04\/ESO1-Rubric-Speaking-arranging-to-meet.pdf\">Arranging to meet<\/a><\/li>\n<li><a href=\"https:\/\/agora.xtec.cat\/insgurb\/wp-content\/uploads\/usu1744\/2020\/04\/ESO1-Rubric-Speaking-shopping-for-clothes.pdf\">Shopping for clothes<\/a><\/li>\n<\/ul>\n<\/td>\n<\/tr>\n<tr style=\"height: 32px;\">\n<td style=\"height: 32px; width: 78px;\">2n d&#8217;ESO<\/td>\n<td style=\"height: 32px; width: 526px;\">\n<ul>\n<li><a href=\"https:\/\/agora.xtec.cat\/insgurb\/wp-content\/uploads\/usu1744\/2020\/04\/Rubric-Speaking-First-day-at-school.pdf\">First day at school<\/a><\/li>\n<li><a href=\"https:\/\/agora.xtec.cat\/insgurb\/wp-content\/uploads\/usu1744\/2020\/04\/ESO2-Rubric-Speaking-Dramatizing-a-scene-taken-from-a-book.pdf\">Dramatizing a scene taken from a book<\/a><\/li>\n<li><a href=\"https:\/\/agora.xtec.cat\/insgurb\/wp-content\/uploads\/usu1744\/2020\/04\/ESO2-Rubric-Speaking-At-the-doctors.pdf\">At the doctor&#8217;s<\/a><\/li>\n<\/ul>\n<\/td>\n<\/tr>\n<tr style=\"height: 32px;\">\n<td style=\"height: 32px; width: 78px;\">3r d&#8217;ESO<\/td>\n<td style=\"height: 32px; width: 526px;\">\n<ul>\n<li><a href=\"https:\/\/agora.xtec.cat\/insgurb\/wp-content\/uploads\/usu1744\/2020\/04\/ANG_3ESO_speaking_asking_for_help_on_the_phone.pdf\">Asking for help on the phone<\/a><\/li>\n<li><a href=\"https:\/\/agora.xtec.cat\/insgurb\/wp-content\/uploads\/usu1744\/2020\/04\/ANG_3ESO_speaking_comparing_dishes.pdf\">Comparing dishes<\/a><\/li>\n<li><a href=\"https:\/\/agora.xtec.cat\/insgurb\/wp-content\/uploads\/usu1744\/2020\/04\/ANG_3ESO_speaking_describing_a_picture.pdf\">Describing a picture<\/a><\/li>\n<li><a href=\"https:\/\/agora.xtec.cat\/insgurb\/wp-content\/uploads\/usu1744\/2020\/04\/ANG_3ESO_speaking_expressing_preferences.pdf\">Expressing preferences<\/a><\/li>\n<li><a href=\"https:\/\/agora.xtec.cat\/insgurb\/wp-content\/uploads\/usu1744\/2020\/04\/ANG_3ESO_speaking_making_travel_arrangements.pdf\">Making travel arrangements<\/a><\/li>\n<li><a href=\"https:\/\/agora.xtec.cat\/insgurb\/wp-content\/uploads\/usu1744\/2020\/04\/ANG_3ESO_speaking_reaching_an_agreement.pdf\">Reaching an agreement<\/a><\/li>\n<li><a href=\"https:\/\/agora.xtec.cat\/insgurb\/wp-content\/uploads\/usu1744\/2020\/04\/ANG_3ESO_speaking_reacting_to_change.pdf\">Reacting to change<\/a><\/li>\n<\/ul>\n<\/td>\n<\/tr>\n<tr style=\"height: 32px;\">\n<td style=\"height: 32px; width: 78px;\">4t d&#8217;ESO<\/td>\n<td style=\"height: 32px; width: 526px;\">\n<ul>\n<li><a href=\"https:\/\/agora.xtec.cat\/insgurb\/wp-content\/uploads\/usu1744\/2020\/04\/ESO4-Rubric-Speaking-a-job-interview.pdf\">A job interview<\/a><\/li>\n<li><a href=\"https:\/\/agora.xtec.cat\/insgurb\/wp-content\/uploads\/usu1744\/2020\/04\/ESO4-Rubric-Speaking-talking-about-photos.pdf\">Talking about photos<\/a><\/li>\n<li><a href=\"https:\/\/agora.xtec.cat\/insgurb\/wp-content\/uploads\/usu1744\/2020\/04\/ESO4-Rubric-Speaking-comparing-and-contrasting-pictures.pdf\">Comparing and contrasting pictures<\/a><\/li>\n<li><a href=\"https:\/\/agora.xtec.cat\/insgurb\/wp-content\/uploads\/usu1744\/2020\/04\/ESO4-Rubric-Speaking-an-exchange-programme.pdf\">An exchange programme<\/a><\/li>\n<\/ul>\n<\/td>\n<\/tr>\n<tr>\n<td style=\"width: 78px;\">General<\/td>\n<td style=\"width: 526px;\">\n<ul>\n<li><a href=\"https:\/\/agora.xtec.cat\/insgurb\/wp-content\/uploads\/usu1744\/2020\/04\/R\u00fabrica-oral-presentation-grammar-experts.pdf\">Oral presentation Grammar Experts project<\/a><\/li>\n<li><a href=\"https:\/\/agora.xtec.cat\/insgurb\/wp-content\/uploads\/usu1744\/2020\/04\/R\u00fabrica-oral-presentation-grammar-experts-short.pdf\">Oral presentation Grammar Experts project (short version)<\/a><\/li>\n<\/ul>\n<\/td>\n<\/tr>\n<tr style=\"height: 56px;\">\n<td style=\"height: 152px; width: 124.667px;\" rowspan=\"5\">Expressi\u00f3 escrita<\/td>\n<td style=\"height: 56px; width: 78px;\">1r d&#8217;ESO<\/td>\n<td style=\"height: 56px; width: 526px;\">\n<ul>\n<li><a href=\"https:\/\/agora.xtec.cat\/insgurb\/wp-content\/uploads\/usu1744\/2020\/04\/ESO1-Rubric-Writing-A-personal-description.pdf\">A personal description<\/a><\/li>\n<li><a href=\"https:\/\/agora.xtec.cat\/insgurb\/wp-content\/uploads\/usu1744\/2020\/04\/ESO1-Rubric-Writing-description-of-a-room.pdf\">A description of a room<\/a><\/li>\n<li><a href=\"https:\/\/agora.xtec.cat\/insgurb\/wp-content\/uploads\/usu1744\/2020\/04\/ESO1-Rubric-Writing-A-leaflet.pdf\">A leaflet<\/a><\/li>\n<li><a href=\"https:\/\/agora.xtec.cat\/insgurb\/wp-content\/uploads\/usu1744\/2020\/04\/ESO1-Rubric-Writing-description-of-a-photo.pdf\">A description of a photo<\/a><\/li>\n<\/ul>\n<\/td>\n<\/tr>\n<tr style=\"height: 32px;\">\n<td style=\"height: 32px; width: 78px;\">2n d&#8217;ESO<\/td>\n<td style=\"height: 32px; width: 526px;\">\n<ul>\n<li><a href=\"https:\/\/agora.xtec.cat\/insgurb\/wp-content\/uploads\/usu1744\/2020\/04\/ESO2-Rubric-Writing-an-e-postcard.pdf\">An e-postcard<\/a><\/li>\n<li><a href=\"https:\/\/agora.xtec.cat\/insgurb\/wp-content\/uploads\/usu1744\/2020\/04\/ESO2-Rubric-Writing-an-article.pdf\">An article<\/a><\/li>\n<li><a href=\"https:\/\/agora.xtec.cat\/insgurb\/wp-content\/uploads\/usu1744\/2020\/04\/ESO2-Rubric-Writing-a-formal-letter-of-invitation.pdf\">A formal letter of invitiation<\/a><\/li>\n<\/ul>\n<\/td>\n<\/tr>\n<tr style=\"height: 32px;\">\n<td style=\"height: 32px; width: 78px;\">3r d&#8217;ESO<\/td>\n<td style=\"height: 32px; width: 526px;\">\n<ul>\n<li><a href=\"https:\/\/agora.xtec.cat\/insgurb\/wp-content\/uploads\/usu1744\/2020\/04\/ANG_3ESO_writing_school_profile.pdf\">A school profile<\/a><\/li>\n<li><a href=\"https:\/\/agora.xtec.cat\/insgurb\/wp-content\/uploads\/usu1744\/2020\/04\/ANG_ESO3_writing_blog_entry.pdf\">A blog entry<\/a><\/li>\n<li><a href=\"https:\/\/agora.xtec.cat\/insgurb\/wp-content\/uploads\/usu1744\/2020\/04\/ANG_ESO3_writing_story.pdf\">A story<\/a><\/li>\n<li><a href=\"https:\/\/agora.xtec.cat\/insgurb\/wp-content\/uploads\/usu1744\/2020\/04\/ANG_ESO3_writing_informal_letter.pdf\">An informal letter<\/a><\/li>\n<li><a href=\"https:\/\/agora.xtec.cat\/insgurb\/wp-content\/uploads\/usu1744\/2020\/04\/ANG_ESO3_writing_newspaper_article.pdf\">A newspaper article<\/a><\/li>\n<li><a href=\"https:\/\/agora.xtec.cat\/insgurb\/wp-content\/uploads\/usu1744\/2020\/04\/ANG_3ESO_writing_argumentative_text.pdf\">An argumentative text<\/a><\/li>\n<li><a href=\"https:\/\/agora.xtec.cat\/insgurb\/wp-content\/uploads\/usu1744\/2020\/04\/ESO3-Rubric-Writing-an-application-letter.pdf\">An application letter<\/a><\/li>\n<\/ul>\n<\/td>\n<\/tr>\n<tr style=\"height: 32px;\">\n<td style=\"height: 32px; width: 78px;\">4t d&#8217;ESO<\/td>\n<td style=\"height: 32px; width: 526px;\">\n<ul>\n<li><a href=\"https:\/\/agora.xtec.cat\/insgurb\/wp-content\/uploads\/usu1744\/2020\/04\/ESO4-Rubric-Writing-a-descritpion-of-a-person.pdf\">A description of a person<\/a><\/li>\n<li><a href=\"https:\/\/agora.xtec.cat\/insgurb\/wp-content\/uploads\/usu1744\/2020\/04\/ESO4-Rubric-Writing-a-story.pdf\">A story<\/a><\/li>\n<li><a href=\"https:\/\/agora.xtec.cat\/insgurb\/wp-content\/uploads\/usu1744\/2020\/04\/ESO4-Rubric-Writing-for-and-against-essay.pdf\">A for and against essay<\/a><\/li>\n<li><a href=\"https:\/\/agora.xtec.cat\/insgurb\/wp-content\/uploads\/usu1744\/2020\/04\/ESO4-Rubric-Writing-a-letter-of-application.pdf\">A letter of application<\/a><\/li>\n<li><a href=\"https:\/\/agora.xtec.cat\/insgurb\/wp-content\/uploads\/usu1744\/2020\/04\/ESO4-Rubric-Writing-letter-to-an-exchange-student.pdf\">A letter to an exchange student<\/a><\/li>\n<li><a href=\"https:\/\/agora.xtec.cat\/insgurb\/wp-content\/uploads\/usu1744\/2020\/04\/ESO4-Rubric-Writing-an-informal-letter.pdf\">An informal letter<\/a><\/li>\n<\/ul>\n<\/td>\n<\/tr>\n<tr>\n<td style=\"width: 78px;\">General<\/td>\n<td style=\"width: 526px;\">\n<ul>\n<li><a href=\"https:\/\/agora.xtec.cat\/insgurb\/wp-content\/uploads\/usu1744\/2020\/04\/R\u00fabrica-written-project-grammar-experts.pdf\">Written project Grammar Experts<\/a><\/li>\n<\/ul>\n<\/td>\n<\/tr>\n<tr>\n<td style=\"width: 124.667px;\">Compet\u00e8ncia personal i social<\/td>\n<td style=\"width: 78px;\">General<\/td>\n<td style=\"width: 526px;\">\n<ul>\n<li><a href=\"https:\/\/agora.xtec.cat\/insgurb\/wp-content\/uploads\/usu1744\/2020\/04\/Compet\u00e8ncia-personal-i-social.pdf\">R\u00fabrica d&#8217;avaluaci\u00f3 de la compet\u00e8ncia personal i social<\/a><\/li>\n<\/ul>\n<\/td>\n<\/tr>\n<tr style=\"height: 47px;\">\n<td style=\"width: 124.667px; height: 47px;\">Compet\u00e8ncia digital<\/td>\n<td style=\"width: 78px; height: 47px;\">General<\/td>\n<td style=\"width: 526px; height: 47px;\">\n<ul>\n<li><a href=\"https:\/\/agora.xtec.cat\/insgurb\/wp-content\/uploads\/usu1744\/2020\/04\/ESO1-Rubric-A-video.pdf\">A video (1st ESO)<\/a><\/li>\n<\/ul>\n<\/td>\n<\/tr>\n<\/tbody>\n<\/table>\n<p>&nbsp;<\/p>\n<p>&nbsp;<\/p>\n<h5><\/h5>\n","protected":false},"excerpt":{"rendered":"<p>Bloc d&#8217;avaluaci\u00f3<br \/>\nCurs<br \/>\nR\u00fabrica<\/p>\n<p>Expressi\u00f3 oral<br \/>\n1r d&#8217;ESO<\/p>\n<ul>\n<li><a href=\"https:\/\/agora.xtec.cat\/insgurb\/wp-content\/uploads\/usu1744\/2020\/04\/ESO1-Rubric-Speaking-asking-for-and-giving-personal-information.pdf\">Asking for and giving personal information<\/a><\/li>\n<li><a href=\"https:\/\/agora.xtec.cat\/insgurb\/wp-content\/uploads\/usu1744\/2020\/04\/ESO1-Rubric-Speaking-arranging-to-meet.pdf\">Arranging to meet<\/a><\/li>\n<li><a href=\"https:\/\/agora.xtec.cat\/insgurb\/wp-content\/uploads\/usu1744\/2020\/04\/ESO1-Rubric-Speaking-shopping-for-clothes.pdf\">Shopping for clothes<\/a><\/li>\n<\/ul>\n<p>2n d&#8217;ESO<\/p>\n<ul>\n<li><a href=\"https:\/\/agora.xtec.cat\/insgurb\/wp-content\/uploads\/usu1744\/2020\/04\/Rubric-Speaking-First-day-at-school.pdf\">First day at school<\/a><\/li>\n<li><a href=\"https:\/\/agora.xtec.cat\/insgurb\/wp-content\/uploads\/usu1744\/2020\/04\/ESO2-Rubric-Speaking-Dramatizing-a-scene-taken-from-a-book.pdf\">Dramatizing a scene taken from a book<\/a><\/li>\n<li><a href=\"https:\/\/agora.xtec.cat\/insgurb\/wp-content\/uploads\/usu1744\/2020\/04\/ESO2-Rubric-Speaking-At-the-doctors.pdf\">At the doctor&#8217;s<\/a><\/li>\n<\/ul>\n<p>3r d&#8217;ESO<\/p>\n<ul>\n<li><a href=\"https:\/\/agora.xtec.cat\/insgurb\/wp-content\/uploads\/usu1744\/2020\/04\/ANG_3ESO_speaking_asking_for_help_on_the_phone.pdf\">Asking for help on the phone<\/a><\/li>\n<li><a href=\"https:\/\/agora.xtec.cat\/insgurb\/wp-content\/uploads\/usu1744\/2020\/04\/ANG_3ESO_speaking_comparing_dishes.pdf\">Comparing dishes<\/a><\/li>\n<li><a href=\"https:\/\/agora.xtec.cat\/insgurb\/wp-content\/uploads\/usu1744\/2020\/04\/ANG_3ESO_speaking_describing_a_picture.pdf\">Describing a picture<\/a><\/li>\n<li><a href=\"https:\/\/agora.xtec.cat\/insgurb\/wp-content\/uploads\/usu1744\/2020\/04\/ANG_3ESO_speaking_expressing_preferences.pdf\">Expressing preferences<\/a><\/li>\n<li><a&hellip;  <a href=\"https:\/\/agora.xtec.cat\/insgurb\/banc-de-rubriques\/avaluacio-de-competencies-de-lambit-linguistic\/llengua-anglesa\/\" title=\"Read Llengua anglesa\">Llegeix m\u00e9s\u00bb<\/a><br \/>\n","protected":false},"author":1,"featured_media":0,"parent":2752,"menu_order":2,"comment_status":"closed","ping_status":"closed","template":"page-templates\/side-menu.php","meta":{"_bbp_topic_count":0,"_bbp_reply_count":0,"_bbp_total_topic_count":0,"_bbp_total_reply_count":0,"_bbp_voice_count":0,"_bbp_anonymous_reply_count":0,"_bbp_topic_count_hidden":0,"_bbp_reply_count_hidden":0,"_bbp_forum_subforum_count":0,"footnotes":""},"class_list":["post-2745","page","type-page","status-publish","hentry"],"post_mailing_queue_ids":[],"_links":{"self":[{"href":"https:\/\/agora.xtec.cat\/insgurb\/wp-json\/wp\/v2\/pages\/2745","targetHints":{"allow":["GET"]}}],"collection":[{"href":"https:\/\/agora.xtec.cat\/insgurb\/wp-json\/wp\/v2\/pages"}],"about":[{"href":"https:\/\/agora.xtec.cat\/insgurb\/wp-json\/wp\/v2\/types\/page"}],"author":[{"embeddable":true,"href":"https:\/\/agora.xtec.cat\/insgurb\/wp-json\/wp\/v2\/users\/1"}],"replies":[{"embeddable":true,"href":"https:\/\/agora.xtec.cat\/insgurb\/wp-json\/wp\/v2\/comments?post=2745"}],"version-history":[{"count":4,"href":"https:\/\/agora.xtec.cat\/insgurb\/wp-json\/wp\/v2\/pages\/2745\/revisions"}],"predecessor-version":[{"id":2782,"href":"https:\/\/agora.xtec.cat\/insgurb\/wp-json\/wp\/v2\/pages\/2745\/revisions\/2782"}],"up":[{"embeddable":true,"href":"https:\/\/agora.xtec.cat\/insgurb\/wp-json\/wp\/v2\/pages\/2752"}],"wp:attachment":[{"href":"https:\/\/agora.xtec.cat\/insgurb\/wp-json\/wp\/v2\/media?parent=2745"}],"curies":[{"name":"wp","href":"https:\/\/api.w.org\/{rel}","templated":true}]}}