{"id":27,"date":"2014-09-17T16:24:03","date_gmt":"2014-09-17T14:24:03","guid":{"rendered":"http:\/\/agora.xtec.cat\/insgurb\/?page_id=27"},"modified":"2023-09-17T17:35:54","modified_gmt":"2023-09-17T15:35:54","slug":"projecte-de-participacio","status":"publish","type":"page","link":"https:\/\/agora.xtec.cat\/insgurb\/projecte-educatiu\/projecte-de-participacio\/","title":{"rendered":"Projecte de participaci\u00f3"},"content":{"rendered":"<p>L&#8217;Institut de Gurb d\u00f3na molta import\u00e0ncia a la participaci\u00f3 i treballa amb altres entitats, com per exemple els ajuntaments, les escoles de prim\u00e0ria, l&#8217;arxiu municipal, el casal d&#8217;avis i algunes ONGs locals, entre d&#8217;altres, amb l&#8217;objectiu de formar ciutadans responsables.<\/p>\n<p>El projecte de participaci\u00f3 de l&#8217;Institut de Gurb s&#8217;anomena <a href=\"http:\/\/agora.xtec.cat\/insgurb\/wp-content\/uploads\/usu1744\/2018\/07\/Prendre-partit.pdf\"><em><strong>Prendre partit<\/strong><\/em><\/a> i compr\u00e8n diferents escenaris. Per una banda, <strong>l&#8217;alumnat participa a l&#8217;aula<\/strong>, especialment amb el projecte de tutoria, la participaci\u00f3 en el proc\u00e9s d&#8217;avaluaci\u00f3 i el treball cooperatiu i l&#8217;aprenentatge entre iguals. <strong>L&#8217;alumnat tamb\u00e9 participa al centre<\/strong>, amb el projecte del <a href=\"http:\/\/agora.xtec.cat\/insgurb\/projecte-educatiu\/projecte-de-participacio\/servei-comunitari-intern\/\">servei comunitari intern<\/a>, <strong>i a l&#8217;entorn<\/strong>, amb els projectes Ecoesperan\u00e7a, Servei Comunitari (extern) i <a href=\"https:\/\/agora.xtec.cat\/insgurb\/programa-rcs\/\">Brics<\/a>. Finalment, el centre tamb\u00e9 treballa la ciutadania global amb els projectes Empatitza i <a href=\"https:\/\/agora.xtec.cat\/insgurb\/projecte-educatiu\/projecte-de-participacio\/projecte-de-font-en-font\/\">De Font en Font<\/a>.<\/p>\n<p>El projecte <em><strong>Prendre Partit<\/strong><\/em> de l&#8217;Institut de Gurb va ser el guanyador del premi Participa a l&#8217;Escola 2015. El premi, que selecciona les millors experi\u00e8ncies de participaci\u00f3 i de foment dels valors democr\u00e0tics de l&#8217;escola, fou atorgat per Ra\u00fcl Romeva, conseller d&#8217;Afers Exteriors, Relacions Institucionals i Transpar\u00e8ncia de la Generalitat de Catalunya en aquell moment.<\/p>\n<p>&nbsp;<\/p>\n","protected":false},"excerpt":{"rendered":"<p>L&#8217;Institut de Gurb d\u00f3na molta import\u00e0ncia a la participaci\u00f3 i treballa amb altres entitats, com per exemple els ajuntaments, les escoles de prim\u00e0ria, l&#8217;arxiu municipal, el casal d&#8217;avis i algunes ONGs locals, entre d&#8217;altres, amb l&#8217;objectiu de formar ciutadans responsables.<br \/>\nEl projecte de participaci\u00f3 de l&#8217;Institut&hellip;  <a href=\"https:\/\/agora.xtec.cat\/insgurb\/projecte-educatiu\/projecte-de-participacio\/\" title=\"Read Projecte de participaci\u00f3\">Llegeix m\u00e9s\u00bb<\/a><\/p>\n","protected":false},"author":1,"featured_media":0,"parent":57,"menu_order":20,"comment_status":"closed","ping_status":"closed","template":"page-templates\/side-menu.php","meta":{"_bbp_topic_count":0,"_bbp_reply_count":0,"_bbp_total_topic_count":0,"_bbp_total_reply_count":0,"_bbp_voice_count":0,"_bbp_anonymous_reply_count":0,"_bbp_topic_count_hidden":0,"_bbp_reply_count_hidden":0,"_bbp_forum_subforum_count":0,"footnotes":""},"class_list":["post-27","page","type-page","status-publish","hentry"],"post_mailing_queue_ids":[],"_links":{"self":[{"href":"https:\/\/agora.xtec.cat\/insgurb\/wp-json\/wp\/v2\/pages\/27","targetHints":{"allow":["GET"]}}],"collection":[{"href":"https:\/\/agora.xtec.cat\/insgurb\/wp-json\/wp\/v2\/pages"}],"about":[{"href":"https:\/\/agora.xtec.cat\/insgurb\/wp-json\/wp\/v2\/types\/page"}],"author":[{"embeddable":true,"href":"https:\/\/agora.xtec.cat\/insgurb\/wp-json\/wp\/v2\/users\/1"}],"replies":[{"embeddable":true,"href":"https:\/\/agora.xtec.cat\/insgurb\/wp-json\/wp\/v2\/comments?post=27"}],"version-history":[{"count":3,"href":"https:\/\/agora.xtec.cat\/insgurb\/wp-json\/wp\/v2\/pages\/27\/revisions"}],"predecessor-version":[{"id":5053,"href":"https:\/\/agora.xtec.cat\/insgurb\/wp-json\/wp\/v2\/pages\/27\/revisions\/5053"}],"up":[{"embeddable":true,"href":"https:\/\/agora.xtec.cat\/insgurb\/wp-json\/wp\/v2\/pages\/57"}],"wp:attachment":[{"href":"https:\/\/agora.xtec.cat\/insgurb\/wp-json\/wp\/v2\/media?parent=27"}],"curies":[{"name":"wp","href":"https:\/\/api.w.org\/{rel}","templated":true}]}}