{"id":2694,"date":"2020-07-22T09:41:31","date_gmt":"2020-07-22T07:41:31","guid":{"rendered":"http:\/\/agora.xtec.cat\/insgurb\/?page_id=2694"},"modified":"2021-09-15T16:47:06","modified_gmt":"2021-09-15T14:47:06","slug":"convalidacions","status":"publish","type":"page","link":"https:\/\/agora.xtec.cat\/insgurb\/convalidacions\/","title":{"rendered":"Convalidacions"},"content":{"rendered":"<p><strong>Convalidacions de mat\u00e8ries de l\u2019ESO<\/strong>:<\/p>\n<ul>\n<li><a href=\"https:\/\/agora.xtec.cat\/insgurb\/wp-content\/uploads\/usu1744\/2021\/07\/normativa-convalidacions-21_22.pdf\">Normativa convalidacions<\/a>.<\/li>\n<li><strong>Sol\u00b7licitud de<\/strong> <strong style=\"font-family: inherit; font-size: 1em;\">convalidaci\u00f3:<\/strong>\n<ul>\n<li>Alumnat que cursa estudis de <a href=\"https:\/\/agora.xtec.cat\/insgurb\/wp-content\/uploads\/usu1744\/2020\/07\/Sol%C2%B7licitud_M%C3%BAsica.pdf\"><strong>m\u00fasica <\/strong><\/a><span style=\"font-family: inherit; font-size: 1em;\">en un conservatori, en un centre professional o en una escola de m\u00fasica autoritzada.<\/span><\/li>\n<li>Alumnat que curs estudis de <strong><a href=\"https:\/\/agora.xtec.cat\/insgurb\/wp-content\/uploads\/usu1744\/2020\/07\/Sol%C2%B7licitud_Dansa.pdf\">dansa<\/a><\/strong> en<span style=\"font-family: inherit; font-size: 1em;\">\u00a0un conservatori, en un centre professional o en una escola de dansa autoritzada.<\/span><\/li>\n<li><span style=\"font-family: inherit; font-size: 1em;\">Alumnat amb <\/span>dedicaci\u00f3 significativa a l\u2019<a href=\"https:\/\/agora.xtec.cat\/insgurb\/wp-content\/uploads\/usu1744\/2021\/09\/sollicitud_esports.pdf\"><strong style=\"font-family: inherit; font-size: 1em;\">esport<\/strong><\/a><span style=\"font-family: inherit; font-size: 1em;\">.\u00a0<\/span><\/li>\n<\/ul>\n<\/li>\n<\/ul>\n<p>Per sol\u00b7licitar una convalidaci\u00f3, cal omplir els documents anteriors i presentar-los a la secretaria del centre juntament amb la documentaci\u00f3 que es requereix per a cada cas.<\/p>\n<p>El <strong>termini de sol\u00b7licitud<\/strong> d&#8217;aquestes convalidacions finalitza <strong>dos mesos despr\u00e9s de l&#8217;inici de curs<\/strong>. M\u00e9s enll\u00e0 d&#8217;aquest termini, no es podran fer m\u00e9s sol\u00b7licituds.<\/p>\n<p>Per qualsevol dubte, podeu trucar a la secretaria del centre.<\/p>\n<p>&nbsp;<\/p>\n","protected":false},"excerpt":{"rendered":"<p>Convalidacions de mat\u00e8ries de l\u2019ESO:<\/p>\n<ul>\n<li><a href=\"https:\/\/agora.xtec.cat\/insgurb\/wp-content\/uploads\/usu1744\/2021\/07\/normativa-convalidacions-21_22.pdf\">Normativa convalidacions<\/a>.<\/li>\n<li>Sol\u00b7licitud de convalidaci\u00f3:\n<ul>\n<li>Alumnat que cursa estudis de <a href=\"https:\/\/agora.xtec.cat\/insgurb\/wp-content\/uploads\/usu1744\/2020\/07\/Sol%C2%B7licitud_M%C3%BAsica.pdf\">m\u00fasica <\/a>en un conservatori, en un centre professional o en una escola de m\u00fasica autoritzada.<\/li>\n<li>Alumnat que curs estudis de <a href=\"https:\/\/agora.xtec.cat\/insgurb\/wp-content\/uploads\/usu1744\/2020\/07\/Sol%C2%B7licitud_Dansa.pdf\">dansa<\/a> en\u00a0un conservatori, en un centre professional o en una escola&hellip;  <a href=\"https:\/\/agora.xtec.cat\/insgurb\/convalidacions\/\" title=\"Read Convalidacions\">Llegeix m\u00e9s\u00bb<\/a><br \/>\n","protected":false},"author":1,"featured_media":0,"parent":0,"menu_order":0,"comment_status":"closed","ping_status":"closed","template":"","meta":{"_bbp_topic_count":0,"_bbp_reply_count":0,"_bbp_total_topic_count":0,"_bbp_total_reply_count":0,"_bbp_voice_count":0,"_bbp_anonymous_reply_count":0,"_bbp_topic_count_hidden":0,"_bbp_reply_count_hidden":0,"_bbp_forum_subforum_count":0,"footnotes":""},"class_list":["post-2694","page","type-page","status-publish","hentry"],"post_mailing_queue_ids":[],"_links":{"self":[{"href":"https:\/\/agora.xtec.cat\/insgurb\/wp-json\/wp\/v2\/pages\/2694","targetHints":{"allow":["GET"]}}],"collection":[{"href":"https:\/\/agora.xtec.cat\/insgurb\/wp-json\/wp\/v2\/pages"}],"about":[{"href":"https:\/\/agora.xtec.cat\/insgurb\/wp-json\/wp\/v2\/types\/page"}],"author":[{"embeddable":true,"href":"https:\/\/agora.xtec.cat\/insgurb\/wp-json\/wp\/v2\/users\/1"}],"replies":[{"embeddable":true,"href":"https:\/\/agora.xtec.cat\/insgurb\/wp-json\/wp\/v2\/comments?post=2694"}],"version-history":[{"count":3,"href":"https:\/\/agora.xtec.cat\/insgurb\/wp-json\/wp\/v2\/pages\/2694\/revisions"}],"predecessor-version":[{"id":3813,"href":"https:\/\/agora.xtec.cat\/insgurb\/wp-json\/wp\/v2\/pages\/2694\/revisions\/3813"}],"wp:attachment":[{"href":"https:\/\/agora.xtec.cat\/insgurb\/wp-json\/wp\/v2\/media?parent=2694"}],"curies":[{"name":"wp","href":"https:\/\/api.w.org\/{rel}","templated":true}]}}