{"id":2177,"date":"2020-03-19T09:53:20","date_gmt":"2020-03-19T08:53:20","guid":{"rendered":"http:\/\/agora.xtec.cat\/insgurb\/?page_id=2177"},"modified":"2020-08-14T16:47:37","modified_gmt":"2020-08-14T14:47:37","slug":"centre-formador-de-practiques-del-mufps","status":"publish","type":"page","link":"https:\/\/agora.xtec.cat\/insgurb\/centre-formador-de-practiques-del-mufps\/","title":{"rendered":"Centre formador de pr\u00e0ctiques del MUFPS"},"content":{"rendered":"<p>El curs 2019-20, l&#8217;Institut de Gurb va entrar a formar part del Programa d\u2019innovaci\u00f3 pedag\u00f2gica de<strong>\u00a0Pr\u00e0ctiques del M\u00e0ster Universitari de Formaci\u00f3 del Professorat d\u2019educaci\u00f3 secund\u00e0ria obligat\u00f2ria i batxillerat, Formaci\u00f3 professional i Ensenyament d\u2019idiomes<\/strong> (MUFPS). La finalitat d&#8217;aquest programa \u00e9s millorar i avan\u00e7ar en el model de pr\u00e0ctiques dels estudiants universitaris amb la implicaci\u00f3 directa de la universitat i del centre formador en relaci\u00f3 als aspectes qualitatius que caracteritzen la formaci\u00f3 inicial dels nous docents.<\/p>\n<p>Els objectius del programa s\u00f3n els seg\u00fcents:<\/p>\n<ul>\n<li><strong>Assignar valor\u00a0<\/strong>als centres formadors com a institucions clau en la formaci\u00f3 inicial de la funci\u00f3 docent.<\/li>\n<li><strong>Professionalitzar i recon\u00e8ixer la tasca d\u2019acompanyament dels mentors de centre i dels tutors\u00a0<\/strong>de les universitats.<\/li>\n<li><strong>Incorporar l\u2019estudiant universitari al centre formador com a agent actiu<\/strong>\u00a0que col\u00b7labora en el desenvolupament del projecte educatiu de centre, alhora que es retroalimenta per millorar el desenvolupament professional i personal.<\/li>\n<li><strong>Promoure la col\u00b7laboraci\u00f3 en projectes de recerca i de transformaci\u00f3 educativa\u00a0<\/strong>entre les universitats i els centres formadors.<\/li>\n<\/ul>\n<p>A continuaci\u00f3, mostrem les opinions d&#8217;alguns dels estudiants del MUFPS que el curs 2019-20 van fer les pr\u00e0ctiques a l&#8217;Institut de Gurb:<\/p>\n<p style=\"text-align: center;\"><iframe loading=\"lazy\" src=\"https:\/\/www.youtube.com\/embed\/G5te5G-G_zg\" width=\"560\" height=\"315\" frameborder=\"0\"><\/iframe><\/p>\n<p>&nbsp;<\/p>\n","protected":false},"excerpt":{"rendered":"<p>El curs 2019-20, l&#8217;Institut de Gurb va entrar a formar part del Programa d\u2019innovaci\u00f3 pedag\u00f2gica de\u00a0Pr\u00e0ctiques del M\u00e0ster Universitari de Formaci\u00f3 del Professorat d\u2019educaci\u00f3 secund\u00e0ria obligat\u00f2ria i batxillerat, Formaci\u00f3 professional i Ensenyament d\u2019idiomes (MUFPS). La finalitat d&#8217;aquest programa \u00e9s millorar i avan\u00e7ar en el model&hellip;  <a href=\"https:\/\/agora.xtec.cat\/insgurb\/centre-formador-de-practiques-del-mufps\/\" title=\"Read Centre formador de pr\u00e0ctiques del MUFPS\">Llegeix m\u00e9s\u00bb<\/a><\/p>\n","protected":false},"author":1,"featured_media":0,"parent":0,"menu_order":0,"comment_status":"closed","ping_status":"closed","template":"","meta":{"_bbp_topic_count":0,"_bbp_reply_count":0,"_bbp_total_topic_count":0,"_bbp_total_reply_count":0,"_bbp_voice_count":0,"_bbp_anonymous_reply_count":0,"_bbp_topic_count_hidden":0,"_bbp_reply_count_hidden":0,"_bbp_forum_subforum_count":0,"footnotes":""},"class_list":["post-2177","page","type-page","status-publish","hentry"],"post_mailing_queue_ids":[],"_links":{"self":[{"href":"https:\/\/agora.xtec.cat\/insgurb\/wp-json\/wp\/v2\/pages\/2177","targetHints":{"allow":["GET"]}}],"collection":[{"href":"https:\/\/agora.xtec.cat\/insgurb\/wp-json\/wp\/v2\/pages"}],"about":[{"href":"https:\/\/agora.xtec.cat\/insgurb\/wp-json\/wp\/v2\/types\/page"}],"author":[{"embeddable":true,"href":"https:\/\/agora.xtec.cat\/insgurb\/wp-json\/wp\/v2\/users\/1"}],"replies":[{"embeddable":true,"href":"https:\/\/agora.xtec.cat\/insgurb\/wp-json\/wp\/v2\/comments?post=2177"}],"version-history":[{"count":4,"href":"https:\/\/agora.xtec.cat\/insgurb\/wp-json\/wp\/v2\/pages\/2177\/revisions"}],"predecessor-version":[{"id":6730,"href":"https:\/\/agora.xtec.cat\/insgurb\/wp-json\/wp\/v2\/pages\/2177\/revisions\/6730"}],"wp:attachment":[{"href":"https:\/\/agora.xtec.cat\/insgurb\/wp-json\/wp\/v2\/media?parent=2177"}],"curies":[{"name":"wp","href":"https:\/\/api.w.org\/{rel}","templated":true}]}}