{"id":2061,"date":"2020-01-29T23:47:08","date_gmt":"2020-01-29T22:47:08","guid":{"rendered":"http:\/\/agora.xtec.cat\/insgurb\/?page_id=2061"},"modified":"2020-01-30T00:24:26","modified_gmt":"2020-01-29T23:24:26","slug":"projecte-artistic","status":"publish","type":"page","link":"https:\/\/agora.xtec.cat\/insgurb\/projecte-artistic\/","title":{"rendered":"Projecte Art\u00edstic"},"content":{"rendered":"<p>El <strong>Projecte Art\u00edstic<\/strong> de l&#8217;Institut de Gurb\u00a0\u00e9s un projecte <strong>multidisciplinar<\/strong> que culmina amb la representaci\u00f3 d\u2019un <strong>musical produ\u00eft \u00edntegrament per l\u2019alumnat<\/strong>. Els alumnes del centre, des de diferents espais, pensen la idea, composen i assagen les can\u00e7ons, dissenyen les coreografies, escriuen el gui\u00f3, preparen el vestuari i els decorats, dissenyen les projeccions, assagen l\u2019escenificaci\u00f3 i graven un CD. El resultat \u00e9s espectacular, i posa en evid\u00e8ncia un gran treball de <strong>diferents disciplines art\u00edstiques<\/strong>. El projecte es treballa de forma <strong>transversal<\/strong> i compta amb el <strong>suport de tota la comunitat educativa<\/strong>.<\/p>\n<p>A la realitzaci\u00f3 del musical, hi participa, per una banda, el Departament de M\u00fasica, que \u00e9s el Departament que coordina el projecte i el que treballa tot el tema musical: la composici\u00f3 de les can\u00e7ons, la preparaci\u00f3 i assaig dels diferents temes amb els instrumentistes (l\u2019orquestra del centre) i cantants (els solistes i la coral del centre), i la gravaci\u00f3 del CD.<\/p>\n<p>El Departament d\u2019Educaci\u00f3 F\u00edsica hi col\u00b7labora amb la preparaci\u00f3 dels balls i les coreografies; el Departament de Visual i Pl\u00e0stica s\u2019encarrega de tot el disseny i producci\u00f3 del vestuari i els decorats; l\u2019aspecte teatral es treballa a trav\u00e9s de les lectures teatralitzades a l\u2019hora de lectura; el Departament de lleng\u00fces col\u00b7labora amb l\u2019escriptura i revisi\u00f3 del gui\u00f3 de l\u2019obra, i l\u2019optativa TIC de 4t d\u2019ESO s\u2019encarrega de tot el tema t\u00e8cnic: so, llum, projeccions, etc.<\/p>\n<p>Tamb\u00e9 hi participa l\u2019AMPA, amb suport econ\u00f2mic per al lloguer de l\u2019equip de so, microfonia i llums i amb la realitzaci\u00f3 de tasques de vestuari i decorats si \u00e9s necessari, i l\u2019Ajuntament de Gurb, que cedeix el pavell\u00f3 on es realitza el musical i tota la infraestructura, i col\u00b7labora amb el transport de decorats de l\u2019Institut al pavell\u00f3.<\/p>\n<p style=\"text-align: center;\"><iframe loading=\"lazy\" src=\"https:\/\/www.youtube.com\/embed\/bWdzo2nV1iQ\" width=\"560\" height=\"315\" frameborder=\"0\" allowfullscreen=\"allowfullscreen\"><\/iframe><\/p>\n<p style=\"text-align: center;\"><a href=\"https:\/\/criatures.ara.cat\/escola\/musical-projecte-global-institut-gurb_0_2319967987.html\">Not\u00edcia del Musical 2019 a l&#8217;Ara.cat<\/a>.<\/p>\n","protected":false},"excerpt":{"rendered":"<p>El Projecte Art\u00edstic de l&#8217;Institut de Gurb\u00a0\u00e9s un projecte multidisciplinar que culmina amb la representaci\u00f3 d\u2019un musical produ\u00eft \u00edntegrament per l\u2019alumnat. Els alumnes del centre, des de diferents espais, pensen la idea, composen i assagen les can\u00e7ons, dissenyen les coreografies, escriuen el gui\u00f3, preparen el&hellip;  <a href=\"https:\/\/agora.xtec.cat\/insgurb\/projecte-artistic\/\" title=\"Read Projecte Art\u00edstic\">Llegeix m\u00e9s\u00bb<\/a><\/p>\n","protected":false},"author":1,"featured_media":0,"parent":0,"menu_order":0,"comment_status":"closed","ping_status":"closed","template":"","meta":{"_bbp_topic_count":0,"_bbp_reply_count":0,"_bbp_total_topic_count":0,"_bbp_total_reply_count":0,"_bbp_voice_count":0,"_bbp_anonymous_reply_count":0,"_bbp_topic_count_hidden":0,"_bbp_reply_count_hidden":0,"_bbp_forum_subforum_count":0,"footnotes":""},"class_list":["post-2061","page","type-page","status-publish","hentry"],"post_mailing_queue_ids":[],"_links":{"self":[{"href":"https:\/\/agora.xtec.cat\/insgurb\/wp-json\/wp\/v2\/pages\/2061","targetHints":{"allow":["GET"]}}],"collection":[{"href":"https:\/\/agora.xtec.cat\/insgurb\/wp-json\/wp\/v2\/pages"}],"about":[{"href":"https:\/\/agora.xtec.cat\/insgurb\/wp-json\/wp\/v2\/types\/page"}],"author":[{"embeddable":true,"href":"https:\/\/agora.xtec.cat\/insgurb\/wp-json\/wp\/v2\/users\/1"}],"replies":[{"embeddable":true,"href":"https:\/\/agora.xtec.cat\/insgurb\/wp-json\/wp\/v2\/comments?post=2061"}],"version-history":[{"count":3,"href":"https:\/\/agora.xtec.cat\/insgurb\/wp-json\/wp\/v2\/pages\/2061\/revisions"}],"predecessor-version":[{"id":2070,"href":"https:\/\/agora.xtec.cat\/insgurb\/wp-json\/wp\/v2\/pages\/2061\/revisions\/2070"}],"wp:attachment":[{"href":"https:\/\/agora.xtec.cat\/insgurb\/wp-json\/wp\/v2\/media?parent=2061"}],"curies":[{"name":"wp","href":"https:\/\/api.w.org\/{rel}","templated":true}]}}