{"id":195,"date":"2014-09-22T10:39:39","date_gmt":"2014-09-22T10:39:39","guid":{"rendered":"http:\/\/agora.xtec.cat\/insgurb\/?page_id=195"},"modified":"2021-01-02T16:54:05","modified_gmt":"2021-01-02T15:54:05","slug":"estudis","status":"publish","type":"page","link":"https:\/\/agora.xtec.cat\/insgurb\/estudis\/","title":{"rendered":"Estudis"},"content":{"rendered":"<p>L&#8217;Institut de Gurb ofereix els estudis d&#8217;Educaci\u00f3 Secund\u00e0ria Obligat\u00f2ria:<\/p>\n<ul style=\"list-style-type: circle;\">\n<li><a href=\"https:\/\/agora.xtec.cat\/insgurb\/estudis\/1r-deso\/\">1r d&#8217;ESO<\/a><\/li>\n<li><a href=\"https:\/\/agora.xtec.cat\/insgurb\/estudis\/2n-deso\/\">2n d&#8217;ESO<\/a><\/li>\n<li><a href=\"https:\/\/agora.xtec.cat\/insgurb\/estudis\/3r-deso\/\">3r d&#8217;ESO<\/a><\/li>\n<li><a href=\"https:\/\/agora.xtec.cat\/insgurb\/estudis\/4t-deso\/\">4t d&#8217;ESO<\/a><\/li>\n<\/ul>\n<p>&nbsp;<\/p>\n<p>&nbsp;<\/p>\n","protected":false},"excerpt":{"rendered":"<p>L&#8217;Institut de Gurb ofereix els estudis d&#8217;Educaci\u00f3 Secund\u00e0ria Obligat\u00f2ria:<\/p>\n<ul style=\"list-style-type: circle;\">\n<li><a href=\"https:\/\/agora.xtec.cat\/insgurb\/estudis\/1r-deso\/\">1r d&#8217;ESO<\/a><\/li>\n<li><a href=\"https:\/\/agora.xtec.cat\/insgurb\/estudis\/2n-deso\/\">2n d&#8217;ESO<\/a><\/li>\n<li><a href=\"https:\/\/agora.xtec.cat\/insgurb\/estudis\/3r-deso\/\">3r d&#8217;ESO<\/a><\/li>\n<li><a href=\"https:\/\/agora.xtec.cat\/insgurb\/estudis\/4t-deso\/\">4t d&#8217;ESO<\/a><\/li>\n<\/ul>\n<p>&nbsp;<br \/>\n&nbsp;<\/p>\n","protected":false},"author":1,"featured_media":0,"parent":0,"menu_order":0,"comment_status":"closed","ping_status":"closed","template":"","meta":{"_bbp_topic_count":0,"_bbp_reply_count":0,"_bbp_total_topic_count":0,"_bbp_total_reply_count":0,"_bbp_voice_count":0,"_bbp_anonymous_reply_count":0,"_bbp_topic_count_hidden":0,"_bbp_reply_count_hidden":0,"_bbp_forum_subforum_count":0,"footnotes":""},"class_list":["post-195","page","type-page","status-publish","hentry"],"post_mailing_queue_ids":[],"_links":{"self":[{"href":"https:\/\/agora.xtec.cat\/insgurb\/wp-json\/wp\/v2\/pages\/195","targetHints":{"allow":["GET"]}}],"collection":[{"href":"https:\/\/agora.xtec.cat\/insgurb\/wp-json\/wp\/v2\/pages"}],"about":[{"href":"https:\/\/agora.xtec.cat\/insgurb\/wp-json\/wp\/v2\/types\/page"}],"author":[{"embeddable":true,"href":"https:\/\/agora.xtec.cat\/insgurb\/wp-json\/wp\/v2\/users\/1"}],"replies":[{"embeddable":true,"href":"https:\/\/agora.xtec.cat\/insgurb\/wp-json\/wp\/v2\/comments?post=195"}],"version-history":[{"count":2,"href":"https:\/\/agora.xtec.cat\/insgurb\/wp-json\/wp\/v2\/pages\/195\/revisions"}],"predecessor-version":[{"id":3026,"href":"https:\/\/agora.xtec.cat\/insgurb\/wp-json\/wp\/v2\/pages\/195\/revisions\/3026"}],"wp:attachment":[{"href":"https:\/\/agora.xtec.cat\/insgurb\/wp-json\/wp\/v2\/media?parent=195"}],"curies":[{"name":"wp","href":"https:\/\/api.w.org\/{rel}","templated":true}]}}