{"id":1544,"date":"2020-07-02T20:00:08","date_gmt":"2020-07-02T18:00:08","guid":{"rendered":"http:\/\/agora.xtec.cat\/insgurb\/?page_id=1544"},"modified":"2025-06-16T08:31:02","modified_gmt":"2025-06-16T06:31:02","slug":"matricula","status":"publish","type":"page","link":"https:\/\/agora.xtec.cat\/insgurb\/matricula\/","title":{"rendered":"Matr\u00edcula curs 2025-26"},"content":{"rendered":"<p><strong>Dates: <\/strong>del 25 de juny al 3 de juliol de 2025<\/p>\n<p>La matr\u00edcula es realitzar\u00e0 de manera <strong>virtual, <\/strong>a trav\u00e9s d&#8217;aquest <a href=\"https:\/\/forms.gle\/ZQEFtkrYr7zmNBvB8\"><strong>formulari<\/strong><\/a>, que haureu d\u2019omplir amb la informaci\u00f3 seg\u00fcent:<\/p>\n<ul>\n<li><strong>Dades de contacte de la fam\u00edlia<\/strong><\/li>\n<li><strong>Resguard del pagament<\/strong> <strong>de 165 \u20ac<\/strong> en concepte de matr\u00edcula, quota AFA, llibres, bata laboratori (en pr\u00e9stec per un curs), samarreta d\u2019esport (en propietat pels 4 cursos) i taquilla (per un curs). El pagament es realitzar\u00e0 per transfer\u00e8ncia banc\u00e0ria al n\u00famero de compte ES81 0081 1879 8100 0102 1210. Tamb\u00e9 es podr\u00e0 pagar en efectiu al centre.<\/li>\n<li><strong>Documentaci\u00f3<\/strong>:\n<ul>\n<li><strong>1 fotografia de carnet<\/strong> en format digital.<\/li>\n<li><strong>DNI<\/strong> de l\u2019alumne\/a per les dues cares (escanejat o fotografia), si no s\u2019ha presentat durant la preinscripci\u00f3.<\/li>\n<li><strong>Targeta sanit\u00e0ria<\/strong> (escanejada o fotografia).<\/li>\n<li><strong>Carnet de vacunes<\/strong> (escanejat o fotografia). Si no se\u2019n t\u00e9, caldr\u00e0 presentar un certificat m\u00e8dic oficial.<\/li>\n<li>Sol\u00b7licitud de <strong>convalidaci\u00f3 <\/strong>de <a href=\"https:\/\/agora.xtec.cat\/insgurb\/wp-content\/uploads\/usu1744\/2021\/06\/Sol%C2%B7licitud_M%C3%BAsica.pdf\">m\u00fasica<\/a>, <a href=\"https:\/\/agora.xtec.cat\/insgurb\/wp-content\/uploads\/usu1744\/2021\/06\/Sol%C2%B7licitud_Dansa.pdf\">dansa<\/a> o <a href=\"https:\/\/agora.xtec.cat\/insgurb\/wp-content\/uploads\/usu1744\/2022\/05\/sollicitud_esports.pdf\">esports<\/a>, en cas que es compleixin els requisits. Veure la <a href=\"https:\/\/agora.xtec.cat\/insgurb\/wp-content\/uploads\/usu1744\/2022\/05\/normativa-21_22.pdf\">normativa de les convalidacions<\/a>.<\/li>\n<\/ul>\n<\/li>\n<\/ul>\n<p>Un cop rebuda la documentaci\u00f3, el personal de secretaria del centre enviar\u00e0 el resguard de la matr\u00edcula a la fam\u00edlia per correu electr\u00f2nic. En cas de dificultats, es podr\u00e0 trucar al centre per sol\u00b7licitar cita pr\u00e8via.<\/p>\n<p>&nbsp;<\/p>\n<p><strong>Ajuts Consell Comarcal d\u2019Osona<\/strong>:<\/p>\n<ul>\n<li>Sol\u00b7licitud de <strong>servei de transport escolar<\/strong> (autobusos Sant Bartomeu del Grau, Santa Eul\u00e0lia de Riuprimer i Muntanyola).<\/li>\n<li>Sol\u00b7licitud de beques i ajuts:\n<ul>\n<li><strong>Ajuts de llibres, material i activitats en horari lectiu <\/strong>(nom\u00e9s fam\u00edlies de Manlleu\u00a0i de l\u2019\u00c0rea B\u00e0sica de la\u00a0Mancomunitat la Plana)<\/li>\n<li><strong>Ajuts de despla\u00e7ament<\/strong>. Dist\u00e0ncia de m\u00e9s de 3 km des del domicili fins al centre (alumnat de Gurb) o des del domicili fins a la parada de l\u2019autob\u00fas.<\/li>\n<li><strong>Servei de transport escolar no obligatori <\/strong><\/li>\n<\/ul>\n<\/li>\n<\/ul>\n<p><strong>Termini:<\/strong> fins el 4 de juliol de 2025<\/p>\n<p><strong><a href=\"https:\/\/ajutsescolars.ccosona.cat\/\">Enlla\u00e7 a la sol\u00b7licitud<\/a><\/strong><\/p>\n<p>Podeu trobar informaci\u00f3 m\u00e9s detallada a la seg\u00fcent <a href=\"https:\/\/agora.xtec.cat\/insgurb\/portada\/noves-sollicituds-dajuts-de-suport-a-lescolaritzacio-curs-2025-26\/\"><strong>not\u00edcia<\/strong><\/a>.<\/p>\n<p>&nbsp;<\/p>\n<p><strong>Ajuts Consorci d\u2019Osona de Serveis Socials<\/strong>:<\/p>\n<ul>\n<li><strong> Ajuts de llibres, material i activitats en horari lectiu <\/strong>(nom\u00e9s fam\u00edlies de Gurb i Sant Bartomeu del Grau)<\/li>\n<\/ul>\n<p><strong>Termini:<\/strong> fins el 30 de juny de 2025<\/p>\n<p>Enlla\u00e7: <a href=\"http:\/\/ajuts.osonaacciosocial.cat\/\">http:\/\/ajuts.osonaacciosocial.cat\/<\/a><\/p>\n<p>Podeu trobar informaci\u00f3 m\u00e9s detallada a la seg\u00fcent <a href=\"https:\/\/agora.xtec.cat\/insgurb\/portada\/ajuts-per-a-llibres-materials-i-activitats-consorci-dosona-de-serveis-socials\/\"><strong>not\u00edcia<\/strong><\/a>.<\/p>\n<p>&nbsp;<\/p>\n<p>Si teniu dificultats, truqueu el centre per tal de resoldre dubtes o fer la matr\u00edcula de forma presencial.<\/p>\n<p><strong>\u00a0<\/strong><\/p>\n<p>&nbsp;<\/p>\n","protected":false},"excerpt":{"rendered":"<p>Dates: del 25 de juny al 3 de juliol de 2025<br \/>\nLa matr\u00edcula es realitzar\u00e0 de manera virtual, a trav\u00e9s d&#8217;aquest <a href=\"https:\/\/forms.gle\/ZQEFtkrYr7zmNBvB8\">formulari<\/a>, que haureu d\u2019omplir amb la informaci\u00f3 seg\u00fcent:<\/p>\n<ul>\n<li>Dades de contacte de la fam\u00edlia<\/li>\n<li>Resguard del pagament de 165 \u20ac en concepte de matr\u00edcula, quota AFA,&hellip;  <a href=\"https:\/\/agora.xtec.cat\/insgurb\/matricula\/\" title=\"Read Matr\u00edcula curs 2025-26\">Llegeix m\u00e9s\u00bb<\/a><br \/>\n","protected":false},"author":1,"featured_media":0,"parent":0,"menu_order":0,"comment_status":"closed","ping_status":"closed","template":"","meta":{"_bbp_topic_count":0,"_bbp_reply_count":0,"_bbp_total_topic_count":0,"_bbp_total_reply_count":0,"_bbp_voice_count":0,"_bbp_anonymous_reply_count":0,"_bbp_topic_count_hidden":0,"_bbp_reply_count_hidden":0,"_bbp_forum_subforum_count":0,"footnotes":""},"class_list":["post-1544","page","type-page","status-publish","hentry"],"post_mailing_queue_ids":[],"_links":{"self":[{"href":"https:\/\/agora.xtec.cat\/insgurb\/wp-json\/wp\/v2\/pages\/1544","targetHints":{"allow":["GET"]}}],"collection":[{"href":"https:\/\/agora.xtec.cat\/insgurb\/wp-json\/wp\/v2\/pages"}],"about":[{"href":"https:\/\/agora.xtec.cat\/insgurb\/wp-json\/wp\/v2\/types\/page"}],"author":[{"embeddable":true,"href":"https:\/\/agora.xtec.cat\/insgurb\/wp-json\/wp\/v2\/users\/1"}],"replies":[{"embeddable":true,"href":"https:\/\/agora.xtec.cat\/insgurb\/wp-json\/wp\/v2\/comments?post=1544"}],"version-history":[{"count":6,"href":"https:\/\/agora.xtec.cat\/insgurb\/wp-json\/wp\/v2\/pages\/1544\/revisions"}],"predecessor-version":[{"id":6433,"href":"https:\/\/agora.xtec.cat\/insgurb\/wp-json\/wp\/v2\/pages\/1544\/revisions\/6433"}],"wp:attachment":[{"href":"https:\/\/agora.xtec.cat\/insgurb\/wp-json\/wp\/v2\/media?parent=1544"}],"curies":[{"name":"wp","href":"https:\/\/api.w.org\/{rel}","templated":true}]}}