{"id":1099,"date":"2018-10-02T23:47:53","date_gmt":"2018-10-02T21:47:53","guid":{"rendered":"http:\/\/agora.xtec.cat\/insgurb\/?page_id=1099"},"modified":"2021-08-26T16:39:34","modified_gmt":"2021-08-26T14:39:34","slug":"banc-de-rubriques","status":"publish","type":"page","link":"https:\/\/agora.xtec.cat\/insgurb\/banc-de-rubriques\/","title":{"rendered":"Banc de r\u00fabriques Avaluar per aprendre"},"content":{"rendered":"<pre><a href=\"https:\/\/agora.xtec.cat\/insgurb\/wp-content\/uploads\/usu1744\/2018\/07\/Sense-t\u00edtol.jpg\"><img loading=\"lazy\" decoding=\"async\" class=\"wp-image-876 aligncenter\" src=\"https:\/\/agora.xtec.cat\/insgurb\/wp-content\/uploads\/usu1744\/2018\/07\/Sense-t\u00edtol.jpg\" alt=\"\" width=\"180\" height=\"194\" srcset=\"https:\/\/agora.xtec.cat\/insgurb\/wp-content\/uploads\/usu1744\/2018\/07\/Sense-t\u00edtol.jpg 566w, https:\/\/agora.xtec.cat\/insgurb\/wp-content\/uploads\/usu1744\/2018\/07\/Sense-t\u00edtol-279x300.jpg 279w\" sizes=\"auto, (max-width: 180px) 100vw, 180px\" \/><\/a><\/pre>\n<h3>Benvinguts i benvingudes al banc de r\u00fabriques <em>Avaluar per aprendre<\/em> de l&#8217;Institut de Gurb!<\/h3>\n<p>Aquesta p\u00e0gina ha estat creada amb la col\u00b7laboraci\u00f3 de tot el professorat de l&#8217;Institut de Gurb i pret\u00e9n ser un banc de recursos d&#8217;avaluar per aprendre que posem a disposici\u00f3 de tota la comunitat educativa, amb la convicci\u00f3 que compartir \u00e9s la millor manera d&#8217;avan\u00e7ar i millorar plegats. Desitgem que us resulti interessant!<\/p>\n<p>&nbsp;<\/p>\n<h4>Avaluar per aprendre<\/h4>\n<p>La recerca en el camp de l&#8217;avaluaci\u00f3 per aprendre ha demostrat que els aprenentatges s\u00f3n m\u00e9s efectius quan els aprenents entenen clarament all\u00f2 que s&#8217;espera que aprenguin, reben un feedback en relaci\u00f3 amb la qualitat esperada del seu\u00a0treball i com millorar-lo, i s\u2019involucren en les tasques escolars: prenen decisions dels passos a\u00a0seguir, s\u00f3n conscients dels seus errors i saben autoregular-se.<\/p>\n<p><a href=\"https:\/\/agora.xtec.cat\/insgurb\/wp-content\/uploads\/usu1744\/2018\/11\/AxA.jpg\"><img loading=\"lazy\" decoding=\"async\" class=\"wp-image-1179 aligncenter\" src=\"https:\/\/agora.xtec.cat\/insgurb\/wp-content\/uploads\/usu1744\/2018\/11\/AxA.jpg\" alt=\"\" width=\"371\" height=\"294\" srcset=\"https:\/\/agora.xtec.cat\/insgurb\/wp-content\/uploads\/usu1744\/2018\/11\/AxA.jpg 693w, https:\/\/agora.xtec.cat\/insgurb\/wp-content\/uploads\/usu1744\/2018\/11\/AxA-300x237.jpg 300w\" sizes=\"auto, (max-width: 371px) 100vw, 371px\" \/><\/a><\/p>\n<h4>Les r\u00fabriques d&#8217;avaluaci\u00f3<\/h4>\n<p>Les r\u00fabriques d&#8217;avaluaci\u00f3 s\u00f3n uns documents presentats en forma de taules que permeten objectivitzar el proc\u00e9s d&#8217;avaluaci\u00f3 d&#8217;activitats concretes i oferir a l&#8217;alumnat informaci\u00f3 detallada de qu\u00e8 i com s&#8217;avaluaran les seves activitats.<\/p>\n<p>A continuaci\u00f3 us mostrem una plantilla de r\u00fabrica elaborada pel claustre de professors de l&#8217;institut de Gurb, i sis punts que resumeixen bones pr\u00e0ctiques de la utilitzaci\u00f3 i realitzaci\u00f3 de r\u00fabriques d&#8217;avaluaci\u00f3.<\/p>\n<p><a href=\"https:\/\/agora.xtec.cat\/insgurb\/wp-content\/uploads\/usu1744\/2018\/11\/Plantilla-r\u00fabrica.jpg\"><img loading=\"lazy\" decoding=\"async\" class=\"wp-image-1178 aligncenter\" src=\"https:\/\/agora.xtec.cat\/insgurb\/wp-content\/uploads\/usu1744\/2018\/11\/Plantilla-r\u00fabrica-1024x491.jpg\" alt=\"\" width=\"848\" height=\"407\" srcset=\"https:\/\/agora.xtec.cat\/insgurb\/wp-content\/uploads\/usu1744\/2018\/11\/Plantilla-r\u00fabrica-1024x491.jpg 1024w, https:\/\/agora.xtec.cat\/insgurb\/wp-content\/uploads\/usu1744\/2018\/11\/Plantilla-r\u00fabrica-300x144.jpg 300w, https:\/\/agora.xtec.cat\/insgurb\/wp-content\/uploads\/usu1744\/2018\/11\/Plantilla-r\u00fabrica-768x368.jpg 768w, https:\/\/agora.xtec.cat\/insgurb\/wp-content\/uploads\/usu1744\/2018\/11\/Plantilla-r\u00fabrica.jpg 1116w\" sizes=\"auto, (max-width: 848px) 100vw, 848px\" \/><\/a><\/p>\n<p><strong>Bones pr\u00e0ctiques en la utilitzaci\u00f3 i realitzaci\u00f3 de r\u00fabriques:<\/strong><\/p>\n<ul>\n<li>Presentar la r\u00fabrica abans de realitzar l&#8217;activitat d&#8217;avaluaci\u00f3.<\/li>\n<li>Si volem que l&#8217;alumnat participi de la creaci\u00f3 de les r\u00fabriques, cal que tinguin un nivell d&#8217;expertesa \u00f2ptim.<\/li>\n<li>Seleccionar amb cura les categories que avaluarem (avaluar massa categories pot resultar contraproduent).<\/li>\n<li>Permetre a l&#8217;alumnat realitzar autoavaluacions i coavaluacions.<\/li>\n<li>Permetre a l&#8217;alumnat tornar a lliurar les activitats despr\u00e9s d&#8217;haver estat avaluades.<\/li>\n<li>L&#8217;impacte visual produ\u00eft per molta informaci\u00f3 organitzada en forma de taula pot ser un inconvenient. Es recomana espaiar la informaci\u00f3, crear subcategories per evitar par\u00e0grafs molt extensos, utilitzar un codi de colors que determini la import\u00e0ncia de les categories, ressaltar el que considerem m\u00e9s important, etc.<\/li>\n<\/ul>\n<p>&nbsp;<\/p>\n<h4>Les nostres r\u00fabriques<\/h4>\n<p><strong>Avaluaci\u00f3 de compet\u00e8ncies de l&#8217;\u00e0mbit ling\u00fc\u00edstic<\/strong><\/p>\n<ul>\n<li><a href=\"https:\/\/agora.xtec.cat\/insgurb\/banc-de-rubriques\/avaluacio-de-competencies-de-lambit-linguistic\/llengua-catalana-i-castellana\/\">Llengua catalana i castellana<\/a><\/li>\n<li><a href=\"https:\/\/agora.xtec.cat\/insgurb\/banc-de-rubriques\/avaluacio-de-competencies-de-lambit-linguistic\/llengua-anglesa\/\">Llengua anglesa<\/a><\/li>\n<li><a href=\"https:\/\/agora.xtec.cat\/insgurb\/banc-de-rubriques\/avaluacio-de-competencies-de-lambit-linguistic\/rubriques-de-centre\/\">R\u00fabriques de centre<\/a><\/li>\n<\/ul>\n<p><strong>Avaluaci\u00f3 de compet\u00e8ncies de l&#8217;\u00e0mbit STEAM<\/strong><\/p>\n<ul>\n<li><a href=\"https:\/\/agora.xtec.cat\/insgurb\/banc-de-rubriques\/avaluacio-de-competencies-de-lambit-steam\/matematiques\/\">Matem\u00e0tiques<\/a><\/li>\n<li><a href=\"https:\/\/agora.xtec.cat\/insgurb\/banc-de-rubriques\/avaluacio-de-competencies-de-lambit-steam\/ciencies\/\">Ci\u00e8ncies<\/a><\/li>\n<li><a href=\"https:\/\/agora.xtec.cat\/insgurb\/banc-de-rubriques\/avaluacio-de-competencies-de-lambit-steam\/tecnologia\/\">Tecnologia<\/a><\/li>\n<li><a href=\"https:\/\/agora.xtec.cat\/insgurb\/banc-de-rubriques\/avaluacio-de-competencies-de-lambit-steam\/steam\/\">STEAM<\/a><\/li>\n<li><a href=\"https:\/\/agora.xtec.cat\/insgurb\/banc-de-rubriques\/avaluacio-de-competencies-de-lambit-steam\/educacio-fisica\/\">Educaci\u00f3 f\u00edsica<\/a><\/li>\n<\/ul>\n<p><strong>Avaluaci\u00f3 de compet\u00e8ncies de l&#8217;\u00e0mbit de participaci\u00f3<\/strong><\/p>\n<ul>\n<li><a href=\"https:\/\/agora.xtec.cat\/insgurb\/banc-de-rubriques\/avaluacio-de-competencies-de-lambit-de-participacio\/geografia-i-historia\/\">Geografia i hist\u00f2ria<\/a><\/li>\n<li><a href=\"https:\/\/agora.xtec.cat\/insgurb\/banc-de-rubriques\/avaluacio-de-competencies-de-lambit-steam\/musica\/\">M\u00fasica<\/a><\/li>\n<li><a href=\"https:\/\/agora.xtec.cat\/insgurb\/banc-de-rubriques\/avaluacio-de-competencies-de-lambit-steam\/visual-i-plastica\/\">Visual i pl\u00e0stica<\/a><\/li>\n<li><a style=\"color: #2795b6;\" href=\"https:\/\/agora.xtec.cat\/insgurb\/banc-de-rubriques\/avaluacio-de-competencies-de-lambit-de-participacio\/etica\/\">\u00c8tica<\/a><\/li>\n<li><a href=\"https:\/\/agora.xtec.cat\/insgurb\/banc-de-rubriques\/avaluacio-de-competencies-de-lambit-de-participacio\/filosofia\/\">Filosofia<\/a><\/li>\n<li><a href=\"https:\/\/agora.xtec.cat\/insgurb\/banc-de-rubriques\/avaluacio-de-competencies-de-lambit-de-participacio\/servei-comunitari\/\">Servei comunitari<\/a><\/li>\n<li><a href=\"https:\/\/agora.xtec.cat\/insgurb\/banc-de-rubriques\/avaluacio-de-competencies-de-lambit-de-participacio\/espais-verds\/\">Espais verds<\/a><\/li>\n<\/ul>\n<p><a href=\"https:\/\/agora.xtec.cat\/insgurb\/banc-de-rubriques\/avaluacio-del-professorat\/\"><strong>Avaluaci\u00f3 del professorat<\/strong><\/a><\/p>\n<p>&nbsp;<\/p>\n<h5>Recursos<\/h5>\n<p>En aquesta secci\u00f3\u00a0hem recollit una s\u00e8rie de documents que creiem que poden ser de gran ajuda per introduir-se en la metodologia d&#8217;avaluar per aprendre.<\/p>\n<ul>\n<li>Neus Sanmart\u00ed, <strong><a href=\"https:\/\/agora.xtec.cat\/insgurb\/wp-content\/uploads\/usu1744\/2018\/11\/avaluar_per_aprendre.pdf\">Avaluar per aprendre<\/a>.<\/strong><\/li>\n<li>XTEC, <a href=\"http:\/\/xtec.gencat.cat\/ca\/curriculum\/xarxacb\/avaluarperaprendre\/\"><strong>Avaluar per aprendre<\/strong><\/a>.<\/li>\n<\/ul>\n<p>&nbsp;<\/p>\n","protected":false},"excerpt":{"rendered":"<p><a href=\"https:\/\/agora.xtec.cat\/insgurb\/wp-content\/uploads\/usu1744\/2018\/07\/Sense-t\u00edtol.jpg\"><\/a><br \/>\nBenvinguts i benvingudes al banc de r\u00fabriques Avaluar per aprendre de l&#8217;Institut de Gurb!<br \/>\nAquesta p\u00e0gina ha estat creada amb la col\u00b7laboraci\u00f3 de tot el professorat de l&#8217;Institut de Gurb i pret\u00e9n ser un banc de recursos d&#8217;avaluar per aprendre que posem a disposici\u00f3 de&hellip;  <a href=\"https:\/\/agora.xtec.cat\/insgurb\/banc-de-rubriques\/\" title=\"Read Banc de r\u00fabriques Avaluar per aprendre\">Llegeix m\u00e9s\u00bb<\/a><\/p>\n","protected":false},"author":1,"featured_media":0,"parent":0,"menu_order":0,"comment_status":"closed","ping_status":"closed","template":"page-templates\/side-menu.php","meta":{"_bbp_topic_count":0,"_bbp_reply_count":0,"_bbp_total_topic_count":0,"_bbp_total_reply_count":0,"_bbp_voice_count":0,"_bbp_anonymous_reply_count":0,"_bbp_topic_count_hidden":0,"_bbp_reply_count_hidden":0,"_bbp_forum_subforum_count":0,"footnotes":""},"class_list":["post-1099","page","type-page","status-publish","hentry"],"post_mailing_queue_ids":[],"_links":{"self":[{"href":"https:\/\/agora.xtec.cat\/insgurb\/wp-json\/wp\/v2\/pages\/1099","targetHints":{"allow":["GET"]}}],"collection":[{"href":"https:\/\/agora.xtec.cat\/insgurb\/wp-json\/wp\/v2\/pages"}],"about":[{"href":"https:\/\/agora.xtec.cat\/insgurb\/wp-json\/wp\/v2\/types\/page"}],"author":[{"embeddable":true,"href":"https:\/\/agora.xtec.cat\/insgurb\/wp-json\/wp\/v2\/users\/1"}],"replies":[{"embeddable":true,"href":"https:\/\/agora.xtec.cat\/insgurb\/wp-json\/wp\/v2\/comments?post=1099"}],"version-history":[{"count":3,"href":"https:\/\/agora.xtec.cat\/insgurb\/wp-json\/wp\/v2\/pages\/1099\/revisions"}],"predecessor-version":[{"id":3754,"href":"https:\/\/agora.xtec.cat\/insgurb\/wp-json\/wp\/v2\/pages\/1099\/revisions\/3754"}],"wp:attachment":[{"href":"https:\/\/agora.xtec.cat\/insgurb\/wp-json\/wp\/v2\/media?parent=1099"}],"curies":[{"name":"wp","href":"https:\/\/api.w.org\/{rel}","templated":true}]}}