{"id":770,"date":"2025-05-23T03:07:14","date_gmt":"2025-05-23T01:07:14","guid":{"rendered":"https:\/\/agora.xtec.cat\/insgastronomia\/?page_id=770"},"modified":"2026-04-17T12:36:51","modified_gmt":"2026-04-17T10:36:51","slug":"preinscripcio-i-matricula-cicle-formatius-de-grau-superior","status":"publish","type":"page","link":"https:\/\/agora.xtec.cat\/insgastronomia\/preinscripcio-i-matricula-cicle-formatius-de-grau-superior\/","title":{"rendered":"Preinscripci\u00f3 i matr\u00edcula Cicle Formatius de Grau Superior"},"content":{"rendered":"\n<p>Cal que presentin la sol\u00b7licitud de preinscripci\u00f3 les persones que volen cursar un cicle formatiu de formaci\u00f3 professional de grau superior encara que cursin altres ensenyaments al mateix centre.<\/p>\n\n\n\n<h3 class=\"wp-block-heading\"><a href=\"https:\/\/preinscripcio.gencat.cat\/ca\/estudis\/fp-grau-superior\/inici\/\" data-type=\"link\" data-id=\"https:\/\/preinscripcio.gencat.cat\/ca\/estudis\/fp-grau-superior\/inici\/\">Preinscripci\u00f3 i matr\u00edcula<\/a><\/h3>\n\n\n\n<figure class=\"wp-block-table\"><table class=\"has-fixed-layout\"><tbody><tr><td><strong>ABANS DE LA PREINSCRIPCCI\u00d3<\/strong><\/td><\/tr><\/tbody><\/table><\/figure>\n\n\n\n<p><strong>1.-JORNADES DE PORTES OBERTES :<\/strong><\/p>\n\n\n\n<ul class=\"wp-block-list\">\n<li>JORNADES PORTES OBERTES PRESENCIALS:&nbsp;20 i 27 d\u2019abril a les 17:00 o 18:00h<\/li>\n<\/ul>\n\n\n\n<p><strong>2.- HORARI CICLES FORMATIUS GRAU SUPERIOR:&nbsp;<\/strong><\/p>\n\n\n\n<figure class=\"wp-block-table\"><table class=\"has-fixed-layout\"><tbody><tr><td rowspan=\"2\"><\/td><td colspan=\"2\"><strong>TORN<\/strong><\/td><\/tr><tr><td><strong>MAT\u00cd<\/strong> dies de servei<\/td><td><strong>MAT\u00cd<\/strong> dies sense servei<\/td><\/tr><tr><td><strong><strong>Direcci\u00f3 de Cuina<\/strong><\/strong><\/td><td><strong><strong>09:00-17:00&nbsp; hores<\/strong><\/strong><\/td><td><strong><strong><strong>08:00-14:30&nbsp; hores<\/strong><\/strong><\/strong><\/td><\/tr><tr><td><strong><strong>Direcci\u00f3 de Serveis de Restauraci\u00f3<\/strong><\/strong><\/td><td><strong><strong><strong>09:00-17:00&nbsp; hores<\/strong><\/strong><\/strong><\/td><td><strong><strong>08:00-14:30&nbsp; hores<\/strong><\/strong><\/td><\/tr><\/tbody><\/table><\/figure>\n\n\n\n<p><strong>3.- PREUS, APORTACIONS I TAXES:<\/strong><\/p>\n\n\n\n<figure class=\"wp-block-table\"><table class=\"has-fixed-layout\"><tbody><tr><td colspan=\"5\"><strong>Grau Superior<\/strong> Curs 2026-27<\/td><\/tr><tr><td><\/td><td colspan=\"2\"><strong>Direcci\u00f3 de Cuina<\/strong><\/td><td colspan=\"2\"><strong>Direcci\u00f3 de Serveis de Restauraci\u00f3<\/strong><\/td><\/tr><tr><td><strong>Nivell<\/strong><\/td><td><strong>1r curs<\/strong><\/td><td><strong>2n curs<\/strong><\/td><td><strong>1r curs<\/strong><\/td><td><strong>2n curs<\/strong><\/td><\/tr><tr><td><strong>Matr\u00edcula Preu P\u00fablic<\/strong><\/td><td><strong>360\u20ac<\/strong><\/td><td><strong>360\u20ac<\/strong><\/td><td><strong>360\u20ac<\/strong><\/td><td><strong>360\u20ac<\/strong><\/td><\/tr><tr><td><strong>Aportacions de Material<\/strong><\/td><td><strong>590\u20ac<\/strong><\/td><td><strong>590\u20ac<\/strong><\/td><td><strong>500\u20ac<\/strong><\/td><td><strong>550\u20ac<\/strong><\/td><\/tr><tr><td><strong>Uniformes (*)<\/strong><\/td><td><strong>289\u20ac<\/strong><\/td><td><strong>30\u20ac<\/strong><\/td><td><strong>244,12\u20ac<\/strong><\/td><td>10<\/td><\/tr><tr><td><strong>Malet\u00ed d\u2019Eines (*)<\/strong><\/td><td><strong>185\u20ac<\/strong><\/td><td><\/td><td><\/td><td><\/td><\/tr><tr><td><strong>Asseguran\u00e7a Escolar<\/strong><\/td><td><strong>1,12\u20ac<\/strong><\/td><td><strong>1,12\u20ac<\/strong><\/td><td><strong>1,12\u20ac<\/strong><\/td><td><strong>1,12\u20ac<\/strong><\/td><\/tr><tr><td><strong>Total anual<\/strong><\/td><td><strong>1.425,12\u20ac<\/strong><\/td><td><strong>981,12\u20ac<\/strong><\/td><td><strong>1105,24\u20ac<\/strong><\/td><td><strong>921,12\u20ac<\/strong><\/td><\/tr><\/tbody><\/table><\/figure>\n\n\n\n<p><strong>(1)&nbsp;<\/strong><strong>Preu p\u00fablic&nbsp;<\/strong>(link https:\/\/educacio.gencat.cat\/ca\/departament\/normativa\/taxes-preus-publics\/preu-public\/)<\/p>\n\n\n\n<p><strong>(*) Preus orientatius<\/strong><\/p>\n\n\n\n<p>Un \u00fanic pagament anual a l&#8217;inici de curs<\/p>\n\n\n\n<p><strong>L&#8217;ALUMNAT HAUR\u00c0 DE PORTAR UN ORDINADOR PORT\u00c0TIL O UNA TABLET PERSONAL. AQUEST MATERIAL \u00c9S IMPRESCIBLE PER LA REALITZACI\u00d3 DE LES CLASSES. ES RECORDA QUE EL TEL\u00c8FON M\u00d2BIL NOM\u00c9S ES POT UTILITZAR SOTA PERM\u00cdS DEL PROFESSORAT I NOM\u00c9S PER MOTIUS EDUCATIUS<\/strong><\/p>\n\n\n\n<p><strong>Alumnat major de 28 anys NO est\u00e0 cobert per l\u2019asseguran\u00e7a escolar obligat\u00f2ria. Les persones m\u00e9s grans de 28 anys o que tinguin passaport han de contractar una asseguran\u00e7a equivalent a la cobertura de l\u2019asseguran\u00e7a escolar obligat\u00f2ria amb un import de 11 \u20ac a sumar als imports anteriorment detallats.<\/strong><\/p>\n\n\n\n<figure class=\"wp-block-table\"><table class=\"has-fixed-layout\"><tbody><tr><td><strong>4.- CALENDARI PREINSCRIPCI\u00d3 I MATR\u00cdCULA<\/strong><\/td><\/tr><\/tbody><\/table><\/figure>\n\n\n\n<p>Tant el calendari com el procediment estan explicats a la Resoluci\u00f3 EDF\/814\/2026.<\/p>\n\n\n\n<ul class=\"wp-block-list\">\n<li><strong>Publicaci\u00f3 de l\u2019oferta inicial:<\/strong> 22 maig de 2026<\/li>\n\n\n\n<li><strong>Per\u00edode de presentaci\u00f3 de sol\u00b7licituds:<\/strong> 26 maig al 1 juny de 2026<\/li>\n\n\n\n<li><strong>Publicaci\u00f3 de la llista de sol\u00b7licituds de preinscripci\u00f3 al centre amb la puntuaci\u00f3 provisional:<\/strong> 29 juny de 2026<\/li>\n\n\n\n<li><strong>Termini per presentar una reclamaci\u00f3:<\/strong> 29 juny al 2 juliol de 2026<\/li>\n\n\n\n<li><strong>Sorteig del n\u00famero de desempat:<\/strong> 6 juliol de 2026<\/li>\n\n\n\n<li><strong>Publicaci\u00f3 de la llista de sol\u00b7licituds de preinscripci\u00f3 al centre amb la puntuaci\u00f3, un cop resoltes les reclamacions:<\/strong> 7 juliol de 2026<\/li>\n\n\n\n<li><strong>Publicaci\u00f3 de l\u2019oferta final:<\/strong> 10 juliol de 2026<\/li>\n\n\n\n<li><strong>Publicaci\u00f3 de places de la primera assignaci\u00f3, amb indicaci\u00f3 del n\u00famero de petici\u00f3 atesa:<\/strong> 10 juliol de 2026<\/li>\n\n\n\n<li><strong>Per\u00edode de confirmaci\u00f3 de matr\u00edcula online per als alumnes que se\u2019ls ha assignat la seva primera opci\u00f3 en la primera assignaci\u00f3:<\/strong> 10 al 14 juliol de 2026<\/li>\n\n\n\n<li><strong>Matr\u00edcula 1a assignaci\u00f3<\/strong>: 10 al 16 juliol a les 14h de 2026<\/li>\n\n\n\n<li><strong>Publicaci\u00f3 de places de la segona assignaci\u00f3, amb indicaci\u00f3 del n\u00famero de petici\u00f3 atesa:<\/strong> 24 juliol de 2026<\/li>\n\n\n\n<li><strong>Per\u00edode de confirmaci\u00f3 de matr\u00edcula online per als alumnes que han obtingut pla\u00e7a en el segon proc\u00e9s d\u2019assignaci\u00f3:<\/strong> 24 al 28 juliol de 2026<\/li>\n\n\n\n<li><strong>Matr\u00edcula 2a assignaci\u00f3<\/strong>: 24&nbsp;al 29 juliol a les 14h de 2026<\/li>\n<\/ul>\n","protected":false},"excerpt":{"rendered":"<p>Cal que presentin la sol\u00b7licitud de preinscripci\u00f3 les persones que volen cursar un cicle formatiu de formaci\u00f3 professional de grau superior encara que cursin altres ensenyaments al mateix centre. Preinscripci\u00f3 i matr\u00edcula ABANS DE LA PREINSCRIPCCI\u00d3 1.-JORNADES DE PORTES OBERTES : 2.- HORARI CICLES FORMATIUS GRAU SUPERIOR:&nbsp; TORN MAT\u00cd dies de servei MAT\u00cd dies sense [&hellip;]<\/p>\n","protected":false},"author":1,"featured_media":0,"parent":0,"menu_order":0,"comment_status":"closed","ping_status":"close","template":"","meta":{"site-sidebar-layout":"default","site-content-layout":"","ast-site-content-layout":"default","site-content-style":"default","site-sidebar-style":"default","ast-global-header-display":"","ast-banner-title-visibility":"","ast-main-header-display":"","ast-hfb-above-header-display":"","ast-hfb-below-header-display":"","ast-hfb-mobile-header-display":"","site-post-title":"","ast-breadcrumbs-content":"","ast-featured-img":"","footer-sml-layout":"","theme-transparent-header-meta":"","adv-header-id-meta":"","stick-header-meta":"","header-above-stick-meta":"","header-main-stick-meta":"","header-below-stick-meta":"","astra-migrate-meta-layouts":"set","ast-page-background-enabled":"default","ast-page-background-meta":{"desktop":{"background-color":"var(--ast-global-color-4)","background-image":"","background-repeat":"repeat","background-position":"center center","background-size":"auto","background-attachment":"scroll","background-type":"","background-media":"","overlay-type":"","overlay-color":"","overlay-opacity":"","overlay-gradient":""},"tablet":{"background-color":"","background-image":"","background-repeat":"repeat","background-position":"center center","background-size":"auto","background-attachment":"scroll","background-type":"","background-media":"","overlay-type":"","overlay-color":"","overlay-opacity":"","overlay-gradient":""},"mobile":{"background-color":"","background-image":"","background-repeat":"repeat","background-position":"center center","background-size":"auto","background-attachment":"scroll","background-type":"","background-media":"","overlay-type":"","overlay-color":"","overlay-opacity":"","overlay-gradient":""}},"ast-content-background-meta":{"desktop":{"background-color":"var(--ast-global-color-5)","background-image":"","background-repeat":"repeat","background-position":"center center","background-size":"auto","background-attachment":"scroll","background-type":"","background-media":"","overlay-type":"","overlay-color":"","overlay-opacity":"","overlay-gradient":""},"tablet":{"background-color":"var(--ast-global-color-5)","background-image":"","background-repeat":"repeat","background-position":"center center","background-size":"auto","background-attachment":"scroll","background-type":"","background-media":"","overlay-type":"","overlay-color":"","overlay-opacity":"","overlay-gradient":""},"mobile":{"background-color":"var(--ast-global-color-5)","background-image":"","background-repeat":"repeat","background-position":"center center","background-size":"auto","background-attachment":"scroll","background-type":"","background-media":"","overlay-type":"","overlay-color":"","overlay-opacity":"","overlay-gradient":""}},"footnotes":""},"class_list":["post-770","page","type-page","status-publish","hentry"],"post_mailing_queue_ids":[],"_links":{"self":[{"href":"https:\/\/agora.xtec.cat\/insgastronomia\/wp-json\/wp\/v2\/pages\/770","targetHints":{"allow":["GET"]}}],"collection":[{"href":"https:\/\/agora.xtec.cat\/insgastronomia\/wp-json\/wp\/v2\/pages"}],"about":[{"href":"https:\/\/agora.xtec.cat\/insgastronomia\/wp-json\/wp\/v2\/types\/page"}],"author":[{"embeddable":true,"href":"https:\/\/agora.xtec.cat\/insgastronomia\/wp-json\/wp\/v2\/users\/1"}],"replies":[{"embeddable":true,"href":"https:\/\/agora.xtec.cat\/insgastronomia\/wp-json\/wp\/v2\/comments?post=770"}],"version-history":[{"count":5,"href":"https:\/\/agora.xtec.cat\/insgastronomia\/wp-json\/wp\/v2\/pages\/770\/revisions"}],"predecessor-version":[{"id":1767,"href":"https:\/\/agora.xtec.cat\/insgastronomia\/wp-json\/wp\/v2\/pages\/770\/revisions\/1767"}],"wp:attachment":[{"href":"https:\/\/agora.xtec.cat\/insgastronomia\/wp-json\/wp\/v2\/media?parent=770"}],"curies":[{"name":"wp","href":"https:\/\/api.w.org\/{rel}","templated":true}]}}