{"id":43,"date":"2014-09-17T16:45:07","date_gmt":"2014-09-17T16:45:07","guid":{"rendered":"http:\/\/agora.xtec.cat\/insgastronomia\/?page_id=43"},"modified":"2025-12-11T10:49:05","modified_gmt":"2025-12-11T09:49:05","slug":"consell-escolar","status":"publish","type":"page","link":"https:\/\/agora.xtec.cat\/insgastronomia\/linstitut\/consell-escolar\/","title":{"rendered":"Consell escolar"},"content":{"rendered":"\n<p>Composici\u00f3:<\/p>\n\n\n\n<figure class=\"wp-block-image size-full\"><a href=\"https:\/\/agora.xtec.cat\/insgastronomia\/wp-content\/uploads\/usu3481\/2025\/12\/imatge.png\"><img loading=\"lazy\" decoding=\"async\" width=\"718\" height=\"415\" src=\"https:\/\/agora.xtec.cat\/insgastronomia\/wp-content\/uploads\/usu3481\/2025\/12\/imatge.png\" alt=\"\" class=\"wp-image-1331\" srcset=\"https:\/\/agora.xtec.cat\/insgastronomia\/wp-content\/uploads\/usu3481\/2025\/12\/imatge.png 718w, https:\/\/agora.xtec.cat\/insgastronomia\/wp-content\/uploads\/usu3481\/2025\/12\/imatge-300x173.png 300w\" sizes=\"auto, (max-width: 718px) 100vw, 718px\" \/><\/a><\/figure>\n\n\n\n<figure class=\"wp-block-image size-full\"><a href=\"https:\/\/agora.xtec.cat\/insgastronomia\/wp-content\/uploads\/usu3481\/2025\/12\/imatge-1.png\"><img loading=\"lazy\" decoding=\"async\" width=\"678\" height=\"286\" src=\"https:\/\/agora.xtec.cat\/insgastronomia\/wp-content\/uploads\/usu3481\/2025\/12\/imatge-1.png\" alt=\"\" class=\"wp-image-1332\" srcset=\"https:\/\/agora.xtec.cat\/insgastronomia\/wp-content\/uploads\/usu3481\/2025\/12\/imatge-1.png 678w, https:\/\/agora.xtec.cat\/insgastronomia\/wp-content\/uploads\/usu3481\/2025\/12\/imatge-1-300x127.png 300w\" sizes=\"auto, (max-width: 678px) 100vw, 678px\" \/><\/a><\/figure>\n\n\n\n<p><a href=\"https:\/\/agora.xtec.cat\/insgastronomia\/eleccions-consell-escolar-2025\/\" data-type=\"page\" data-id=\"1302\">Calendari d&#8217;eleccions al Consell Escolar de centre curs 2025-26<\/a><\/p>\n\n\n\n<p><a href=\"https:\/\/agora.xtec.cat\/insgastronomia\/wp-content\/uploads\/usu3481\/2025\/10\/Convocatoria-eleccions-CE-signat.pdf\">Convocat\u00f2ria de la direcci\u00f3 del centre<\/a><\/p>\n\n\n\n<p><\/p>\n","protected":false},"excerpt":{"rendered":"<p>Composici\u00f3: Calendari d&#8217;eleccions al Consell Escolar de centre curs 2025-26 Convocat\u00f2ria de la direcci\u00f3 del centre<\/p>\n","protected":false},"author":1,"featured_media":0,"parent":19,"menu_order":40,"comment_status":"closed","ping_status":"closed","template":"","meta":{"site-sidebar-layout":"default","site-content-layout":"","ast-site-content-layout":"default","site-content-style":"default","site-sidebar-style":"default","ast-global-header-display":"","ast-banner-title-visibility":"","ast-main-header-display":"","ast-hfb-above-header-display":"","ast-hfb-below-header-display":"","ast-hfb-mobile-header-display":"","site-post-title":"","ast-breadcrumbs-content":"","ast-featured-img":"","footer-sml-layout":"","theme-transparent-header-meta":"","adv-header-id-meta":"","stick-header-meta":"","header-above-stick-meta":"","header-main-stick-meta":"","header-below-stick-meta":"","astra-migrate-meta-layouts":"set","ast-page-background-enabled":"default","ast-page-background-meta":{"desktop":{"background-color":"var(--ast-global-color-4)","background-image":"","background-repeat":"repeat","background-position":"center center","background-size":"auto","background-attachment":"scroll","background-type":"","background-media":"","overlay-type":"","overlay-color":"","overlay-opacity":"","overlay-gradient":""},"tablet":{"background-color":"","background-image":"","background-repeat":"repeat","background-position":"center center","background-size":"auto","background-attachment":"scroll","background-type":"","background-media":"","overlay-type":"","overlay-color":"","overlay-opacity":"","overlay-gradient":""},"mobile":{"background-color":"","background-image":"","background-repeat":"repeat","background-position":"center center","background-size":"auto","background-attachment":"scroll","background-type":"","background-media":"","overlay-type":"","overlay-color":"","overlay-opacity":"","overlay-gradient":""}},"ast-content-background-meta":{"desktop":{"background-color":"var(--ast-global-color-5)","background-image":"","background-repeat":"repeat","background-position":"center center","background-size":"auto","background-attachment":"scroll","background-type":"","background-media":"","overlay-type":"","overlay-color":"","overlay-opacity":"","overlay-gradient":""},"tablet":{"background-color":"var(--ast-global-color-5)","background-image":"","background-repeat":"repeat","background-position":"center center","background-size":"auto","background-attachment":"scroll","background-type":"","background-media":"","overlay-type":"","overlay-color":"","overlay-opacity":"","overlay-gradient":""},"mobile":{"background-color":"var(--ast-global-color-5)","background-image":"","background-repeat":"repeat","background-position":"center center","background-size":"auto","background-attachment":"scroll","background-type":"","background-media":"","overlay-type":"","overlay-color":"","overlay-opacity":"","overlay-gradient":""}},"footnotes":""},"class_list":["post-43","page","type-page","status-publish","hentry"],"post_mailing_queue_ids":[],"_links":{"self":[{"href":"https:\/\/agora.xtec.cat\/insgastronomia\/wp-json\/wp\/v2\/pages\/43","targetHints":{"allow":["GET"]}}],"collection":[{"href":"https:\/\/agora.xtec.cat\/insgastronomia\/wp-json\/wp\/v2\/pages"}],"about":[{"href":"https:\/\/agora.xtec.cat\/insgastronomia\/wp-json\/wp\/v2\/types\/page"}],"author":[{"embeddable":true,"href":"https:\/\/agora.xtec.cat\/insgastronomia\/wp-json\/wp\/v2\/users\/1"}],"replies":[{"embeddable":true,"href":"https:\/\/agora.xtec.cat\/insgastronomia\/wp-json\/wp\/v2\/comments?post=43"}],"version-history":[{"count":6,"href":"https:\/\/agora.xtec.cat\/insgastronomia\/wp-json\/wp\/v2\/pages\/43\/revisions"}],"predecessor-version":[{"id":1333,"href":"https:\/\/agora.xtec.cat\/insgastronomia\/wp-json\/wp\/v2\/pages\/43\/revisions\/1333"}],"up":[{"embeddable":true,"href":"https:\/\/agora.xtec.cat\/insgastronomia\/wp-json\/wp\/v2\/pages\/19"}],"wp:attachment":[{"href":"https:\/\/agora.xtec.cat\/insgastronomia\/wp-json\/wp\/v2\/media?parent=43"}],"curies":[{"name":"wp","href":"https:\/\/api.w.org\/{rel}","templated":true}]}}