{"id":1589,"date":"2026-01-20T22:08:12","date_gmt":"2026-01-20T21:08:12","guid":{"rendered":"https:\/\/agora.xtec.cat\/insgastronomia\/?page_id=1589"},"modified":"2026-02-09T15:08:13","modified_gmt":"2026-02-09T14:08:13","slug":"mobilitat-internacional","status":"publish","type":"page","link":"https:\/\/agora.xtec.cat\/insgastronomia\/mobilitat-internacional\/","title":{"rendered":"Mobilitat internacional"},"content":{"rendered":"\n<p><strong>L&#8217;<\/strong><strong>IGB participa en&nbsp;els projectes de mobilitat coordinats per la <a href=\"https:\/\/www.fundaciobcnfp.cat\/\" target=\"_blank\" rel=\"noreferrer noopener\">xarxa FP Fundaci\u00f3 BCN<\/a>. Actualment tenim alumnes seleccionats per el projecte Erasmus + KA121 Grau Mitj\u00e0&nbsp; i projecte Erasmus&nbsp;<a>+<\/a> KA 121 PFI. Las beques s\u00f3n gestionades per la mateixa Fundaci\u00f3 .<\/strong><\/p>\n\n\n\n<p><strong>Properament s&#8217;obrir\u00e0 convocat\u00f2ria per estudiants graduats: International FP Talent i tamb\u00e9 per professorat.<\/strong><\/p>\n\n\n\n<p><a href=\"https:\/\/agora.xtec.cat\/insgastronomia\/politica-erasmus\/\" data-type=\"page\" data-id=\"1664\">Pol\u00edtica Erasmus +<\/a><\/p>\n\n\n\n<p><a href=\"https:\/\/agora.xtec.cat\/insgastronomia\/erasmus\/\" data-type=\"page\" data-id=\"1591\">Erasmus<\/a><\/p>\n\n\n\n<p><a href=\"https:\/\/agora.xtec.cat\/insgastronomia\/carta-eche\/\" data-type=\"page\" data-id=\"1605\">Carta  ECHE<\/a><\/p>\n\n\n\n<p><a href=\"https:\/\/agora.xtec.cat\/insgastronomia\/xarxafp-fundacio-bcn\/\" data-type=\"page\" data-id=\"1593\">Xarxafp- Fundaci\u00f3 BCN<\/a><\/p>\n\n\n\n<p><a href=\"https:\/\/agora.xtec.cat\/insgastronomia\/estades-de-mobilitat\/\" data-type=\"page\" data-id=\"1595\">Estades de mobilitat<\/a><\/p>\n","protected":false},"excerpt":{"rendered":"<p>L&#8217;IGB participa en&nbsp;els projectes de mobilitat coordinats per la xarxa FP Fundaci\u00f3 BCN. Actualment tenim alumnes seleccionats per el projecte Erasmus + KA121 Grau Mitj\u00e0&nbsp; i projecte Erasmus&nbsp;+ KA 121 PFI. Las beques s\u00f3n gestionades per la mateixa Fundaci\u00f3 . Properament s&#8217;obrir\u00e0 convocat\u00f2ria per estudiants graduats: International FP Talent i tamb\u00e9 per professorat. Pol\u00edtica Erasmus [&hellip;]<\/p>\n","protected":false},"author":1,"featured_media":0,"parent":0,"menu_order":0,"comment_status":"closed","ping_status":"close","template":"","meta":{"site-sidebar-layout":"default","site-content-layout":"","ast-site-content-layout":"default","site-content-style":"default","site-sidebar-style":"default","ast-global-header-display":"","ast-banner-title-visibility":"","ast-main-header-display":"","ast-hfb-above-header-display":"","ast-hfb-below-header-display":"","ast-hfb-mobile-header-display":"","site-post-title":"","ast-breadcrumbs-content":"","ast-featured-img":"","footer-sml-layout":"","theme-transparent-header-meta":"","adv-header-id-meta":"","stick-header-meta":"","header-above-stick-meta":"","header-main-stick-meta":"","header-below-stick-meta":"","astra-migrate-meta-layouts":"set","ast-page-background-enabled":"default","ast-page-background-meta":{"desktop":{"background-color":"var(--ast-global-color-4)","background-image":"","background-repeat":"repeat","background-position":"center center","background-size":"auto","background-attachment":"scroll","background-type":"","background-media":"","overlay-type":"","overlay-color":"","overlay-opacity":"","overlay-gradient":""},"tablet":{"background-color":"","background-image":"","background-repeat":"repeat","background-position":"center center","background-size":"auto","background-attachment":"scroll","background-type":"","background-media":"","overlay-type":"","overlay-color":"","overlay-opacity":"","overlay-gradient":""},"mobile":{"background-color":"","background-image":"","background-repeat":"repeat","background-position":"center center","background-size":"auto","background-attachment":"scroll","background-type":"","background-media":"","overlay-type":"","overlay-color":"","overlay-opacity":"","overlay-gradient":""}},"ast-content-background-meta":{"desktop":{"background-color":"var(--ast-global-color-5)","background-image":"","background-repeat":"repeat","background-position":"center center","background-size":"auto","background-attachment":"scroll","background-type":"","background-media":"","overlay-type":"","overlay-color":"","overlay-opacity":"","overlay-gradient":""},"tablet":{"background-color":"var(--ast-global-color-5)","background-image":"","background-repeat":"repeat","background-position":"center center","background-size":"auto","background-attachment":"scroll","background-type":"","background-media":"","overlay-type":"","overlay-color":"","overlay-opacity":"","overlay-gradient":""},"mobile":{"background-color":"var(--ast-global-color-5)","background-image":"","background-repeat":"repeat","background-position":"center center","background-size":"auto","background-attachment":"scroll","background-type":"","background-media":"","overlay-type":"","overlay-color":"","overlay-opacity":"","overlay-gradient":""}},"footnotes":""},"class_list":["post-1589","page","type-page","status-publish","hentry"],"post_mailing_queue_ids":[],"_links":{"self":[{"href":"https:\/\/agora.xtec.cat\/insgastronomia\/wp-json\/wp\/v2\/pages\/1589","targetHints":{"allow":["GET"]}}],"collection":[{"href":"https:\/\/agora.xtec.cat\/insgastronomia\/wp-json\/wp\/v2\/pages"}],"about":[{"href":"https:\/\/agora.xtec.cat\/insgastronomia\/wp-json\/wp\/v2\/types\/page"}],"author":[{"embeddable":true,"href":"https:\/\/agora.xtec.cat\/insgastronomia\/wp-json\/wp\/v2\/users\/1"}],"replies":[{"embeddable":true,"href":"https:\/\/agora.xtec.cat\/insgastronomia\/wp-json\/wp\/v2\/comments?post=1589"}],"version-history":[{"count":6,"href":"https:\/\/agora.xtec.cat\/insgastronomia\/wp-json\/wp\/v2\/pages\/1589\/revisions"}],"predecessor-version":[{"id":1674,"href":"https:\/\/agora.xtec.cat\/insgastronomia\/wp-json\/wp\/v2\/pages\/1589\/revisions\/1674"}],"wp:attachment":[{"href":"https:\/\/agora.xtec.cat\/insgastronomia\/wp-json\/wp\/v2\/media?parent=1589"}],"curies":[{"name":"wp","href":"https:\/\/api.w.org\/{rel}","templated":true}]}}