{"id":1542,"date":"2026-01-15T19:17:41","date_gmt":"2026-01-15T18:17:41","guid":{"rendered":"https:\/\/agora.xtec.cat\/insgastronomia\/?page_id=1542"},"modified":"2026-04-22T08:38:40","modified_gmt":"2026-04-22T06:38:40","slug":"convenis-i-acords-destada-a-lempresa","status":"publish","type":"page","link":"https:\/\/agora.xtec.cat\/insgastronomia\/convenis-i-acords-destada-a-lempresa\/","title":{"rendered":"Convenis i acords d&#8217;estada a l&#8217;empresa"},"content":{"rendered":"\n<p>El nostre alumnat inicia aquest curs les seves estades a empresa per primer cop.<\/p>\n\n\n\n<div class=\"wp-block-group is-layout-grid wp-container-core-group-is-layout-1 wp-block-group-is-layout-grid\">\n<figure class=\"wp-block-image size-full\" style=\"margin-top:var(--wp--preset--spacing--70);margin-right:0;margin-bottom:var(--wp--preset--spacing--70);margin-left:0\"><a href=\"https:\/\/agora.xtec.cat\/insgastronomia\/wp-content\/uploads\/usu3481\/2026\/01\/DISFRUTAR.jpg\"><img loading=\"lazy\" decoding=\"async\" width=\"352\" height=\"112\" src=\"https:\/\/agora.xtec.cat\/insgastronomia\/wp-content\/uploads\/usu3481\/2026\/01\/DISFRUTAR.jpg\" alt=\"\" class=\"wp-image-1569\" srcset=\"https:\/\/agora.xtec.cat\/insgastronomia\/wp-content\/uploads\/usu3481\/2026\/01\/DISFRUTAR.jpg 352w, https:\/\/agora.xtec.cat\/insgastronomia\/wp-content\/uploads\/usu3481\/2026\/01\/DISFRUTAR-300x95.jpg 300w\" sizes=\"auto, (max-width: 352px) 100vw, 352px\" \/><\/a><\/figure>\n\n\n\n<figure class=\"wp-block-image size-full\"><a href=\"https:\/\/agora.xtec.cat\/insgastronomia\/wp-content\/uploads\/usu3481\/2026\/01\/lasarte.jpg\"><img loading=\"lazy\" decoding=\"async\" width=\"225\" height=\"225\" src=\"https:\/\/agora.xtec.cat\/insgastronomia\/wp-content\/uploads\/usu3481\/2026\/01\/lasarte.jpg\" alt=\"\" class=\"wp-image-1632\" srcset=\"https:\/\/agora.xtec.cat\/insgastronomia\/wp-content\/uploads\/usu3481\/2026\/01\/lasarte.jpg 225w, https:\/\/agora.xtec.cat\/insgastronomia\/wp-content\/uploads\/usu3481\/2026\/01\/lasarte-150x150.jpg 150w\" sizes=\"auto, (max-width: 225px) 100vw, 225px\" \/><\/a><\/figure>\n\n\n\n<figure class=\"wp-block-image size-full\" style=\"margin-top:var(--wp--preset--spacing--50);margin-bottom:var(--wp--preset--spacing--50)\"><a href=\"https:\/\/agora.xtec.cat\/insgastronomia\/wp-content\/uploads\/usu3481\/2026\/01\/HILTON.png\"><img loading=\"lazy\" decoding=\"async\" width=\"300\" height=\"168\" src=\"https:\/\/agora.xtec.cat\/insgastronomia\/wp-content\/uploads\/usu3481\/2026\/01\/HILTON.png\" alt=\"\" class=\"wp-image-1572\"\/><\/a><\/figure>\n\n\n\n<figure class=\"wp-block-image size-full\" style=\"margin-top:var(--wp--preset--spacing--20);margin-bottom:var(--wp--preset--spacing--20)\"><a href=\"https:\/\/agora.xtec.cat\/insgastronomia\/wp-content\/uploads\/usu3481\/2026\/01\/NH.png\"><img loading=\"lazy\" decoding=\"async\" width=\"259\" height=\"194\" src=\"https:\/\/agora.xtec.cat\/insgastronomia\/wp-content\/uploads\/usu3481\/2026\/01\/NH.png\" alt=\"\" class=\"wp-image-1570\"\/><\/a><\/figure>\n\n\n\n<figure class=\"wp-block-image size-full\" style=\"margin-top:var(--wp--preset--spacing--40);margin-bottom:var(--wp--preset--spacing--40)\"><a href=\"https:\/\/agora.xtec.cat\/insgastronomia\/wp-content\/uploads\/usu3481\/2026\/01\/LACASABLANCA.png\"><img loading=\"lazy\" decoding=\"async\" width=\"310\" height=\"163\" src=\"https:\/\/agora.xtec.cat\/insgastronomia\/wp-content\/uploads\/usu3481\/2026\/01\/LACASABLANCA.png\" alt=\"\" class=\"wp-image-1571\" srcset=\"https:\/\/agora.xtec.cat\/insgastronomia\/wp-content\/uploads\/usu3481\/2026\/01\/LACASABLANCA.png 310w, https:\/\/agora.xtec.cat\/insgastronomia\/wp-content\/uploads\/usu3481\/2026\/01\/LACASABLANCA-300x158.png 300w\" sizes=\"auto, (max-width: 310px) 100vw, 310px\" \/><\/a><\/figure>\n\n\n\n<figure class=\"wp-block-image size-full\"><a href=\"https:\/\/agora.xtec.cat\/insgastronomia\/wp-content\/uploads\/usu3481\/2026\/01\/HERMANOS-TORRES.png\"><img loading=\"lazy\" decoding=\"async\" width=\"262\" height=\"193\" src=\"https:\/\/agora.xtec.cat\/insgastronomia\/wp-content\/uploads\/usu3481\/2026\/01\/HERMANOS-TORRES.png\" alt=\"\" class=\"wp-image-1576\"\/><\/a><\/figure>\n\n\n\n<figure class=\"wp-block-image size-full\"><a href=\"https:\/\/agora.xtec.cat\/insgastronomia\/wp-content\/uploads\/usu3481\/2026\/01\/MAJESTIC.png\"><img loading=\"lazy\" decoding=\"async\" width=\"223\" height=\"226\" src=\"https:\/\/agora.xtec.cat\/insgastronomia\/wp-content\/uploads\/usu3481\/2026\/01\/MAJESTIC.png\" alt=\"\" class=\"wp-image-1573\"\/><\/a><\/figure>\n\n\n\n<figure class=\"wp-block-image size-full\" style=\"margin-top:var(--wp--preset--spacing--60);margin-bottom:var(--wp--preset--spacing--60)\"><a href=\"https:\/\/agora.xtec.cat\/insgastronomia\/wp-content\/uploads\/usu3481\/2026\/01\/LLUERNA.jpg\"><img loading=\"lazy\" decoding=\"async\" width=\"260\" height=\"173\" src=\"https:\/\/agora.xtec.cat\/insgastronomia\/wp-content\/uploads\/usu3481\/2026\/01\/LLUERNA.jpg\" alt=\"\" class=\"wp-image-1575\"\/><\/a><\/figure>\n\n\n\n<figure class=\"wp-block-image size-full\"><a href=\"https:\/\/agora.xtec.cat\/insgastronomia\/wp-content\/uploads\/usu3481\/2026\/01\/DIREKTE.jpg\"><img loading=\"lazy\" decoding=\"async\" width=\"225\" height=\"225\" src=\"https:\/\/agora.xtec.cat\/insgastronomia\/wp-content\/uploads\/usu3481\/2026\/01\/DIREKTE.jpg\" alt=\"\" class=\"wp-image-1577\" srcset=\"https:\/\/agora.xtec.cat\/insgastronomia\/wp-content\/uploads\/usu3481\/2026\/01\/DIREKTE.jpg 225w, https:\/\/agora.xtec.cat\/insgastronomia\/wp-content\/uploads\/usu3481\/2026\/01\/DIREKTE-150x150.jpg 150w\" sizes=\"auto, (max-width: 225px) 100vw, 225px\" \/><\/a><\/figure>\n\n\n\n<figure class=\"wp-block-image size-full\" style=\"margin-top:var(--wp--preset--spacing--70);margin-bottom:var(--wp--preset--spacing--70)\"><a href=\"https:\/\/agora.xtec.cat\/insgastronomia\/wp-content\/uploads\/usu3481\/2026\/01\/HISOP.jpg\"><img loading=\"lazy\" decoding=\"async\" width=\"353\" height=\"143\" src=\"https:\/\/agora.xtec.cat\/insgastronomia\/wp-content\/uploads\/usu3481\/2026\/01\/HISOP.jpg\" alt=\"\" class=\"wp-image-1578\" srcset=\"https:\/\/agora.xtec.cat\/insgastronomia\/wp-content\/uploads\/usu3481\/2026\/01\/HISOP.jpg 353w, https:\/\/agora.xtec.cat\/insgastronomia\/wp-content\/uploads\/usu3481\/2026\/01\/HISOP-300x122.jpg 300w\" sizes=\"auto, (max-width: 353px) 100vw, 353px\" \/><\/a><\/figure>\n\n\n\n<figure class=\"wp-block-image size-full\"><a href=\"https:\/\/agora.xtec.cat\/insgastronomia\/wp-content\/uploads\/usu3481\/2026\/01\/gastrobetulo.jpg\"><img loading=\"lazy\" decoding=\"async\" width=\"320\" height=\"320\" src=\"https:\/\/agora.xtec.cat\/insgastronomia\/wp-content\/uploads\/usu3481\/2026\/01\/gastrobetulo.jpg\" alt=\"\" class=\"wp-image-1581\" srcset=\"https:\/\/agora.xtec.cat\/insgastronomia\/wp-content\/uploads\/usu3481\/2026\/01\/gastrobetulo.jpg 320w, https:\/\/agora.xtec.cat\/insgastronomia\/wp-content\/uploads\/usu3481\/2026\/01\/gastrobetulo-300x300.jpg 300w, https:\/\/agora.xtec.cat\/insgastronomia\/wp-content\/uploads\/usu3481\/2026\/01\/gastrobetulo-150x150.jpg 150w\" sizes=\"auto, (max-width: 320px) 100vw, 320px\" \/><\/a><\/figure>\n\n\n\n<figure class=\"wp-block-image size-full\"><a href=\"https:\/\/agora.xtec.cat\/insgastronomia\/wp-content\/uploads\/usu3481\/2026\/01\/akerra.jpg\"><img loading=\"lazy\" decoding=\"async\" width=\"225\" height=\"225\" src=\"https:\/\/agora.xtec.cat\/insgastronomia\/wp-content\/uploads\/usu3481\/2026\/01\/akerra.jpg\" alt=\"\" class=\"wp-image-1583\" srcset=\"https:\/\/agora.xtec.cat\/insgastronomia\/wp-content\/uploads\/usu3481\/2026\/01\/akerra.jpg 225w, https:\/\/agora.xtec.cat\/insgastronomia\/wp-content\/uploads\/usu3481\/2026\/01\/akerra-150x150.jpg 150w\" sizes=\"auto, (max-width: 225px) 100vw, 225px\" \/><\/a><\/figure>\n\n\n\n<figure class=\"wp-block-image size-full\" style=\"margin-top:var(--wp--preset--spacing--80);margin-bottom:var(--wp--preset--spacing--80)\"><a href=\"https:\/\/agora.xtec.cat\/insgastronomia\/wp-content\/uploads\/usu3481\/2026\/01\/rosah.png\"><img loading=\"lazy\" decoding=\"async\" width=\"389\" height=\"130\" src=\"https:\/\/agora.xtec.cat\/insgastronomia\/wp-content\/uploads\/usu3481\/2026\/01\/rosah.png\" alt=\"\" class=\"wp-image-1584\" srcset=\"https:\/\/agora.xtec.cat\/insgastronomia\/wp-content\/uploads\/usu3481\/2026\/01\/rosah.png 389w, https:\/\/agora.xtec.cat\/insgastronomia\/wp-content\/uploads\/usu3481\/2026\/01\/rosah-300x100.png 300w\" sizes=\"auto, (max-width: 389px) 100vw, 389px\" \/><\/a><\/figure>\n\n\n\n<figure class=\"wp-block-image size-full\"><a href=\"https:\/\/agora.xtec.cat\/insgastronomia\/wp-content\/uploads\/usu3481\/2026\/01\/foixdesarria.png\"><img loading=\"lazy\" decoding=\"async\" width=\"200\" height=\"180\" src=\"https:\/\/agora.xtec.cat\/insgastronomia\/wp-content\/uploads\/usu3481\/2026\/01\/foixdesarria.png\" alt=\"\" class=\"wp-image-1585\"\/><\/a><\/figure>\n\n\n\n<figure class=\"wp-block-image size-full\" style=\"margin-top:var(--wp--preset--spacing--70);margin-bottom:var(--wp--preset--spacing--70)\"><a href=\"https:\/\/agora.xtec.cat\/insgastronomia\/wp-content\/uploads\/usu3481\/2026\/01\/latabernadelclinic.png\"><img loading=\"lazy\" decoding=\"async\" width=\"351\" height=\"144\" src=\"https:\/\/agora.xtec.cat\/insgastronomia\/wp-content\/uploads\/usu3481\/2026\/01\/latabernadelclinic.png\" alt=\"\" class=\"wp-image-1628\" srcset=\"https:\/\/agora.xtec.cat\/insgastronomia\/wp-content\/uploads\/usu3481\/2026\/01\/latabernadelclinic.png 351w, https:\/\/agora.xtec.cat\/insgastronomia\/wp-content\/uploads\/usu3481\/2026\/01\/latabernadelclinic-300x123.png 300w\" sizes=\"auto, (max-width: 351px) 100vw, 351px\" \/><\/a><\/figure>\n\n\n\n<figure class=\"wp-block-image size-full\" style=\"margin-top:var(--wp--preset--spacing--80);margin-bottom:var(--wp--preset--spacing--80)\"><a href=\"https:\/\/agora.xtec.cat\/insgastronomia\/wp-content\/uploads\/usu3481\/2026\/01\/fondabalmes-1.png\"><img loading=\"lazy\" decoding=\"async\" width=\"437\" height=\"156\" src=\"https:\/\/agora.xtec.cat\/insgastronomia\/wp-content\/uploads\/usu3481\/2026\/01\/fondabalmes-1.png\" alt=\"\" class=\"wp-image-1631\" srcset=\"https:\/\/agora.xtec.cat\/insgastronomia\/wp-content\/uploads\/usu3481\/2026\/01\/fondabalmes-1.png 437w, https:\/\/agora.xtec.cat\/insgastronomia\/wp-content\/uploads\/usu3481\/2026\/01\/fondabalmes-1-300x107.png 300w\" sizes=\"auto, (max-width: 437px) 100vw, 437px\" \/><\/a><\/figure>\n\n\n\n<figure class=\"wp-block-image size-full\"><a href=\"https:\/\/agora.xtec.cat\/insgastronomia\/wp-content\/uploads\/usu3481\/2026\/01\/confiteria.png\"><img loading=\"lazy\" decoding=\"async\" width=\"191\" height=\"264\" src=\"https:\/\/agora.xtec.cat\/insgastronomia\/wp-content\/uploads\/usu3481\/2026\/01\/confiteria.png\" alt=\"\" class=\"wp-image-1661\"\/><\/a><\/figure>\n\n\n\n<figure class=\"wp-block-image size-full\" style=\"margin-top:var(--wp--preset--spacing--80);margin-bottom:var(--wp--preset--spacing--80)\"><a href=\"https:\/\/agora.xtec.cat\/insgastronomia\/wp-content\/uploads\/usu3481\/2026\/01\/bodegasagarra.png\"><img loading=\"lazy\" decoding=\"async\" width=\"341\" height=\"148\" src=\"https:\/\/agora.xtec.cat\/insgastronomia\/wp-content\/uploads\/usu3481\/2026\/01\/bodegasagarra.png\" alt=\"\" class=\"wp-image-1662\" srcset=\"https:\/\/agora.xtec.cat\/insgastronomia\/wp-content\/uploads\/usu3481\/2026\/01\/bodegasagarra.png 341w, https:\/\/agora.xtec.cat\/insgastronomia\/wp-content\/uploads\/usu3481\/2026\/01\/bodegasagarra-300x130.png 300w\" sizes=\"auto, (max-width: 341px) 100vw, 341px\" \/><\/a><\/figure>\n\n\n\n<figure class=\"wp-block-image size-full\"><a href=\"https:\/\/agora.xtec.cat\/insgastronomia\/wp-content\/uploads\/usu3481\/2026\/04\/image.png\"><img loading=\"lazy\" decoding=\"async\" width=\"228\" height=\"111\" src=\"https:\/\/agora.xtec.cat\/insgastronomia\/wp-content\/uploads\/usu3481\/2026\/04\/image.png\" alt=\"\" class=\"wp-image-1768\"\/><\/a><\/figure>\n<\/div>\n\n\n\n<figure class=\"wp-block-table\"><table class=\"has-fixed-layout\"><tbody><tr><td>EN NEGOCIACI\u00d3: MARUGAL, FOIX, ESCRIB\u00c0, CATALONIA HOTELS, ROSAH&#8217;S PASTRY, SLS, LA TAVERNA DEL CL\u00cdNIC, OCHIAI, ORIOL BALAGUER, 22:22 CULTURA DULCE, MAURI, FOIX, MAS TINELL, SA\u00d3 BARCELONA, MANDARIN BARCELONA i HOTEL TORREALBENC.<br><\/td><\/tr><\/tbody><\/table><\/figure>\n\n\n\n<p><\/p>\n","protected":false},"excerpt":{"rendered":"<p>El nostre alumnat inicia aquest curs les seves estades a empresa per primer cop. EN NEGOCIACI\u00d3: MARUGAL, FOIX, ESCRIB\u00c0, CATALONIA HOTELS, ROSAH&#8217;S PASTRY, SLS, LA TAVERNA DEL CL\u00cdNIC, OCHIAI, ORIOL BALAGUER, 22:22 CULTURA DULCE, MAURI, FOIX, MAS TINELL, SA\u00d3 BARCELONA, MANDARIN BARCELONA i HOTEL TORREALBENC.<\/p>\n","protected":false},"author":1,"featured_media":0,"parent":0,"menu_order":0,"comment_status":"closed","ping_status":"close","template":"","meta":{"site-sidebar-layout":"default","site-content-layout":"","ast-site-content-layout":"default","site-content-style":"default","site-sidebar-style":"default","ast-global-header-display":"","ast-banner-title-visibility":"","ast-main-header-display":"","ast-hfb-above-header-display":"","ast-hfb-below-header-display":"","ast-hfb-mobile-header-display":"","site-post-title":"","ast-breadcrumbs-content":"","ast-featured-img":"","footer-sml-layout":"","theme-transparent-header-meta":"","adv-header-id-meta":"","stick-header-meta":"","header-above-stick-meta":"","header-main-stick-meta":"","header-below-stick-meta":"","astra-migrate-meta-layouts":"set","ast-page-background-enabled":"default","ast-page-background-meta":{"desktop":{"background-color":"var(--ast-global-color-4)","background-image":"","background-repeat":"repeat","background-position":"center center","background-size":"auto","background-attachment":"scroll","background-type":"","background-media":"","overlay-type":"","overlay-color":"","overlay-opacity":"","overlay-gradient":""},"tablet":{"background-color":"","background-image":"","background-repeat":"repeat","background-position":"center center","background-size":"auto","background-attachment":"scroll","background-type":"","background-media":"","overlay-type":"","overlay-color":"","overlay-opacity":"","overlay-gradient":""},"mobile":{"background-color":"","background-image":"","background-repeat":"repeat","background-position":"center center","background-size":"auto","background-attachment":"scroll","background-type":"","background-media":"","overlay-type":"","overlay-color":"","overlay-opacity":"","overlay-gradient":""}},"ast-content-background-meta":{"desktop":{"background-color":"var(--ast-global-color-5)","background-image":"","background-repeat":"repeat","background-position":"center center","background-size":"auto","background-attachment":"scroll","background-type":"","background-media":"","overlay-type":"","overlay-color":"","overlay-opacity":"","overlay-gradient":""},"tablet":{"background-color":"var(--ast-global-color-5)","background-image":"","background-repeat":"repeat","background-position":"center center","background-size":"auto","background-attachment":"scroll","background-type":"","background-media":"","overlay-type":"","overlay-color":"","overlay-opacity":"","overlay-gradient":""},"mobile":{"background-color":"var(--ast-global-color-5)","background-image":"","background-repeat":"repeat","background-position":"center center","background-size":"auto","background-attachment":"scroll","background-type":"","background-media":"","overlay-type":"","overlay-color":"","overlay-opacity":"","overlay-gradient":""}},"footnotes":""},"class_list":["post-1542","page","type-page","status-publish","hentry"],"post_mailing_queue_ids":[],"_links":{"self":[{"href":"https:\/\/agora.xtec.cat\/insgastronomia\/wp-json\/wp\/v2\/pages\/1542","targetHints":{"allow":["GET"]}}],"collection":[{"href":"https:\/\/agora.xtec.cat\/insgastronomia\/wp-json\/wp\/v2\/pages"}],"about":[{"href":"https:\/\/agora.xtec.cat\/insgastronomia\/wp-json\/wp\/v2\/types\/page"}],"author":[{"embeddable":true,"href":"https:\/\/agora.xtec.cat\/insgastronomia\/wp-json\/wp\/v2\/users\/1"}],"replies":[{"embeddable":true,"href":"https:\/\/agora.xtec.cat\/insgastronomia\/wp-json\/wp\/v2\/comments?post=1542"}],"version-history":[{"count":6,"href":"https:\/\/agora.xtec.cat\/insgastronomia\/wp-json\/wp\/v2\/pages\/1542\/revisions"}],"predecessor-version":[{"id":1769,"href":"https:\/\/agora.xtec.cat\/insgastronomia\/wp-json\/wp\/v2\/pages\/1542\/revisions\/1769"}],"wp:attachment":[{"href":"https:\/\/agora.xtec.cat\/insgastronomia\/wp-json\/wp\/v2\/media?parent=1542"}],"curies":[{"name":"wp","href":"https:\/\/api.w.org\/{rel}","templated":true}]}}