{"id":1302,"date":"2025-10-25T22:41:06","date_gmt":"2025-10-25T20:41:06","guid":{"rendered":"https:\/\/agora.xtec.cat\/insgastronomia\/?page_id=1302"},"modified":"2025-10-28T09:15:20","modified_gmt":"2025-10-28T08:15:20","slug":"eleccions-consell-escolar-2025","status":"publish","type":"page","link":"https:\/\/agora.xtec.cat\/insgastronomia\/eleccions-consell-escolar-2025\/","title":{"rendered":"Eleccions Consell Escolar curs 2025-2026"},"content":{"rendered":"\n<p>Aquest curs es far\u00e0 la primera eleci\u00f3 dels membres representants de diversos sectors de la comunitat educativa del Consell Escolar del centre: professors, pares\/mares i tutors legals de l&#8217;alumnat, personal d\u2019administraci\u00f3 i servei. Per aquest motiu caldr\u00e0 comptar amb canditats\/es de cada un dels sectors per poder constituir el nou Consell Escolar.<\/p>\n\n\n\n<p><em><u>Qu\u00e8 \u00e9s el Consell Escolar?<\/u><\/em><\/p>\n\n\n\n<p>El Consell Escolar del centre \u00e9s l\u2019\u00f2rgan col\u00b7legiat de participaci\u00f3 de la comunitat escolar com a govern del centre.<\/p>\n\n\n\n<p>En els consells escolars hi ha representants de tots els col\u00b7lectius que intervenen en la comunitat educativa: director\/a, professorat, personal d\u2019administraci\u00f3 i serveis, i fam\u00edlies.<\/p>\n\n\n\n<p>En els centres p\u00fablics, la funci\u00f3 principal del Consell Escolar \u00e9s participar en la presa de decisions en relaci\u00f3 amb aquells temes importants per al funcionament i l\u2019organitzaci\u00f3 del centre: el projecte educatiu, la programaci\u00f3 general anual, la gesti\u00f3 econ\u00f2mica, entre d\u2019altres.<\/p>\n\n\n\n<p>Els membres del Consell Escolar s\u00f3n elegits per un per\u00edode de quatre anys i es renoven per meitats cada dos anys.<\/p>\n\n\n\n<p>Podeu consultar tota la informaci\u00f3 sobre el Consell Escolar en el seg\u00fcent link:<a href=\"https:\/\/educacio.gencat.cat\/ca\/arees-actuacio\/centres-serveis-educatius\/centres\/consells-escolars-centres\/index.html\" target=\"_blank\" rel=\"noreferrer noopener\"><strong> INFORMACI\u00d3 CONSELL ESCOLAR<\/strong><\/a><\/p>\n\n\n\n<p><strong>QU\u00c8 HEU DE FER ELS PARES\/MARES I TUTORS\/ES LEGALS ABANS DE LES VOTACIONS<\/strong><\/p>\n\n\n\n<ul class=\"wp-block-list\">\n<li>Consultar el calendari del proc\u00e9s electoral del vostre centre educatiu.<\/li>\n\n\n\n<li>Consultar el cens electoral provisional que publica la direcci\u00f3 del centre.<\/li>\n\n\n\n<li>Presentar les reclamacions al cens en cas que no hi consteu.<\/li>\n\n\n\n<li>Consultar la persona que representa l\u2019AFA al Consell Escolar.<\/li>\n\n\n\n<li>Presentar la vostra candidatura a formar part del Consell Escolar.<\/li>\n\n\n\n<li>Con\u00e8ixer si us han nomenar membres de la mesa electoral.<\/li>\n\n\n\n<li>Consultar el cens definitiu.<\/li>\n\n\n\n<li>Consultar les candidatures que s\u2019han presentat.<\/li>\n\n\n\n<li><strong>VOTAR<\/strong>.<\/li>\n<\/ul>\n\n\n\n<p><strong>CALENDARI ELECCIONS CONSELL ESCOLAR CURS 2025<\/strong><strong>-2026<\/strong><\/p>\n\n\n\n<figure class=\"wp-block-table\"><table class=\"has-fixed-layout\"><tbody><tr><td><strong>SECTOR <\/strong>PROFESSORAT<\/td><td><strong>SECTOR ALUMNAT I FAM\u00cdLIES<\/strong><\/td><td><strong>SECTOR PAS<\/strong><\/td><\/tr><tr><td><strong>PUBLICACI\u00d3 DEL CENS ELECTORAL<\/strong> <strong>del 31 d\u2019octubre al 4 de novembre de 2025<\/strong> Lloc: sala de professorat<\/td><td><strong>PUBLICACI\u00d3 DEL CENS ELECTORAL<\/strong> <strong>del 31 d\u2019octubre al 4 de novembre de 2025<\/strong> Lloc: vest\u00edbul de l\u2019Escola<\/td><td><strong>PUBLICACI\u00d3 DEL CENS ELECTORAL<\/strong> <strong>del 31 d\u2019octubre al 4 de novembre de 2025<\/strong> Lloc: secretaria de l\u2019Escola<\/td><\/tr><tr><td><strong>RECLAMACIONS CENS ELECTORAL<\/strong> <strong>del<\/strong><strong>4<\/strong><strong> de novembre al 6 de novembre de 2025<\/strong><\/td><td><strong>RECLAMACIONS CENS ELECTORAL<\/strong> <strong>del<\/strong><strong>4<\/strong><strong> de novembre al 6 de novembre de 2025<\/strong><\/td><td><strong>RECLAMACIONS CENS ELECTORAL<\/strong> <strong>del<\/strong><strong>4<\/strong><strong> de novembre al 6 de novembre de 2025<\/strong><\/td><\/tr><tr><td><strong>RESOLUCI\u00d3 DE RECLAMACIONS DEL CENS ELECTORAL<\/strong> <strong>10 de novembre de 2025<\/strong><\/td><td><strong>RESOLUCI\u00d3 DE RECLAMACIONS DEL CENS ELECTORAL<\/strong> <strong>10 de novembre de 2025<\/strong><\/td><td><strong>RESOLUCI\u00d3 DE RECLAMACIONS DEL CENS ELECTORAL<\/strong> <strong>10 de novembre de 2025<\/strong><\/td><\/tr><tr><td><\/td><td><strong>SORTEIG PER DESIGNAR MEMBRES VOCALS DE LES MESES ELECTORALS<\/strong> <strong>6 de novembre de 2025, a les 9.30h<\/strong> Lloc: sala de reunions<\/td><td><\/td><\/tr><tr><td><strong>CONSTITUCI\u00d3 DE LA MESA ELECTORAL<\/strong> <strong>7 de novembre de 2025<\/strong> Hora: 10 h Lloc: sala de reunions 1a planta (Sala Blanca)<\/td><td><strong>CONSTITUCI\u00d3 DE LA MESA ELECTORAL<\/strong> <strong>7 de novembre de 2025<\/strong> Hora: 10.30 h Lloc: sala de reunions 1a planta (Sala Blanca)<\/td><td><strong>CONSTITUCI\u00d3 DE LA MESA ELECTORAL<\/strong> <strong>7 de novembre de 2025<\/strong> Hora: 11 h Lloc: sala de reunions 1a planta (Sala Blanca)<\/td><\/tr><tr><td><strong>SOL\u00b7LICITUD PER ACTUAR COM A SUPERVISOR <\/strong><strong>(**)<\/strong> <strong>13 de novembre de 2025<\/strong><\/td><td><strong>SOL\u00b7LICITUD PER ACTUAR COM A SUPERVISOR <\/strong><strong>(**)<\/strong> <strong>13 de novembre de 2025<\/strong><\/td><td><strong>SOL\u00b7LICITUD PER ACTUAR COM A SUPERVISOR<\/strong><strong>(**)<\/strong> <strong>13 de novembre de 2025<\/strong><\/td><\/tr><tr><td><strong>CANDIDATURES<\/strong><strong>*<\/strong> <em>Poden ser candidats tots els membres del claustre.<\/em> <strong>Es poden presentar candidatures:<\/strong> <strong>del 4 de novembre al 10 de novembre de 2025<\/strong> <strong>(fins a les 17.00h)<\/strong><\/td><td><strong>CANDIDATURES<\/strong><strong>*<\/strong> <em>S\u00f3n candidats els pares, mares i tutors\/es de l\u2019alumnat del centre que, exerceixen la p\u00e0tria potestat o la tutela i que figuren en el corresponent cens electoral.<\/em> <strong>Es poden presentar candidatures:<\/strong> <strong>del 4 de novembre al 10 de novembre de 2025<\/strong> <strong>(fins a les 17.00h)<\/strong><\/td><td><strong>CANDIDATURES<\/strong><strong>*<\/strong> <em>S\u00f3n candidats totes les persones que figuren al cens electoral del personal d\u2019administraci\u00f3 i serveis.<\/em> <strong>Es poden presentar candidatures:<\/strong> <strong>del 4 de novembre al 10 de novembre de 2025<\/strong> <strong>(fins a les 17.00h)<\/strong><\/td><\/tr><tr><td><strong>PUBLICACI\u00d3 DE CANDIDATURES<\/strong> <strong>10 de novembre de 2025<\/strong> <strong>16.00h<\/strong><\/td><td><strong>PUBLICACI\u00d3 DE CANDIDATURES<\/strong> <strong>10 de novembre de 2025<\/strong> <strong>16.00h<\/strong><\/td><td><strong>PUBLICACI\u00d3 DE CANDIDATURES<\/strong> <strong>10 de novembre de 2025<\/strong> <strong>16.00h<\/strong><\/td><\/tr><tr><td><strong>VOTACIONS<\/strong> Es celebraran les votacions el dia 19 de novembre de 2025 Hora: 11.00h fins les 12.00 h Lloc: Sala de reunions 1a planta (Sala Blanca).<em>Les votacions es fan de forma presencial.<\/em><\/td><td><strong>VOTACIONS<\/strong> <strong>Es celebraran les votacions el dia 19 de novembre de 2025<\/strong> <br><strong>ALUMNAT:<\/strong>Hora: a partir de les 12.00h fins les 13:30H Lloc: Sala de reunions 1a planta (Sala Blanca).<em>Les votacions es fan de forma presencial.<\/em><br><strong>FAM\u00cdLIES: <\/strong>Hora: a partir de les 15.00h fins les 17:15H Lloc: vest\u00edbul de l\u2019Escola <em>Les votacions es fan de forma presencial.<\/em><\/td><td><strong>VOTACIONS<\/strong> <strong>Es celebraran les votacions el dia 19 de novembre de 2025<\/strong> Hora: 10.00 h fins les 11h Lloc:Sala de reunions 1a planta (Sala Blanca).<em>Les votacions es fan de forma presencial.<\/em><\/td><\/tr><tr><td colspan=\"3\"><strong>LA CONSTITUCI\u00d3 DEL CONSELL ESCOLAR I PRESA DE POSSESSI\u00d3 DELS SEUS MEMBRES ES CONVOCAR\u00c0 ABANS DEL DIA <\/strong><strong>15 DE DESEMBRE DE 2025<\/strong> <\/td><\/tr><\/tbody><\/table><\/figure>\n\n\n\n<p>* <strong>CANDIDATURES: a partir del dia <\/strong><strong>31<\/strong><strong> d\u2019<\/strong><strong>octubre<\/strong><strong> de 2025<\/strong><strong>, a la secretaria del centre, tindreu a la vostra disposici\u00f3 el document de presentaci\u00f3 de la candidatura per la renovaci\u00f3 del Consell Escola<\/strong><strong>r<\/strong><strong> del centre. Caldr\u00e0 presentar aquest document, com a molt tard, el dia 10<\/strong><strong> de novembre <\/strong><strong>de 2025<\/strong><strong>&nbsp;(veure el calendari).<\/strong><\/p>\n\n\n\n<p>** <strong>SOL\u00b7LICITUD PER ACTUAR COM A SUPERVISOR\/<\/strong><strong>A<\/strong><strong>: a partir del dia 31 d\u2019octubre de 2025, a la secretaria del centre, tindreu a la vostra disposici\u00f3 el document de sol\u00b7licitud per actuar com a supervisor\/a.<\/strong><\/p>\n","protected":false},"excerpt":{"rendered":"<p>Aquest curs es far\u00e0 la primera eleci\u00f3 dels membres representants de diversos sectors de la comunitat educativa del Consell Escolar del centre: professors, pares\/mares i tutors legals de l&#8217;alumnat, personal d\u2019administraci\u00f3 i servei. Per aquest motiu caldr\u00e0 comptar amb canditats\/es de cada un dels sectors per poder constituir el nou Consell Escolar. Qu\u00e8 \u00e9s el [&hellip;]<\/p>\n","protected":false},"author":1,"featured_media":0,"parent":0,"menu_order":0,"comment_status":"closed","ping_status":"close","template":"","meta":{"site-sidebar-layout":"default","site-content-layout":"","ast-site-content-layout":"default","site-content-style":"default","site-sidebar-style":"default","ast-global-header-display":"","ast-banner-title-visibility":"","ast-main-header-display":"","ast-hfb-above-header-display":"","ast-hfb-below-header-display":"","ast-hfb-mobile-header-display":"","site-post-title":"","ast-breadcrumbs-content":"","ast-featured-img":"","footer-sml-layout":"","theme-transparent-header-meta":"","adv-header-id-meta":"","stick-header-meta":"","header-above-stick-meta":"","header-main-stick-meta":"","header-below-stick-meta":"","astra-migrate-meta-layouts":"set","ast-page-background-enabled":"default","ast-page-background-meta":{"desktop":{"background-color":"var(--ast-global-color-4)","background-image":"","background-repeat":"repeat","background-position":"center center","background-size":"auto","background-attachment":"scroll","background-type":"","background-media":"","overlay-type":"","overlay-color":"","overlay-opacity":"","overlay-gradient":""},"tablet":{"background-color":"","background-image":"","background-repeat":"repeat","background-position":"center center","background-size":"auto","background-attachment":"scroll","background-type":"","background-media":"","overlay-type":"","overlay-color":"","overlay-opacity":"","overlay-gradient":""},"mobile":{"background-color":"","background-image":"","background-repeat":"repeat","background-position":"center center","background-size":"auto","background-attachment":"scroll","background-type":"","background-media":"","overlay-type":"","overlay-color":"","overlay-opacity":"","overlay-gradient":""}},"ast-content-background-meta":{"desktop":{"background-color":"var(--ast-global-color-5)","background-image":"","background-repeat":"repeat","background-position":"center center","background-size":"auto","background-attachment":"scroll","background-type":"","background-media":"","overlay-type":"","overlay-color":"","overlay-opacity":"","overlay-gradient":""},"tablet":{"background-color":"var(--ast-global-color-5)","background-image":"","background-repeat":"repeat","background-position":"center center","background-size":"auto","background-attachment":"scroll","background-type":"","background-media":"","overlay-type":"","overlay-color":"","overlay-opacity":"","overlay-gradient":""},"mobile":{"background-color":"var(--ast-global-color-5)","background-image":"","background-repeat":"repeat","background-position":"center center","background-size":"auto","background-attachment":"scroll","background-type":"","background-media":"","overlay-type":"","overlay-color":"","overlay-opacity":"","overlay-gradient":""}},"footnotes":""},"class_list":["post-1302","page","type-page","status-publish","hentry"],"post_mailing_queue_ids":[],"_links":{"self":[{"href":"https:\/\/agora.xtec.cat\/insgastronomia\/wp-json\/wp\/v2\/pages\/1302","targetHints":{"allow":["GET"]}}],"collection":[{"href":"https:\/\/agora.xtec.cat\/insgastronomia\/wp-json\/wp\/v2\/pages"}],"about":[{"href":"https:\/\/agora.xtec.cat\/insgastronomia\/wp-json\/wp\/v2\/types\/page"}],"author":[{"embeddable":true,"href":"https:\/\/agora.xtec.cat\/insgastronomia\/wp-json\/wp\/v2\/users\/1"}],"replies":[{"embeddable":true,"href":"https:\/\/agora.xtec.cat\/insgastronomia\/wp-json\/wp\/v2\/comments?post=1302"}],"version-history":[{"count":6,"href":"https:\/\/agora.xtec.cat\/insgastronomia\/wp-json\/wp\/v2\/pages\/1302\/revisions"}],"predecessor-version":[{"id":1321,"href":"https:\/\/agora.xtec.cat\/insgastronomia\/wp-json\/wp\/v2\/pages\/1302\/revisions\/1321"}],"wp:attachment":[{"href":"https:\/\/agora.xtec.cat\/insgastronomia\/wp-json\/wp\/v2\/media?parent=1302"}],"curies":[{"name":"wp","href":"https:\/\/api.w.org\/{rel}","templated":true}]}}