{"id":1099,"date":"2025-07-26T23:35:06","date_gmt":"2025-07-26T21:35:06","guid":{"rendered":"https:\/\/agora.xtec.cat\/insgastronomia\/?page_id=1099"},"modified":"2026-01-07T01:26:43","modified_gmt":"2026-01-07T00:26:43","slug":"documents-de-centre","status":"publish","type":"page","link":"https:\/\/agora.xtec.cat\/insgastronomia\/documents-de-centre\/","title":{"rendered":"Documents de centre"},"content":{"rendered":"\n<p><a href=\"https:\/\/drive.google.com\/file\/d\/1rQx7ELBmzFuftQ6iPSmbJQI9RDIhscTt\/view?usp=sharing\">Mapa de procesos<\/a><\/p>\n\n\n\n<p><a href=\"https:\/\/drive.google.com\/file\/d\/1RX1H3FOz95K2MRtVKtE6JliCz1Ys_ZDq\/view?usp=sharing\">Programaci\u00f3 Anual de Centre (PGA)<\/a><\/p>\n\n\n\n<p><a href=\"https:\/\/agora.xtec.cat\/insgastronomia\/wp-content\/uploads\/usu3481\/2025\/08\/PEC-V0.pdf\">Projecte Educatiu de Centre (PEC)<\/a><\/p>\n\n\n\n<p><a href=\"https:\/\/drive.google.com\/file\/d\/1UDgJddHthF6Pum6iMIOS8i-hXmprK5ML\/view?usp=sharing\">Projecte Ling\u00fc\u00edstic<\/a><\/p>\n\n\n\n<p><a href=\"https:\/\/drive.google.com\/file\/d\/1ug-av9i6uYheiLZkdVTfcooH4Y0RXU4G\/view?usp=sharing\" data-type=\"link\" data-id=\"https:\/\/drive.google.com\/file\/d\/1ug-av9i6uYheiLZkdVTfcooH4Y0RXU4G\/view?usp=sharing\">Normes d\u2019Organitzaci\u00f3 i Funcionament de Centre (NOFC)<\/a><\/p>\n\n\n\n<p><a href=\"https:\/\/drive.google.com\/file\/d\/1IhWHlTCSvyTjMFXqos8FZnaOFNC7x3Ry\/view?usp=drive_link\">PAA_Pla Acollida Alumnat<\/a><\/p>\n\n\n\n<p><a href=\"https:\/\/drive.google.com\/file\/d\/1Cri2A55an4SJ_EX-fAhZRO_g_1yILZww\/view?usp=drive_link\">DAF_Dossier Acollida Fam\u00edlies<\/a><\/p>\n\n\n\n<p><\/p>\n","protected":false},"excerpt":{"rendered":"<p>Mapa de procesos Programaci\u00f3 Anual de Centre (PGA) Projecte Educatiu de Centre (PEC) Projecte Ling\u00fc\u00edstic Normes d\u2019Organitzaci\u00f3 i Funcionament de Centre (NOFC) PAA_Pla Acollida Alumnat DAF_Dossier Acollida Fam\u00edlies<\/p>\n","protected":false},"author":1,"featured_media":0,"parent":0,"menu_order":0,"comment_status":"closed","ping_status":"close","template":"","meta":{"site-sidebar-layout":"default","site-content-layout":"","ast-site-content-layout":"default","site-content-style":"default","site-sidebar-style":"default","ast-global-header-display":"","ast-banner-title-visibility":"","ast-main-header-display":"","ast-hfb-above-header-display":"","ast-hfb-below-header-display":"","ast-hfb-mobile-header-display":"","site-post-title":"","ast-breadcrumbs-content":"","ast-featured-img":"","footer-sml-layout":"","theme-transparent-header-meta":"","adv-header-id-meta":"","stick-header-meta":"","header-above-stick-meta":"","header-main-stick-meta":"","header-below-stick-meta":"","astra-migrate-meta-layouts":"set","ast-page-background-enabled":"default","ast-page-background-meta":{"desktop":{"background-color":"var(--ast-global-color-4)","background-image":"","background-repeat":"repeat","background-position":"center center","background-size":"auto","background-attachment":"scroll","background-type":"","background-media":"","overlay-type":"","overlay-color":"","overlay-opacity":"","overlay-gradient":""},"tablet":{"background-color":"","background-image":"","background-repeat":"repeat","background-position":"center center","background-size":"auto","background-attachment":"scroll","background-type":"","background-media":"","overlay-type":"","overlay-color":"","overlay-opacity":"","overlay-gradient":""},"mobile":{"background-color":"","background-image":"","background-repeat":"repeat","background-position":"center center","background-size":"auto","background-attachment":"scroll","background-type":"","background-media":"","overlay-type":"","overlay-color":"","overlay-opacity":"","overlay-gradient":""}},"ast-content-background-meta":{"desktop":{"background-color":"var(--ast-global-color-5)","background-image":"","background-repeat":"repeat","background-position":"center center","background-size":"auto","background-attachment":"scroll","background-type":"","background-media":"","overlay-type":"","overlay-color":"","overlay-opacity":"","overlay-gradient":""},"tablet":{"background-color":"var(--ast-global-color-5)","background-image":"","background-repeat":"repeat","background-position":"center center","background-size":"auto","background-attachment":"scroll","background-type":"","background-media":"","overlay-type":"","overlay-color":"","overlay-opacity":"","overlay-gradient":""},"mobile":{"background-color":"var(--ast-global-color-5)","background-image":"","background-repeat":"repeat","background-position":"center center","background-size":"auto","background-attachment":"scroll","background-type":"","background-media":"","overlay-type":"","overlay-color":"","overlay-opacity":"","overlay-gradient":""}},"footnotes":""},"class_list":["post-1099","page","type-page","status-publish","hentry"],"post_mailing_queue_ids":[],"_links":{"self":[{"href":"https:\/\/agora.xtec.cat\/insgastronomia\/wp-json\/wp\/v2\/pages\/1099","targetHints":{"allow":["GET"]}}],"collection":[{"href":"https:\/\/agora.xtec.cat\/insgastronomia\/wp-json\/wp\/v2\/pages"}],"about":[{"href":"https:\/\/agora.xtec.cat\/insgastronomia\/wp-json\/wp\/v2\/types\/page"}],"author":[{"embeddable":true,"href":"https:\/\/agora.xtec.cat\/insgastronomia\/wp-json\/wp\/v2\/users\/1"}],"replies":[{"embeddable":true,"href":"https:\/\/agora.xtec.cat\/insgastronomia\/wp-json\/wp\/v2\/comments?post=1099"}],"version-history":[{"count":6,"href":"https:\/\/agora.xtec.cat\/insgastronomia\/wp-json\/wp\/v2\/pages\/1099\/revisions"}],"predecessor-version":[{"id":1520,"href":"https:\/\/agora.xtec.cat\/insgastronomia\/wp-json\/wp\/v2\/pages\/1099\/revisions\/1520"}],"wp:attachment":[{"href":"https:\/\/agora.xtec.cat\/insgastronomia\/wp-json\/wp\/v2\/media?parent=1099"}],"curies":[{"name":"wp","href":"https:\/\/api.w.org\/{rel}","templated":true}]}}