{"id":1037,"date":"2025-07-19T00:48:49","date_gmt":"2025-07-18T22:48:49","guid":{"rendered":"https:\/\/agora.xtec.cat\/insgastronomia\/?page_id=1037"},"modified":"2026-04-10T12:55:23","modified_gmt":"2026-04-10T10:55:23","slug":"sollicitud-de-convalidacions","status":"publish","type":"page","link":"https:\/\/agora.xtec.cat\/insgastronomia\/sollicitud-de-convalidacions\/","title":{"rendered":"Sol\u00b7licitud de Convalidacions"},"content":{"rendered":"\n<p>Per fer una sol.licitud de convalidaci\u00f3 cal omplir el&nbsp;<a href=\"https:\/\/docs.google.com\/forms\/d\/e\/1FAIpQLSc378QPaGNFxkl8KGaDMmCpBxxhvYm02YK8hZf2IhL8P4x_Dw\/viewform?usp=sharing&amp;ouid=103296727304435189188\">seg\u00fcent formulari:<\/a><\/p>\n\n\n\n<p><a href=\"https:\/\/drive.google.com\/file\/d\/1xUZVkW-Nk9lw7N5v632UVPAlIpmbJWdY\/view?usp=sharing\">Document de Convalidaci\u00f3<\/a><\/p>\n\n\n\n<p>Es podr\u00e0 fer el tr\u00e0mit online sempre i quan l\u2019alumne implicat envi\u00ef des del seu correu del centre la documentaci\u00f3 degudament emplenada i signada, requerida dintre del formulari, junt a la c\u00f2pia compulsada del t\u00edtol i resguard de pagament.<\/p>\n\n\n\n<p><\/p>\n","protected":false},"excerpt":{"rendered":"<p>Per fer una sol.licitud de convalidaci\u00f3 cal omplir el&nbsp;seg\u00fcent formulari: Document de Convalidaci\u00f3 Es podr\u00e0 fer el tr\u00e0mit online sempre i quan l\u2019alumne implicat envi\u00ef des del seu correu del centre la documentaci\u00f3 degudament emplenada i signada, requerida dintre del formulari, junt a la c\u00f2pia compulsada del t\u00edtol i resguard de pagament.<\/p>\n","protected":false},"author":1,"featured_media":0,"parent":0,"menu_order":0,"comment_status":"closed","ping_status":"close","template":"","meta":{"site-sidebar-layout":"default","site-content-layout":"","ast-site-content-layout":"default","site-content-style":"default","site-sidebar-style":"default","ast-global-header-display":"","ast-banner-title-visibility":"","ast-main-header-display":"","ast-hfb-above-header-display":"","ast-hfb-below-header-display":"","ast-hfb-mobile-header-display":"","site-post-title":"","ast-breadcrumbs-content":"","ast-featured-img":"","footer-sml-layout":"","theme-transparent-header-meta":"","adv-header-id-meta":"","stick-header-meta":"","header-above-stick-meta":"","header-main-stick-meta":"","header-below-stick-meta":"","astra-migrate-meta-layouts":"set","ast-page-background-enabled":"default","ast-page-background-meta":{"desktop":{"background-color":"var(--ast-global-color-4)","background-image":"","background-repeat":"repeat","background-position":"center center","background-size":"auto","background-attachment":"scroll","background-type":"","background-media":"","overlay-type":"","overlay-color":"","overlay-opacity":"","overlay-gradient":""},"tablet":{"background-color":"","background-image":"","background-repeat":"repeat","background-position":"center center","background-size":"auto","background-attachment":"scroll","background-type":"","background-media":"","overlay-type":"","overlay-color":"","overlay-opacity":"","overlay-gradient":""},"mobile":{"background-color":"","background-image":"","background-repeat":"repeat","background-position":"center center","background-size":"auto","background-attachment":"scroll","background-type":"","background-media":"","overlay-type":"","overlay-color":"","overlay-opacity":"","overlay-gradient":""}},"ast-content-background-meta":{"desktop":{"background-color":"var(--ast-global-color-5)","background-image":"","background-repeat":"repeat","background-position":"center center","background-size":"auto","background-attachment":"scroll","background-type":"","background-media":"","overlay-type":"","overlay-color":"","overlay-opacity":"","overlay-gradient":""},"tablet":{"background-color":"var(--ast-global-color-5)","background-image":"","background-repeat":"repeat","background-position":"center center","background-size":"auto","background-attachment":"scroll","background-type":"","background-media":"","overlay-type":"","overlay-color":"","overlay-opacity":"","overlay-gradient":""},"mobile":{"background-color":"var(--ast-global-color-5)","background-image":"","background-repeat":"repeat","background-position":"center center","background-size":"auto","background-attachment":"scroll","background-type":"","background-media":"","overlay-type":"","overlay-color":"","overlay-opacity":"","overlay-gradient":""}},"footnotes":""},"class_list":["post-1037","page","type-page","status-publish","hentry"],"post_mailing_queue_ids":[],"_links":{"self":[{"href":"https:\/\/agora.xtec.cat\/insgastronomia\/wp-json\/wp\/v2\/pages\/1037","targetHints":{"allow":["GET"]}}],"collection":[{"href":"https:\/\/agora.xtec.cat\/insgastronomia\/wp-json\/wp\/v2\/pages"}],"about":[{"href":"https:\/\/agora.xtec.cat\/insgastronomia\/wp-json\/wp\/v2\/types\/page"}],"author":[{"embeddable":true,"href":"https:\/\/agora.xtec.cat\/insgastronomia\/wp-json\/wp\/v2\/users\/1"}],"replies":[{"embeddable":true,"href":"https:\/\/agora.xtec.cat\/insgastronomia\/wp-json\/wp\/v2\/comments?post=1037"}],"version-history":[{"count":4,"href":"https:\/\/agora.xtec.cat\/insgastronomia\/wp-json\/wp\/v2\/pages\/1037\/revisions"}],"predecessor-version":[{"id":1759,"href":"https:\/\/agora.xtec.cat\/insgastronomia\/wp-json\/wp\/v2\/pages\/1037\/revisions\/1759"}],"wp:attachment":[{"href":"https:\/\/agora.xtec.cat\/insgastronomia\/wp-json\/wp\/v2\/media?parent=1037"}],"curies":[{"name":"wp","href":"https:\/\/api.w.org\/{rel}","templated":true}]}}