{"id":1031,"date":"2025-07-19T00:47:06","date_gmt":"2025-07-18T22:47:06","guid":{"rendered":"https:\/\/agora.xtec.cat\/insgastronomia\/?page_id=1031"},"modified":"2025-07-22T02:31:17","modified_gmt":"2025-07-22T00:31:17","slug":"sol-licitud-de-certificats","status":"publish","type":"page","link":"https:\/\/agora.xtec.cat\/insgastronomia\/sol-licitud-de-certificats\/","title":{"rendered":"Sol.licitud de certificats"},"content":{"rendered":"\n<p>Per demanar certificats Omplir el seg\u00fcent formulari<a href=\"https:\/\/docs.google.com\/forms\/d\/e\/1FAIpQLSfwJJGvRQC8BTRjPdWG1JG6C4jFr4Sh620Yw_gGpI6GFtgz_g\/viewform?usp=header\"> (<strong>ENLLA\u00c7 FORMULARI<\/strong>)<\/a>:<\/p>\n\n\n\n<p>La secretaria del centre enviar\u00e0 per mail a l\u2019interessat el document sol\u00b7licitat. Els certificat s\u00f3n nominatius i els ha de sol\u00b7licitar persona titular.<\/p>\n\n\n\n<p>Termini de lliurament de certificats: aproximadament de 7 dies des de l\u2019enviament de tota la documentaci\u00f3 .<\/p>\n\n\n\n<p>Durant els mesos de maig, juny, juliol i setembre el temps de resoluci\u00f3 de la sol\u00b7licitud pot ser m\u00e9s llarg degut al proc\u00e9s de preinscripci\u00f3 i matr\u00edcula del proper curs.<\/p>\n","protected":false},"excerpt":{"rendered":"<p>Per demanar certificats Omplir el seg\u00fcent formulari (ENLLA\u00c7 FORMULARI): La secretaria del centre enviar\u00e0 per mail a l\u2019interessat el document sol\u00b7licitat. Els certificat s\u00f3n nominatius i els ha de sol\u00b7licitar persona titular. Termini de lliurament de certificats: aproximadament de 7 dies des de l\u2019enviament de tota la documentaci\u00f3 . Durant els mesos de maig, juny, [&hellip;]<\/p>\n","protected":false},"author":1,"featured_media":0,"parent":0,"menu_order":0,"comment_status":"closed","ping_status":"close","template":"","meta":{"site-sidebar-layout":"default","site-content-layout":"","ast-site-content-layout":"default","site-content-style":"default","site-sidebar-style":"default","ast-global-header-display":"","ast-banner-title-visibility":"","ast-main-header-display":"","ast-hfb-above-header-display":"","ast-hfb-below-header-display":"","ast-hfb-mobile-header-display":"","site-post-title":"","ast-breadcrumbs-content":"","ast-featured-img":"","footer-sml-layout":"","theme-transparent-header-meta":"","adv-header-id-meta":"","stick-header-meta":"","header-above-stick-meta":"","header-main-stick-meta":"","header-below-stick-meta":"","astra-migrate-meta-layouts":"set","ast-page-background-enabled":"default","ast-page-background-meta":{"desktop":{"background-color":"var(--ast-global-color-4)","background-image":"","background-repeat":"repeat","background-position":"center center","background-size":"auto","background-attachment":"scroll","background-type":"","background-media":"","overlay-type":"","overlay-color":"","overlay-opacity":"","overlay-gradient":""},"tablet":{"background-color":"","background-image":"","background-repeat":"repeat","background-position":"center center","background-size":"auto","background-attachment":"scroll","background-type":"","background-media":"","overlay-type":"","overlay-color":"","overlay-opacity":"","overlay-gradient":""},"mobile":{"background-color":"","background-image":"","background-repeat":"repeat","background-position":"center center","background-size":"auto","background-attachment":"scroll","background-type":"","background-media":"","overlay-type":"","overlay-color":"","overlay-opacity":"","overlay-gradient":""}},"ast-content-background-meta":{"desktop":{"background-color":"var(--ast-global-color-5)","background-image":"","background-repeat":"repeat","background-position":"center center","background-size":"auto","background-attachment":"scroll","background-type":"","background-media":"","overlay-type":"","overlay-color":"","overlay-opacity":"","overlay-gradient":""},"tablet":{"background-color":"var(--ast-global-color-5)","background-image":"","background-repeat":"repeat","background-position":"center center","background-size":"auto","background-attachment":"scroll","background-type":"","background-media":"","overlay-type":"","overlay-color":"","overlay-opacity":"","overlay-gradient":""},"mobile":{"background-color":"var(--ast-global-color-5)","background-image":"","background-repeat":"repeat","background-position":"center center","background-size":"auto","background-attachment":"scroll","background-type":"","background-media":"","overlay-type":"","overlay-color":"","overlay-opacity":"","overlay-gradient":""}},"footnotes":""},"class_list":["post-1031","page","type-page","status-publish","hentry"],"post_mailing_queue_ids":[],"_links":{"self":[{"href":"https:\/\/agora.xtec.cat\/insgastronomia\/wp-json\/wp\/v2\/pages\/1031","targetHints":{"allow":["GET"]}}],"collection":[{"href":"https:\/\/agora.xtec.cat\/insgastronomia\/wp-json\/wp\/v2\/pages"}],"about":[{"href":"https:\/\/agora.xtec.cat\/insgastronomia\/wp-json\/wp\/v2\/types\/page"}],"author":[{"embeddable":true,"href":"https:\/\/agora.xtec.cat\/insgastronomia\/wp-json\/wp\/v2\/users\/1"}],"replies":[{"embeddable":true,"href":"https:\/\/agora.xtec.cat\/insgastronomia\/wp-json\/wp\/v2\/comments?post=1031"}],"version-history":[{"count":2,"href":"https:\/\/agora.xtec.cat\/insgastronomia\/wp-json\/wp\/v2\/pages\/1031\/revisions"}],"predecessor-version":[{"id":1061,"href":"https:\/\/agora.xtec.cat\/insgastronomia\/wp-json\/wp\/v2\/pages\/1031\/revisions\/1061"}],"wp:attachment":[{"href":"https:\/\/agora.xtec.cat\/insgastronomia\/wp-json\/wp\/v2\/media?parent=1031"}],"curies":[{"name":"wp","href":"https:\/\/api.w.org\/{rel}","templated":true}]}}