{"id":1028,"date":"2025-07-19T00:44:56","date_gmt":"2025-07-18T22:44:56","guid":{"rendered":"https:\/\/agora.xtec.cat\/insgastronomia\/?page_id=1028"},"modified":"2026-02-25T09:22:05","modified_gmt":"2026-02-25T08:22:05","slug":"sollicituds-de-titols","status":"publish","type":"page","link":"https:\/\/agora.xtec.cat\/insgastronomia\/sollicituds-de-titols\/","title":{"rendered":"Sol\u00b7licituds de T\u00edtols"},"content":{"rendered":"\n<h2 class=\"wp-block-heading\"><strong>Sol\u00b7licitud de T\u00edtols per primera vegada<\/strong><\/h2>\n\n\n\n<p>Instruccions per sol.licitar el t\u00edtol p<a href=\"https:\/\/agora.xtec.cat\/insgastronomia\/wp-content\/uploads\/usu3481\/2026\/02\/sollicitud-primera-expedicio-MF.pdf\">er primera vegada<\/a><\/p>\n\n\n\n<h3 class=\"wp-block-heading\"><strong>Sol\u00b7licitud de T\u00edtols <\/strong>(duplicats de t\u00edtol)<\/h3>\n\n\n\n<p><\/p>\n\n\n\n<p>Omplir el seg\u00fcent formulari <a href=\"https:\/\/docs.google.com\/forms\/d\/e\/1FAIpQLSfwJJGvRQC8BTRjPdWG1JG6C4jFr4Sh620Yw_gGpI6GFtgz_g\/viewform?usp=header\">(<strong>ENLLA\u00c7 FORMULARI<\/strong><\/a>&nbsp;\u201cafegir secci\u00f3 al formulari dels documents de baix + DNI). Documentaci\u00f3 que s\u2019ha d\u2019adjuntar: C\u00f2pia del DNI per les dues cares i la sol.licitud corresponent.<\/p>\n\n\n\n<ul class=\"wp-block-list\">\n<li><a href=\"https:\/\/drive.google.com\/file\/d\/1DULdCtYIzTChi6Q9nzkgAYrCc2iMVe8r\/view?usp=sharing\">Document Sol.licitud T\u00edtol<\/a><\/li>\n\n\n\n<li><a href=\"https:\/\/drive.google.com\/file\/d\/10UoFm6-9PV9CWFcED-jeDnh5VXYFzdXf\/view?usp=sharing\">Document Duplicat T\u00edtol<\/a><\/li>\n<\/ul>\n\n\n\n<p><strong>Taxes (preus oficials marcats pel Departament d\u2019Educaci\u00f3)<\/strong><\/p>\n\n\n\n<p>T\u00edtol de t\u00e8cnic\/a (Cicle Mitj\u00e0): 67,60 euros<\/p>\n\n\n\n<p>T\u00edtol de t\u00e8cnic\/a superior (Cicle Superior): 75,70 euros<\/p>\n\n\n\n<p>Duplicat del t\u00edtols de Cicles: 16,75 euros<\/p>\n\n\n\n<p><strong>Exempcions de pagament i bonificacions generals<\/strong><\/p>\n\n\n\n<p><strong>En el pagament de l\u2019import de totes les taxes i els preus p\u00fablics s\u2019estableixen les bonificacions i exempcions generals seg\u00fcents:<\/strong><\/p>\n\n\n\n<p><strong>Bonificaci\u00f3 del 50% de l\u2019import per a:<\/strong><\/p>\n\n\n\n<p>Membres de fam\u00edlia nombrosa de categoria general i membres de fam\u00edlies monoparentals (no aplicable a sol\u00b7licitud de t\u00edtols de FP1 i FP2)<\/p>\n\n\n\n<p><strong>Exempci\u00f3 del 100% del pagament per a:<\/strong><\/p>\n\n\n\n<p>Membres de fam\u00edlia nombrosa de categoria especial, v\u00edctimes del terrorisme (i els seus c\u00f2njuges i els seus fills i filles), persones amb discapacitat igual o superior al 33% i infants o adolescents en acolliment familiar (no aplicable a sol\u00b7licitud de t\u00edtols de FP1 i FP2)<\/p>\n\n\n\n<p><strong>Recollida del resguard del t\u00edtol<\/strong><\/p>\n\n\n\n<p>Secretaria contactar\u00e0 amb l\u2019alumnat quan estigui preparat el resguard del t\u00edtol.<\/p>\n\n\n\n<p>En cas que el resguard del t\u00edtol sigui recollit per part d\u2019una persona diferent a la interessada, caldr\u00e0 presentar:<\/p>\n\n\n\n<p>Autoritzaci\u00f3 signada per la persona que t\u00e9 dret al t\u00edtol.<\/p>\n\n\n\n<p>Fotoc\u00f2pia del document d\u2019identitat del titular del t\u00edtol i de la persona autoritzada.<\/p>\n","protected":false},"excerpt":{"rendered":"<p>Sol\u00b7licitud de T\u00edtols per primera vegada Instruccions per sol.licitar el t\u00edtol per primera vegada Sol\u00b7licitud de T\u00edtols (duplicats de t\u00edtol) Omplir el seg\u00fcent formulari (ENLLA\u00c7 FORMULARI&nbsp;\u201cafegir secci\u00f3 al formulari dels documents de baix + DNI). Documentaci\u00f3 que s\u2019ha d\u2019adjuntar: C\u00f2pia del DNI per les dues cares i la sol.licitud corresponent. Taxes (preus oficials marcats pel [&hellip;]<\/p>\n","protected":false},"author":1,"featured_media":0,"parent":0,"menu_order":0,"comment_status":"closed","ping_status":"close","template":"","meta":{"site-sidebar-layout":"default","site-content-layout":"","ast-site-content-layout":"default","site-content-style":"default","site-sidebar-style":"default","ast-global-header-display":"","ast-banner-title-visibility":"","ast-main-header-display":"","ast-hfb-above-header-display":"","ast-hfb-below-header-display":"","ast-hfb-mobile-header-display":"","site-post-title":"","ast-breadcrumbs-content":"","ast-featured-img":"","footer-sml-layout":"","theme-transparent-header-meta":"","adv-header-id-meta":"","stick-header-meta":"","header-above-stick-meta":"","header-main-stick-meta":"","header-below-stick-meta":"","astra-migrate-meta-layouts":"set","ast-page-background-enabled":"default","ast-page-background-meta":{"desktop":{"background-color":"var(--ast-global-color-4)","background-image":"","background-repeat":"repeat","background-position":"center center","background-size":"auto","background-attachment":"scroll","background-type":"","background-media":"","overlay-type":"","overlay-color":"","overlay-opacity":"","overlay-gradient":""},"tablet":{"background-color":"","background-image":"","background-repeat":"repeat","background-position":"center center","background-size":"auto","background-attachment":"scroll","background-type":"","background-media":"","overlay-type":"","overlay-color":"","overlay-opacity":"","overlay-gradient":""},"mobile":{"background-color":"","background-image":"","background-repeat":"repeat","background-position":"center center","background-size":"auto","background-attachment":"scroll","background-type":"","background-media":"","overlay-type":"","overlay-color":"","overlay-opacity":"","overlay-gradient":""}},"ast-content-background-meta":{"desktop":{"background-color":"var(--ast-global-color-5)","background-image":"","background-repeat":"repeat","background-position":"center center","background-size":"auto","background-attachment":"scroll","background-type":"","background-media":"","overlay-type":"","overlay-color":"","overlay-opacity":"","overlay-gradient":""},"tablet":{"background-color":"var(--ast-global-color-5)","background-image":"","background-repeat":"repeat","background-position":"center center","background-size":"auto","background-attachment":"scroll","background-type":"","background-media":"","overlay-type":"","overlay-color":"","overlay-opacity":"","overlay-gradient":""},"mobile":{"background-color":"var(--ast-global-color-5)","background-image":"","background-repeat":"repeat","background-position":"center center","background-size":"auto","background-attachment":"scroll","background-type":"","background-media":"","overlay-type":"","overlay-color":"","overlay-opacity":"","overlay-gradient":""}},"footnotes":""},"class_list":["post-1028","page","type-page","status-publish","hentry"],"post_mailing_queue_ids":[],"_links":{"self":[{"href":"https:\/\/agora.xtec.cat\/insgastronomia\/wp-json\/wp\/v2\/pages\/1028","targetHints":{"allow":["GET"]}}],"collection":[{"href":"https:\/\/agora.xtec.cat\/insgastronomia\/wp-json\/wp\/v2\/pages"}],"about":[{"href":"https:\/\/agora.xtec.cat\/insgastronomia\/wp-json\/wp\/v2\/types\/page"}],"author":[{"embeddable":true,"href":"https:\/\/agora.xtec.cat\/insgastronomia\/wp-json\/wp\/v2\/users\/1"}],"replies":[{"embeddable":true,"href":"https:\/\/agora.xtec.cat\/insgastronomia\/wp-json\/wp\/v2\/comments?post=1028"}],"version-history":[{"count":6,"href":"https:\/\/agora.xtec.cat\/insgastronomia\/wp-json\/wp\/v2\/pages\/1028\/revisions"}],"predecessor-version":[{"id":1704,"href":"https:\/\/agora.xtec.cat\/insgastronomia\/wp-json\/wp\/v2\/pages\/1028\/revisions\/1704"}],"wp:attachment":[{"href":"https:\/\/agora.xtec.cat\/insgastronomia\/wp-json\/wp\/v2\/media?parent=1028"}],"curies":[{"name":"wp","href":"https:\/\/api.w.org\/{rel}","templated":true}]}}