{"id":75,"date":"2014-09-18T10:21:02","date_gmt":"2014-09-18T09:21:02","guid":{"rendered":"http:\/\/agora.xtec.cat\/insfortpius\/?page_id=75"},"modified":"2026-01-16T08:28:52","modified_gmt":"2026-01-16T07:28:52","slug":"activitats-extraescolars","status":"publish","type":"page","link":"https:\/\/agora.xtec.cat\/insfortpius\/families\/afa\/activitats-extraescolars\/","title":{"rendered":"Extraescolars"},"content":{"rendered":"<p>Aqu\u00ed teniu la proposta d&#8217;extraescolars de l&#8217;Institut Fort Pius per al curs 2025-2026. Recordeu que nom\u00e9s es far\u00e0 l&#8217;activitat si s&#8217;arriba a un m\u00ednim d&#8217;inscrits.<\/p>\n<p>A la primera columna podeu fer clic sobre l&#8217;activitat per consultar-ne informaci\u00f3. Tamb\u00e9 hi trobareu el vincle a l&#8217;enlla\u00e7 d&#8217;inscripci\u00f3 i a la informaci\u00f3 de contacte per adre\u00e7ar-vos en cas de dubtes sobre l&#8217;organitzaci\u00f3 de l&#8217;extraescolar.<\/p>\n<p>Recordeu formalitzar la inscripci\u00f3 abans del 23 de setembre! Les extraescolars solen comen\u00e7ar a l&#8217;octubre.<\/p>\n<p>Les extraescolars <strong>d&#8217;escacs<\/strong> i <strong>Dibuix i pintura<\/strong> tenen les inscripcions obertes fins arribar a un n\u00famero de participants que permeti comen\u00e7ar-la durant el curs.<\/p>\n<table style=\"width: 96.6779%; height: 1625px;\">\n<tbody>\n<tr style=\"height: 32px;\">\n<td style=\"height: 32px; width: 27.894%;\"><\/td>\n<td style=\"height: 32px; width: 17.0153%;\" data-sheets-value=\"{&quot;1&quot;:2,&quot;2&quot;:&quot;DILLUNS&quot;}\"><strong>DILLUNS<\/strong><\/td>\n<td style=\"height: 32px; width: 16.4575%;\" data-sheets-value=\"{&quot;1&quot;:2,&quot;2&quot;:&quot;DIMARTS&quot;}\"><strong>DIMARTS<\/strong><\/td>\n<td style=\"height: 32px; width: 17.9916%;\" data-sheets-value=\"{&quot;1&quot;:2,&quot;2&quot;:&quot;DIMECRES&quot;}\"><strong>DIMECRES<\/strong><\/td>\n<td style=\"height: 32px; width: 15.8996%;\" data-sheets-value=\"{&quot;1&quot;:2,&quot;2&quot;:&quot;DIJOUS&quot;}\"><strong>DIJOUS<\/strong><\/td>\n<td style=\"width: 2.64993%;\"><strong>DIVENDRES<\/strong><\/td>\n<\/tr>\n<tr style=\"height: 176px;\">\n<td style=\"height: 176px; width: 27.894%;\" data-sheets-value=\"{&quot;1&quot;:2,&quot;2&quot;:&quot;VOLEI FEMEN\u00cd ( 2 DIES\/SETMANA)&quot;}\"><a href=\"http:\/\/www.promosportbcn.com\"><strong>VOLEI FEMEN\u00cd\u00a0 \u00a0<\/strong><\/a><\/p>\n<p><a href=\"http:\/\/www.promosportbcn.com\"><strong>(2 DIES\/SETMANA)<\/strong><\/a><\/p>\n<p><a href=\"https:\/\/docs.google.com\/forms\/d\/e\/1FAIpQLScmATql3C8OyvZH5BS9B4TCY76DD1Shnc3hmfr3nbw5QlJnfQ\/viewform?usp=header\">Enlla\u00e7 d&#8217;inscripci\u00f3<\/a><\/p>\n<p><a href=\"https:\/\/agora.xtec.cat\/insfortpius\/wp-content\/uploads\/usu2454\/2025\/09\/25-26-Promosport-v0.pdf\">Dubtes i contacte<\/a><\/td>\n<td style=\"height: 176px; width: 17.0153%;\" data-sheets-value=\"{&quot;1&quot;:2,&quot;2&quot;:&quot;17:15 a 18:15h (Gimn\u00e0s)&quot;}\"><strong>17:15 a 18:15h<\/strong> (Gimn\u00e0s)<\/td>\n<td style=\"height: 176px; width: 16.4575%;\"><\/td>\n<td style=\"height: 176px; width: 17.9916%;\" data-sheets-value=\"{&quot;1&quot;:2,&quot;2&quot;:&quot;17:15 a 18:15h(Gimn\u00e0s)&quot;}\"><strong>17:15 a 18:15h<\/strong> (Gimn\u00e0s)<\/td>\n<td style=\"height: 176px; width: 15.8996%;\"><\/td>\n<td style=\"width: 2.64993%;\"><\/td>\n<\/tr>\n<tr style=\"height: 176px;\">\n<td style=\"height: 176px; width: 27.894%;\" data-sheets-value=\"{&quot;1&quot;:2,&quot;2&quot;:&quot;VOLEI MASCUL\u00cd (2 DIES\/SETMANA)&quot;}\"><a href=\"http:\/\/www.promosportbcn.com\"><strong>VOLEI MASCUL\u00cd\u00a0 \u00a0 \u00a0 \u00a0 <\/strong><\/a><\/p>\n<p><a href=\"http:\/\/www.promosportbcn.com\"><strong>(2 DIES\/SETMANA)<\/strong><\/a><\/p>\n<p><a href=\"https:\/\/docs.google.com\/forms\/d\/e\/1FAIpQLScmATql3C8OyvZH5BS9B4TCY76DD1Shnc3hmfr3nbw5QlJnfQ\/viewform?usp=header\">Enlla\u00e7 d&#8217;inscripci\u00f3<\/a><\/p>\n<p><a href=\"https:\/\/agora.xtec.cat\/insfortpius\/wp-content\/uploads\/usu2454\/2025\/09\/25-26-Promosport-v0.pdf\">Dubtes i contacte<\/a><\/td>\n<td style=\"height: 176px; width: 17.0153%;\"><\/td>\n<td style=\"height: 176px; width: 16.4575%;\" data-sheets-value=\"{&quot;1&quot;:2,&quot;2&quot;:&quot;17:30 a 18:30h (Gimn\u00e0s)&quot;}\"><\/td>\n<td style=\"height: 176px; width: 17.9916%;\"><\/td>\n<td style=\"height: 176px; width: 15.8996%;\" data-sheets-value=\"{&quot;1&quot;:2,&quot;2&quot;:&quot;17:15 a 18:15h( Gimn\u00e0s)&quot;}\"><strong>17h a 19h<\/strong> (Gimn\u00e0s)<\/td>\n<td style=\"width: 2.64993%;\"><strong>\u00a0<\/strong><\/td>\n<\/tr>\n<tr style=\"height: 136px;\">\n<td style=\"height: 136px; width: 27.894%;\" data-sheets-value=\"{&quot;1&quot;:2,&quot;2&quot;:&quot;PING PONG&quot;}\"><a href=\"http:\/\/www.promosportbcn.com\"><strong>TENNIS TAULA<\/strong><\/a><\/p>\n<p><a href=\"https:\/\/docs.google.com\/forms\/d\/e\/1FAIpQLScmATql3C8OyvZH5BS9B4TCY76DD1Shnc3hmfr3nbw5QlJnfQ\/viewform?usp=header\">Enlla\u00e7 d&#8217;inscripci\u00f3<\/a><\/p>\n<p><a href=\"https:\/\/agora.xtec.cat\/insfortpius\/wp-content\/uploads\/usu2454\/2025\/09\/25-26-Promosport-v0.pdf\">Dubtes i contacte<\/a><\/td>\n<td style=\"height: 136px; width: 17.0153%;\"><\/td>\n<td style=\"height: 136px; width: 16.4575%;\"><\/td>\n<td style=\"height: 136px; width: 17.9916%;\" data-sheets-value=\"{&quot;1&quot;:2,&quot;2&quot;:&quot;13:45 a 14:45h( Gimn\u00e0s)&quot;}\"><\/td>\n<td style=\"height: 136px; width: 15.8996%;\"><\/td>\n<td style=\"width: 2.64993%;\"><strong>14:30 a 15:30h<\/strong> (Gimn\u00e0s)<\/td>\n<\/tr>\n<tr style=\"height: 199px;\">\n<td style=\"height: 199px; width: 27.894%;\" data-sheets-value=\"{&quot;1&quot;:2,&quot;2&quot;:&quot;ESCACS&quot;}\"><a href=\"https:\/\/agora.xtec.cat\/insfortpius\/wp-content\/uploads\/usu2454\/2025\/05\/ESCACS.-Institut-Fort-Pius-2025-26.pdf\"><strong>ESCACS<\/strong><\/a><\/p>\n<p>Manquen 3 inscripcions perqu\u00e8 pugui iniciar<\/p>\n<p><a href=\"https:\/\/docs.google.com\/forms\/d\/e\/1FAIpQLSeNbcjmDffTpa8ls2lITznbFYsHMrW0hpPx-kRqXFdeCbIoIw\/viewform\">Enlla\u00e7 d&#8217;inscripci\u00f3<\/a><\/p>\n<p><a href=\"https:\/\/agora.xtec.cat\/insfortpius\/wp-content\/uploads\/usu2454\/2025\/09\/25-26-Escacs-v0.pdf\">Dubtes i contacte<\/a><\/td>\n<td style=\"height: 199px; width: 17.0153%;\" data-sheets-value=\"{&quot;1&quot;:2,&quot;2&quot;:&quot;13:45 a 14:45h (Aula)&quot;}\"><strong>14:15 a 15:15h<\/strong> (Aula)<\/td>\n<td style=\"height: 199px; width: 16.4575%;\"><\/td>\n<td style=\"height: 199px; width: 17.9916%;\"><\/td>\n<td style=\"height: 199px; width: 15.8996%;\"><\/td>\n<td style=\"width: 2.64993%;\"><\/td>\n<\/tr>\n<tr>\n<td style=\"width: 27.894%;\"><strong>DIBUIX I PINTURA<\/strong><\/p>\n<p><a href=\"https:\/\/docs.google.com\/forms\/d\/e\/1FAIpQLSerZK-YgdQhlflfZCIGREB_zmeXmQTm7pvTLWj8e3ekSzbAnQ\/viewform?usp=sharing&amp;ouid=103676352870421542066\">Enlla\u00e7 d&#8217;inscripci\u00f3<\/a><\/p>\n<p><a href=\"https:\/\/agora.xtec.cat\/insfortpius\/wp-content\/uploads\/usu2454\/2025\/10\/MATERIALS-ART.pdf\">Materials<\/a><\/p>\n<p><a href=\"https:\/\/agora.xtec.cat\/insfortpius\/wp-content\/uploads\/usu2454\/2025\/11\/25-26-Dibuix-i-pintura-v0.pdf\">Dubtes i contacte<\/a><\/td>\n<td style=\"width: 17.0153%;\"><strong>\u00a0<\/strong><\/td>\n<td style=\"width: 16.4575%;\"><\/td>\n<td style=\"width: 17.9916%;\"><strong>15:15 a 16:30h<\/strong><\/td>\n<td style=\"width: 15.8996%;\"><\/td>\n<td style=\"width: 2.64993%;\"><\/td>\n<\/tr>\n<tr style=\"height: 136px;\">\n<td style=\"height: 136px; width: 27.894%;\" data-sheets-value=\"{&quot;1&quot;:2,&quot;2&quot;:&quot;TEATRE 3r\/4t ESO&quot;}\"><a href=\"https:\/\/agora.xtec.cat\/insfortpius\/wp-content\/uploads\/usu2454\/2025\/09\/Teatre-2025-26-Fort-Pius-nou-cartell-scaled.jpg\"><strong>TEATRE ESO<\/strong><\/a><\/p>\n<p><a href=\"https:\/\/docs.google.com\/forms\/d\/e\/1FAIpQLSfGJ2-C10-nP4CuI4MWfh_THVAcVl8b0ij2-VRa2z_eAJx2qQ\/viewform\">Enlla\u00e7 d&#8217;inscripci\u00f3<\/a><\/p>\n<p><a href=\"https:\/\/agora.xtec.cat\/insfortpius\/wp-content\/uploads\/usu2454\/2025\/09\/25-26-CompanyiaNocturna-v0.pdf\">Dubtes i contacte<\/a><\/td>\n<td style=\"height: 136px; width: 17.0153%;\" data-sheets-value=\"{&quot;1&quot;:2,&quot;2&quot;:&quot;18:15 a 19:45h (Biblioteca)&quot;}\"><\/td>\n<td style=\"height: 136px; width: 16.4575%;\"><strong>17:00 a 19:00h<\/strong><\/td>\n<td style=\"height: 136px; width: 17.9916%;\"><\/td>\n<td style=\"height: 136px; width: 15.8996%;\"><\/td>\n<td style=\"width: 2.64993%;\"><\/td>\n<\/tr>\n<tr style=\"height: 136px;\">\n<td style=\"height: 136px; width: 27.894%;\" data-sheets-value=\"{&quot;1&quot;:2,&quot;2&quot;:&quot;TEATRE BATXILLERAT&quot;}\"><a href=\"https:\/\/agora.xtec.cat\/insfortpius\/wp-content\/uploads\/usu2454\/2025\/09\/Teatre-2025-26-Fort-Pius-nou-cartell-scaled.jpg\"><strong>TEATRE BATXILLERAT<\/strong><\/a><\/p>\n<p><a href=\"https:\/\/docs.google.com\/forms\/d\/e\/1FAIpQLSfGJ2-C10-nP4CuI4MWfh_THVAcVl8b0ij2-VRa2z_eAJx2qQ\/viewform\">Enlla\u00e7 d&#8217;inscripci\u00f3<\/a><\/p>\n<p><a href=\"https:\/\/agora.xtec.cat\/insfortpius\/wp-content\/uploads\/usu2454\/2025\/09\/25-26-CompanyiaNocturna-v0.pdf\">Dubtes i contacte<\/a><\/td>\n<td style=\"height: 136px; width: 17.0153%;\"><\/td>\n<td style=\"height: 136px; width: 16.4575%;\" data-sheets-value=\"{&quot;1&quot;:2,&quot;2&quot;:&quot;15:30 a 17.30h( Biblioteca)&quot;}\" data-sheets-numberformat=\"{&quot;1&quot;:6,&quot;2&quot;:&quot;h:mm&quot;,&quot;3&quot;:1}\"><b>15:00 a 17:00h<\/b><\/td>\n<td style=\"height: 136px; width: 17.9916%;\"><\/td>\n<td style=\"height: 136px; width: 15.8996%;\"><\/td>\n<td style=\"width: 2.64993%;\"><\/td>\n<\/tr>\n<tr style=\"height: 159px;\">\n<td style=\"height: 159px; width: 27.894%;\"><strong><a href=\"https:\/\/agora.xtec.cat\/insfortpius\/wp-content\/uploads\/usu2454\/2025\/09\/Teatre-2025-26-Fort-Pius-nou-cartell-scaled.jpg\">TEATRE JOVE EX ALUMNES<\/a><\/strong><\/p>\n<p><a href=\"https:\/\/docs.google.com\/forms\/d\/e\/1FAIpQLSfGJ2-C10-nP4CuI4MWfh_THVAcVl8b0ij2-VRa2z_eAJx2qQ\/viewform\">Enlla\u00e7 d&#8217;inscripci\u00f3<\/a><\/p>\n<p><a href=\"https:\/\/agora.xtec.cat\/insfortpius\/wp-content\/uploads\/usu2454\/2025\/09\/25-26-CompanyiaNocturna-v0.pdf\">Dubtes i contacte<\/a><\/td>\n<td style=\"height: 159px; width: 17.0153%;\"><\/td>\n<td style=\"height: 159px; width: 16.4575%;\"><strong> 19:00 a 21:00h<\/strong><\/td>\n<td style=\"height: 159px; width: 17.9916%;\"><\/td>\n<td style=\"height: 159px; width: 15.8996%;\"><\/td>\n<td style=\"width: 2.64993%;\"><\/td>\n<\/tr>\n<tr style=\"height: 123px;\">\n<td style=\"height: 123px; width: 27.894%;\" data-sheets-value=\"{&quot;1&quot;:2,&quot;2&quot;:&quot;M\u00daSICA INSTRUMENT: GUITARRA, GUITARRA EL\u00c8CTRICA, VIOL\u00cd, BATERIA, PIANO ( mitja hora o una hora) M\u00daSICA: LLENGUATGE MUSICAL &quot;}\">\n<h6><a href=\"https:\/\/agora.xtec.cat\/insfortpius\/wp-content\/uploads\/usu2454\/2025\/05\/Presentacio-Clau-de-Do-Musica3.pdf\"><strong>M\u00daSICA <\/strong><\/a><\/h6>\n<p><a href=\"https:\/\/forms.gle\/MrSYBppSTNPqLzSw7\">Enlla\u00e7 d&#8217;inscripci\u00f3<\/a><\/p>\n<p><a href=\"https:\/\/agora.xtec.cat\/insfortpius\/wp-content\/uploads\/usu2454\/2025\/09\/25-26-Claudedo-v0.pdf\">Dubtes i contacte<\/a><\/td>\n<td style=\"height: 123px; width: 17.0153%;\">a concretar per alumne<\/p>\n<p>amb Clau de do<\/td>\n<td style=\"height: 123px; width: 16.4575%;\" data-sheets-value=\"{&quot;1&quot;:2,&quot;2&quot;:&quot;13:45 a 14:15h (Aula de m\u00fasica) 14:15 a 14:45h ( Aula de m\u00fasica) 14.45 a 15:15h ( Aula de m\u00fasica)&quot;}\">a concretar per alumne<\/p>\n<p>amb Clau de do<\/td>\n<td style=\"height: 123px; width: 17.9916%;\">a concretar per alumne<\/p>\n<p>amb Clau de do<\/td>\n<td style=\"height: 123px; width: 15.8996%;\">a concretar per alumne<\/p>\n<p>amb Clau de do<\/td>\n<td style=\"width: 2.64993%;\"><\/td>\n<\/tr>\n<tr style=\"height: 176px;\">\n<td style=\"height: 176px; width: 27.894%;\" data-sheets-value=\"{&quot;1&quot;:2,&quot;2&quot;:&quot;ANGL\u00c8S ESO&quot;}\"><a href=\"https:\/\/agora.xtec.cat\/insfortpius\/wp-content\/uploads\/usu2454\/2024\/06\/Oxford_24-25.pdf\"><strong>ANGL\u00c8S ESO<\/strong><\/a><\/p>\n<p>Inicia el 8 d&#8217;octubre 2025<\/p>\n<p><a href=\"https:\/\/oxfordhousebcn.com\/ca\/inscripcio-online-institut-fort-pius\/\">Enlla\u00e7 d&#8217;inscripci\u00f3<\/a><\/p>\n<p><a href=\"https:\/\/agora.xtec.cat\/insfortpius\/wp-content\/uploads\/usu2454\/2025\/09\/25-26-Oxford-v0.pdf\">Dubtes i contacte<\/a><\/td>\n<td style=\"height: 176px; width: 17.0153%;\"><\/td>\n<td style=\"height: 176px; width: 16.4575%;\"><\/td>\n<td style=\"height: 176px; width: 17.9916%;\" data-sheets-value=\"{&quot;1&quot;:2,&quot;2&quot;:&quot;15:30 a 17:00h (Aula)&quot;}\"><strong>15:30 a 17:00h<\/strong> (Aula)<\/td>\n<td style=\"height: 176px; width: 15.8996%;\"><\/td>\n<td style=\"width: 2.64993%;\"><\/td>\n<\/tr>\n<tr style=\"height: 176px;\">\n<td style=\"height: 176px; width: 27.894%;\" data-sheets-value=\"{&quot;1&quot;:2,&quot;2&quot;:&quot;ANGL\u00c8S BATXILLERAT&quot;}\"><a href=\"https:\/\/agora.xtec.cat\/insfortpius\/wp-content\/uploads\/usu2454\/2024\/06\/Oxford_24-25.pdf\"><strong>ANGL\u00c8S BATXILLERAT<\/strong><\/a><\/p>\n<p>Inicia el 8 d&#8217;octubre 2025<\/p>\n<p><a href=\"https:\/\/oxfordhousebcn.com\/ca\/inscripcio-online-institut-fort-pius\/\">Enlla\u00e7 d&#8217;inscripci\u00f3<\/a><\/p>\n<p><a href=\"https:\/\/agora.xtec.cat\/insfortpius\/wp-content\/uploads\/usu2454\/2025\/09\/25-26-Oxford-v0.pdf\">Dubtes i contacte<\/a><\/td>\n<td style=\"height: 176px; width: 17.0153%;\"><\/td>\n<td style=\"height: 176px; width: 16.4575%;\"><\/td>\n<td style=\"height: 176px; width: 17.9916%;\" data-sheets-value=\"{&quot;1&quot;:2,&quot;2&quot;:&quot;16:00 a 18:00h (Aula)&quot;}\"><strong>16:00 a 18:00h<\/strong> (Aula)<\/td>\n<td style=\"height: 176px; width: 15.8996%;\"><\/td>\n<td style=\"width: 2.64993%;\"><\/td>\n<\/tr>\n<\/tbody>\n<\/table>\n<p>Animeu-vos!<\/p>\n","protected":false},"excerpt":{"rendered":"<p>Aqu\u00ed teniu la proposta d&#8217;extraescolars de l&#8217;Institut Fort Pius per al curs 2025-2026. Recordeu que nom\u00e9s es far\u00e0 l&#8217;activitat si s&#8217;arriba a un m\u00ednim d&#8217;inscrits.<br \/>\nA la primera columna podeu fer clic sobre l&#8217;activitat per consultar-ne informaci\u00f3. Tamb\u00e9 hi trobareu el vincle a l&#8217;enlla\u00e7 d&#8217;inscripci\u00f3 i&hellip;  <a href=\"https:\/\/agora.xtec.cat\/insfortpius\/families\/afa\/activitats-extraescolars\/\" title=\"Read Extraescolars\">Llegeix m\u00e9s\u00bb<\/a><\/p>\n","protected":false},"author":1,"featured_media":0,"parent":864,"menu_order":50,"comment_status":"closed","ping_status":"closed","template":"","meta":{"_bbp_topic_count":0,"_bbp_reply_count":0,"_bbp_total_topic_count":0,"_bbp_total_reply_count":0,"_bbp_voice_count":0,"_bbp_anonymous_reply_count":0,"_bbp_topic_count_hidden":0,"_bbp_reply_count_hidden":0,"_bbp_forum_subforum_count":0,"footnotes":""},"class_list":["post-75","page","type-page","status-publish","hentry"],"post_mailing_queue_ids":[],"_links":{"self":[{"href":"https:\/\/agora.xtec.cat\/insfortpius\/wp-json\/wp\/v2\/pages\/75","targetHints":{"allow":["GET"]}}],"collection":[{"href":"https:\/\/agora.xtec.cat\/insfortpius\/wp-json\/wp\/v2\/pages"}],"about":[{"href":"https:\/\/agora.xtec.cat\/insfortpius\/wp-json\/wp\/v2\/types\/page"}],"author":[{"embeddable":true,"href":"https:\/\/agora.xtec.cat\/insfortpius\/wp-json\/wp\/v2\/users\/1"}],"replies":[{"embeddable":true,"href":"https:\/\/agora.xtec.cat\/insfortpius\/wp-json\/wp\/v2\/comments?post=75"}],"version-history":[{"count":7,"href":"https:\/\/agora.xtec.cat\/insfortpius\/wp-json\/wp\/v2\/pages\/75\/revisions"}],"predecessor-version":[{"id":5216,"href":"https:\/\/agora.xtec.cat\/insfortpius\/wp-json\/wp\/v2\/pages\/75\/revisions\/5216"}],"up":[{"embeddable":true,"href":"https:\/\/agora.xtec.cat\/insfortpius\/wp-json\/wp\/v2\/pages\/864"}],"wp:attachment":[{"href":"https:\/\/agora.xtec.cat\/insfortpius\/wp-json\/wp\/v2\/media?parent=75"}],"curies":[{"name":"wp","href":"https:\/\/api.w.org\/{rel}","templated":true}]}}