{"id":718,"date":"2021-07-21T13:48:17","date_gmt":"2021-07-21T11:48:17","guid":{"rendered":"https:\/\/agora.xtec.cat\/insfortpius\/?page_id=718"},"modified":"2024-05-16T11:31:13","modified_gmt":"2024-05-16T09:31:13","slug":"batxillerat","status":"publish","type":"page","link":"https:\/\/agora.xtec.cat\/insfortpius\/batxillerat\/","title":{"rendered":"Batxillerat"},"content":{"rendered":"<h2>DISTRIBUCI\u00d3 HOR\u00c0RIA PER MAT\u00c8RIES<\/h2>\n<table style=\"width: 84.3515%; height: 574px;\">\n<tbody>\n<tr style=\"height: 97px;\">\n<td style=\"height: 46px; width: 19.5616%;\" width=\"123\"><strong>TIPUS DE MAT\u00c8RIES<\/strong><\/td>\n<td style=\"height: 46px; width: 42.3272%;\" width=\"293\"><strong>MAT\u00c8RIES<\/strong><\/td>\n<td style=\"height: 46px; width: 18.0438%;\" width=\"174\"><strong>HORES SETMANALS<\/strong><\/p>\n<p><strong>1r<\/strong><\/td>\n<td style=\"width: 18.887%; height: 46px;\">&nbsp;<\/p>\n<p><strong>HORES SETMANALS<\/strong><\/p>\n<p><strong>2N<\/strong><\/p>\n<p><strong>\u00a0<\/strong><\/td>\n<\/tr>\n<tr style=\"height: 33px;\">\n<td style=\"height: 297px; width: 19.5616%;\" rowspan=\"9\" width=\"123\"><strong>\u00a0<\/strong><\/p>\n<p><strong>\u00a0<\/strong><\/p>\n<p><strong>\u00a0<\/strong><\/p>\n<p><strong>\u00a0<\/strong><\/p>\n<p><strong>COMUNES<\/strong><\/td>\n<td style=\"height: 33px; width: 42.3272%;\" width=\"293\">LL. CATALANA<\/td>\n<td style=\"height: 33px; width: 18.0438%;\" width=\"85\">2<\/td>\n<td style=\"height: 33px; width: 18.887%;\" width=\"89\">2<\/td>\n<\/tr>\n<tr style=\"height: 33px;\">\n<td style=\"height: 33px; width: 42.3272%;\" width=\"293\">LL. CASTELLANA<\/td>\n<td style=\"height: 33px; width: 18.0438%;\" width=\"85\">2<\/td>\n<td style=\"height: 33px; width: 18.887%;\" width=\"89\">2<\/td>\n<\/tr>\n<tr style=\"height: 33px;\">\n<td style=\"height: 33px; width: 42.3272%;\" width=\"293\">LL. ESTRANGERA (ANGL\u00c8S\/FRANC\u00c8S)<\/td>\n<td style=\"height: 33px; width: 18.0438%;\" width=\"85\">3<\/td>\n<td style=\"height: 33px; width: 18.887%;\" width=\"89\">3<\/td>\n<\/tr>\n<tr style=\"height: 33px;\">\n<td style=\"height: 33px; width: 42.3272%;\" width=\"293\">FILOSOFIA<\/td>\n<td style=\"height: 33px; width: 18.0438%;\" width=\"85\">2<\/td>\n<td style=\"height: 33px; width: 18.887%;\" width=\"89\">&#8211;<\/td>\n<\/tr>\n<tr style=\"height: 33px;\">\n<td style=\"height: 33px; width: 42.3272%;\" width=\"293\">CI\u00c8NCIES M\u00d3N CONTEMPORANI<\/td>\n<td style=\"height: 33px; width: 18.0438%;\" width=\"85\">2<\/td>\n<td style=\"height: 33px; width: 18.887%;\" width=\"89\">&#8211;<\/td>\n<\/tr>\n<tr style=\"height: 33px;\">\n<td style=\"height: 33px; width: 42.3272%;\" width=\"293\">HIST\u00d2RIA DE LA FILOSOFIA<\/td>\n<td style=\"height: 33px; width: 18.0438%;\" width=\"85\">&#8211;<\/td>\n<td style=\"height: 33px; width: 18.887%;\" width=\"89\">3<\/td>\n<\/tr>\n<tr style=\"height: 33px;\">\n<td style=\"height: 33px; width: 42.3272%;\" width=\"293\">HIST\u00d2RIA<\/td>\n<td style=\"height: 33px; width: 18.0438%;\" width=\"85\">&#8211;<\/td>\n<td style=\"height: 33px; width: 18.887%;\" width=\"89\">3<\/td>\n<\/tr>\n<tr style=\"height: 33px;\">\n<td style=\"height: 33px; width: 42.3272%;\" width=\"293\">EDUCACI\u00d3 F\u00cdSICA<\/td>\n<td style=\"height: 33px; width: 18.0438%;\" width=\"85\">2<\/td>\n<td style=\"height: 33px; width: 18.887%;\" width=\"89\">&#8211;<\/td>\n<\/tr>\n<tr style=\"height: 33px;\">\n<td style=\"height: 33px; width: 42.3272%;\" width=\"293\">TUTORIA<\/td>\n<td style=\"height: 33px; width: 18.0438%;\" width=\"85\">1<\/td>\n<td style=\"height: 33px; width: 18.887%;\" width=\"89\">1<\/td>\n<\/tr>\n<tr style=\"height: 33px;\">\n<td style=\"height: 231px; width: 19.5616%;\" rowspan=\"7\" width=\"123\"><strong>\u00a0<\/strong><\/p>\n<p><strong>MODALITAT<\/strong><\/td>\n<td style=\"height: 33px; width: 42.3272%;\" width=\"293\">COMUNA D\u2019OPCI\u00d3<\/td>\n<td style=\"height: 33px; width: 18.0438%;\" width=\"85\">3<\/td>\n<td style=\"height: 33px; width: 18.887%;\" width=\"89\">4<\/td>\n<\/tr>\n<tr style=\"height: 33px;\">\n<td style=\"height: 33px; width: 42.3272%;\" width=\"293\">MODALITAT 1<\/td>\n<td style=\"height: 33px; width: 18.0438%;\" width=\"85\">3<\/td>\n<td style=\"height: 33px; width: 18.887%;\" width=\"89\">4<\/td>\n<\/tr>\n<tr style=\"height: 33px;\">\n<td style=\"height: 33px; width: 42.3272%;\" width=\"293\">MODALITAT 2<\/td>\n<td style=\"height: 33px; width: 18.0438%;\" width=\"85\">3<\/td>\n<td style=\"height: 33px; width: 18.887%;\" width=\"89\">4<\/td>\n<\/tr>\n<tr style=\"height: 33px;\">\n<td style=\"height: 33px; width: 42.3272%;\" width=\"293\">OPTATIVA FRANJA 1<\/td>\n<td style=\"height: 33px; width: 18.0438%;\" width=\"85\">3<\/td>\n<td style=\"height: 33px; width: 18.887%;\" width=\"89\">4<\/td>\n<\/tr>\n<tr style=\"height: 33px;\">\n<td style=\"height: 33px; width: 42.3272%;\" width=\"293\">OPTATIVA FRANJA 2<\/td>\n<td style=\"height: 33px; width: 18.0438%;\" width=\"174\">3<\/td>\n<td style=\"width: 18.887%; height: 33px;\">&#8211;<\/td>\n<\/tr>\n<tr style=\"height: 33px;\">\n<td style=\"width: 42.3272%; height: 33px;\">\u00a0OPTATIVA FRANJA 3<\/td>\n<td style=\"width: 18.0438%; height: 33px;\">3<\/td>\n<td style=\"width: 18.887%; height: 33px;\">&#8211;<\/td>\n<\/tr>\n<tr style=\"height: 33px;\">\n<td style=\"width: 42.3272%; height: 33px;\">TREBALL DE RECERCA<\/td>\n<td style=\"width: 36.9308%; height: 33px;\" colspan=\"2\">(2n trim 1r \/ 1r trim 2n)<\/td>\n<\/tr>\n<\/tbody>\n<\/table>\n<h4>DISTRIBUCI\u00d3 MAT\u00c8RIES 1R BATXILLERAT<\/h4>\n<h4><strong>Cient\u00edfic &#8211; tecnol\u00f2gic<\/strong><\/h4>\n<p><a href=\"https:\/\/agora.xtec.cat\/insfortpius\/wp-content\/uploads\/usu2454\/2023\/04\/OPT_1BTX_ModalitatCT.jpg\"><img loading=\"lazy\" decoding=\"async\" class=\"alignnone wp-image-2480 size-full\" src=\"https:\/\/agora.xtec.cat\/insfortpius\/wp-content\/uploads\/usu2454\/2023\/04\/OPT_1BTX_ModalitatCT.jpg\" alt=\"\" width=\"678\" height=\"347\" srcset=\"https:\/\/agora.xtec.cat\/insfortpius\/wp-content\/uploads\/usu2454\/2023\/04\/OPT_1BTX_ModalitatCT.jpg 678w, https:\/\/agora.xtec.cat\/insfortpius\/wp-content\/uploads\/usu2454\/2023\/04\/OPT_1BTX_ModalitatCT-300x154.jpg 300w\" sizes=\"auto, (max-width: 678px) 100vw, 678px\" \/><\/a><\/p>\n<h4>Human\u00edstic -social<\/h4>\n<p><a href=\"https:\/\/agora.xtec.cat\/insfortpius\/wp-content\/uploads\/usu2454\/2023\/04\/OPT_1BTX_ModalitatSH.jpg\"><img loading=\"lazy\" decoding=\"async\" class=\"alignnone wp-image-2481 size-full\" src=\"https:\/\/agora.xtec.cat\/insfortpius\/wp-content\/uploads\/usu2454\/2023\/04\/OPT_1BTX_ModalitatSH.jpg\" alt=\"\" width=\"676\" height=\"392\" srcset=\"https:\/\/agora.xtec.cat\/insfortpius\/wp-content\/uploads\/usu2454\/2023\/04\/OPT_1BTX_ModalitatSH.jpg 676w, https:\/\/agora.xtec.cat\/insfortpius\/wp-content\/uploads\/usu2454\/2023\/04\/OPT_1BTX_ModalitatSH-300x174.jpg 300w\" sizes=\"auto, (max-width: 676px) 100vw, 676px\" \/><\/a><\/p>\n<h5><a href=\"https:\/\/drive.google.com\/file\/d\/19eUaU5VbEJ2hP-6lJjjWdSfWm-7PeZri\/view?usp=sharing\" target=\"_blank\" rel=\"noopener\">Descripci\u00f3 mat\u00e8ries Optatives 1r Batxillerat<\/a><\/h5>\n<p>&nbsp;<\/p>\n<h4>DISTRIBUCI\u00d3 MAT\u00c8RIES 2n BATXILLERAT<\/h4>\n<p><a href=\"https:\/\/agora.xtec.cat\/insfortpius\/wp-content\/uploads\/usu2454\/2023\/06\/Curriculum-2n-BTX.jpg\"><img loading=\"lazy\" decoding=\"async\" class=\"alignnone size-full wp-image-2579\" src=\"https:\/\/agora.xtec.cat\/insfortpius\/wp-content\/uploads\/usu2454\/2023\/06\/Curriculum-2n-BTX.jpg\" alt=\"\" width=\"1021\" height=\"545\" srcset=\"https:\/\/agora.xtec.cat\/insfortpius\/wp-content\/uploads\/usu2454\/2023\/06\/Curriculum-2n-BTX.jpg 1021w, https:\/\/agora.xtec.cat\/insfortpius\/wp-content\/uploads\/usu2454\/2023\/06\/Curriculum-2n-BTX-300x160.jpg 300w, https:\/\/agora.xtec.cat\/insfortpius\/wp-content\/uploads\/usu2454\/2023\/06\/Curriculum-2n-BTX-768x410.jpg 768w\" sizes=\"auto, (max-width: 1021px) 100vw, 1021px\" \/><\/a><\/p>\n<p style=\"padding-left: 40px;\">No hi ha cap descripci\u00f3 de les optatives mentre el departament d\u2019educaci\u00f3 no publiqui el<br \/>\ncurr\u00edculum de les mat\u00e8ries: Pau, Just\u00edcia i Coresponsabilitat, Poblaci\u00f3 i Prosperitat i Entorn<br \/>\nsostenible.<\/p>\n<h3 style=\"padding-left: 40px;\">Sol\u00b7licituds de canvi de modalitat i\/o mat\u00e8ries<\/h3>\n<ul>\n<li>Sol\u00b7licitud de canvi de modalitat. <em><a href=\"https:\/\/agora.xtec.cat\/insfortpius\/wp-content\/uploads\/usu2454\/2021\/09\/Sollicitud-canvi-de-modalitat.pdf\">(document pdf)<\/a><\/em><\/li>\n<li>Sol\u00b7licitud de canvi de mat\u00e8ria de modalitat. <a href=\"https:\/\/agora.xtec.cat\/insfortpius\/wp-content\/uploads\/usu2454\/2021\/09\/Sollicitud-canvi-de-materia-de-modalitat.pdf\"><em>(document pdf)<\/em><\/a><\/li>\n<\/ul>\n","protected":false},"excerpt":{"rendered":"<p>DISTRIBUCI\u00d3 HOR\u00c0RIA PER MAT\u00c8RIES<\/p>\n<p>TIPUS DE MAT\u00c8RIES<br \/>\nMAT\u00c8RIES<br \/>\nHORES SETMANALS<br \/>\n1r<br \/>\n&nbsp;<br \/>\nHORES SETMANALS<br \/>\n2N<br \/>\n\u00a0<\/p>\n<p>\u00a0<br \/>\n\u00a0<br \/>\n\u00a0<br \/>\n\u00a0<br \/>\nCOMUNES<br \/>\nLL. CATALANA<br \/>\n2<br \/>\n2<\/p>\n<p>LL. CASTELLANA<br \/>\n2<br \/>\n2<\/p>\n<p>LL. ESTRANGERA (ANGL\u00c8S\/FRANC\u00c8S)<br \/>\n3<br \/>\n3<\/p>\n<p>FILOSOFIA<br \/>\n2<br \/>\n&#8211;<\/p>\n<p>CI\u00c8NCIES M\u00d3N CONTEMPORANI<br \/>\n2<br \/>\n&#8211;<\/p>\n<p>HIST\u00d2RIA DE LA FILOSOFIA<br \/>\n&#8211;<br \/>\n3<\/p>\n<p>HIST\u00d2RIA<br \/>\n&#8211;<br \/>\n3<\/p>\n<p>EDUCACI\u00d3 F\u00cdSICA<br \/>\n2<br \/>\n&#8211;<\/p>\n<p>TUTORIA<br \/>\n1<br \/>\n1<\/p>\n<p>\u00a0<br \/>\nMODALITAT<br \/>\nCOMUNA D\u2019OPCI\u00d3<br \/>\n3<br \/>\n4<\/p>\n<p>MODALITAT 1<br \/>\n3<br \/>\n4<\/p>\n<p>MODALITAT 2<br \/>\n3<br \/>\n4<\/p>\n<p>OPTATIVA FRANJA 1<br \/>\n3<br \/>\n4<\/p>\n<p>OPTATIVA FRANJA 2<br \/>\n3<br \/>\n&#8211;<\/p>\n<p>\u00a0OPTATIVA FRANJA 3<br \/>\n3<br \/>\n&#8211;<\/p>\n<p>TREBALL DE RECERCA<br \/>\n(2n trim 1r \/ 1r trim 2n)<\/p>\n<p>DISTRIBUCI\u00d3 MAT\u00c8RIES 1R BATXILLERAT<br \/>\nCient\u00edfic &#8211; tecnol\u00f2gic<br \/>\n<a href=\"https:\/\/agora.xtec.cat\/insfortpius\/wp-content\/uploads\/usu2454\/2023\/04\/OPT_1BTX_ModalitatCT.jpg\"><\/a><br \/>\nHuman\u00edstic -social<br \/>\n<a href=\"https:\/\/agora.xtec.cat\/insfortpius\/wp-content\/uploads\/usu2454\/2023\/04\/OPT_1BTX_ModalitatSH.jpg\"><\/a><br \/>\n<a href=\"https:\/\/drive.google.com\/file\/d\/19eUaU5VbEJ2hP-6lJjjWdSfWm-7PeZri\/view?usp=sharing\" target=\"_blank\"&hellip;  <a href=\"https:\/\/agora.xtec.cat\/insfortpius\/batxillerat\/\" title=\"Read Batxillerat\">Llegeix m\u00e9s\u00bb<\/a><\/p>\n","protected":false},"author":1,"featured_media":0,"parent":0,"menu_order":10,"comment_status":"closed","ping_status":"closed","template":"page-templates\/side-menu.php","meta":{"_bbp_topic_count":0,"_bbp_reply_count":0,"_bbp_total_topic_count":0,"_bbp_total_reply_count":0,"_bbp_voice_count":0,"_bbp_anonymous_reply_count":0,"_bbp_topic_count_hidden":0,"_bbp_reply_count_hidden":0,"_bbp_forum_subforum_count":0,"footnotes":""},"class_list":["post-718","page","type-page","status-publish","hentry"],"post_mailing_queue_ids":[],"_links":{"self":[{"href":"https:\/\/agora.xtec.cat\/insfortpius\/wp-json\/wp\/v2\/pages\/718","targetHints":{"allow":["GET"]}}],"collection":[{"href":"https:\/\/agora.xtec.cat\/insfortpius\/wp-json\/wp\/v2\/pages"}],"about":[{"href":"https:\/\/agora.xtec.cat\/insfortpius\/wp-json\/wp\/v2\/types\/page"}],"author":[{"embeddable":true,"href":"https:\/\/agora.xtec.cat\/insfortpius\/wp-json\/wp\/v2\/users\/1"}],"replies":[{"embeddable":true,"href":"https:\/\/agora.xtec.cat\/insfortpius\/wp-json\/wp\/v2\/comments?post=718"}],"version-history":[{"count":4,"href":"https:\/\/agora.xtec.cat\/insfortpius\/wp-json\/wp\/v2\/pages\/718\/revisions"}],"predecessor-version":[{"id":3687,"href":"https:\/\/agora.xtec.cat\/insfortpius\/wp-json\/wp\/v2\/pages\/718\/revisions\/3687"}],"wp:attachment":[{"href":"https:\/\/agora.xtec.cat\/insfortpius\/wp-json\/wp\/v2\/media?parent=718"}],"curies":[{"name":"wp","href":"https:\/\/api.w.org\/{rel}","templated":true}]}}