{"id":5449,"date":"2026-04-16T13:12:13","date_gmt":"2026-04-16T11:12:13","guid":{"rendered":"https:\/\/agora.xtec.cat\/insfortpius\/?page_id=5449"},"modified":"2026-04-16T13:12:13","modified_gmt":"2026-04-16T11:12:13","slug":"tramits-administratius","status":"publish","type":"page","link":"https:\/\/agora.xtec.cat\/insfortpius\/serveis\/tramits-administratius\/","title":{"rendered":"Tr\u00e0mits administratius"},"content":{"rendered":"<h4><strong>Certificats d\u2019acreditaci\u00f3 de Catal\u00e0: B2 i C1<\/strong><\/h4>\n<div><\/div>\n<div>Degut al gran volum de feina<strong> en el per\u00edode de preinscripci\u00f3 i matriculaci\u00f3 que finalitza el mes de juliol<\/strong>, la direcci\u00f3 del centre demana a les persones que demanin el cetrificat d\u2019acreditaci\u00f3 del catal\u00e0 (B2 i C1), que segueixin les seg\u00fcents seg\u00fcents indicacions:<\/div>\n<div><\/div>\n<ol>\n<li>\u00a0Demanar cita pr\u00e8via al correu <strong>secretaria@insfortpius.cat<\/strong><\/li>\n<li>Una vegada s\u2019hagi concertat la cita, portar la documentaci\u00f3 de forma presencial. El certificat es far\u00e0 al moment, sempre que sigui possible.<\/li>\n<li>En cas de formalitzar la sol\u00b7licitud per una persona autoritzada, cal aportar <a href=\"https:\/\/docs.google.com\/document\/d\/1bAYzZT2COin3JjHNVq_VH7TYS8yPo5gqAiR5KQ35f2g\/edit?usp=drive_link\">autoritzaci\u00f3<\/a> i fotoc\u00f2pies del DNI\/NIE\/Passaport de la persona autoritzada.<\/li>\n<\/ol>\n<ul>\n<li><a href=\"https:\/\/docs.google.com\/document\/d\/1rGdZ_PEeIQQZvst4cXtW89KIi-oWqw5y2v8s4GcVz74\/edit?usp=sharing\">Documentaci\u00f3 que cal aportar i proc\u00e9s de sol\u00b7licitud<\/a><\/li>\n<\/ul>\n","protected":false},"excerpt":{"rendered":"<p>Certificats d\u2019acreditaci\u00f3 de Catal\u00e0: B2 i C1<\/p>\n<p>Degut al gran volum de feina en el per\u00edode de preinscripci\u00f3 i matriculaci\u00f3 que finalitza el mes de juliol, la direcci\u00f3 del centre demana a les persones que demanin el cetrificat d\u2019acreditaci\u00f3 del catal\u00e0 (B2 i C1), que segueixin&hellip;  <a href=\"https:\/\/agora.xtec.cat\/insfortpius\/serveis\/tramits-administratius\/\" title=\"Read Tr\u00e0mits administratius\">Llegeix m\u00e9s\u00bb<\/a><\/p>\n","protected":false},"author":1,"featured_media":0,"parent":63,"menu_order":0,"comment_status":"closed","ping_status":"closed","template":"","meta":{"_bbp_topic_count":0,"_bbp_reply_count":0,"_bbp_total_topic_count":0,"_bbp_total_reply_count":0,"_bbp_voice_count":0,"_bbp_anonymous_reply_count":0,"_bbp_topic_count_hidden":0,"_bbp_reply_count_hidden":0,"_bbp_forum_subforum_count":0,"footnotes":""},"class_list":["post-5449","page","type-page","status-publish","hentry"],"post_mailing_queue_ids":[],"_links":{"self":[{"href":"https:\/\/agora.xtec.cat\/insfortpius\/wp-json\/wp\/v2\/pages\/5449","targetHints":{"allow":["GET"]}}],"collection":[{"href":"https:\/\/agora.xtec.cat\/insfortpius\/wp-json\/wp\/v2\/pages"}],"about":[{"href":"https:\/\/agora.xtec.cat\/insfortpius\/wp-json\/wp\/v2\/types\/page"}],"author":[{"embeddable":true,"href":"https:\/\/agora.xtec.cat\/insfortpius\/wp-json\/wp\/v2\/users\/1"}],"replies":[{"embeddable":true,"href":"https:\/\/agora.xtec.cat\/insfortpius\/wp-json\/wp\/v2\/comments?post=5449"}],"version-history":[{"count":1,"href":"https:\/\/agora.xtec.cat\/insfortpius\/wp-json\/wp\/v2\/pages\/5449\/revisions"}],"predecessor-version":[{"id":5450,"href":"https:\/\/agora.xtec.cat\/insfortpius\/wp-json\/wp\/v2\/pages\/5449\/revisions\/5450"}],"up":[{"embeddable":true,"href":"https:\/\/agora.xtec.cat\/insfortpius\/wp-json\/wp\/v2\/pages\/63"}],"wp:attachment":[{"href":"https:\/\/agora.xtec.cat\/insfortpius\/wp-json\/wp\/v2\/media?parent=5449"}],"curies":[{"name":"wp","href":"https:\/\/api.w.org\/{rel}","templated":true}]}}