{"id":5424,"date":"2026-04-07T16:17:52","date_gmt":"2026-04-07T14:17:52","guid":{"rendered":"https:\/\/agora.xtec.cat\/insfortpius\/?page_id=5424"},"modified":"2026-04-07T16:17:52","modified_gmt":"2026-04-07T14:17:52","slug":"licitacio-servei-menjador-curs-26-27","status":"publish","type":"page","link":"https:\/\/agora.xtec.cat\/insfortpius\/licitacio-servei-menjador-curs-26-27\/","title":{"rendered":"Licitaci\u00f3 servei menjador curs 26-27"},"content":{"rendered":"<p>Si esteu interessats a participar en la licitaci\u00f3 del servei de menjador pel curs 26-27, podeu trobar tota la informaci\u00f3 del proc\u00e9s en aquesta <a href=\"https:\/\/contractaciopublica.cat\/ca\/detall-publicacio\/7c7f838e-d15b-4649-9b96-182b56617bdf\/300736342\">p\u00e0gina<\/a>.<\/p>\n<p>S&#8217;ha establert el dilluns 13 d&#8217;abril a les 15:15h com a hora de vista a les instal\u00b7lacions de la cuina del centre per les empreses interessades a participar en el concurs.<\/p>\n","protected":false},"excerpt":{"rendered":"<p>Si esteu interessats a participar en la licitaci\u00f3 del servei de menjador pel curs 26-27, podeu trobar tota la informaci\u00f3 del proc\u00e9s en aquesta <a href=\"https:\/\/contractaciopublica.cat\/ca\/detall-publicacio\/7c7f838e-d15b-4649-9b96-182b56617bdf\/300736342\">p\u00e0gina<\/a>.<br \/>\nS&#8217;ha establert el dilluns 13 d&#8217;abril a les 15:15h com a hora de vista a les instal\u00b7lacions de la cuina&hellip;  <a href=\"https:\/\/agora.xtec.cat\/insfortpius\/licitacio-servei-menjador-curs-26-27\/\" title=\"Read Licitaci\u00f3 servei menjador curs 26-27\">Llegeix m\u00e9s\u00bb<\/a><\/p>\n","protected":false},"author":1,"featured_media":0,"parent":0,"menu_order":0,"comment_status":"closed","ping_status":"closed","template":"","meta":{"_bbp_topic_count":0,"_bbp_reply_count":0,"_bbp_total_topic_count":0,"_bbp_total_reply_count":0,"_bbp_voice_count":0,"_bbp_anonymous_reply_count":0,"_bbp_topic_count_hidden":0,"_bbp_reply_count_hidden":0,"_bbp_forum_subforum_count":0,"footnotes":""},"class_list":["post-5424","page","type-page","status-publish","hentry"],"post_mailing_queue_ids":[],"_links":{"self":[{"href":"https:\/\/agora.xtec.cat\/insfortpius\/wp-json\/wp\/v2\/pages\/5424","targetHints":{"allow":["GET"]}}],"collection":[{"href":"https:\/\/agora.xtec.cat\/insfortpius\/wp-json\/wp\/v2\/pages"}],"about":[{"href":"https:\/\/agora.xtec.cat\/insfortpius\/wp-json\/wp\/v2\/types\/page"}],"author":[{"embeddable":true,"href":"https:\/\/agora.xtec.cat\/insfortpius\/wp-json\/wp\/v2\/users\/1"}],"replies":[{"embeddable":true,"href":"https:\/\/agora.xtec.cat\/insfortpius\/wp-json\/wp\/v2\/comments?post=5424"}],"version-history":[{"count":1,"href":"https:\/\/agora.xtec.cat\/insfortpius\/wp-json\/wp\/v2\/pages\/5424\/revisions"}],"predecessor-version":[{"id":5425,"href":"https:\/\/agora.xtec.cat\/insfortpius\/wp-json\/wp\/v2\/pages\/5424\/revisions\/5425"}],"wp:attachment":[{"href":"https:\/\/agora.xtec.cat\/insfortpius\/wp-json\/wp\/v2\/media?parent=5424"}],"curies":[{"name":"wp","href":"https:\/\/api.w.org\/{rel}","templated":true}]}}