{"id":5308,"date":"2026-02-19T17:37:42","date_gmt":"2026-02-19T16:37:42","guid":{"rendered":"https:\/\/agora.xtec.cat\/insfortpius\/?page_id=5308"},"modified":"2026-02-25T18:00:10","modified_gmt":"2026-02-25T17:00:10","slug":"matricula-26-27","status":"publish","type":"page","link":"https:\/\/agora.xtec.cat\/insfortpius\/serveis\/matricula-26-27\/","title":{"rendered":"Matricula 2026-2027"},"content":{"rendered":"<h2>Matr\u00edcula continu\u00eftat (alumnes del centre)<\/h2>\n<h3>Documentaci\u00f3 per a 2n, 3r i 4t d&#8217;ESO.<\/h3>\n<p>Aqu\u00ed trobareu els documents que ens heu de fer arribar (i que tamb\u00e9 podeu passar a recollir per les oficines del centre en paper). <strong>Atenci\u00f3<\/strong>: tota la documentaci\u00f3 s&#8217;ha de portar a <strong>Secretaria<\/strong>. <strong>No s&#8217;admet cap documentaci\u00f3 per correu electr\u00f2nic.<\/strong><\/p>\n<ul>\n<li style=\"list-style-type: none;\">\n<ul>\n<li>Carta de comprom\u00eds educatiu (<a href=\"https:\/\/drive.google.com\/file\/d\/1qVakLJ-7OY4JMb-FUYEMnG5Mhg7AXRv4\/view?usp=sharing\">desc\u00e0rrega<\/a>)<\/li>\n<li>Autoritzaci\u00f3 \u00fas d&#8217;imatge, sortides, fitxa m\u00e8dica, \u00fas de servei i recursos digitals i connectivitat (<a href=\"https:\/\/drive.google.com\/file\/d\/1YaMD3VoVNuzw-011Hpi2SMJ9UE2J0rfn\/view?usp=sharing\">menors de 14 anys<\/a> i <a href=\"https:\/\/drive.google.com\/file\/d\/1OwGPdqG3tm6BH4gCjyTvEMb4T0EfcIA-\/view?usp=sharing\">majors de 14 anys<\/a><\/li>\n<\/ul>\n<\/li>\n<\/ul>\n<p><strong>L\u2019horari de la secretaria<\/strong> del centre \u00e9s de dilluns a dimecres de 9:00h a 17:30h, i dijous i divendres de 9:00h a 14:30h fins el 19 de juny de 2026.<\/p>\n","protected":false},"excerpt":{"rendered":"<p>Matr\u00edcula continu\u00eftat (alumnes del centre)<br \/>\nDocumentaci\u00f3 per a 2n, 3r i 4t d&#8217;ESO.<br \/>\nAqu\u00ed trobareu els documents que ens heu de fer arribar (i que tamb\u00e9 podeu passar a recollir per les oficines del centre en paper). Atenci\u00f3: tota la documentaci\u00f3 s&#8217;ha de portar a Secretaria. No&hellip;  <a href=\"https:\/\/agora.xtec.cat\/insfortpius\/serveis\/matricula-26-27\/\" title=\"Read Matricula 2026-2027\">Llegeix m\u00e9s\u00bb<\/a><\/p>\n","protected":false},"author":1,"featured_media":0,"parent":63,"menu_order":0,"comment_status":"closed","ping_status":"closed","template":"","meta":{"_bbp_topic_count":0,"_bbp_reply_count":0,"_bbp_total_topic_count":0,"_bbp_total_reply_count":0,"_bbp_voice_count":0,"_bbp_anonymous_reply_count":0,"_bbp_topic_count_hidden":0,"_bbp_reply_count_hidden":0,"_bbp_forum_subforum_count":0,"footnotes":""},"class_list":["post-5308","page","type-page","status-publish","hentry"],"post_mailing_queue_ids":[],"_links":{"self":[{"href":"https:\/\/agora.xtec.cat\/insfortpius\/wp-json\/wp\/v2\/pages\/5308","targetHints":{"allow":["GET"]}}],"collection":[{"href":"https:\/\/agora.xtec.cat\/insfortpius\/wp-json\/wp\/v2\/pages"}],"about":[{"href":"https:\/\/agora.xtec.cat\/insfortpius\/wp-json\/wp\/v2\/types\/page"}],"author":[{"embeddable":true,"href":"https:\/\/agora.xtec.cat\/insfortpius\/wp-json\/wp\/v2\/users\/1"}],"replies":[{"embeddable":true,"href":"https:\/\/agora.xtec.cat\/insfortpius\/wp-json\/wp\/v2\/comments?post=5308"}],"version-history":[{"count":6,"href":"https:\/\/agora.xtec.cat\/insfortpius\/wp-json\/wp\/v2\/pages\/5308\/revisions"}],"predecessor-version":[{"id":5333,"href":"https:\/\/agora.xtec.cat\/insfortpius\/wp-json\/wp\/v2\/pages\/5308\/revisions\/5333"}],"up":[{"embeddable":true,"href":"https:\/\/agora.xtec.cat\/insfortpius\/wp-json\/wp\/v2\/pages\/63"}],"wp:attachment":[{"href":"https:\/\/agora.xtec.cat\/insfortpius\/wp-json\/wp\/v2\/media?parent=5308"}],"curies":[{"name":"wp","href":"https:\/\/api.w.org\/{rel}","templated":true}]}}