{"id":4976,"date":"2025-09-30T08:47:32","date_gmt":"2025-09-30T06:47:32","guid":{"rendered":"https:\/\/agora.xtec.cat\/insfortpius\/?page_id=4976"},"modified":"2025-09-30T08:57:43","modified_gmt":"2025-09-30T06:57:43","slug":"canvis-de-materia-i-itinerari-batxillerat","status":"publish","type":"page","link":"https:\/\/agora.xtec.cat\/insfortpius\/alumnat\/canvis-de-materia-i-itinerari-batxillerat\/","title":{"rendered":"Canvis de mat\u00e8ria i itinerari batxillerat"},"content":{"rendered":"<p>En cas de voler fer un canvi de mat\u00e8ria o d&#8217;itinerari al Batxillerat, cal presentar els seg\u00fcents documents:<\/p>\n<ul>\n<li><a href=\"https:\/\/agora.xtec.cat\/insfortpius\/docs\/reclamacions-de-lalumnat\/?bp-attachment=Sollicitud-canvi-de-materia-de-modalitat.pdf\" target=\"_blank\" rel=\"noopener\">Demanda de canvi de mat\u00e8ria Optativa\/Modalitat de Batxillerat<\/a><\/li>\n<li><a href=\"https:\/\/agora.xtec.cat\/insfortpius\/docs\/reclamacions-de-lalumnat\/?bp-attachment=Sollicitud-canvi-de-modalitat.pdf\" target=\"_blank\" rel=\"noopener\">Demanda de canvi de modalitat de Batxillerat<\/a><\/li>\n<\/ul>\n<p>Cal presentar una c\u00f2pia en paper a la secretaria del centre dels documents degudament emplenats i signats.<\/p>\n","protected":false},"excerpt":{"rendered":"<p>En cas de voler fer un canvi de mat\u00e8ria o d&#8217;itinerari al Batxillerat, cal presentar els seg\u00fcents documents:<\/p>\n<ul>\n<li><a href=\"https:\/\/agora.xtec.cat\/insfortpius\/docs\/reclamacions-de-lalumnat\/?bp-attachment=Sollicitud-canvi-de-materia-de-modalitat.pdf\" target=\"_blank\" rel=\"noopener\">Demanda de canvi de mat\u00e8ria Optativa\/Modalitat de Batxillerat<\/a><\/li>\n<li><a href=\"https:\/\/agora.xtec.cat\/insfortpius\/docs\/reclamacions-de-lalumnat\/?bp-attachment=Sollicitud-canvi-de-modalitat.pdf\" target=\"_blank\" rel=\"noopener\">Demanda de canvi de modalitat de Batxillerat<\/a><\/li>\n<\/ul>\n<p>Cal presentar una c\u00f2pia en paper a la secretaria&hellip;  <a href=\"https:\/\/agora.xtec.cat\/insfortpius\/alumnat\/canvis-de-materia-i-itinerari-batxillerat\/\" title=\"Read Canvis de mat\u00e8ria i itinerari batxillerat\">Llegeix m\u00e9s\u00bb<\/a><\/p>\n","protected":false},"author":1,"featured_media":0,"parent":3857,"menu_order":0,"comment_status":"closed","ping_status":"closed","template":"","meta":{"_bbp_topic_count":0,"_bbp_reply_count":0,"_bbp_total_topic_count":0,"_bbp_total_reply_count":0,"_bbp_voice_count":0,"_bbp_anonymous_reply_count":0,"_bbp_topic_count_hidden":0,"_bbp_reply_count_hidden":0,"_bbp_forum_subforum_count":0,"footnotes":""},"class_list":["post-4976","page","type-page","status-publish","hentry"],"post_mailing_queue_ids":[],"_links":{"self":[{"href":"https:\/\/agora.xtec.cat\/insfortpius\/wp-json\/wp\/v2\/pages\/4976","targetHints":{"allow":["GET"]}}],"collection":[{"href":"https:\/\/agora.xtec.cat\/insfortpius\/wp-json\/wp\/v2\/pages"}],"about":[{"href":"https:\/\/agora.xtec.cat\/insfortpius\/wp-json\/wp\/v2\/types\/page"}],"author":[{"embeddable":true,"href":"https:\/\/agora.xtec.cat\/insfortpius\/wp-json\/wp\/v2\/users\/1"}],"replies":[{"embeddable":true,"href":"https:\/\/agora.xtec.cat\/insfortpius\/wp-json\/wp\/v2\/comments?post=4976"}],"version-history":[{"count":2,"href":"https:\/\/agora.xtec.cat\/insfortpius\/wp-json\/wp\/v2\/pages\/4976\/revisions"}],"predecessor-version":[{"id":4982,"href":"https:\/\/agora.xtec.cat\/insfortpius\/wp-json\/wp\/v2\/pages\/4976\/revisions\/4982"}],"up":[{"embeddable":true,"href":"https:\/\/agora.xtec.cat\/insfortpius\/wp-json\/wp\/v2\/pages\/3857"}],"wp:attachment":[{"href":"https:\/\/agora.xtec.cat\/insfortpius\/wp-json\/wp\/v2\/media?parent=4976"}],"curies":[{"name":"wp","href":"https:\/\/api.w.org\/{rel}","templated":true}]}}