{"id":4971,"date":"2025-09-30T08:39:15","date_gmt":"2025-09-30T06:39:15","guid":{"rendered":"https:\/\/agora.xtec.cat\/insfortpius\/?page_id=4971"},"modified":"2025-09-30T08:57:36","modified_gmt":"2025-09-30T06:57:36","slug":"reclamacions-de-notes","status":"publish","type":"page","link":"https:\/\/agora.xtec.cat\/insfortpius\/alumnat\/reclamacions-de-notes\/","title":{"rendered":"Reclamaci\u00f3 de notes"},"content":{"rendered":"<p>En cas d&#8217;estar en desacord amb les notes obtingudes, l&#8217;alumnat t\u00e9 dret a presentar una reclamaci\u00f3. Per fer-ho, cal omplir el document de <a href=\"https:\/\/agora.xtec.cat\/insfortpius\/docs\/reclamacions-de-lalumnat\/?bp-attachment=FORMULARI-RECLAMACIO-NOTES-ESO-BTX.pdf\" target=\"_blank\" rel=\"noopener\">reclamaci\u00f3 de notes ESO i BTX<\/a><\/p>\n<p>Un cop estigui completat, cal presentar una c\u00f2pia signada en paper a la secretaria del centre.<\/p>\n","protected":false},"excerpt":{"rendered":"<p>En cas d&#8217;estar en desacord amb les notes obtingudes, l&#8217;alumnat t\u00e9 dret a presentar una reclamaci\u00f3. Per fer-ho, cal omplir el document de <a href=\"https:\/\/agora.xtec.cat\/insfortpius\/docs\/reclamacions-de-lalumnat\/?bp-attachment=FORMULARI-RECLAMACIO-NOTES-ESO-BTX.pdf\" target=\"_blank\" rel=\"noopener\">reclamaci\u00f3 de notes ESO i BTX<\/a><br \/>\nUn cop estigui completat, cal presentar una c\u00f2pia signada en paper a la secretaria&hellip;  <a href=\"https:\/\/agora.xtec.cat\/insfortpius\/alumnat\/reclamacions-de-notes\/\" title=\"Read Reclamaci\u00f3 de notes\">Llegeix m\u00e9s\u00bb<\/a><\/p>\n","protected":false},"author":1,"featured_media":0,"parent":3857,"menu_order":0,"comment_status":"closed","ping_status":"closed","template":"","meta":{"_bbp_topic_count":0,"_bbp_reply_count":0,"_bbp_total_topic_count":0,"_bbp_total_reply_count":0,"_bbp_voice_count":0,"_bbp_anonymous_reply_count":0,"_bbp_topic_count_hidden":0,"_bbp_reply_count_hidden":0,"_bbp_forum_subforum_count":0,"footnotes":""},"class_list":["post-4971","page","type-page","status-publish","hentry"],"post_mailing_queue_ids":[],"_links":{"self":[{"href":"https:\/\/agora.xtec.cat\/insfortpius\/wp-json\/wp\/v2\/pages\/4971","targetHints":{"allow":["GET"]}}],"collection":[{"href":"https:\/\/agora.xtec.cat\/insfortpius\/wp-json\/wp\/v2\/pages"}],"about":[{"href":"https:\/\/agora.xtec.cat\/insfortpius\/wp-json\/wp\/v2\/types\/page"}],"author":[{"embeddable":true,"href":"https:\/\/agora.xtec.cat\/insfortpius\/wp-json\/wp\/v2\/users\/1"}],"replies":[{"embeddable":true,"href":"https:\/\/agora.xtec.cat\/insfortpius\/wp-json\/wp\/v2\/comments?post=4971"}],"version-history":[{"count":3,"href":"https:\/\/agora.xtec.cat\/insfortpius\/wp-json\/wp\/v2\/pages\/4971\/revisions"}],"predecessor-version":[{"id":4984,"href":"https:\/\/agora.xtec.cat\/insfortpius\/wp-json\/wp\/v2\/pages\/4971\/revisions\/4984"}],"up":[{"embeddable":true,"href":"https:\/\/agora.xtec.cat\/insfortpius\/wp-json\/wp\/v2\/pages\/3857"}],"wp:attachment":[{"href":"https:\/\/agora.xtec.cat\/insfortpius\/wp-json\/wp\/v2\/media?parent=4971"}],"curies":[{"name":"wp","href":"https:\/\/api.w.org\/{rel}","templated":true}]}}