{"id":4882,"date":"2025-07-01T11:52:45","date_gmt":"2025-07-01T09:52:45","guid":{"rendered":"https:\/\/agora.xtec.cat\/insfortpius\/?page_id=4882"},"modified":"2025-09-20T10:26:06","modified_gmt":"2025-09-20T08:26:06","slug":"recuperacions","status":"publish","type":"page","link":"https:\/\/agora.xtec.cat\/insfortpius\/recuperacions\/","title":{"rendered":"Recuperacions de mat\u00e8ries"},"content":{"rendered":"<p style=\"text-align: justify;\"><a href=\"https:\/\/agora.xtec.cat\/insfortpius\/wp-content\/uploads\/usu2454\/2025\/09\/book-3964050_1280.jpg\"><img loading=\"lazy\" decoding=\"async\" class=\" wp-image-4956 alignleft\" src=\"https:\/\/agora.xtec.cat\/insfortpius\/wp-content\/uploads\/usu2454\/2025\/09\/book-3964050_1280.jpg\" alt=\"\" width=\"249\" height=\"373\" srcset=\"https:\/\/agora.xtec.cat\/insfortpius\/wp-content\/uploads\/usu2454\/2025\/09\/book-3964050_1280.jpg 854w, https:\/\/agora.xtec.cat\/insfortpius\/wp-content\/uploads\/usu2454\/2025\/09\/book-3964050_1280-200x300.jpg 200w, https:\/\/agora.xtec.cat\/insfortpius\/wp-content\/uploads\/usu2454\/2025\/09\/book-3964050_1280-683x1024.jpg 683w, https:\/\/agora.xtec.cat\/insfortpius\/wp-content\/uploads\/usu2454\/2025\/09\/book-3964050_1280-768x1151.jpg 768w\" sizes=\"auto, (max-width: 249px) 100vw, 249px\" \/><\/a>Les tasques de recuperaci\u00f3 de les mat\u00e8ries suspeses queden recollides a dos <strong>Classrooms<\/strong>, <strong>als quals l&#8217;alumnat ha d&#8217;accedir des del seu compte escolar.<\/strong> Per fer-ho, cal clicar al &#8220;+&#8221; de dalt a la dreta i entrant el codi corresponent.<\/p>\n<p>&nbsp;<\/p>\n<hr \/>\n<h3 style=\"text-align: justify;\">Recuperacions anuals de mat\u00e8ria<\/h3>\n<p style=\"text-align: justify;\">Al Classroom de <strong>recuperacions anuals de mat\u00e8ria<\/strong> (codi: ossl7a5q) hi trobareu les recuperacions de les mat\u00e8ries, tamb\u00e9 ordenades per curs i mat\u00e8ria. Aquestes activitats nom\u00e9s les ha de fer l&#8217;alumnat que ha de recuperar la mat\u00e8ria. A cada mat\u00e8ria, hi trobareu les indicacions de qu\u00e8 cal fer per recuperar-la i com s&#8217;ha d&#8217;entregar, i tamb\u00e9 si hi ha una prova o no.<\/p>\n","protected":false},"excerpt":{"rendered":"<p><a href=\"https:\/\/agora.xtec.cat\/insfortpius\/wp-content\/uploads\/usu2454\/2025\/09\/book-3964050_1280.jpg\"><\/a>Les tasques de recuperaci\u00f3 de les mat\u00e8ries suspeses queden recollides a dos Classrooms, als quals l&#8217;alumnat ha d&#8217;accedir des del seu compte escolar. Per fer-ho, cal clicar al &#8220;+&#8221; de dalt a la dreta i entrant el codi corresponent.<br \/>\n&nbsp;<\/p>\n<p>Recuperacions anuals de mat\u00e8ria<br \/>\nAl Classroom de&hellip;  <a href=\"https:\/\/agora.xtec.cat\/insfortpius\/recuperacions\/\" title=\"Read Recuperacions de mat\u00e8ries\">Llegeix m\u00e9s\u00bb<\/a><\/p>\n","protected":false},"author":1,"featured_media":0,"parent":0,"menu_order":0,"comment_status":"closed","ping_status":"closed","template":"","meta":{"_bbp_topic_count":0,"_bbp_reply_count":0,"_bbp_total_topic_count":0,"_bbp_total_reply_count":0,"_bbp_voice_count":0,"_bbp_anonymous_reply_count":0,"_bbp_topic_count_hidden":0,"_bbp_reply_count_hidden":0,"_bbp_forum_subforum_count":0,"footnotes":""},"class_list":["post-4882","page","type-page","status-publish","hentry"],"post_mailing_queue_ids":[],"_links":{"self":[{"href":"https:\/\/agora.xtec.cat\/insfortpius\/wp-json\/wp\/v2\/pages\/4882","targetHints":{"allow":["GET"]}}],"collection":[{"href":"https:\/\/agora.xtec.cat\/insfortpius\/wp-json\/wp\/v2\/pages"}],"about":[{"href":"https:\/\/agora.xtec.cat\/insfortpius\/wp-json\/wp\/v2\/types\/page"}],"author":[{"embeddable":true,"href":"https:\/\/agora.xtec.cat\/insfortpius\/wp-json\/wp\/v2\/users\/1"}],"replies":[{"embeddable":true,"href":"https:\/\/agora.xtec.cat\/insfortpius\/wp-json\/wp\/v2\/comments?post=4882"}],"version-history":[{"count":4,"href":"https:\/\/agora.xtec.cat\/insfortpius\/wp-json\/wp\/v2\/pages\/4882\/revisions"}],"predecessor-version":[{"id":4958,"href":"https:\/\/agora.xtec.cat\/insfortpius\/wp-json\/wp\/v2\/pages\/4882\/revisions\/4958"}],"wp:attachment":[{"href":"https:\/\/agora.xtec.cat\/insfortpius\/wp-json\/wp\/v2\/media?parent=4882"}],"curies":[{"name":"wp","href":"https:\/\/api.w.org\/{rel}","templated":true}]}}