{"id":43,"date":"2014-09-17T16:45:07","date_gmt":"2014-09-17T16:45:07","guid":{"rendered":"http:\/\/agora.xtec.cat\/insfortpius\/?page_id=43"},"modified":"2024-12-27T12:59:27","modified_gmt":"2024-12-27T11:59:27","slug":"consell-escolar","status":"publish","type":"page","link":"https:\/\/agora.xtec.cat\/insfortpius\/linstitut\/consell-escolar\/","title":{"rendered":"Consell escolar"},"content":{"rendered":"<p><strong>Consell escolar curs 2024-2025<\/strong><\/p>\n<p><a href=\"https:\/\/agora.xtec.cat\/insfortpius\/wp-content\/uploads\/usu2454\/2024\/10\/20241016_1808431-scaled.jpg\"><img loading=\"lazy\" decoding=\"async\" class=\"alignnone size-full wp-image-3965\" src=\"https:\/\/agora.xtec.cat\/insfortpius\/wp-content\/uploads\/usu2454\/2024\/10\/20241016_1808431-scaled.jpg\" alt=\"\" width=\"2560\" height=\"1920\" srcset=\"https:\/\/agora.xtec.cat\/insfortpius\/wp-content\/uploads\/usu2454\/2024\/10\/20241016_1808431-scaled.jpg 2560w, https:\/\/agora.xtec.cat\/insfortpius\/wp-content\/uploads\/usu2454\/2024\/10\/20241016_1808431-300x225.jpg 300w, https:\/\/agora.xtec.cat\/insfortpius\/wp-content\/uploads\/usu2454\/2024\/10\/20241016_1808431-1024x768.jpg 1024w, https:\/\/agora.xtec.cat\/insfortpius\/wp-content\/uploads\/usu2454\/2024\/10\/20241016_1808431-768x576.jpg 768w, https:\/\/agora.xtec.cat\/insfortpius\/wp-content\/uploads\/usu2454\/2024\/10\/20241016_1808431-1536x1152.jpg 1536w, https:\/\/agora.xtec.cat\/insfortpius\/wp-content\/uploads\/usu2454\/2024\/10\/20241016_1808431-2048x1536.jpg 2048w, https:\/\/agora.xtec.cat\/insfortpius\/wp-content\/uploads\/usu2454\/2024\/10\/20241016_1808431-200x150.jpg 200w\" sizes=\"auto, (max-width: 2560px) 100vw, 2560px\" \/><\/a><\/p>\n<p><strong>SECTOR ALUMNAT<\/strong><\/p>\n<ul>\n<li>Mikel Ib\u00e1\u00f1ez (4t ESO)<\/li>\n<li>Daniel Ferrer (3r ESO)<\/li>\n<\/ul>\n<p><strong>SECTOR FAM\u00cdLIES<\/strong><\/p>\n<ul>\n<li>Maria Isabel Espasa<\/li>\n<li>Elena Esmor\u00eds<\/li>\n<\/ul>\n<p>Els <strong>consells escolars<\/strong> dels centres educatius supervisen i acompanyen l\u2019Equip de direcci\u00f3 en totes les decisions que prenen des del centre; des de la seva documentaci\u00f3 estrat\u00e8gica al debat de les petites actuacions que es duen a terme en el nostre dia a dia.<\/p>\n<p>Per aix\u00f2, tamb\u00e9 volem agra\u00efm la feina i suport que hem rebut de les persones que deixen d\u2019ocupar aquest c\u00e0rrec:<\/p>\n<ul>\n<li>Roger Mart\u00ednez del sector fam\u00edlies<\/li>\n<li>Guillem Pintos, Sacra Comorera, Esperan\u00e7a Mart\u00ed i Anna Bruguer del sector professorat<\/li>\n<li>Cristina Catal\u00e0 del PAS<\/li>\n<li>Martina Rodr\u00edguez del sector alumnat<\/li>\n<\/ul>\n<p>A tots i totes elles, el nostre sentit agra\u00efment per les seves opinions i propostes, que han fet cr\u00e9ixer i enfortir el Fort Pius.<\/p>\n<p>La setmana entrant farem la constituci\u00f3 del nou Consell Escolar, a qui desitgem bona feina i encerts en el futur.<\/p>\n<p>Membres del nou Consell Escolar:<\/p>\n<table>\n<tbody>\n<tr>\n<td colspan=\"4\">\n<p dir=\"ltr\"><strong>MEMBRES NATS<\/strong><\/p>\n<\/td>\n<\/tr>\n<tr>\n<td colspan=\"2\">\n<p dir=\"ltr\"><strong>Director<\/strong><\/p>\n<\/td>\n<td colspan=\"2\">\n<p dir=\"ltr\">Joan Gavilan<\/p>\n<\/td>\n<\/tr>\n<tr>\n<td colspan=\"2\">\n<p dir=\"ltr\"><strong>Cap d\u2019Estudis<\/strong><\/p>\n<\/td>\n<td colspan=\"2\">\n<p dir=\"ltr\">Marc Hortal<\/p>\n<\/td>\n<\/tr>\n<tr>\n<td colspan=\"2\">\n<p dir=\"ltr\"><strong>Secret\u00e0ria<\/strong><\/p>\n<\/td>\n<td colspan=\"2\">\n<p dir=\"ltr\">Pilar D\u00edaz<\/p>\n<\/td>\n<\/tr>\n<tr>\n<td colspan=\"4\">\n<p dir=\"ltr\"><strong>MEMBRES NOMENATS<\/strong><\/p>\n<\/td>\n<\/tr>\n<tr>\n<td colspan=\"2\">\n<p dir=\"ltr\"><strong>Representant Ajuntament<\/strong><\/p>\n<\/td>\n<td colspan=\"2\">\n<p dir=\"ltr\">Maria Jos\u00e9 P\u00e9rez<\/p>\n<\/td>\n<\/tr>\n<tr>\n<td colspan=\"2\">\n<p dir=\"ltr\"><strong>Representant AFA Fort Pius<\/strong><\/p>\n<\/td>\n<td colspan=\"2\">\n<p dir=\"ltr\">Rosalia Melis<\/p>\n<\/td>\n<\/tr>\n<tr>\n<td colspan=\"4\">\n<p dir=\"ltr\"><strong>MEMBRES ELECTES<\/strong><\/p>\n<\/td>\n<\/tr>\n<tr>\n<td>\n<p dir=\"ltr\"><strong>SECTOR PROFESSORAT<\/strong><\/p>\n<\/td>\n<td>\n<p dir=\"ltr\"><strong>SECTOR ALUMNAT<\/strong><\/p>\n<\/td>\n<td>\n<p dir=\"ltr\"><strong>SECTOR FAM\u00cdLIES<\/strong><\/p>\n<\/td>\n<td>\n<p dir=\"ltr\"><strong>PAS<\/strong><\/p>\n<\/td>\n<\/tr>\n<tr>\n<td>\n<p dir=\"ltr\">Josep Maria Sard\u00e0<\/p>\n<\/td>\n<td>Mikel Ib\u00e1\u00f1ez<\/td>\n<td>\n<p dir=\"ltr\">Montse vela<\/p>\n<\/td>\n<td>\n<p dir=\"ltr\">Roger Espa\u00f1ol<\/p>\n<\/td>\n<\/tr>\n<tr>\n<td>\n<p dir=\"ltr\">Cristina Moncus\u00ed<\/p>\n<\/td>\n<td>\n<p dir=\"ltr\">Daniel Ferrer<\/p>\n<\/td>\n<td>\n<p dir=\"ltr\">Maria Isabel Espasa<\/p>\n<\/td>\n<td><\/td>\n<\/tr>\n<tr>\n<td>\n<p dir=\"ltr\">\u00c0ngels Tormo<\/p>\n<\/td>\n<td>\n<p dir=\"ltr\">\n<\/td>\n<td>\n<p dir=\"ltr\">Elena Esmor\u00eds<\/p>\n<\/td>\n<td><\/td>\n<\/tr>\n<tr>\n<td>\n<p dir=\"ltr\">Bernat Rios<\/p>\n<\/td>\n<td><\/td>\n<td><\/td>\n<td><\/td>\n<\/tr>\n<tr>\n<td>\n<p dir=\"ltr\">Virginia P\u00e9rez<\/p>\n<\/td>\n<td><\/td>\n<td><\/td>\n<td><\/td>\n<\/tr>\n<tr>\n<td>\n<p dir=\"ltr\">Esperanza Mart\u00ed<\/p>\n<\/td>\n<td><\/td>\n<td><\/td>\n<td><\/td>\n<\/tr>\n<\/tbody>\n<\/table>\n<p dir=\"ltr\">\n","protected":false},"excerpt":{"rendered":"<p>Consell escolar curs 2024-2025<br \/>\n<a href=\"https:\/\/agora.xtec.cat\/insfortpius\/wp-content\/uploads\/usu2454\/2024\/10\/20241016_1808431-scaled.jpg\"><\/a><br \/>\nSECTOR ALUMNAT<\/p>\n<ul>\n<li>Mikel Ib\u00e1\u00f1ez (4t ESO)<\/li>\n<li>Daniel Ferrer (3r ESO)<\/li>\n<\/ul>\n<p>SECTOR FAM\u00cdLIES<\/p>\n<ul>\n<li>Maria Isabel Espasa<\/li>\n<li>Elena Esmor\u00eds<\/li>\n<\/ul>\n<p>Els consells escolars dels centres educatius supervisen i acompanyen l\u2019Equip de direcci\u00f3 en totes les decisions que prenen des del centre; des de la seva documentaci\u00f3 estrat\u00e8gica al debat de&hellip;  <a href=\"https:\/\/agora.xtec.cat\/insfortpius\/linstitut\/consell-escolar\/\" title=\"Read Consell escolar\">Llegeix m\u00e9s\u00bb<\/a><\/p>\n","protected":false},"author":1,"featured_media":0,"parent":19,"menu_order":70,"comment_status":"closed","ping_status":"closed","template":"","meta":{"_bbp_topic_count":0,"_bbp_reply_count":0,"_bbp_total_topic_count":0,"_bbp_total_reply_count":0,"_bbp_voice_count":0,"_bbp_anonymous_reply_count":0,"_bbp_topic_count_hidden":0,"_bbp_reply_count_hidden":0,"_bbp_forum_subforum_count":0,"footnotes":""},"class_list":["post-43","page","type-page","status-publish","hentry"],"post_mailing_queue_ids":[],"_links":{"self":[{"href":"https:\/\/agora.xtec.cat\/insfortpius\/wp-json\/wp\/v2\/pages\/43","targetHints":{"allow":["GET"]}}],"collection":[{"href":"https:\/\/agora.xtec.cat\/insfortpius\/wp-json\/wp\/v2\/pages"}],"about":[{"href":"https:\/\/agora.xtec.cat\/insfortpius\/wp-json\/wp\/v2\/types\/page"}],"author":[{"embeddable":true,"href":"https:\/\/agora.xtec.cat\/insfortpius\/wp-json\/wp\/v2\/users\/1"}],"replies":[{"embeddable":true,"href":"https:\/\/agora.xtec.cat\/insfortpius\/wp-json\/wp\/v2\/comments?post=43"}],"version-history":[{"count":7,"href":"https:\/\/agora.xtec.cat\/insfortpius\/wp-json\/wp\/v2\/pages\/43\/revisions"}],"predecessor-version":[{"id":4278,"href":"https:\/\/agora.xtec.cat\/insfortpius\/wp-json\/wp\/v2\/pages\/43\/revisions\/4278"}],"up":[{"embeddable":true,"href":"https:\/\/agora.xtec.cat\/insfortpius\/wp-json\/wp\/v2\/pages\/19"}],"wp:attachment":[{"href":"https:\/\/agora.xtec.cat\/insfortpius\/wp-json\/wp\/v2\/media?parent=43"}],"curies":[{"name":"wp","href":"https:\/\/api.w.org\/{rel}","templated":true}]}}