{"id":3292,"date":"2024-02-20T08:54:20","date_gmt":"2024-02-20T07:54:20","guid":{"rendered":"https:\/\/agora.xtec.cat\/insfortpius\/?page_id=3292"},"modified":"2025-03-20T19:46:56","modified_gmt":"2025-03-20T18:46:56","slug":"gestio-economica","status":"publish","type":"page","link":"https:\/\/agora.xtec.cat\/insfortpius\/linstitut\/documentacio\/gestio-economica\/","title":{"rendered":"Gesti\u00f3 econ\u00f2mica"},"content":{"rendered":"<p><strong>Liquidaci\u00f3 econ\u00f2mica 2024<\/strong><\/p>\n\r\n\t<div class=\"slideshow_container slideshow_container_style-light\" style=\"height: 1500px; \" data-slideshow-id=\"4637\" data-style-name=\"style-light\" data-style-version=\"2.3.1\" >\r\n\r\n\t\t\t\t\t<div class=\"slideshow_loading_icon\"><\/div>\r\n\t\t\r\n\t\t<div class=\"slideshow_content\" style=\"display: none;\">\r\n\r\n\t\t\t<div class=\"slideshow_view\">\r\n\t\t\t\t<div class=\"slideshow_slide slideshow_slide_image\">\r\n\t\t\t\t\t\t\t\t\t\t\t<img src=\"https:\/\/agora.xtec.cat\/insfortpius\/wp-content\/uploads\/usu2454\/2025\/03\/Liquidacio-del-pressupost5_page-0001.jpg\" alt=\"Liquidacio\u0301 del pressupost(5)_page-0001\" width=\"1241\" height=\"1754\" \/>\r\n\t\t\t\t\t\t\t\t\t\t<div class=\"slideshow_description_box slideshow_transparent\">\r\n\t\t\t\t\t\t<div class=\"slideshow_title\">Liquidacio\u0301 del pressupost(5)_page-0001<\/div>\t\t\t\t\t\t\t\t\t\t\t<\/div>\r\n\t\t\t\t<\/div>\r\n\r\n\t\t\t\t\t\t<div style=\"clear: both;\"><\/div><\/div><div class=\"slideshow_view\">\r\n\t\t\t\t<div class=\"slideshow_slide slideshow_slide_image\">\r\n\t\t\t\t\t\t\t\t\t\t\t<img src=\"https:\/\/agora.xtec.cat\/insfortpius\/wp-content\/uploads\/usu2454\/2025\/03\/Liquidacio-del-pressupost5_page-0002.jpg\" alt=\"Liquidacio\u0301 del pressupost(5)_page-0002\" width=\"1241\" height=\"1754\" \/>\r\n\t\t\t\t\t\t\t\t\t\t<div class=\"slideshow_description_box slideshow_transparent\">\r\n\t\t\t\t\t\t<div class=\"slideshow_title\">Liquidacio\u0301 del pressupost(5)_page-0002<\/div>\t\t\t\t\t\t\t\t\t\t\t<\/div>\r\n\t\t\t\t<\/div>\r\n\r\n\t\t\t\t\t\t<div style=\"clear: both;\"><\/div><\/div><div class=\"slideshow_view\">\r\n\t\t\t\t<div class=\"slideshow_slide slideshow_slide_image\">\r\n\t\t\t\t\t\t\t\t\t\t\t<img src=\"https:\/\/agora.xtec.cat\/insfortpius\/wp-content\/uploads\/usu2454\/2025\/03\/Liquidacio-del-pressupost5_page-0003.jpg\" alt=\"Liquidacio\u0301 del pressupost(5)_page-0003\" width=\"1241\" height=\"1754\" \/>\r\n\t\t\t\t\t\t\t\t\t\t<div class=\"slideshow_description_box slideshow_transparent\">\r\n\t\t\t\t\t\t<div class=\"slideshow_title\">Liquidacio\u0301 del pressupost(5)_page-0003<\/div>\t\t\t\t\t\t\t\t\t\t\t<\/div>\r\n\t\t\t\t<\/div>\r\n\r\n\t\t\t\t\t\t<div style=\"clear: both;\"><\/div><\/div><div class=\"slideshow_view\">\r\n\t\t\t\t<div class=\"slideshow_slide slideshow_slide_image\">\r\n\t\t\t\t\t\t\t\t\t\t\t<img src=\"https:\/\/agora.xtec.cat\/insfortpius\/wp-content\/uploads\/usu2454\/2025\/03\/Liquidacio-del-pressupost5_page-0004.jpg\" alt=\"Liquidacio\u0301 del pressupost(5)_page-0004\" width=\"1241\" height=\"1754\" \/>\r\n\t\t\t\t\t\t\t\t\t\t<div class=\"slideshow_description_box slideshow_transparent\">\r\n\t\t\t\t\t\t<div class=\"slideshow_title\">Liquidacio\u0301 del pressupost(5)_page-0004<\/div>\t\t\t\t\t\t\t\t\t\t\t<\/div>\r\n\t\t\t\t<\/div>\r\n\r\n\t\t\t\t\t\t<div style=\"clear: both;\"><\/div><\/div>\r\n\t\t<\/div>\r\n\r\n\t\t<div class=\"slideshow_controlPanel slideshow_transparent\" style=\"display: none;\"><ul><li class=\"slideshow_togglePlay\" data-play-text=\"Visualitza\" data-pause-text=\"Pausa\"><\/li><\/ul><\/div>\r\n\r\n\t\t<div class=\"slideshow_button slideshow_previous slideshow_transparent\" role=\"button\" data-previous-text=\"Anterior\" style=\"display: none;\"><\/div>\r\n\t\t<div class=\"slideshow_button slideshow_next slideshow_transparent\" role=\"button\" data-next-text=\"Seg\u00fcent\" style=\"display: none;\"><\/div>\r\n\r\n\t\t<div class=\"slideshow_pagination\" style=\"display: none;\" data-go-to-text=\"V\u00e9s a la diapositiva\"><div class=\"slideshow_pagination_center\"><\/div><\/div>\r\n\r\n\t\t<!-- WordPress Slideshow Version 2.3.1 -->\r\n\r\n\t\t\t<\/div>\r\n\r\n\n<p>Descarrega el document clicant <a href=\"https:\/\/drive.google.com\/file\/d\/1QitlRjnTa35ePwdfIs_oFxajHkw1VE6U\/view?usp=sharing\">aqu\u00ed<\/a>.<\/p>\n<p><strong>Pressupost del curs 2025-2026<\/strong><\/p>\n\r\n\t<div class=\"slideshow_container slideshow_container_style-light\" style=\"height: 1500px; \" data-slideshow-id=\"4642\" data-style-name=\"style-light\" data-style-version=\"2.3.1\" >\r\n\r\n\t\t\t\t\t<div class=\"slideshow_loading_icon\"><\/div>\r\n\t\t\r\n\t\t<div class=\"slideshow_content\" style=\"display: none;\">\r\n\r\n\t\t\t<div class=\"slideshow_view\">\r\n\t\t\t\t<div class=\"slideshow_slide slideshow_slide_image\">\r\n\t\t\t\t\t\t\t\t\t\t\t<img src=\"https:\/\/agora.xtec.cat\/insfortpius\/wp-content\/uploads\/usu2454\/2025\/03\/Dades-del-pressupost11_page-0001.jpg\" alt=\"Dades del pressupost(11)_page-0001\" width=\"1754\" height=\"1241\" \/>\r\n\t\t\t\t\t\t\t\t\t\t<div class=\"slideshow_description_box slideshow_transparent\">\r\n\t\t\t\t\t\t<div class=\"slideshow_title\">Dades del pressupost(11)_page-0001<\/div>\t\t\t\t\t\t\t\t\t\t\t<\/div>\r\n\t\t\t\t<\/div>\r\n\r\n\t\t\t\t\t\t<div style=\"clear: both;\"><\/div><\/div><div class=\"slideshow_view\">\r\n\t\t\t\t<div class=\"slideshow_slide slideshow_slide_image\">\r\n\t\t\t\t\t\t\t\t\t\t\t<img src=\"https:\/\/agora.xtec.cat\/insfortpius\/wp-content\/uploads\/usu2454\/2025\/03\/Dades-del-pressupost11_page-0002.jpg\" alt=\"Dades del pressupost(11)_page-0002\" width=\"1754\" height=\"1241\" \/>\r\n\t\t\t\t\t\t\t\t\t\t<div class=\"slideshow_description_box slideshow_transparent\">\r\n\t\t\t\t\t\t<div class=\"slideshow_title\">Dades del pressupost(11)_page-0002<\/div>\t\t\t\t\t\t\t\t\t\t\t<\/div>\r\n\t\t\t\t<\/div>\r\n\r\n\t\t\t\t\t\t<div style=\"clear: both;\"><\/div><\/div><div class=\"slideshow_view\">\r\n\t\t\t\t<div class=\"slideshow_slide slideshow_slide_image\">\r\n\t\t\t\t\t\t\t\t\t\t\t<img src=\"https:\/\/agora.xtec.cat\/insfortpius\/wp-content\/uploads\/usu2454\/2025\/03\/Dades-del-pressupost11_page-0003.jpg\" alt=\"Dades del pressupost(11)_page-0003\" width=\"1754\" height=\"1241\" \/>\r\n\t\t\t\t\t\t\t\t\t\t<div class=\"slideshow_description_box slideshow_transparent\">\r\n\t\t\t\t\t\t<div class=\"slideshow_title\">Dades del pressupost(11)_page-0003<\/div>\t\t\t\t\t\t\t\t\t\t\t<\/div>\r\n\t\t\t\t<\/div>\r\n\r\n\t\t\t\t\t\t<div style=\"clear: both;\"><\/div><\/div><div class=\"slideshow_view\">\r\n\t\t\t\t<div class=\"slideshow_slide slideshow_slide_image\">\r\n\t\t\t\t\t\t\t\t\t\t\t<img src=\"https:\/\/agora.xtec.cat\/insfortpius\/wp-content\/uploads\/usu2454\/2025\/03\/Dades-del-pressupost11_page-0004.jpg\" alt=\"Dades del pressupost(11)_page-0004\" width=\"1754\" height=\"1241\" \/>\r\n\t\t\t\t\t\t\t\t\t\t<div class=\"slideshow_description_box slideshow_transparent\">\r\n\t\t\t\t\t\t<div class=\"slideshow_title\">Dades del pressupost(11)_page-0004<\/div>\t\t\t\t\t\t\t\t\t\t\t<\/div>\r\n\t\t\t\t<\/div>\r\n\r\n\t\t\t\t\t\t<div style=\"clear: both;\"><\/div><\/div>\r\n\t\t<\/div>\r\n\r\n\t\t<div class=\"slideshow_controlPanel slideshow_transparent\" style=\"display: none;\"><ul><li class=\"slideshow_togglePlay\" data-play-text=\"Visualitza\" data-pause-text=\"Pausa\"><\/li><\/ul><\/div>\r\n\r\n\t\t<div class=\"slideshow_button slideshow_previous slideshow_transparent\" role=\"button\" data-previous-text=\"Anterior\" style=\"display: none;\"><\/div>\r\n\t\t<div class=\"slideshow_button slideshow_next slideshow_transparent\" role=\"button\" data-next-text=\"Seg\u00fcent\" style=\"display: none;\"><\/div>\r\n\r\n\t\t<div class=\"slideshow_pagination\" style=\"display: none;\" data-go-to-text=\"V\u00e9s a la diapositiva\"><div class=\"slideshow_pagination_center\"><\/div><\/div>\r\n\r\n\t\t<!-- WordPress Slideshow Version 2.3.1 -->\r\n\r\n\t\t\t<\/div>\r\n\r\n\n<p>Descarrega el document clicant <a href=\"https:\/\/drive.google.com\/file\/d\/1kBf4PS7N46AdWeoYeTfQJsrOvyHjn_Ou\/view?usp=sharing\">aqu\u00ed<\/a>.<\/p>\n","protected":false},"excerpt":{"rendered":"<p>Liquidaci\u00f3 econ\u00f2mica 2024<\/p>\n<p>\t\t\t\t\t\tLiquidacio\u0301 del pressupost(5)_page-0001\t\t\t\t\t\t\t\t\t\t\t<\/p>\n<p>\t\t\t\t\t\tLiquidacio\u0301 del pressupost(5)_page-0002\t\t\t\t\t\t\t\t\t\t\t<\/p>\n<p>\t\t\t\t\t\tLiquidacio\u0301 del pressupost(5)_page-0003\t\t\t\t\t\t\t\t\t\t\t<\/p>\n<p>\t\t\t\t\t\tLiquidacio\u0301 del pressupost(5)_page-0004\t\t\t\t\t\t\t\t\t\t\t<\/p>\n<ul>\n<li class=\"slideshow_togglePlay\" data-play-text=\"Visualitza\" data-pause-text=\"Pausa\"><\/li>\n<\/ul>\n<p>Descarrega el document clicant <a href=\"https:\/\/drive.google.com\/file\/d\/1QitlRjnTa35ePwdfIs_oFxajHkw1VE6U\/view?usp=sharing\">aqu\u00ed<\/a>.<br \/>\nPressupost del curs 2025-2026<\/p>\n<p>\t\t\t\t\t\tDades del pressupost(11)_page-0001\t\t\t\t\t\t\t\t\t\t\t<\/p>\n<p>\t\t\t\t\t\tDades del pressupost(11)_page-0002\t\t\t\t\t\t\t\t\t\t\t<\/p>\n<p>\t\t\t\t\t\tDades del pressupost(11)_page-0003\t\t\t\t\t\t\t\t\t\t\t<\/p>\n<p>\t\t\t\t\t\tDades del pressupost(11)_page-0004\t\t\t\t\t\t\t\t\t\t\t<\/p>\n<ul>\n<li class=\"slideshow_togglePlay\" data-play-text=\"Visualitza\" data-pause-text=\"Pausa\"><\/li>\n<\/ul>\n<p>Descarrega el document clicant <a href=\"https:\/\/drive.google.com\/file\/d\/1kBf4PS7N46AdWeoYeTfQJsrOvyHjn_Ou\/view?usp=sharing\">aqu\u00ed<\/a>.<\/p>\n","protected":false},"author":1,"featured_media":0,"parent":1297,"menu_order":10,"comment_status":"closed","ping_status":"closed","template":"","meta":{"_bbp_topic_count":0,"_bbp_reply_count":0,"_bbp_total_topic_count":0,"_bbp_total_reply_count":0,"_bbp_voice_count":0,"_bbp_anonymous_reply_count":0,"_bbp_topic_count_hidden":0,"_bbp_reply_count_hidden":0,"_bbp_forum_subforum_count":0,"footnotes":""},"class_list":["post-3292","page","type-page","status-publish","hentry"],"post_mailing_queue_ids":[],"_links":{"self":[{"href":"https:\/\/agora.xtec.cat\/insfortpius\/wp-json\/wp\/v2\/pages\/3292","targetHints":{"allow":["GET"]}}],"collection":[{"href":"https:\/\/agora.xtec.cat\/insfortpius\/wp-json\/wp\/v2\/pages"}],"about":[{"href":"https:\/\/agora.xtec.cat\/insfortpius\/wp-json\/wp\/v2\/types\/page"}],"author":[{"embeddable":true,"href":"https:\/\/agora.xtec.cat\/insfortpius\/wp-json\/wp\/v2\/users\/1"}],"replies":[{"embeddable":true,"href":"https:\/\/agora.xtec.cat\/insfortpius\/wp-json\/wp\/v2\/comments?post=3292"}],"version-history":[{"count":7,"href":"https:\/\/agora.xtec.cat\/insfortpius\/wp-json\/wp\/v2\/pages\/3292\/revisions"}],"predecessor-version":[{"id":4709,"href":"https:\/\/agora.xtec.cat\/insfortpius\/wp-json\/wp\/v2\/pages\/3292\/revisions\/4709"}],"up":[{"embeddable":true,"href":"https:\/\/agora.xtec.cat\/insfortpius\/wp-json\/wp\/v2\/pages\/1297"}],"wp:attachment":[{"href":"https:\/\/agora.xtec.cat\/insfortpius\/wp-json\/wp\/v2\/media?parent=3292"}],"curies":[{"name":"wp","href":"https:\/\/api.w.org\/{rel}","templated":true}]}}