{"id":2956,"date":"2024-01-13T13:46:48","date_gmt":"2024-01-13T12:46:48","guid":{"rendered":"https:\/\/agora.xtec.cat\/insfortpius\/?page_id=2956"},"modified":"2026-04-15T17:21:23","modified_gmt":"2026-04-15T15:21:23","slug":"menjador","status":"publish","type":"page","link":"https:\/\/agora.xtec.cat\/insfortpius\/alumnat\/menjador\/","title":{"rendered":"Menjador"},"content":{"rendered":"<p style=\"text-align: justify;\">L&#8217;Institut ofereix un servei de <strong>cantina<\/strong> a l&#8217;hora del pati on l&#8217;alumnat pot adquirir entrepans, pates dolces i begudes no ensucrades i un servei de <strong>menjador escolar.<\/strong><\/p>\n<p style=\"text-align: justify;\">El servei de menjador \u00e9s un c\u00e0tering servit pel <a href=\"https:\/\/barnalleure.cat\/\" target=\"_blank\" rel=\"noopener\">Grup Barnalleure<\/a> de dilluns a dijous. Els preus del servei \u00e9s de 7,13 \u20ac per usuari fix (m\u00ednim 2 dies\/setmana) i 7,85 \u20ac pels usuaris espor\u00e0dics.<\/p>\n<p style=\"text-align: justify;\">Tamb\u00e9 s&#8217;ofereix servei de carmanyola amb un preu de 4\u20ac diari, que cobreix el servei de monitoratge.<\/p>\n<p style=\"text-align: justify;\">En <a href=\"https:\/\/drive.google.com\/file\/d\/1lLU78QJB_-3UtjrF5SDk2C8Xk8SA-4G9\/view?usp=drive_link\" target=\"_blank\" rel=\"noopener\">aquest enlla\u00e7<\/a> podreu trobar la documentaci\u00f3 per formalitzar la inscripci\u00f3 al servei de menjador.<\/p>\n<p>&nbsp;<\/p>\n<p>El servei de menjador ofereix dos men\u00fas diferents, un men\u00fa basal i un men\u00fa sense carn. Els podeu consultar a continuaci\u00f3:<\/p>\n<table style=\"border-collapse: collapse; width: 39.1967%;\">\n<tbody>\n<tr>\n<td style=\"width: 38.4%; text-align: center;\"><img loading=\"lazy\" decoding=\"async\" class=\"alignnone wp-image-2954\" src=\"https:\/\/agora.xtec.cat\/insfortpius\/wp-content\/uploads\/usu2454\/2024\/01\/kisspng-pelmeni-pot-pie-breakfast-sirloin-steak-food-5afe171da64db8.9259747015266015016812-300x300.png\" alt=\"\" width=\"118\" height=\"118\" srcset=\"https:\/\/agora.xtec.cat\/insfortpius\/wp-content\/uploads\/usu2454\/2024\/01\/kisspng-pelmeni-pot-pie-breakfast-sirloin-steak-food-5afe171da64db8.9259747015266015016812-300x300.png 300w, https:\/\/agora.xtec.cat\/insfortpius\/wp-content\/uploads\/usu2454\/2024\/01\/kisspng-pelmeni-pot-pie-breakfast-sirloin-steak-food-5afe171da64db8.9259747015266015016812-150x150.png 150w, https:\/\/agora.xtec.cat\/insfortpius\/wp-content\/uploads\/usu2454\/2024\/01\/kisspng-pelmeni-pot-pie-breakfast-sirloin-steak-food-5afe171da64db8.9259747015266015016812.png 512w\" sizes=\"auto, (max-width: 118px) 100vw, 118px\" \/><\/td>\n<td style=\"width: 35.6979%; text-align: center;\"><img loading=\"lazy\" decoding=\"async\" class=\"alignnone wp-image-2955\" src=\"https:\/\/agora.xtec.cat\/insfortpius\/wp-content\/uploads\/usu2454\/2024\/01\/kisspng-computer-icons-food-lettuce-clip-art-vegetable-icon-5b28d117c43558.3058064315294016238037-300x300.png\" alt=\"\" width=\"113\" height=\"113\" srcset=\"https:\/\/agora.xtec.cat\/insfortpius\/wp-content\/uploads\/usu2454\/2024\/01\/kisspng-computer-icons-food-lettuce-clip-art-vegetable-icon-5b28d117c43558.3058064315294016238037-300x300.png 300w, https:\/\/agora.xtec.cat\/insfortpius\/wp-content\/uploads\/usu2454\/2024\/01\/kisspng-computer-icons-food-lettuce-clip-art-vegetable-icon-5b28d117c43558.3058064315294016238037-150x150.png 150w, https:\/\/agora.xtec.cat\/insfortpius\/wp-content\/uploads\/usu2454\/2024\/01\/kisspng-computer-icons-food-lettuce-clip-art-vegetable-icon-5b28d117c43558.3058064315294016238037.png 512w\" sizes=\"auto, (max-width: 113px) 100vw, 113px\" \/><\/td>\n<\/tr>\n<tr>\n<td style=\"width: 38.4%; text-align: center;\"><a href=\"https:\/\/drive.google.com\/file\/d\/10lciThFd1Zyo-QWGAa-VewnGJe32dGoj\/view?usp=drive_link\">Men\u00fa basal<\/a><\/td>\n<td style=\"width: 35.6979%; text-align: center;\"><a href=\"https:\/\/drive.google.com\/file\/d\/18PkmyxOvrH2hymAVxa1qWsV1Me02JYJm\/view?usp=drive_link\">Men\u00fa sense carn<\/a><\/td>\n<\/tr>\n<\/tbody>\n<\/table>\n<p>&nbsp;<\/p>\n<p>&nbsp;<\/p>\n","protected":false},"excerpt":{"rendered":"<p>L&#8217;Institut ofereix un servei de cantina a l&#8217;hora del pati on l&#8217;alumnat pot adquirir entrepans, pates dolces i begudes no ensucrades i un servei de menjador escolar.<br \/>\nEl servei de menjador \u00e9s un c\u00e0tering servit pel <a href=\"https:\/\/barnalleure.cat\/\" target=\"_blank\" rel=\"noopener\">Grup Barnalleure<\/a> de dilluns a dijous. Els&hellip;  <a href=\"https:\/\/agora.xtec.cat\/insfortpius\/alumnat\/menjador\/\" title=\"Read Menjador\">Llegeix m\u00e9s\u00bb<\/a><\/p>\n","protected":false},"author":1,"featured_media":0,"parent":3857,"menu_order":0,"comment_status":"closed","ping_status":"closed","template":"","meta":{"_bbp_topic_count":0,"_bbp_reply_count":0,"_bbp_total_topic_count":0,"_bbp_total_reply_count":0,"_bbp_voice_count":0,"_bbp_anonymous_reply_count":0,"_bbp_topic_count_hidden":0,"_bbp_reply_count_hidden":0,"_bbp_forum_subforum_count":0,"footnotes":""},"class_list":["post-2956","page","type-page","status-publish","hentry"],"post_mailing_queue_ids":[],"_links":{"self":[{"href":"https:\/\/agora.xtec.cat\/insfortpius\/wp-json\/wp\/v2\/pages\/2956","targetHints":{"allow":["GET"]}}],"collection":[{"href":"https:\/\/agora.xtec.cat\/insfortpius\/wp-json\/wp\/v2\/pages"}],"about":[{"href":"https:\/\/agora.xtec.cat\/insfortpius\/wp-json\/wp\/v2\/types\/page"}],"author":[{"embeddable":true,"href":"https:\/\/agora.xtec.cat\/insfortpius\/wp-json\/wp\/v2\/users\/1"}],"replies":[{"embeddable":true,"href":"https:\/\/agora.xtec.cat\/insfortpius\/wp-json\/wp\/v2\/comments?post=2956"}],"version-history":[{"count":7,"href":"https:\/\/agora.xtec.cat\/insfortpius\/wp-json\/wp\/v2\/pages\/2956\/revisions"}],"predecessor-version":[{"id":5446,"href":"https:\/\/agora.xtec.cat\/insfortpius\/wp-json\/wp\/v2\/pages\/2956\/revisions\/5446"}],"up":[{"embeddable":true,"href":"https:\/\/agora.xtec.cat\/insfortpius\/wp-json\/wp\/v2\/pages\/3857"}],"wp:attachment":[{"href":"https:\/\/agora.xtec.cat\/insfortpius\/wp-json\/wp\/v2\/media?parent=2956"}],"curies":[{"name":"wp","href":"https:\/\/api.w.org\/{rel}","templated":true}]}}