{"id":27,"date":"2014-09-17T16:24:03","date_gmt":"2014-09-17T16:24:03","guid":{"rendered":"http:\/\/agora.xtec.cat\/insfortpius\/?page_id=27"},"modified":"2025-02-24T16:52:33","modified_gmt":"2025-02-24T15:52:33","slug":"historia","status":"publish","type":"page","link":"https:\/\/agora.xtec.cat\/insfortpius\/linstitut\/historia\/","title":{"rendered":"Hist\u00f2ria"},"content":{"rendered":"<h3 style=\"text-align: justify;\">La caserna de la Guardia Civil del carrer Ausi\u00e0s March<\/h3>\n<p style=\"text-align: justify;\">L&#8217;any 1884, la Gu\u00e0rdia Civil volia deixar la seva caserna a la Rambla dels Caputxins, al &#8220;<em>Antiguo colegio de San Angelo de los carmelitas descalzos&#8221;<\/em>.<\/p>\n<p style=\"text-align: justify;\"><a href=\"https:\/\/agora.xtec.cat\/insfortpius\/wp-content\/uploads\/usu2454\/2025\/02\/postal-caserna-scaled.jpg\"><img loading=\"lazy\" decoding=\"async\" class=\" wp-image-4526 alignleft\" src=\"https:\/\/agora.xtec.cat\/insfortpius\/wp-content\/uploads\/usu2454\/2025\/02\/postal-caserna-scaled.jpg\" alt=\"\" width=\"369\" height=\"528\" srcset=\"https:\/\/agora.xtec.cat\/insfortpius\/wp-content\/uploads\/usu2454\/2025\/02\/postal-caserna-scaled.jpg 1788w, https:\/\/agora.xtec.cat\/insfortpius\/wp-content\/uploads\/usu2454\/2025\/02\/postal-caserna-209x300.jpg 209w, https:\/\/agora.xtec.cat\/insfortpius\/wp-content\/uploads\/usu2454\/2025\/02\/postal-caserna-715x1024.jpg 715w, https:\/\/agora.xtec.cat\/insfortpius\/wp-content\/uploads\/usu2454\/2025\/02\/postal-caserna-768x1100.jpg 768w, https:\/\/agora.xtec.cat\/insfortpius\/wp-content\/uploads\/usu2454\/2025\/02\/postal-caserna-1073x1536.jpg 1073w, https:\/\/agora.xtec.cat\/insfortpius\/wp-content\/uploads\/usu2454\/2025\/02\/postal-caserna-1430x2048.jpg 1430w\" sizes=\"auto, (max-width: 369px) 100vw, 369px\" \/><\/a>L&#8217;Ateneu Barcelon\u00e8s, a trav\u00e9s de Manuel Girona, els va proposar una permuta: l&#8217;Ateneu es quedaria amb l&#8217;edifici de la Rambla i Manuel Girona, a t\u00edtol particular, els edificaria una nova seu en uns terrenys al carrer d&#8217;Ausi\u00e0s Marc, a prop de l&#8217;Estaci\u00f3 del Nord, que en aquells moments eren als afores de la ciutat.<\/p>\n<p style=\"text-align: justify;\">Uns anys despr\u00e9s, Manuel Girona ja havia constru\u00eft l&#8217;edifici del carrer Ausi\u00e0s Marc, per\u00f2 els p\u00e8rits no es posaven d&#8217;acord en la taxaci\u00f3. L&#8217;Ateneu va abandonar, definitivament, el projecte i es va establir en un altre palau, on encara est\u00e0 avui.<\/p>\n<p style=\"text-align: justify;\">La caserna era de cavalleria i de tant en tant sortien not\u00edcies al diari &#8220;La Vanguardia&#8221; sobre la compra de cavalls i altres temes militars. Era una casa caserna on vivien gu\u00e0rdies civils amb les seves fam\u00edlies.<\/p>\n<p style=\"text-align: justify;\">El juliol de 1936, era una caserna de la Gu\u00e0rdia Nacional Republicana; i la nit del 18 al 19, van ser aquarterats diversos comandaments que es podien revoltar per tal de neutralitzar-los. Aquest va ser un dels llocs on va trucar el general Goded quan va arribar a Barcelona, per prendre el comandament dels militars sublevats.<\/p>\n<p style=\"text-align: justify;\">Al passeig de Sant Joan\/Casp va ser el lloc d&#8217;inici de la columna dirigida pel coronel Escobar, que baixar\u00e0 fins a la pla\u00e7a Palau per pujar per la Via Laietana fins a la comissaria, on es posara al servei del govern leg\u00edtim de la Rep\u00fablica.<\/p>\n<h3 style=\"text-align: justify;\">Volem ser un barri<\/h3>\n<p style=\"text-align: justify;\">En el context de la fi de la dictadura i l\u2019auge del moviment associatiu i pol\u00edtic, en general, l\u2019any 1976, es va crear l\u2019Associaci\u00f3 de Ve\u00efns del Fort Pienc, com una mostra m\u00e9s de la for\u00e7a del moviment ve\u00efnal en aquella \u00e8poca, quan un grup de persones del barri va comen\u00e7ar a organitzar-se per demanar equipaments i millores per al barri.<\/p>\n<p style=\"text-align: justify;\"><a href=\"https:\/\/agora.xtec.cat\/insfortpius\/wp-content\/uploads\/usu2454\/2025\/02\/FOTO-MALRAUX.jpg\"><img loading=\"lazy\" decoding=\"async\" class=\" wp-image-4531 alignright\" src=\"https:\/\/agora.xtec.cat\/insfortpius\/wp-content\/uploads\/usu2454\/2025\/02\/FOTO-MALRAUX.jpg\" alt=\"\" width=\"459\" height=\"306\" srcset=\"https:\/\/agora.xtec.cat\/insfortpius\/wp-content\/uploads\/usu2454\/2025\/02\/FOTO-MALRAUX.jpg 1830w, https:\/\/agora.xtec.cat\/insfortpius\/wp-content\/uploads\/usu2454\/2025\/02\/FOTO-MALRAUX-300x200.jpg 300w, https:\/\/agora.xtec.cat\/insfortpius\/wp-content\/uploads\/usu2454\/2025\/02\/FOTO-MALRAUX-1024x683.jpg 1024w, https:\/\/agora.xtec.cat\/insfortpius\/wp-content\/uploads\/usu2454\/2025\/02\/FOTO-MALRAUX-768x512.jpg 768w, https:\/\/agora.xtec.cat\/insfortpius\/wp-content\/uploads\/usu2454\/2025\/02\/FOTO-MALRAUX-1536x1024.jpg 1536w\" sizes=\"auto, (max-width: 459px) 100vw, 459px\" \/><\/a>\u201cEl Fort Pienc, en aquells moments, era un barri que podr\u00edem qualificar de perif\u00e8ric respecte a la resta de barris de l&#8217;Eixample. El tancament i posterior abandonament de l&#8217;estaci\u00f3 del Nord i dels terrenys que l&#8217;envoltaven, la progressiva desaparici\u00f3 de les empreses de transports i magatzems que lligaven la seva activitat econ\u00f2mica a l&#8217;Estaci\u00f3, les vies del tren encara a l&#8217;aire lliure en algunes parts del barri i la manca dels equipaments m\u00e9s b\u00e0sics eren una realitat i va ser el revulsiu que va aplegar als ve\u00efns i ve\u00efnes que tenien ganes de canviar el barri.\u201d<\/p>\n<p style=\"text-align: justify;\">L\u2019objectiu que va aglutinar aquests ve\u00efns i ve\u00efnes en aquell moment, era convertir el lloc on vivien en un \u201cbarri de deb\u00f2\u201d, amb equipaments i cohesi\u00f3 ve\u00efnal arrelats a un territori, el barri del <a href=\"https:\/\/somfortpienc.org\/about\/\">Fort Pienc<\/a>, tal com es va batejar l\u2019Associaci\u00f3, ja que era el nom sentit per molts dels seus habitants i basat en diferents refer\u00e8ncies preexistents.<\/p>\n<p style=\"text-align: justify;\">La cohesi\u00f3 ve\u00efnal es va trobar en la reivindicaci\u00f3 dels terrenys de l\u2019Estaci\u00f3 del Nord, que feia anys que estaven en des\u00fas, per a construir-hi els equipaments per dotar el barri dels serveis necessaris: educatius, sanitaris, socials, culturals, esportius, etc. Conjuntament amb altres barris de Barcelona, es va endegar la campanya \u201c<em>Volem els terrenys de la RENFE per a la ciutat\u201d<\/em>, que al nostre barri es va concretar en la campanya <em>\u201cVolem els terrenys de l\u2019Estaci\u00f3 del Nord per al barri\u201d<\/em> i es van fer molts actes reivindicatius en aquest sentit. Fins i tot, l&#8217;Associaci\u00f3 va arreglar uns camps de futbol als terrenys de l&#8217;estaci\u00f3, on van acabar jugant m\u00e9s de 20 equips i van ser la g\u00e8nesi de l\u2019actual camp de futbol, sota el pont de Marina.<\/p>\n<p style=\"text-align: justify;\"><a href=\"https:\/\/agora.xtec.cat\/insfortpius\/wp-content\/uploads\/usu2454\/2025\/02\/FOTO-MANI-AMB-AUCA.jpg\"><img loading=\"lazy\" decoding=\"async\" class=\" wp-image-4528 alignleft\" src=\"https:\/\/agora.xtec.cat\/insfortpius\/wp-content\/uploads\/usu2454\/2025\/02\/FOTO-MANI-AMB-AUCA.jpg\" alt=\"\" width=\"506\" height=\"338\" srcset=\"https:\/\/agora.xtec.cat\/insfortpius\/wp-content\/uploads\/usu2454\/2025\/02\/FOTO-MANI-AMB-AUCA.jpg 1935w, https:\/\/agora.xtec.cat\/insfortpius\/wp-content\/uploads\/usu2454\/2025\/02\/FOTO-MANI-AMB-AUCA-300x201.jpg 300w, https:\/\/agora.xtec.cat\/insfortpius\/wp-content\/uploads\/usu2454\/2025\/02\/FOTO-MANI-AMB-AUCA-1024x685.jpg 1024w, https:\/\/agora.xtec.cat\/insfortpius\/wp-content\/uploads\/usu2454\/2025\/02\/FOTO-MANI-AMB-AUCA-768x514.jpg 768w, https:\/\/agora.xtec.cat\/insfortpius\/wp-content\/uploads\/usu2454\/2025\/02\/FOTO-MANI-AMB-AUCA-1536x1027.jpg 1536w\" sizes=\"auto, (max-width: 506px) 100vw, 506px\" \/><\/a>\u201cEl motiu del nostre sorgiment es podria concretar en dos vessants: aconseguir unes millors condicions de vida i reconstruir a partir d\u2019un marc f\u00edsic, una col\u00b7lectivitat amb unes caracter\u00edstiques culturals i tradicionals pr\u00f2pies d\u2019un barri que lentament, s\u2019han anat perdent i extingint\u201d<\/p>\n<p style=\"text-align: justify;\">A m\u00e9s, l\u2019Associaci\u00f3 va lluitar per aconseguir resoldre els problemes que preocupaven el ve\u00efnat en aquells inicis com el sem\u00e0for de Diputaci\u00f3 Sardenya i altres problemes de tr\u00e0nsit, l\u2019exist\u00e8ncia d\u2019un metro que no funcionava, etc. I tamb\u00e9, va organitzar fires populars de Sant Jordi, \u201c<em>Nadal a tot tren\u201d<\/em>, castanyades, xocolatades i altres actes per donar-se a con\u00e8ixer en el barri i fomentar les festes populars i tradicionals.<\/p>\n<p style=\"text-align: justify;\">Ara les necessitats del barri s\u00f3n unes altres, per\u00f2 l\u2019Associaci\u00f3 continua treballant per fer un barri millor.<\/p>\n<h3 style=\"text-align: justify;\"><b>Volem BUP al barri<\/b><\/h3>\n<p style=\"text-align: justify;\">D\u2019entre les reivindicacions d\u2019equipaments per al barri, una d\u2019elles va ser la reivindicaci\u00f3 de BUP al barri, ja que no hi havia cap centre.\u00a0 En aquest sentit, <em>Esbats<\/em>, el butllet\u00ed de l\u2019Associaci\u00f3 de ve\u00efns Fort Pienc n\u00famero 15, de novembre de 1980 va estar dedicat a la reivindicaci\u00f3 d\u2019un institut, ja que no n\u2019hi havia cap al Fort Pienc\u00a0 i perqu\u00e8 els alumnes de BUP no hagueren de marxar a estudiar fora del barri.<a href=\"https:\/\/agora.xtec.cat\/insfortpius\/wp-content\/uploads\/usu2454\/2025\/02\/BUP-AL-BARRI-scaled.jpg\"><img loading=\"lazy\" decoding=\"async\" class=\" wp-image-4529 alignright\" src=\"https:\/\/agora.xtec.cat\/insfortpius\/wp-content\/uploads\/usu2454\/2025\/02\/BUP-AL-BARRI-scaled.jpg\" alt=\"\" width=\"469\" height=\"674\" srcset=\"https:\/\/agora.xtec.cat\/insfortpius\/wp-content\/uploads\/usu2454\/2025\/02\/BUP-AL-BARRI-scaled.jpg 1782w, https:\/\/agora.xtec.cat\/insfortpius\/wp-content\/uploads\/usu2454\/2025\/02\/BUP-AL-BARRI-209x300.jpg 209w, https:\/\/agora.xtec.cat\/insfortpius\/wp-content\/uploads\/usu2454\/2025\/02\/BUP-AL-BARRI-713x1024.jpg 713w, https:\/\/agora.xtec.cat\/insfortpius\/wp-content\/uploads\/usu2454\/2025\/02\/BUP-AL-BARRI-768x1103.jpg 768w, https:\/\/agora.xtec.cat\/insfortpius\/wp-content\/uploads\/usu2454\/2025\/02\/BUP-AL-BARRI-1069x1536.jpg 1069w, https:\/\/agora.xtec.cat\/insfortpius\/wp-content\/uploads\/usu2454\/2025\/02\/BUP-AL-BARRI-1426x2048.jpg 1426w\" sizes=\"auto, (max-width: 469px) 100vw, 469px\" \/><\/a><\/p>\n<p style=\"text-align: justify;\">Segons les dades que consten al Butllet\u00ed, obtingudes a partir d\u2019una enquesta realitzada a una mostra de 3.000 persones (aproximadament, un 10% de la poblaci\u00f3 del barri), la necessitat de places de secund\u00e0ria al Fort Pienc aniria en augment a conseq\u00fc\u00e8ncia del creixement demogr\u00e0fic del barri, en aquella \u00e8poca, ja que s\u2019estaven construint molts habitatges nous on abans\u00a0 hi havia ind\u00fastries i magatzems, i on anaven a viure parelles joves que formarien la seva fam\u00edlia.<\/p>\n<p style=\"text-align: justify;\">\u201cAix\u00ed mentre que a Barcelona, la poblaci\u00f3 escolar tendeix a estabilitzar-se, i fins i tot, a disminuir en algunes zones, al Fort Pienc \u00e9s\u00a0 previsible que la poblaci\u00f3 en edat de fer BUP, vagi augmentant i d\u2019aqu\u00ed a uns deu anys sigui d\u2019uns 1.650 individus, \u00e9s a dir, un 80% superior a la xifra actual, que es pot avaluar en uns 900 alumnes\u201d (<em>Esbats<\/em>, el butllet\u00ed de l\u2019Associaci\u00f3 de ve\u00efns Fort Pienc n\u00famero 15, de novembre de 1980)<\/p>\n<p style=\"text-align: justify;\">Des de l\u2019Associaci\u00f3 ve\u00efnal es va reivindicar la construcci\u00f3 d\u2019un Institut per a BUP al barri, a m\u00e9s de plantejar la necessitat, tamb\u00e9, d\u2019un centre de Formaci\u00f3 Professional, que encara no tenim.<\/p>\n<p style=\"text-align: justify;\">Un dels espais on es pensava que es podia ubicar era a l\u2019antiga caserna de la Gu\u00e0rdia Civil del carrer Ausi\u00e0s March<\/p>\n<div class=\"entry\">\n<p style=\"text-align: justify;\">L\u2019<strong>INS FORT PIUS<\/strong> va ser constru\u00eft el 1984 pels arquitectes Bonet i Cirici sobre unes casernes anteriors de la Gu\u00e0rdia Civil i la del Pr\u00edncipe P\u00edo.<\/p>\n<\/div>\n","protected":false},"excerpt":{"rendered":"<p>La caserna de la Guardia Civil del carrer Ausi\u00e0s March<br \/>\nL&#8217;any 1884, la Gu\u00e0rdia Civil volia deixar la seva caserna a la Rambla dels Caputxins, al &#8220;Antiguo colegio de San Angelo de los carmelitas descalzos&#8221;.<br \/>\n<a href=\"https:\/\/agora.xtec.cat\/insfortpius\/wp-content\/uploads\/usu2454\/2025\/02\/postal-caserna-scaled.jpg\"><\/a>L&#8217;Ateneu Barcelon\u00e8s, a trav\u00e9s de Manuel Girona, els va proposar una&hellip;  <a href=\"https:\/\/agora.xtec.cat\/insfortpius\/linstitut\/historia\/\" title=\"Read Hist\u00f2ria\">Llegeix m\u00e9s\u00bb<\/a><\/p>\n","protected":false},"author":1,"featured_media":0,"parent":19,"menu_order":80,"comment_status":"closed","ping_status":"closed","template":"","meta":{"_bbp_topic_count":0,"_bbp_reply_count":0,"_bbp_total_topic_count":0,"_bbp_total_reply_count":0,"_bbp_voice_count":0,"_bbp_anonymous_reply_count":0,"_bbp_topic_count_hidden":0,"_bbp_reply_count_hidden":0,"_bbp_forum_subforum_count":0,"footnotes":""},"class_list":["post-27","page","type-page","status-publish","hentry"],"post_mailing_queue_ids":[],"_links":{"self":[{"href":"https:\/\/agora.xtec.cat\/insfortpius\/wp-json\/wp\/v2\/pages\/27","targetHints":{"allow":["GET"]}}],"collection":[{"href":"https:\/\/agora.xtec.cat\/insfortpius\/wp-json\/wp\/v2\/pages"}],"about":[{"href":"https:\/\/agora.xtec.cat\/insfortpius\/wp-json\/wp\/v2\/types\/page"}],"author":[{"embeddable":true,"href":"https:\/\/agora.xtec.cat\/insfortpius\/wp-json\/wp\/v2\/users\/1"}],"replies":[{"embeddable":true,"href":"https:\/\/agora.xtec.cat\/insfortpius\/wp-json\/wp\/v2\/comments?post=27"}],"version-history":[{"count":6,"href":"https:\/\/agora.xtec.cat\/insfortpius\/wp-json\/wp\/v2\/pages\/27\/revisions"}],"predecessor-version":[{"id":4534,"href":"https:\/\/agora.xtec.cat\/insfortpius\/wp-json\/wp\/v2\/pages\/27\/revisions\/4534"}],"up":[{"embeddable":true,"href":"https:\/\/agora.xtec.cat\/insfortpius\/wp-json\/wp\/v2\/pages\/19"}],"wp:attachment":[{"href":"https:\/\/agora.xtec.cat\/insfortpius\/wp-json\/wp\/v2\/media?parent=27"}],"curies":[{"name":"wp","href":"https:\/\/api.w.org\/{rel}","templated":true}]}}