{"id":1603,"date":"2022-03-10T12:01:23","date_gmt":"2022-03-10T11:01:23","guid":{"rendered":"https:\/\/agora.xtec.cat\/insfortpius\/?page_id=1603"},"modified":"2023-04-16T09:59:09","modified_gmt":"2023-04-16T07:59:09","slug":"preinscripcio-2023-24","status":"publish","type":"page","link":"https:\/\/agora.xtec.cat\/insfortpius\/preinscripcio-2023-24\/","title":{"rendered":"Preinscripci\u00f3 2023-24"},"content":{"rendered":"<h4 style=\"text-align: left;\"><b>INFORMACI\u00d3 PROC\u00c9S DE PREINSCRIPCI\u00d3 CURS 2023-24<a href=\"https:\/\/agora.xtec.cat\/insfortpius\/wp-content\/uploads\/usu2454\/2022\/02\/pius-magnet.jpg\"><img loading=\"lazy\" decoding=\"async\" class=\"wp-image-1542 aligncenter\" src=\"https:\/\/agora.xtec.cat\/insfortpius\/wp-content\/uploads\/usu2454\/2022\/02\/pius-magnet.jpg\" alt=\"\" width=\"295\" height=\"90\" srcset=\"https:\/\/agora.xtec.cat\/insfortpius\/wp-content\/uploads\/usu2454\/2022\/02\/pius-magnet.jpg 589w, https:\/\/agora.xtec.cat\/insfortpius\/wp-content\/uploads\/usu2454\/2022\/02\/pius-magnet-300x92.jpg 300w\" sizes=\"auto, (max-width: 295px) 100vw, 295px\" \/><\/a><\/b><b><\/b>Us enllacem algunes informacions rellevants sobre els proc\u00e9s de preinscripci\u00f3 pel curs 2023-24<\/h4>\n<h2>BATXILLERAT<\/h2>\n<p>DATES IMPORTANTS PREINSCRIPCI\u00d3 I MATR\u00cdCULA:<\/p>\n<ul>\n<li>18 abril: <strong>Publicaci\u00f3 oferta inicial<\/strong><\/li>\n<li>Del 19 al 25 d&#8217;abril: <strong>Presentaci\u00f3 de sol\u00b7licituds<\/strong> (electr\u00f2niques o de suport inform\u00e0tic)<\/li>\n<li>Fins el 26 d&#8217;abril: Presentaci\u00f3 de la documentaci\u00f3<\/li>\n<li>22 maig: <strong>Publicaci\u00f3 de la llista de sol\u00b7licituds amb la puntuaci\u00f3 provisional<\/strong><\/li>\n<li>22 al 29 de maig: <strong>Presentaci\u00f3 de reclamacions al barem provisional<\/strong><\/li>\n<li>2 de juny: <strong>Publicaci\u00f3 de la llista amb la puntuaci\u00f3, un cop resoltes les reclamacions<\/strong><\/li>\n<li>8 de juny: Publicaci\u00f3 de la llista ordenada<\/li>\n<li>20 de juny: Publicaci\u00f3 de l&#8217;oferta final<\/li>\n<li>21 de juny: Publicaci\u00f3 de la llista d&#8217;admesos i la llista d&#8217;espera<\/li>\n<li>Del 22 de juny al 3 de juliol: <strong>Per\u00edode de matr\u00edcula ordin\u00e0ria<\/strong><\/li>\n<li>Del 4 al 17 de juliol: Gesti\u00f3 de la llista d&#8217;espera<\/li>\n<\/ul>\n<p><a href=\"https:\/\/projectes.xtec.cat\/nou-curriculum\/batxillerat\/\" target=\"_blank\" rel=\"noopener\">El Nou Curr\u00edculum (Batxillerat)<\/a><\/p>\n<p><a href=\"https:\/\/preinscripcio.gencat.cat\/ca\/estudis\/batxillerat\/inici\/\" target=\"_blank\" rel=\"noopener\">Informaci\u00f3 preinscripci\u00f3 Batxillerat (Departament Educaci\u00f3)<\/a><\/p>\n<p><a href=\"https:\/\/educacio.gencat.cat\/ca\/serveis-tramits\/beques\/beques-postobligatoris\/\" target=\"_blank\" rel=\"noopener\">Beques ensenyaments postobligatoris no universitaris<\/a><\/p>\n<h2>ESO<\/h2>\n<h4 style=\"text-align: left;\"><a href=\"https:\/\/preinscripcio.gencat.cat\/ca\/estudis\/infantil-3-6\/ajuda\/pindoles-multimedia\/\" target=\"_blank\" rel=\"noopener\">Tutorial d&#8217;ajuda a la sol\u00b7licitud de preinscripci\u00f3 (09\/03\/2023)<\/a><\/h4>\n<ul>\n<li><a href=\"https:\/\/agora.xtec.cat\/insfortpius\/general\/oferta-inicial-places-2023-24\/\" target=\"_blank\" rel=\"noopener\">Previsi\u00f3 Places 2023-24: Oferta Inicial Fort Pius<\/a><\/li>\n<li><a href=\"https:\/\/preinscripcio.gencat.cat\/ca\/inici\" target=\"_blank\" rel=\"noopener\">ENLLA\u00c7 A LA P\u00c0GINA DE PREINSCRIPCI\u00d3<\/a><\/li>\n<li>\n<p id=\"main-title\" class=\"supra-title \"><a href=\"https:\/\/www.edubcn.cat\/ca\/alumnat_i_familia\/informacio_general_matriculacio\/material_suport\" target=\"_blank\" rel=\"noopener\">Material de suport per a la preinscripci\u00f3 als ensenyaments obligatoris per al curs al 2023-2024<\/a><\/p>\n<\/li>\n<li>\n<p id=\"main-title\" class=\"supra-title \"><a href=\"https:\/\/preinscripcio.gencat.cat\/ca\/detalls\/noticia\/dates-preinscripcio-2023-2024\" target=\"_blank\" rel=\"noopener\">Dates de les preinscripcions<\/a><\/p>\n<\/li>\n<li><a href=\"https:\/\/drive.google.com\/file\/d\/1tuBsAtTNzyPV4hnDLXcIpz86YkwhtBuw\/view?usp=share_link\" target=\"_blank\" rel=\"noopener\">Informaci\u00f3 Jornades de Portes Obertes centre p\u00fablics Eixample<\/a><\/li>\n<\/ul>\n<p><a href=\"https:\/\/agora.xtec.cat\/insfortpius\/wp-content\/uploads\/usu2454\/2023\/02\/Cartell-Portes-Obertes-lEixample-2023.jpg\"><img loading=\"lazy\" decoding=\"async\" class=\"alignnone size-large wp-image-2324\" src=\"https:\/\/agora.xtec.cat\/insfortpius\/wp-content\/uploads\/usu2454\/2023\/02\/Cartell-Portes-Obertes-lEixample-2023-1024x724.jpg\" alt=\"\" width=\"1024\" height=\"724\" srcset=\"https:\/\/agora.xtec.cat\/insfortpius\/wp-content\/uploads\/usu2454\/2023\/02\/Cartell-Portes-Obertes-lEixample-2023-1024x724.jpg 1024w, https:\/\/agora.xtec.cat\/insfortpius\/wp-content\/uploads\/usu2454\/2023\/02\/Cartell-Portes-Obertes-lEixample-2023-300x212.jpg 300w, https:\/\/agora.xtec.cat\/insfortpius\/wp-content\/uploads\/usu2454\/2023\/02\/Cartell-Portes-Obertes-lEixample-2023-768x543.jpg 768w, https:\/\/agora.xtec.cat\/insfortpius\/wp-content\/uploads\/usu2454\/2023\/02\/Cartell-Portes-Obertes-lEixample-2023-1536x1086.jpg 1536w, https:\/\/agora.xtec.cat\/insfortpius\/wp-content\/uploads\/usu2454\/2023\/02\/Cartell-Portes-Obertes-lEixample-2023.jpg 1755w\" sizes=\"auto, (max-width: 1024px) 100vw, 1024px\" \/><\/a><\/p>\n<ul>\n<li id=\"main-title\" class=\"supra-title slim\"><a href=\"https:\/\/www.edubcn.cat\/ca\/alumnat_i_familia\/informacio_general_matriculacio\/sessions_informatives_per_a_les_families\" target=\"_blank\" rel=\"noopener\">Sessions informatives per a les fam\u00edlies amb fills i filles que iniciaran l&#8217;escolaritat a I3 i a 1r d&#8217;ESO el curs 2023-2024<\/a><\/li>\n<li><a href=\"https:\/\/www.edubcn.cat\/rcs_gene\/extra\/02_preinscripcio_2023_2024\/materials_obligatoris\/05_fullet_ESO_23_24.pdf\" target=\"_blank\" rel=\"noopener\">Infografia Preinscripci\u00f3 del Consorci Educaci\u00f3 Barcelona<\/a><\/li>\n<li><a href=\"https:\/\/www.edubcn.cat\/ca\/alumnat_i_familia\/informacio_general_matriculacio\/adscripcions\">Consulta d&#8217;adscripcions<\/a><\/li>\n<\/ul>\n<p>&nbsp;<\/p>\n<h3><\/h3>\n<p>&nbsp;<\/p>\n<div style=\"width: 100%;\">\n<div style=\"position: relative; padding-bottom: 56.25%; padding-top: 0; height: 0;\"><\/div>\n<div><\/div>\n<\/div>\n","protected":false},"excerpt":{"rendered":"<p>INFORMACI\u00d3 PROC\u00c9S DE PREINSCRIPCI\u00d3 CURS 2023-24<a href=\"https:\/\/agora.xtec.cat\/insfortpius\/wp-content\/uploads\/usu2454\/2022\/02\/pius-magnet.jpg\"><\/a>Us enllacem algunes informacions rellevants sobre els proc\u00e9s de preinscripci\u00f3 pel curs 2023-24<br \/>\nBATXILLERAT<br \/>\nDATES IMPORTANTS PREINSCRIPCI\u00d3 I MATR\u00cdCULA:<\/p>\n<ul>\n<li>18 abril: Publicaci\u00f3 oferta inicial<\/li>\n<li>Del 19 al 25 d&#8217;abril: Presentaci\u00f3 de sol\u00b7licituds (electr\u00f2niques o de suport inform\u00e0tic)<\/li>\n<li>Fins el 26 d&#8217;abril: Presentaci\u00f3 de la&hellip;  <a href=\"https:\/\/agora.xtec.cat\/insfortpius\/preinscripcio-2023-24\/\" title=\"Read Preinscripci\u00f3 2023-24\">Llegeix m\u00e9s\u00bb<\/a><br \/>\n","protected":false},"author":1,"featured_media":0,"parent":0,"menu_order":0,"comment_status":"closed","ping_status":"closed","template":"page-templates\/side-menu.php","meta":{"_bbp_topic_count":0,"_bbp_reply_count":0,"_bbp_total_topic_count":0,"_bbp_total_reply_count":0,"_bbp_voice_count":0,"_bbp_anonymous_reply_count":0,"_bbp_topic_count_hidden":0,"_bbp_reply_count_hidden":0,"_bbp_forum_subforum_count":0,"footnotes":""},"class_list":["post-1603","page","type-page","status-publish","hentry"],"post_mailing_queue_ids":[],"_links":{"self":[{"href":"https:\/\/agora.xtec.cat\/insfortpius\/wp-json\/wp\/v2\/pages\/1603","targetHints":{"allow":["GET"]}}],"collection":[{"href":"https:\/\/agora.xtec.cat\/insfortpius\/wp-json\/wp\/v2\/pages"}],"about":[{"href":"https:\/\/agora.xtec.cat\/insfortpius\/wp-json\/wp\/v2\/types\/page"}],"author":[{"embeddable":true,"href":"https:\/\/agora.xtec.cat\/insfortpius\/wp-json\/wp\/v2\/users\/1"}],"replies":[{"embeddable":true,"href":"https:\/\/agora.xtec.cat\/insfortpius\/wp-json\/wp\/v2\/comments?post=1603"}],"version-history":[{"count":3,"href":"https:\/\/agora.xtec.cat\/insfortpius\/wp-json\/wp\/v2\/pages\/1603\/revisions"}],"predecessor-version":[{"id":2485,"href":"https:\/\/agora.xtec.cat\/insfortpius\/wp-json\/wp\/v2\/pages\/1603\/revisions\/2485"}],"wp:attachment":[{"href":"https:\/\/agora.xtec.cat\/insfortpius\/wp-json\/wp\/v2\/media?parent=1603"}],"curies":[{"name":"wp","href":"https:\/\/api.w.org\/{rel}","templated":true}]}}