{"id":819,"date":"2021-07-20T20:02:12","date_gmt":"2021-07-20T18:02:12","guid":{"rendered":"https:\/\/agora.xtec.cat\/inseugenixammar\/?page_id=819"},"modified":"2025-10-11T06:45:18","modified_gmt":"2025-10-11T04:45:18","slug":"batxillerat","status":"publish","type":"page","link":"https:\/\/agora.xtec.cat\/inseugenixammar\/estudis\/batxillerat\/","title":{"rendered":"BATXILLERAT"},"content":{"rendered":"<p>En els seg\u00fcents enlla\u00e7os podreu accedir a informaci\u00f3 del vostre inter\u00e8s:<\/p>\n<p><a href=\"https:\/\/docs.google.com\/spreadsheets\/d\/1e6z2iDODuasTRTN6rbMkmNAychCFYV5WO7cWyfIXuZs\/edit?usp=sharing\" target=\"_blank\" rel=\"noopener\"><em>Calendari<\/em><\/a><em> neteja pati batxillerat.<\/em><\/p>\n<table style=\"border-collapse: collapse; width: 100%;\">\n<tbody>\n<tr>\n<td style=\"width: 33.3333%;\"><a href=\"https:\/\/agora.xtec.cat\/inseugenixammar\/serveis\/llibres\/\" target=\"_blank\" rel=\"noopener\"><img loading=\"lazy\" decoding=\"async\" class=\"alignnone wp-image-3649 size-full\" src=\"https:\/\/agora.xtec.cat\/inseugenixammar\/wp-content\/uploads\/usu2541\/2025\/03\/b-llibres-de-text.jpg\" alt=\"\" width=\"800\" height=\"347\" srcset=\"https:\/\/agora.xtec.cat\/inseugenixammar\/wp-content\/uploads\/usu2541\/2025\/03\/b-llibres-de-text.jpg 800w, https:\/\/agora.xtec.cat\/inseugenixammar\/wp-content\/uploads\/usu2541\/2025\/03\/b-llibres-de-text-300x130.jpg 300w, https:\/\/agora.xtec.cat\/inseugenixammar\/wp-content\/uploads\/usu2541\/2025\/03\/b-llibres-de-text-768x333.jpg 768w\" sizes=\"auto, (max-width: 800px) 100vw, 800px\" \/><\/a><\/td>\n<td style=\"width: 33.3333%;\"><a href=\"https:\/\/docs.google.com\/spreadsheets\/d\/14pnsxIMJKrZVy0s9rHqqTbVcKumjolMMqDyb7Vr22UE\/edit?usp=sharing\" target=\"_blank\" rel=\"noopener\"><img loading=\"lazy\" decoding=\"async\" class=\"alignnone wp-image-3650 size-full\" src=\"https:\/\/agora.xtec.cat\/inseugenixammar\/wp-content\/uploads\/usu2541\/2025\/03\/b-sortides.jpg\" alt=\"\" width=\"800\" height=\"347\" srcset=\"https:\/\/agora.xtec.cat\/inseugenixammar\/wp-content\/uploads\/usu2541\/2025\/03\/b-sortides.jpg 800w, https:\/\/agora.xtec.cat\/inseugenixammar\/wp-content\/uploads\/usu2541\/2025\/03\/b-sortides-300x130.jpg 300w, https:\/\/agora.xtec.cat\/inseugenixammar\/wp-content\/uploads\/usu2541\/2025\/03\/b-sortides-768x333.jpg 768w\" sizes=\"auto, (max-width: 800px) 100vw, 800px\" \/><\/a><\/td>\n<td style=\"width: 33.3333%;\"><a href=\"https:\/\/docs.google.com\/document\/d\/17Yw-Mj34i5u3vVD_GI8Vopvz9MEAbfXaex-iVPN2_II\/edit?usp=sharing\" target=\"_blank\" rel=\"noopener\"><img loading=\"lazy\" decoding=\"async\" class=\"alignnone wp-image-3651 size-full\" src=\"https:\/\/agora.xtec.cat\/inseugenixammar\/wp-content\/uploads\/usu2541\/2025\/03\/b-horaris.jpg\" alt=\"\" width=\"800\" height=\"347\" srcset=\"https:\/\/agora.xtec.cat\/inseugenixammar\/wp-content\/uploads\/usu2541\/2025\/03\/b-horaris.jpg 800w, https:\/\/agora.xtec.cat\/inseugenixammar\/wp-content\/uploads\/usu2541\/2025\/03\/b-horaris-300x130.jpg 300w, https:\/\/agora.xtec.cat\/inseugenixammar\/wp-content\/uploads\/usu2541\/2025\/03\/b-horaris-768x333.jpg 768w\" sizes=\"auto, (max-width: 800px) 100vw, 800px\" \/><\/a><\/td>\n<\/tr>\n<tr>\n<td style=\"width: 33.3333%;\"><a href=\"https:\/\/docs.google.com\/document\/d\/1qpPDmQBak__mS896vJ02osUQcF8SUT7iS7glLN-TL3M\/edit?usp=sharing\" target=\"_blank\" rel=\"noopener\"><img loading=\"lazy\" decoding=\"async\" class=\"alignnone wp-image-3654 size-full\" src=\"https:\/\/agora.xtec.cat\/inseugenixammar\/wp-content\/uploads\/usu2541\/2025\/03\/b-xerrades.jpg\" alt=\"\" width=\"800\" height=\"347\" srcset=\"https:\/\/agora.xtec.cat\/inseugenixammar\/wp-content\/uploads\/usu2541\/2025\/03\/b-xerrades.jpg 800w, https:\/\/agora.xtec.cat\/inseugenixammar\/wp-content\/uploads\/usu2541\/2025\/03\/b-xerrades-300x130.jpg 300w, https:\/\/agora.xtec.cat\/inseugenixammar\/wp-content\/uploads\/usu2541\/2025\/03\/b-xerrades-768x333.jpg 768w\" sizes=\"auto, (max-width: 800px) 100vw, 800px\" \/><\/a><\/td>\n<td style=\"width: 33.3333%;\"><a href=\"https:\/\/drive.google.com\/drive\/folders\/1IhBX0CkBuuJPm10D2QaNnDzXzl4lUPH6?usp=sharing\" target=\"_blank\" rel=\"noopener\"><img loading=\"lazy\" decoding=\"async\" class=\"alignnone size-full wp-image-3658\" src=\"https:\/\/agora.xtec.cat\/inseugenixammar\/wp-content\/uploads\/usu2541\/2025\/03\/b-criteris.jpg\" alt=\"\" width=\"800\" height=\"347\" srcset=\"https:\/\/agora.xtec.cat\/inseugenixammar\/wp-content\/uploads\/usu2541\/2025\/03\/b-criteris.jpg 800w, https:\/\/agora.xtec.cat\/inseugenixammar\/wp-content\/uploads\/usu2541\/2025\/03\/b-criteris-300x130.jpg 300w, https:\/\/agora.xtec.cat\/inseugenixammar\/wp-content\/uploads\/usu2541\/2025\/03\/b-criteris-768x333.jpg 768w\" sizes=\"auto, (max-width: 800px) 100vw, 800px\" \/><\/a><\/td>\n<td style=\"width: 33.3333%;\"><a href=\"https:\/\/inseugenixammar.wixsite.com\/orientacio\/treball-de-recerca\" target=\"_blank\" rel=\"noopener\"><img loading=\"lazy\" decoding=\"async\" class=\"alignnone size-full wp-image-3664\" src=\"https:\/\/agora.xtec.cat\/inseugenixammar\/wp-content\/uploads\/usu2541\/2025\/03\/b-tdr.jpg\" alt=\"\" width=\"800\" height=\"347\" srcset=\"https:\/\/agora.xtec.cat\/inseugenixammar\/wp-content\/uploads\/usu2541\/2025\/03\/b-tdr.jpg 800w, https:\/\/agora.xtec.cat\/inseugenixammar\/wp-content\/uploads\/usu2541\/2025\/03\/b-tdr-300x130.jpg 300w, https:\/\/agora.xtec.cat\/inseugenixammar\/wp-content\/uploads\/usu2541\/2025\/03\/b-tdr-768x333.jpg 768w\" sizes=\"auto, (max-width: 800px) 100vw, 800px\" \/><\/a><\/td>\n<\/tr>\n<tr>\n<td style=\"width: 33.3333%;\"><a href=\"https:\/\/inseugenixammar.wixsite.com\/orientacio\/batxillerat\" target=\"_blank\" rel=\"noopener\"><img loading=\"lazy\" decoding=\"async\" class=\"alignnone size-full wp-image-3659\" src=\"https:\/\/agora.xtec.cat\/inseugenixammar\/wp-content\/uploads\/usu2541\/2025\/03\/b-orientacio.jpg\" alt=\"\" width=\"800\" height=\"347\" srcset=\"https:\/\/agora.xtec.cat\/inseugenixammar\/wp-content\/uploads\/usu2541\/2025\/03\/b-orientacio.jpg 800w, https:\/\/agora.xtec.cat\/inseugenixammar\/wp-content\/uploads\/usu2541\/2025\/03\/b-orientacio-300x130.jpg 300w, https:\/\/agora.xtec.cat\/inseugenixammar\/wp-content\/uploads\/usu2541\/2025\/03\/b-orientacio-768x333.jpg 768w\" sizes=\"auto, (max-width: 800px) 100vw, 800px\" \/><\/a><\/td>\n<td style=\"width: 33.3333%;\"><a href=\"https:\/\/docs.google.com\/document\/d\/17CTaVwgLYr_zRhdLvoNupefxMU_xzQ7wlFWkjNNh8nY\/edit?usp=sharing\" target=\"_blank\" rel=\"noopener\"><img loading=\"lazy\" decoding=\"async\" class=\"alignnone wp-image-3665 size-full\" src=\"https:\/\/agora.xtec.cat\/inseugenixammar\/wp-content\/uploads\/usu2541\/2025\/03\/b-1r-batxi.jpg\" alt=\"\" width=\"800\" height=\"347\" srcset=\"https:\/\/agora.xtec.cat\/inseugenixammar\/wp-content\/uploads\/usu2541\/2025\/03\/b-1r-batxi.jpg 800w, https:\/\/agora.xtec.cat\/inseugenixammar\/wp-content\/uploads\/usu2541\/2025\/03\/b-1r-batxi-300x130.jpg 300w, https:\/\/agora.xtec.cat\/inseugenixammar\/wp-content\/uploads\/usu2541\/2025\/03\/b-1r-batxi-768x333.jpg 768w\" sizes=\"auto, (max-width: 800px) 100vw, 800px\" \/><\/a><\/td>\n<td style=\"width: 33.3333%;\"><a href=\"https:\/\/docs.google.com\/document\/d\/14RKFvAphVb-y7pYdGuCVHJ197InPyLE371dyYgMQcr8\/edit?usp=drive_link\" target=\"_blank\" rel=\"noopener\"><img loading=\"lazy\" decoding=\"async\" class=\"alignnone wp-image-3666 size-full\" src=\"https:\/\/agora.xtec.cat\/inseugenixammar\/wp-content\/uploads\/usu2541\/2025\/03\/b-2n-batxi.jpg\" alt=\"\" width=\"800\" height=\"347\" srcset=\"https:\/\/agora.xtec.cat\/inseugenixammar\/wp-content\/uploads\/usu2541\/2025\/03\/b-2n-batxi.jpg 800w, https:\/\/agora.xtec.cat\/inseugenixammar\/wp-content\/uploads\/usu2541\/2025\/03\/b-2n-batxi-300x130.jpg 300w, https:\/\/agora.xtec.cat\/inseugenixammar\/wp-content\/uploads\/usu2541\/2025\/03\/b-2n-batxi-768x333.jpg 768w\" sizes=\"auto, (max-width: 800px) 100vw, 800px\" \/><\/a><\/td>\n<\/tr>\n<\/tbody>\n<\/table>\n","protected":false},"excerpt":{"rendered":"<p>En els seg\u00fcents enlla\u00e7os podreu accedir a informaci\u00f3 del vostre inter\u00e8s:<br \/>\n<a href=\"https:\/\/docs.google.com\/spreadsheets\/d\/1e6z2iDODuasTRTN6rbMkmNAychCFYV5WO7cWyfIXuZs\/edit?usp=sharing\" target=\"_blank\" rel=\"noopener\">Calendari<\/a> neteja pati batxillerat.<\/p>\n<p><a href=\"https:\/\/agora.xtec.cat\/inseugenixammar\/serveis\/llibres\/\" target=\"_blank\" rel=\"noopener\"><\/a><br \/>\n<a href=\"https:\/\/docs.google.com\/spreadsheets\/d\/14pnsxIMJKrZVy0s9rHqqTbVcKumjolMMqDyb7Vr22UE\/edit?usp=sharing\" target=\"_blank\" rel=\"noopener\"><\/a><br \/>\n<a href=\"https:\/\/docs.google.com\/document\/d\/17Yw-Mj34i5u3vVD_GI8Vopvz9MEAbfXaex-iVPN2_II\/edit?usp=sharing\" target=\"_blank\" rel=\"noopener\"><\/a><\/p>\n<p><a href=\"https:\/\/docs.google.com\/document\/d\/1qpPDmQBak__mS896vJ02osUQcF8SUT7iS7glLN-TL3M\/edit?usp=sharing\" target=\"_blank\" rel=\"noopener\"><\/a><br \/>\n<a href=\"https:\/\/drive.google.com\/drive\/folders\/1IhBX0CkBuuJPm10D2QaNnDzXzl4lUPH6?usp=sharing\" target=\"_blank\" rel=\"noopener\"><\/a><br \/>\n<a href=\"https:\/\/inseugenixammar.wixsite.com\/orientacio\/treball-de-recerca\" target=\"_blank\" rel=\"noopener\"><\/a><\/p>\n<p><a href=\"https:\/\/inseugenixammar.wixsite.com\/orientacio\/batxillerat\" target=\"_blank\" rel=\"noopener\"><\/a><br \/>\n<a href=\"https:\/\/docs.google.com\/document\/d\/17CTaVwgLYr_zRhdLvoNupefxMU_xzQ7wlFWkjNNh8nY\/edit?usp=sharing\" target=\"_blank\" rel=\"noopener\"><\/a><br \/>\n<a href=\"https:\/\/docs.google.com\/document\/d\/14RKFvAphVb-y7pYdGuCVHJ197InPyLE371dyYgMQcr8\/edit?usp=drive_link\" target=\"_blank\" rel=\"noopener\"><\/a><\/p>\n","protected":false},"author":1,"featured_media":0,"parent":195,"menu_order":20,"comment_status":"closed","ping_status":"closed","template":"page-templates\/side-menu.php","meta":{"_bbp_topic_count":0,"_bbp_reply_count":0,"_bbp_total_topic_count":0,"_bbp_total_reply_count":0,"_bbp_voice_count":0,"_bbp_anonymous_reply_count":0,"_bbp_topic_count_hidden":0,"_bbp_reply_count_hidden":0,"_bbp_forum_subforum_count":0,"footnotes":""},"class_list":["post-819","page","type-page","status-publish","hentry"],"post_mailing_queue_ids":[],"_links":{"self":[{"href":"https:\/\/agora.xtec.cat\/inseugenixammar\/wp-json\/wp\/v2\/pages\/819","targetHints":{"allow":["GET"]}}],"collection":[{"href":"https:\/\/agora.xtec.cat\/inseugenixammar\/wp-json\/wp\/v2\/pages"}],"about":[{"href":"https:\/\/agora.xtec.cat\/inseugenixammar\/wp-json\/wp\/v2\/types\/page"}],"author":[{"embeddable":true,"href":"https:\/\/agora.xtec.cat\/inseugenixammar\/wp-json\/wp\/v2\/users\/1"}],"replies":[{"embeddable":true,"href":"https:\/\/agora.xtec.cat\/inseugenixammar\/wp-json\/wp\/v2\/comments?post=819"}],"version-history":[{"count":6,"href":"https:\/\/agora.xtec.cat\/inseugenixammar\/wp-json\/wp\/v2\/pages\/819\/revisions"}],"predecessor-version":[{"id":3879,"href":"https:\/\/agora.xtec.cat\/inseugenixammar\/wp-json\/wp\/v2\/pages\/819\/revisions\/3879"}],"up":[{"embeddable":true,"href":"https:\/\/agora.xtec.cat\/inseugenixammar\/wp-json\/wp\/v2\/pages\/195"}],"wp:attachment":[{"href":"https:\/\/agora.xtec.cat\/inseugenixammar\/wp-json\/wp\/v2\/media?parent=819"}],"curies":[{"name":"wp","href":"https:\/\/api.w.org\/{rel}","templated":true}]}}