{"id":818,"date":"2021-07-20T20:02:12","date_gmt":"2021-07-20T18:02:12","guid":{"rendered":"https:\/\/agora.xtec.cat\/inseugenixammar\/?page_id=818"},"modified":"2025-10-22T17:34:09","modified_gmt":"2025-10-22T15:34:09","slug":"eso","status":"publish","type":"page","link":"https:\/\/agora.xtec.cat\/inseugenixammar\/estudis\/eso\/","title":{"rendered":"ESO"},"content":{"rendered":"<p>En els seg\u00fcents enlla\u00e7os podreu accedir a informaci\u00f3 del vostre inter\u00e8s:\u200b<\/p>\n<table style=\"border-collapse: collapse; width: 100%;\">\n<tbody>\n<tr>\n<td style=\"width: 20%;\"><a href=\"https:\/\/agora.xtec.cat\/inseugenixammar\/serveis\/llibres\/\" target=\"_blank\" rel=\"noopener\"><img loading=\"lazy\" decoding=\"async\" class=\"alignnone wp-image-3649 size-full\" src=\"https:\/\/agora.xtec.cat\/inseugenixammar\/wp-content\/uploads\/usu2541\/2025\/03\/b-llibres-de-text.jpg\" alt=\"\" width=\"800\" height=\"347\" srcset=\"https:\/\/agora.xtec.cat\/inseugenixammar\/wp-content\/uploads\/usu2541\/2025\/03\/b-llibres-de-text.jpg 800w, https:\/\/agora.xtec.cat\/inseugenixammar\/wp-content\/uploads\/usu2541\/2025\/03\/b-llibres-de-text-300x130.jpg 300w, https:\/\/agora.xtec.cat\/inseugenixammar\/wp-content\/uploads\/usu2541\/2025\/03\/b-llibres-de-text-768x333.jpg 768w\" sizes=\"auto, (max-width: 800px) 100vw, 800px\" \/><\/a><\/td>\n<td style=\"width: 20%;\"><a href=\"https:\/\/docs.google.com\/spreadsheets\/d\/14pnsxIMJKrZVy0s9rHqqTbVcKumjolMMqDyb7Vr22UE\/edit?usp=sharing\" target=\"_blank\" rel=\"noopener\"><img loading=\"lazy\" decoding=\"async\" class=\"alignnone wp-image-3650 size-full\" src=\"https:\/\/agora.xtec.cat\/inseugenixammar\/wp-content\/uploads\/usu2541\/2025\/03\/b-sortides.jpg\" alt=\"\" width=\"800\" height=\"347\" srcset=\"https:\/\/agora.xtec.cat\/inseugenixammar\/wp-content\/uploads\/usu2541\/2025\/03\/b-sortides.jpg 800w, https:\/\/agora.xtec.cat\/inseugenixammar\/wp-content\/uploads\/usu2541\/2025\/03\/b-sortides-300x130.jpg 300w, https:\/\/agora.xtec.cat\/inseugenixammar\/wp-content\/uploads\/usu2541\/2025\/03\/b-sortides-768x333.jpg 768w\" sizes=\"auto, (max-width: 800px) 100vw, 800px\" \/><\/a><\/td>\n<td style=\"width: 20%;\"><a href=\"https:\/\/docs.google.com\/document\/d\/17Yw-Mj34i5u3vVD_GI8Vopvz9MEAbfXaex-iVPN2_II\/edit?usp=sharing\" target=\"_blank\" rel=\"noopener\"><img loading=\"lazy\" decoding=\"async\" class=\"alignnone wp-image-3651 size-full\" src=\"https:\/\/agora.xtec.cat\/inseugenixammar\/wp-content\/uploads\/usu2541\/2025\/03\/b-horaris.jpg\" alt=\"\" width=\"800\" height=\"347\" srcset=\"https:\/\/agora.xtec.cat\/inseugenixammar\/wp-content\/uploads\/usu2541\/2025\/03\/b-horaris.jpg 800w, https:\/\/agora.xtec.cat\/inseugenixammar\/wp-content\/uploads\/usu2541\/2025\/03\/b-horaris-300x130.jpg 300w, https:\/\/agora.xtec.cat\/inseugenixammar\/wp-content\/uploads\/usu2541\/2025\/03\/b-horaris-768x333.jpg 768w\" sizes=\"auto, (max-width: 800px) 100vw, 800px\" \/><\/a><\/td>\n<\/tr>\n<tr>\n<td style=\"width: 20%;\"><a href=\"https:\/\/docs.google.com\/document\/d\/1qpPDmQBak__mS896vJ02osUQcF8SUT7iS7glLN-TL3M\/edit?usp=sharing\" target=\"_blank\" rel=\"noopener\"><img loading=\"lazy\" decoding=\"async\" class=\"alignnone wp-image-3654 size-full\" src=\"https:\/\/agora.xtec.cat\/inseugenixammar\/wp-content\/uploads\/usu2541\/2025\/03\/b-xerrades.jpg\" alt=\"\" width=\"800\" height=\"347\" srcset=\"https:\/\/agora.xtec.cat\/inseugenixammar\/wp-content\/uploads\/usu2541\/2025\/03\/b-xerrades.jpg 800w, https:\/\/agora.xtec.cat\/inseugenixammar\/wp-content\/uploads\/usu2541\/2025\/03\/b-xerrades-300x130.jpg 300w, https:\/\/agora.xtec.cat\/inseugenixammar\/wp-content\/uploads\/usu2541\/2025\/03\/b-xerrades-768x333.jpg 768w\" sizes=\"auto, (max-width: 800px) 100vw, 800px\" \/><\/a><\/td>\n<td style=\"width: 20%;\"><a href=\"https:\/\/docs.google.com\/document\/d\/1i1RjjxULZbob8ogatP3blXqwpTipTNTKesloGHx0HIE\/edit?usp=sharing\" target=\"_blank\" rel=\"noopener\"><img loading=\"lazy\" decoding=\"async\" class=\"alignnone wp-image-3655 size-full\" src=\"https:\/\/agora.xtec.cat\/inseugenixammar\/wp-content\/uploads\/usu2541\/2025\/03\/b-materies-optatives.jpg\" alt=\"\" width=\"800\" height=\"347\" srcset=\"https:\/\/agora.xtec.cat\/inseugenixammar\/wp-content\/uploads\/usu2541\/2025\/03\/b-materies-optatives.jpg 800w, https:\/\/agora.xtec.cat\/inseugenixammar\/wp-content\/uploads\/usu2541\/2025\/03\/b-materies-optatives-300x130.jpg 300w, https:\/\/agora.xtec.cat\/inseugenixammar\/wp-content\/uploads\/usu2541\/2025\/03\/b-materies-optatives-768x333.jpg 768w\" sizes=\"auto, (max-width: 800px) 100vw, 800px\" \/><\/a><\/td>\n<td style=\"width: 20%;\"><a href=\"https:\/\/agora.xtec.cat\/inseugenixammar\/treballs-de-sintesi-i-projecte-de-recerca\/\" target=\"_blank\" rel=\"noopener\"><img loading=\"lazy\" decoding=\"async\" class=\"alignnone size-full wp-image-3656\" src=\"https:\/\/agora.xtec.cat\/inseugenixammar\/wp-content\/uploads\/usu2541\/2025\/03\/b-treballs-sintesi.jpg\" alt=\"\" width=\"800\" height=\"347\" srcset=\"https:\/\/agora.xtec.cat\/inseugenixammar\/wp-content\/uploads\/usu2541\/2025\/03\/b-treballs-sintesi.jpg 800w, https:\/\/agora.xtec.cat\/inseugenixammar\/wp-content\/uploads\/usu2541\/2025\/03\/b-treballs-sintesi-300x130.jpg 300w, https:\/\/agora.xtec.cat\/inseugenixammar\/wp-content\/uploads\/usu2541\/2025\/03\/b-treballs-sintesi-768x333.jpg 768w\" sizes=\"auto, (max-width: 800px) 100vw, 800px\" \/><\/a><\/td>\n<\/tr>\n<tr>\n<td style=\"width: 20%;\"><a href=\"https:\/\/drive.google.com\/drive\/folders\/1IhBX0CkBuuJPm10D2QaNnDzXzl4lUPH6?usp=sharing\" target=\"_blank\" rel=\"noopener\"><img loading=\"lazy\" decoding=\"async\" class=\"alignnone size-full wp-image-3658\" src=\"https:\/\/agora.xtec.cat\/inseugenixammar\/wp-content\/uploads\/usu2541\/2025\/03\/b-criteris.jpg\" alt=\"\" width=\"800\" height=\"347\" srcset=\"https:\/\/agora.xtec.cat\/inseugenixammar\/wp-content\/uploads\/usu2541\/2025\/03\/b-criteris.jpg 800w, https:\/\/agora.xtec.cat\/inseugenixammar\/wp-content\/uploads\/usu2541\/2025\/03\/b-criteris-300x130.jpg 300w, https:\/\/agora.xtec.cat\/inseugenixammar\/wp-content\/uploads\/usu2541\/2025\/03\/b-criteris-768x333.jpg 768w\" sizes=\"auto, (max-width: 800px) 100vw, 800px\" \/><\/a><\/td>\n<td style=\"width: 20%;\"><a href=\"https:\/\/inseugenixammar.wixsite.com\/orientacio\/eso\" target=\"_blank\" rel=\"noopener\"><img loading=\"lazy\" decoding=\"async\" class=\"alignnone size-full wp-image-3659\" src=\"https:\/\/agora.xtec.cat\/inseugenixammar\/wp-content\/uploads\/usu2541\/2025\/03\/b-orientacio.jpg\" alt=\"\" width=\"800\" height=\"347\" srcset=\"https:\/\/agora.xtec.cat\/inseugenixammar\/wp-content\/uploads\/usu2541\/2025\/03\/b-orientacio.jpg 800w, https:\/\/agora.xtec.cat\/inseugenixammar\/wp-content\/uploads\/usu2541\/2025\/03\/b-orientacio-300x130.jpg 300w, https:\/\/agora.xtec.cat\/inseugenixammar\/wp-content\/uploads\/usu2541\/2025\/03\/b-orientacio-768x333.jpg 768w\" sizes=\"auto, (max-width: 800px) 100vw, 800px\" \/><\/a><\/td>\n<td style=\"width: 20%;\"><a href=\"https:\/\/agora.xtec.cat\/inseugenixammar\/projectes-xammar-23\/\" target=\"_blank\" rel=\"noopener\"><img loading=\"lazy\" decoding=\"async\" class=\"alignnone size-full wp-image-3657\" src=\"https:\/\/agora.xtec.cat\/inseugenixammar\/wp-content\/uploads\/usu2541\/2025\/03\/b-projectes-xammar.jpg\" alt=\"\" width=\"800\" height=\"347\" srcset=\"https:\/\/agora.xtec.cat\/inseugenixammar\/wp-content\/uploads\/usu2541\/2025\/03\/b-projectes-xammar.jpg 800w, https:\/\/agora.xtec.cat\/inseugenixammar\/wp-content\/uploads\/usu2541\/2025\/03\/b-projectes-xammar-300x130.jpg 300w, https:\/\/agora.xtec.cat\/inseugenixammar\/wp-content\/uploads\/usu2541\/2025\/03\/b-projectes-xammar-768x333.jpg 768w\" sizes=\"auto, (max-width: 800px) 100vw, 800px\" \/><\/a><\/td>\n<\/tr>\n<tr>\n<td style=\"width: 20%; text-align: center;\"><a href=\"https:\/\/agora.xtec.cat\/inseugenixammar\/autonomia-de-centre\/\" target=\"_blank\" rel=\"noopener\"><img loading=\"lazy\" decoding=\"async\" class=\"alignnone wp-image-3653 size-full\" src=\"https:\/\/agora.xtec.cat\/inseugenixammar\/wp-content\/uploads\/usu2541\/2025\/03\/b-autonomia-de-centre.jpg\" alt=\"\" width=\"800\" height=\"347\" srcset=\"https:\/\/agora.xtec.cat\/inseugenixammar\/wp-content\/uploads\/usu2541\/2025\/03\/b-autonomia-de-centre.jpg 800w, https:\/\/agora.xtec.cat\/inseugenixammar\/wp-content\/uploads\/usu2541\/2025\/03\/b-autonomia-de-centre-300x130.jpg 300w, https:\/\/agora.xtec.cat\/inseugenixammar\/wp-content\/uploads\/usu2541\/2025\/03\/b-autonomia-de-centre-768x333.jpg 768w\" sizes=\"auto, (max-width: 800px) 100vw, 800px\" \/><\/a><\/td>\n<td style=\"width: 20%;\"><\/td>\n<td style=\"width: 20%; text-align: center;\"><a href=\"https:\/\/agora.xtec.cat\/inseugenixammar\/1r-eso\/agendes-virtuals\/\"><img loading=\"lazy\" decoding=\"async\" class=\"alignnone size-full wp-image-3884\" src=\"https:\/\/agora.xtec.cat\/inseugenixammar\/wp-content\/uploads\/usu2541\/2025\/10\/b-agendes-virtuals.png\" alt=\"\" width=\"633\" height=\"283\" srcset=\"https:\/\/agora.xtec.cat\/inseugenixammar\/wp-content\/uploads\/usu2541\/2025\/10\/b-agendes-virtuals.png 633w, https:\/\/agora.xtec.cat\/inseugenixammar\/wp-content\/uploads\/usu2541\/2025\/10\/b-agendes-virtuals-300x134.png 300w\" sizes=\"auto, (max-width: 633px) 100vw, 633px\" \/><\/a><\/td>\n<\/tr>\n<\/tbody>\n<\/table>\n","protected":false},"excerpt":{"rendered":"<p>En els seg\u00fcents enlla\u00e7os podreu accedir a informaci\u00f3 del vostre inter\u00e8s:\u200b<\/p>\n<p><a href=\"https:\/\/agora.xtec.cat\/inseugenixammar\/serveis\/llibres\/\" target=\"_blank\" rel=\"noopener\"><\/a><br \/>\n<a href=\"https:\/\/docs.google.com\/spreadsheets\/d\/14pnsxIMJKrZVy0s9rHqqTbVcKumjolMMqDyb7Vr22UE\/edit?usp=sharing\" target=\"_blank\" rel=\"noopener\"><\/a><br \/>\n<a href=\"https:\/\/docs.google.com\/document\/d\/17Yw-Mj34i5u3vVD_GI8Vopvz9MEAbfXaex-iVPN2_II\/edit?usp=sharing\" target=\"_blank\" rel=\"noopener\"><\/a><\/p>\n<p><a href=\"https:\/\/docs.google.com\/document\/d\/1qpPDmQBak__mS896vJ02osUQcF8SUT7iS7glLN-TL3M\/edit?usp=sharing\" target=\"_blank\" rel=\"noopener\"><\/a><br \/>\n<a href=\"https:\/\/docs.google.com\/document\/d\/1i1RjjxULZbob8ogatP3blXqwpTipTNTKesloGHx0HIE\/edit?usp=sharing\" target=\"_blank\" rel=\"noopener\"><\/a><br \/>\n<a href=\"https:\/\/agora.xtec.cat\/inseugenixammar\/treballs-de-sintesi-i-projecte-de-recerca\/\" target=\"_blank\" rel=\"noopener\"><\/a><\/p>\n<p><a href=\"https:\/\/drive.google.com\/drive\/folders\/1IhBX0CkBuuJPm10D2QaNnDzXzl4lUPH6?usp=sharing\" target=\"_blank\" rel=\"noopener\"><\/a><br \/>\n<a href=\"https:\/\/inseugenixammar.wixsite.com\/orientacio\/eso\" target=\"_blank\" rel=\"noopener\"><\/a><br \/>\n<a href=\"https:\/\/agora.xtec.cat\/inseugenixammar\/projectes-xammar-23\/\" target=\"_blank\" rel=\"noopener\"><\/a><\/p>\n<p><a href=\"https:\/\/agora.xtec.cat\/inseugenixammar\/autonomia-de-centre\/\" target=\"_blank\" rel=\"noopener\"><\/a><\/p>\n<p><a href=\"https:\/\/agora.xtec.cat\/inseugenixammar\/1r-eso\/agendes-virtuals\/\"><\/a><\/p>\n","protected":false},"author":1,"featured_media":0,"parent":195,"menu_order":10,"comment_status":"closed","ping_status":"closed","template":"page-templates\/side-menu.php","meta":{"_bbp_topic_count":0,"_bbp_reply_count":0,"_bbp_total_topic_count":0,"_bbp_total_reply_count":0,"_bbp_voice_count":0,"_bbp_anonymous_reply_count":0,"_bbp_topic_count_hidden":0,"_bbp_reply_count_hidden":0,"_bbp_forum_subforum_count":0,"footnotes":""},"class_list":["post-818","page","type-page","status-publish","hentry"],"post_mailing_queue_ids":[],"_links":{"self":[{"href":"https:\/\/agora.xtec.cat\/inseugenixammar\/wp-json\/wp\/v2\/pages\/818","targetHints":{"allow":["GET"]}}],"collection":[{"href":"https:\/\/agora.xtec.cat\/inseugenixammar\/wp-json\/wp\/v2\/pages"}],"about":[{"href":"https:\/\/agora.xtec.cat\/inseugenixammar\/wp-json\/wp\/v2\/types\/page"}],"author":[{"embeddable":true,"href":"https:\/\/agora.xtec.cat\/inseugenixammar\/wp-json\/wp\/v2\/users\/1"}],"replies":[{"embeddable":true,"href":"https:\/\/agora.xtec.cat\/inseugenixammar\/wp-json\/wp\/v2\/comments?post=818"}],"version-history":[{"count":7,"href":"https:\/\/agora.xtec.cat\/inseugenixammar\/wp-json\/wp\/v2\/pages\/818\/revisions"}],"predecessor-version":[{"id":3895,"href":"https:\/\/agora.xtec.cat\/inseugenixammar\/wp-json\/wp\/v2\/pages\/818\/revisions\/3895"}],"up":[{"embeddable":true,"href":"https:\/\/agora.xtec.cat\/inseugenixammar\/wp-json\/wp\/v2\/pages\/195"}],"wp:attachment":[{"href":"https:\/\/agora.xtec.cat\/inseugenixammar\/wp-json\/wp\/v2\/media?parent=818"}],"curies":[{"name":"wp","href":"https:\/\/api.w.org\/{rel}","templated":true}]}}