{"id":69,"date":"2021-09-11T10:15:07","date_gmt":"2021-09-11T08:15:07","guid":{"rendered":"http:\/\/agora.xtec.cat\/inseugenixammar\/?page_id=69"},"modified":"2026-04-07T12:30:31","modified_gmt":"2026-04-07T10:30:31","slug":"cantina-menjador","status":"publish","type":"page","link":"https:\/\/agora.xtec.cat\/inseugenixammar\/serveis\/cantina-menjador\/","title":{"rendered":"Cantina"},"content":{"rendered":"<p><a href=\"https:\/\/agora.xtec.cat\/inseugenixammar\/wp-content\/uploads\/usu2541\/2021\/09\/cantina.png\"><img loading=\"lazy\" decoding=\"async\" class=\"alignnone wp-image-1233\" src=\"https:\/\/agora.xtec.cat\/inseugenixammar\/wp-content\/uploads\/usu2541\/2021\/09\/cantina-1024x197.png\" alt=\"\" width=\"786\" height=\"152\" srcset=\"https:\/\/agora.xtec.cat\/inseugenixammar\/wp-content\/uploads\/usu2541\/2021\/09\/cantina-1024x197.png 1024w, https:\/\/agora.xtec.cat\/inseugenixammar\/wp-content\/uploads\/usu2541\/2021\/09\/cantina-300x58.png 300w, https:\/\/agora.xtec.cat\/inseugenixammar\/wp-content\/uploads\/usu2541\/2021\/09\/cantina-768x148.png 768w, https:\/\/agora.xtec.cat\/inseugenixammar\/wp-content\/uploads\/usu2541\/2021\/09\/cantina.png 1356w\" sizes=\"auto, (max-width: 786px) 100vw, 786px\" \/><\/a><\/p>\n<p>L&#8217;empresa <strong>Espai Migdia<\/strong> gestiona la cantina del nostre centre.<\/p>\n<p>A l&#8217;hora del pati l&#8217;alumnat pot accedir a aquest servei per comprar entrepans, pastisseria i begudes.<\/p>\n<p>Al migdia, s&#8217;ofereix un servei de men\u00fas per a tot aquell alumnat que s&#8217;hagi de quedar a dinar a l&#8217;institut. L&#8217;horari d&#8217;aquest servei \u00e9s de 14.30h a 15.30h.<\/p>\n<table style=\"border-collapse: collapse; width: 100%; height: 96px;\">\n<tbody>\n<tr style=\"height: 32px;\">\n<td style=\"width: 20%; background-color: #ed9039; text-align: center; height: 32px;\" colspan=\"5\"><strong>MEN\u00daS MENSUALS CURS 2025-2026 <\/strong>(es publicaran uns dies abans que comenci cada mes)<\/td>\n<\/tr>\n<tr style=\"height: 32px;\">\n<td style=\"width: 20%; text-align: center; height: 32px;\"><a href=\"https:\/\/drive.google.com\/file\/d\/1FEKlu-aqXayMyHWy1_0VwigbVL_dXqCf\/view?usp=sharing\" target=\"_blank\" rel=\"noopener\">Setembre 2025<\/a><\/td>\n<td style=\"width: 20%; text-align: center; height: 32px;\"><a href=\"https:\/\/drive.google.com\/file\/d\/19ywwpMUwQ2OXw8FiwMC3IbBCSqhCM5V7\/view?usp=sharing\" target=\"_blank\" rel=\"noopener\">Octubre 2025<\/a><\/td>\n<td style=\"width: 20%; text-align: center; height: 32px;\"><a href=\"https:\/\/drive.google.com\/file\/d\/1EzjBBrp007I5qTUKefMXQbBRWXH-ekpD\/view?usp=sharing\" target=\"_blank\" rel=\"noopener\">Novembre 2025<\/a><\/td>\n<td style=\"width: 20%; text-align: center; height: 32px;\"><a href=\"https:\/\/drive.google.com\/file\/d\/11SCpIzKEFyLkY3M7XH2fTD7IwM_efFEl\/view?usp=sharing\" target=\"_blank\" rel=\"noopener\">Desembre 2025<\/a><\/td>\n<td style=\"width: 20%; text-align: center; height: 32px;\"><a href=\"https:\/\/drive.google.com\/file\/d\/13X_v7c-_jJgHWiY12_NenIgPnkfWx-lM\/view?usp=sharing\" target=\"_blank\" rel=\"noopener\">Gener 2026<\/a><\/td>\n<\/tr>\n<tr style=\"height: 32px;\">\n<td style=\"width: 20%; text-align: center; height: 32px;\"><a href=\"https:\/\/drive.google.com\/file\/d\/1j7E0OajFpE35t3DS5eFTxqyph-uNBfWi\/view?usp=sharing\" target=\"_blank\" rel=\"noopener\">Febrer 2026<\/a><\/td>\n<td style=\"width: 20%; text-align: center; height: 32px;\"><a href=\"https:\/\/drive.google.com\/file\/d\/1n7vwJNcK0oBNlYOMg032SmybFDmEkgVB\/view?usp=sharing\" target=\"_blank\" rel=\"noopener\">Mar\u00e7 2026<\/a><\/td>\n<td style=\"width: 20%; text-align: center; height: 32px;\"><a href=\"https:\/\/drive.google.com\/file\/d\/1gkbQU2pNgU9_xY7RgH98OvoMzztA0Q8b\/view?usp=sharing\" target=\"_blank\" rel=\"noopener\">Abril 2026<\/a><\/td>\n<td style=\"width: 20%; text-align: center; height: 32px;\">Maig 2026<\/td>\n<td style=\"width: 20%; text-align: center; height: 32px;\">Juny 2026<\/td>\n<\/tr>\n<\/tbody>\n<\/table>\n<p>En els seg\u00fcents enlla\u00e7os podreu accedir a la fitxa d&#8217;inscripci\u00f3 al servei\u00a0 i a la fitxa de continu\u00eftat si ja n&#8217;\u00e9reu usuaris el curs passat, que cal que envieu al correu que trobareu m\u00e9s avall.<\/p>\n<ul>\n<li>Enlla\u00e7 a la <a href=\"https:\/\/drive.google.com\/file\/d\/1Nk7OapQJ5ILWKHmqtjQzIuIqEVdeQ9QX\/view?usp=sharing\" target=\"_blank\" rel=\"noopener\">fitxa d&#8217;inscripci\u00f3 al servei de menjador<\/a><\/li>\n<li>Enlla\u00e7 a la <a href=\"https:\/\/drive.google.com\/file\/d\/1fHLF-fkrgewpq3DbiIU8bszw__3qKWLI\/view?usp=sharing\" target=\"_blank\" rel=\"noopener\">fitxa de continu\u00eftat del servei de menjador<\/a><\/li>\n<li>Enlla\u00e7 a la <a href=\"https:\/\/drive.google.com\/file\/d\/1EnigE9N56lCZ4HxrhWvRLLB3ErDyRk0e\/view?usp=sharing\" target=\"_blank\" rel=\"noopener\">fitxa per donar-se de baixa del servei de menjador<\/a><\/li>\n<\/ul>\n<p><span style=\"color: #808080;\"><em>El preu del men\u00fa per a l&#8217;alumnat que es queda almenys un dia fix a la setmana \u00e9s de 7,54\u20ac\/dia per al curs 2025-26 i el preu pels espor\u00e0dics 8,29\u20ac\/dia.<\/em><\/span><\/p>\n<p>Per a qualsevol consulta, us podeu posar en contacte amb l&#8217;empresa que gestiona el servei via tel\u00e8fon o correu electr\u00f2nic:<\/p>\n<p style=\"text-align: center;\"><strong>Tel\u00e8fon: 680.60.24.86 \u00a0 \u00a0mails: menjador@espaimigdia.cat\u00a0 \/ magda@espaimigdia.cat<\/strong><\/p>\n<p style=\"text-align: left;\"><span style=\"color: #ff0000;\">Important! Cal enviar la fitxa a qualsevol dels correus anteriors.<\/span><\/p>\n<p>En els seg\u00fcents enlla\u00e7os podreu consultar els men\u00fas de cursos anteriors:<\/p>\n<table style=\"border-collapse: collapse; width: 100%; height: 96px;\">\n<tbody>\n<tr style=\"height: 32px;\">\n<td style=\"width: 20%; background-color: #ed9039; text-align: center; height: 32px;\" colspan=\"5\"><strong>MEN\u00daS MENSUALS CURS 2024-2025 <\/strong>(es publicaran uns dies abans que comenci cada mes)<\/td>\n<\/tr>\n<tr style=\"height: 32px;\">\n<td style=\"width: 20%; text-align: center; height: 32px;\"><a href=\"https:\/\/drive.google.com\/file\/d\/1FM2ElSm4Ro20lxOb9z7O0RPgXOBA1u3V\/view?usp=sharing\" target=\"_blank\" rel=\"noopener\">Setembre 2024<\/a><\/td>\n<td style=\"width: 20%; text-align: center; height: 32px;\"><a href=\"https:\/\/drive.google.com\/file\/d\/1zML1qFs4nK78Oqpo5LsqLi230tJk9TIi\/view?usp=sharing\" target=\"_blank\" rel=\"noopener\">Octubre 2024<\/a><\/td>\n<td style=\"width: 20%; text-align: center; height: 32px;\"><a href=\"https:\/\/drive.google.com\/file\/d\/11VwSipTyy1wTLy9BzOn7CPGypAS7HjkU\/view?usp=sharing\" target=\"_blank\" rel=\"noopener\">Novembre 2024<\/a><\/td>\n<td style=\"width: 20%; text-align: center; height: 32px;\"><a href=\"https:\/\/drive.google.com\/file\/d\/1euN5iqgxNV8RmWEsrYlgievWna3qACO9\/view?usp=sharing\" target=\"_blank\" rel=\"noopener\">Desembre 2024<\/a><\/td>\n<td style=\"width: 20%; text-align: center; height: 32px;\"><a href=\"https:\/\/drive.google.com\/file\/d\/11ZJ2tyIcEaULpd3ZQk_jCGIpUNfQQ2R2\/view?usp=sharing\" target=\"_blank\" rel=\"noopener\">Gener 2025<\/a><\/td>\n<\/tr>\n<tr style=\"height: 32px;\">\n<td style=\"width: 20%; text-align: center; height: 32px;\"><a href=\"https:\/\/drive.google.com\/file\/d\/1OeZ1Pw0gAVooSZep5STZ60ny9Vu2Tieo\/view?usp=sharing\" target=\"_blank\" rel=\"noopener\">Febrer 2025<\/a><\/td>\n<td style=\"width: 20%; text-align: center; height: 32px;\"><a href=\"https:\/\/drive.google.com\/file\/d\/1RB_ZipCX7RyMmYOhgSNuuC9JzZ4A1nBP\/view?usp=sharing\" target=\"_blank\" rel=\"noopener\">Mar\u00e7 2025<\/a><\/td>\n<td style=\"width: 20%; text-align: center; height: 32px;\"><a href=\"https:\/\/drive.google.com\/file\/d\/1Cpl7_qYqxsmjMBX6oF-pdX2coFGpFsVf\/view?usp=sharing\" target=\"_blank\" rel=\"noopener\">Abril 2025<\/a><\/td>\n<td style=\"width: 20%; text-align: center; height: 32px;\"><a href=\"https:\/\/drive.google.com\/file\/d\/17_M7ojc8XlnvZMi-0U8Khj1Sl_h8YCBR\/view?usp=sharing\">Maig 2025<\/a><\/td>\n<td style=\"width: 20%; text-align: center; height: 32px;\"><a href=\"https:\/\/drive.google.com\/file\/d\/1Wlxq-V3nFt07e3dUm9JXc8V3anatKqOa\/view?usp=sharing\" target=\"_blank\" rel=\"noopener\">Juny 2025<\/a><\/td>\n<\/tr>\n<\/tbody>\n<\/table>\n<table style=\"border-collapse: collapse; width: 100%; height: 96px;\">\n<tbody>\n<tr style=\"height: 32px;\">\n<td style=\"width: 20%; background-color: #ed9039; text-align: center; height: 32px;\" colspan=\"5\"><strong>MEN\u00daS MENSUALS CURS 2023-2024 <\/strong>(es publicaran uns dies abans que comenci cada mes)<\/td>\n<\/tr>\n<tr style=\"height: 32px;\">\n<td style=\"width: 20%; text-align: center; height: 32px;\"><a href=\"https:\/\/drive.google.com\/file\/d\/1klIJBSzL5JV5DGuzSCPSuSVEGH4FrGif\/view?usp=sharing\" target=\"_blank\" rel=\"noopener\">Setembre 2023<\/a><\/td>\n<td style=\"width: 20%; text-align: center; height: 32px;\"><a href=\"https:\/\/drive.google.com\/file\/d\/1WthJHvEyPwa9A06qSl8U3n9GGDoweacX\/view?usp=sharing\" target=\"_blank\" rel=\"noopener\">Octubre 2023<\/a><\/td>\n<td style=\"width: 20%; text-align: center; height: 32px;\"><a href=\"https:\/\/drive.google.com\/file\/d\/1z-YbzXhbB3dqZMjU1EYpipD0qzJncnqp\/view?usp=sharing\" target=\"_blank\" rel=\"noopener\">Novembre 2023<\/a><\/td>\n<td style=\"width: 20%; text-align: center; height: 32px;\"><a href=\"https:\/\/drive.google.com\/file\/d\/1jb0AJ4ItqQEdKGFHdHiBNfFPmkIog-W7\/view?usp=sharing\" target=\"_blank\" rel=\"noopener\">Desembre 2023<\/a><\/td>\n<td style=\"width: 20%; text-align: center; height: 32px;\"><a href=\"https:\/\/drive.google.com\/file\/d\/1R7-P7-gbH2zRWpGEq6LyE1YNUf2WhX9t\/view?usp=sharing\" target=\"_blank\" rel=\"noopener\">Gener 2024<\/a><\/td>\n<\/tr>\n<tr style=\"height: 32px;\">\n<td style=\"width: 20%; text-align: center; height: 32px;\"><a href=\"https:\/\/drive.google.com\/file\/d\/15_B3uOXeBXvhuqbIE9a2DPfbaEl2bja4\/view?usp=sharing\" target=\"_blank\" rel=\"noopener\">Febrer 2024<\/a><\/td>\n<td style=\"width: 20%; text-align: center; height: 32px;\"><a href=\"https:\/\/drive.google.com\/file\/d\/1ypwtyRo5geAx0rpOJ6JdU5gGKuWC8eqk\/view?usp=sharing\" target=\"_blank\" rel=\"noopener\">Mar\u00e7 2024<\/a><\/td>\n<td style=\"width: 20%; text-align: center; height: 32px;\"><a href=\"https:\/\/drive.google.com\/file\/d\/1q1lsnMRhwZVJWrwjFOAcPkCmBQ1ud_I9\/view?usp=sharing\" target=\"_blank\" rel=\"noopener\">Abril 2024<\/a><\/td>\n<td style=\"width: 20%; text-align: center; height: 32px;\"><a href=\"https:\/\/drive.google.com\/file\/d\/14TgkQezftC9MxTMFDEuf1ZpgBYNpiLyi\/view?usp=sharing\" target=\"_blank\" rel=\"noopener\">Maig 2024<\/a><\/td>\n<td style=\"width: 20%; text-align: center; height: 32px;\"><a href=\"https:\/\/drive.google.com\/file\/d\/1MdW-rxLfAOlIta7XVA9o2JRGFmb9ZTVy\/view\" target=\"_blank\" rel=\"noopener\">Juny 2024<\/a><\/td>\n<\/tr>\n<\/tbody>\n<\/table>\n","protected":false},"excerpt":{"rendered":"<p><a href=\"https:\/\/agora.xtec.cat\/inseugenixammar\/wp-content\/uploads\/usu2541\/2021\/09\/cantina.png\"><\/a><br \/>\nL&#8217;empresa Espai Migdia gestiona la cantina del nostre centre.<br \/>\nA l&#8217;hora del pati l&#8217;alumnat pot accedir a aquest servei per comprar entrepans, pastisseria i begudes.<br \/>\nAl migdia, s&#8217;ofereix un servei de men\u00fas per a tot aquell alumnat que s&#8217;hagi de quedar a dinar a l&#8217;institut. L&#8217;horari&hellip;  <a href=\"https:\/\/agora.xtec.cat\/inseugenixammar\/serveis\/cantina-menjador\/\" title=\"Read Cantina\">Llegeix m\u00e9s\u00bb<\/a><\/p>\n","protected":false},"author":1,"featured_media":0,"parent":63,"menu_order":20,"comment_status":"closed","ping_status":"closed","template":"page-templates\/side-menu.php","meta":{"_bbp_topic_count":0,"_bbp_reply_count":0,"_bbp_total_topic_count":0,"_bbp_total_reply_count":0,"_bbp_voice_count":0,"_bbp_anonymous_reply_count":0,"_bbp_topic_count_hidden":0,"_bbp_reply_count_hidden":0,"_bbp_forum_subforum_count":0,"footnotes":""},"class_list":["post-69","page","type-page","status-publish","hentry"],"post_mailing_queue_ids":[],"_links":{"self":[{"href":"https:\/\/agora.xtec.cat\/inseugenixammar\/wp-json\/wp\/v2\/pages\/69","targetHints":{"allow":["GET"]}}],"collection":[{"href":"https:\/\/agora.xtec.cat\/inseugenixammar\/wp-json\/wp\/v2\/pages"}],"about":[{"href":"https:\/\/agora.xtec.cat\/inseugenixammar\/wp-json\/wp\/v2\/types\/page"}],"author":[{"embeddable":true,"href":"https:\/\/agora.xtec.cat\/inseugenixammar\/wp-json\/wp\/v2\/users\/1"}],"replies":[{"embeddable":true,"href":"https:\/\/agora.xtec.cat\/inseugenixammar\/wp-json\/wp\/v2\/comments?post=69"}],"version-history":[{"count":6,"href":"https:\/\/agora.xtec.cat\/inseugenixammar\/wp-json\/wp\/v2\/pages\/69\/revisions"}],"predecessor-version":[{"id":4001,"href":"https:\/\/agora.xtec.cat\/inseugenixammar\/wp-json\/wp\/v2\/pages\/69\/revisions\/4001"}],"up":[{"embeddable":true,"href":"https:\/\/agora.xtec.cat\/inseugenixammar\/wp-json\/wp\/v2\/pages\/63"}],"wp:attachment":[{"href":"https:\/\/agora.xtec.cat\/inseugenixammar\/wp-json\/wp\/v2\/media?parent=69"}],"curies":[{"name":"wp","href":"https:\/\/api.w.org\/{rel}","templated":true}]}}