{"id":532,"date":"2021-06-12T20:20:07","date_gmt":"2021-06-12T18:20:07","guid":{"rendered":"https:\/\/agora.xtec.cat\/inseugenixammar\/?page_id=532"},"modified":"2025-07-13T09:13:00","modified_gmt":"2025-07-13T07:13:00","slug":"tutoria-entre-iguals-tei","status":"publish","type":"page","link":"https:\/\/agora.xtec.cat\/inseugenixammar\/trets-didentitat\/tutoria-entre-iguals-tei\/","title":{"rendered":"Projecte Reacciona"},"content":{"rendered":"<p class=\"font_8\" style=\"text-align: justify;\">Des de fa uns anys hem tingut l&#8217;oportunitat de participar en el projecte REACCIONA. Aquesta iniciativa, patrocinada per l&#8217;Ajuntament i la Diputaci\u00f3, que normalment emmarquem en la mat\u00e8ria de &#8220;Cultura i Valors&#8221;,\u00a0 consisteix en la gravaci\u00f3 per part dels alumnes d&#8217;un v\u00eddeo que despr\u00e9s \u00e9s ofert a una ONG. Els alumnes estan en contacte amb membres de l&#8217;ONG i professionals del m\u00f3n de la comunicaci\u00f3 audiovisual. Al<span style=\"font-weight: 400;\"> final de curs s&#8217;organitza una projecci\u00f3 p\u00fablica dels v\u00eddeos realitzats als diferents Instituts catalans participants, al <\/span><b>CCCB de Barcelona<\/b><span style=\"font-weight: 400;\">, amb assist\u00e8ncia dels alumnes i les ONG.<\/span><\/p>\n<p><span style=\"font-family: inherit; font-size: 1em;\">Al curs 2024\/2025, els alumnes de 2n d&#8217;ESO que feien &#8220;Educaci\u00f3 emocional&#8221; i els de 1r de batxillerat que han cursat &#8220;Comunicaci\u00f3 audiovisual&#8221;, van tenir l&#8217;oportunitat de participar en el projecte, durant el 1r trimestre. Les ONG triades i els v\u00eddeos produ\u00efts s\u00f3n els seg\u00fcents: <\/span><\/p>\n<p><span style=\"color: #800000;\"><strong>2n A i C <\/strong><strong>&#8211; <\/strong>ONG: <strong>Oikocredit<\/strong>. T\u00edtol del curtmetratge: <em><strong>Jardins solidaris<\/strong><\/em><\/span><\/p>\n<p><iframe loading=\"lazy\" title=\"&quot;Jardins Solidaris&quot; 2n ESO A i C - 2024-25, INS Eugeni Xammar, L&#039;Ametlla del Vall\u00e8s\" src=\"https:\/\/player.vimeo.com\/video\/1066750947?dnt=1&amp;app_id=122963\" width=\"500\" height=\"281\" frameborder=\"0\" allow=\"autoplay; fullscreen; picture-in-picture; clipboard-write; encrypted-media; web-share\"><\/iframe><\/p>\n<p><span style=\"color: #800000;\"><strong>2n B i D <\/strong><strong>&#8211; <\/strong>ONG: <strong>Labdoo<\/strong>. T\u00edtol del curtmetratge: <strong><em>Segona oportunitat<\/em><\/strong><\/span><\/p>\n<p><iframe title=\"Projecte Reacciona, CaixaForum 9 juny 2025\" src=\"https:\/\/vimeo.com\/showcase\/11715789\/embed2\" width=500 height=281 allowfullscreen frameborder=\"0\"><\/iframe><\/p>\n<p><span style=\"color: #800000;\"><strong>1r batxillerat<\/strong><strong>&#8211; <\/strong>ONG: <strong>Associaci\u00f3 Catalana per la Pau<\/strong>. T\u00edtol del curtmetratge: <em><strong>La bona collita<\/strong><\/em><\/span><\/p>\n<p><iframe loading=\"lazy\" title=\"&quot;La bona collita&quot; INS Eugeni Xammar, 1r Batx 2024-25 L&#039;Ametlla del Vall\u00e8s\" src=\"https:\/\/player.vimeo.com\/video\/1066750705?dnt=1&amp;app_id=122963\" width=\"500\" height=\"281\" frameborder=\"0\" allow=\"autoplay; fullscreen; picture-in-picture; clipboard-write; encrypted-media; web-share\"><\/iframe><\/p>\n<p><span style=\"font-family: inherit; font-size: 1em;\">Al curs 2023\/2024, els grups de 2n d&#8217;ESO van tenir l&#8217;oportunitat de participar en el projecte, durant el 1r trimestre, a l&#8217;assignatura d&#8217;Educaci\u00f3 emocional. Les ONG triades i els v\u00eddeos produ\u00efts s\u00f3n els seg\u00fcents: <\/span><\/p>\n<p><span style=\"color: #800000;\"><strong>2n A <\/strong><strong>&#8211; <\/strong>ONG: <strong>Oikocredit<\/strong>. T\u00edtol del curtmetratge: <strong><em>Dona rica, dona pobra<\/em><\/strong><\/span><\/p>\n<p><iframe loading=\"lazy\" title=\"&quot;Dona rica, dona pobra&quot; 2n ESO A, INS Eugeni Xammar 2023-24. L&#039;Ametlla del Vall\u00e8s\" src=\"https:\/\/player.vimeo.com\/video\/921596544?dnt=1&amp;app_id=122963\" width=\"500\" height=\"281\" frameborder=\"0\" allow=\"autoplay; fullscreen; picture-in-picture; clipboard-write; encrypted-media; web-share\"><\/iframe><\/p>\n<p><span style=\"color: #800000;\"><strong>2n B i C <\/strong><strong>&#8211; <\/strong>ONG: <strong>Associaci\u00f3 Catalana per la Pau<\/strong>. T\u00edtol del curtmetratge: <strong><em>Despla\u00e7ats<\/em><\/strong><\/span><\/p>\n<p><iframe loading=\"lazy\" title=\"&quot;Despla\u00e7ats&quot; 2n ESO B i C, INS Eugeni Xammar 2023-24. L&#039;Ametlla del Vall\u00e8s\" src=\"https:\/\/player.vimeo.com\/video\/921580674?dnt=1&amp;app_id=122963\" width=\"500\" height=\"281\" frameborder=\"0\" allow=\"autoplay; fullscreen; picture-in-picture; clipboard-write; encrypted-media; web-share\"><\/iframe><\/p>\n<p><span style=\"color: #800000;\"><strong>2n D <\/strong><strong>&#8211; <\/strong>ONG: <strong>Educo<\/strong>. T\u00edtol del curtmetratge: <strong><em>Un pont a l&#8217;educaci\u00f3<\/em><\/strong><\/span><\/p>\n<p><iframe loading=\"lazy\" title=\"&quot;Un pont a l&#039;educaci\u00f3&quot; 2n ESO D, INS Eugeni Xammar 2023-24. L&#039;Ametlla del Vall\u00e8s\" src=\"https:\/\/player.vimeo.com\/video\/921588659?dnt=1&amp;app_id=122963\" width=\"500\" height=\"281\" frameborder=\"0\" allow=\"autoplay; fullscreen; picture-in-picture; clipboard-write; encrypted-media; web-share\"><\/iframe><\/p>\n<p><span style=\"font-family: inherit; font-size: 1em;\">Al curs 2022\/2023, tots els grups de 2n d&#8217;ESO van tenir l&#8217;oportunitat de participar en el projecte, durant el 1r trimestre, a les assignatures de Cultura i Valors i Religi\u00f3. Les ONG triades i els v\u00eddeos produ\u00efts s\u00f3n els seg\u00fcents: <\/span><\/p>\n<p><span style=\"color: #800000;\"><strong>2n A <\/strong><strong>&#8211; <\/strong>ONG: <strong>Setem Catalunya<\/strong>. T\u00edtol del curtmetratge: <strong><em>Pau al M\u00f3n<\/em><\/strong><\/span><\/p>\n<p><iframe loading=\"lazy\" src=\"\/\/player.vimeo.com\/video\/810803745?title=0&amp;amp;byline=0\" width=\"640\" height=\"360\" frameborder=\"0\" allowfullscreen=\"allowfullscreen\" data-mce-fragment=\"1\"><\/iframe><\/p>\n<p><a href=\"https:\/\/vimeo.com\/810803745\">&#8220;Pau al m\u00f3n&#8221; INS Eugeni Xammar, 2n ESO A &#8211; 2022-23, L&#8217;Ametlla del Vall\u00e8s<\/a> from <a href=\"https:\/\/vimeo.com\/tallerdecinema\">Taller de Cinema<\/a> on <a href=\"https:\/\/vimeo.com\">Vimeo<\/a>.<\/p>\n<p><span style=\"color: #800000;\"><strong>2n B <\/strong><strong>&#8211; <\/strong>ONG: <strong>Fundipau<\/strong>. T\u00edtol del curtmetratge: <strong><em>El guai-phone<\/em><\/strong><\/span><\/p>\n<p><iframe loading=\"lazy\" src=\"\/\/player.vimeo.com\/video\/810803091?title=0&amp;amp;byline=0\" width=\"640\" height=\"360\" frameborder=\"0\" allowfullscreen=\"allowfullscreen\" data-mce-fragment=\"1\"><\/iframe><\/p>\n<p><a href=\"https:\/\/vimeo.com\/810803091\">&#8220;El guai-phone&#8221; INS Eugeni Xammar, 2n ESO B &#8211; 2022-23, L&#8217;Ametlla del Vall\u00e8s<\/a> from <a href=\"https:\/\/vimeo.com\/tallerdecinema\">Taller de Cinema<\/a> on <a href=\"https:\/\/vimeo.com\">Vimeo<\/a>.<\/p>\n<p><span style=\"color: #800000;\"><strong>2n C <\/strong><strong>&#8211; <\/strong>ONG: <strong>Oikocredit<\/strong>. T\u00edtol del curtmetratge: <strong><em>Oikocr\u00e8dit<\/em><\/strong><\/span><\/p>\n<p><iframe loading=\"lazy\" src=\"\/\/player.vimeo.com\/video\/810791627?title=0&amp;amp;byline=0\" width=\"640\" height=\"360\" frameborder=\"0\" allowfullscreen=\"allowfullscreen\" data-mce-fragment=\"1\"><\/iframe><\/p>\n<p><a href=\"https:\/\/vimeo.com\/810791627\">&#8220;Oikocredit&#8221; INS Eugeni Xammar, 2n ESO C &#8211; 2022-23, L&#8217;Ametlla del Vall\u00e8s<\/a> from <a href=\"https:\/\/vimeo.com\/tallerdecinema\">Taller de Cinema<\/a> on <a href=\"https:\/\/vimeo.com\">Vimeo<\/a>.<\/p>\n<p>&nbsp;<\/p>\n<p class=\"font_8\" style=\"text-align: justify;\"><span style=\"font-family: inherit; font-size: 1em;\">Al curs 2021\/2022, durant el 1r trimestre, els alumnes Cultura i Valors de 2n C van ser els afortunats i l&#8217;ONG que van triar \u00e9s l&#8217;Acci\u00f3 Solidaria i Log\u00edstica. Amb el t\u00edtol:<em> Tu tamb\u00e9 pots ajudar! <\/em>van rodar el curtmetratge que podeu veure a continuaci\u00f3:<\/span><\/p>\n<p><iframe loading=\"lazy\" src=\"\/\/player.vimeo.com\/video\/685860593?title=0&amp;amp;byline=0\" width=\"640\" height=\"360\" frameborder=\"0\" allowfullscreen=\"allowfullscreen\" data-mce-fragment=\"1\"><\/iframe><\/p>\n<p><a href=\"https:\/\/vimeo.com\/685860593\">&#8220;Tu tamb\u00e9 pots ajudar&#8221; INS Eugeni Xammar, L&#8217;Ametlla del Vall\u00e8s 2021-22<\/a>\u00a0from <a href=\"https:\/\/vimeo.com\/tallerdecinema\">Taller de Cinema<\/a> on <a href=\"https:\/\/vimeo.com\">Vimeo<\/a>.<\/p>\n<p class=\"font_8\" style=\"text-align: justify;\"><span style=\"font-family: inherit; font-size: 1em;\">Al curs 2020\/2021, entre el 1r i 2n trimestre, els alumnes de 2n B han estat els afortunats i l&#8217;ONG que van triar \u00e9s l&#8217;Associaci\u00f3 per a les Nacions Unides a Espanya (ANUE).<\/span><\/p>\n<p class=\"font_8\">Clicant\u00a0aqu\u00ed\u00a0veureu el producte de la seva feina, felicitats noies i nois!<\/p>\n<p><iframe loading=\"lazy\" src=\"\/\/player.vimeo.com\/video\/524529013?title=0&amp;amp;byline=0\" width=\"640\" height=\"360\" frameborder=\"0\" allowfullscreen=\"allowfullscreen\" data-mce-fragment=\"1\"><\/iframe><\/p>\n<p><a href=\"https:\/\/vimeo.com\/524529013\">&#8220;Encara hi som a temps&#8221;, INS Eugeni Xammar, L&#8217;Ametlla del Vall\u00e8s 2020-21<\/a> from <a href=\"https:\/\/vimeo.com\/tallerdecinema\">Taller de Cinema<\/a> on <a href=\"https:\/\/vimeo.com\">Vimeo<\/a>.<\/p>\n<p>Al curs 2019\/2020 van ser alguns alumnes de 3r d&#8217;ESO els participants i aquest va ser el producte de la seva feina:<\/p>\n<p><iframe loading=\"lazy\" src=\"\/\/player.vimeo.com\/video\/499818422?title=0&amp;amp;byline=0\" width=\"640\" height=\"360\" frameborder=\"0\" allowfullscreen=\"allowfullscreen\" data-mce-fragment=\"1\"><\/iframe><\/p>\n<p><a href=\"https:\/\/vimeo.com\/499818422\">Efecte boomerang, INS Eugeni Xammar. L&#8217;Ametlla del Vall\u00e8s 2019-20<\/a> from <a href=\"https:\/\/vimeo.com\/tallerdecinema\">Taller de Cinema<\/a> on <a href=\"https:\/\/vimeo.com\">Vimeo<\/a>.<\/p>\n<p>Al curs 2017\/18 el projecte es va fer en alumnes de 3r d&#8217;ESO:<\/p>\n<p><iframe loading=\"lazy\" src=\"\/\/player.vimeo.com\/video\/273073718?title=0&amp;amp;byline=0\" width=\"640\" height=\"360\" frameborder=\"0\" allowfullscreen=\"allowfullscreen\" data-mce-fragment=\"1\"><\/iframe><\/p>\n<p><a href=\"https:\/\/vimeo.com\/273073718\">&#8220;A trav\u00e9s de l&#8217;art&#8221; INS Eugeni Xammar, 3r ESO 2017-2018<\/a> from <a href=\"https:\/\/vimeo.com\/tallerdecinema\">Taller de Cinema<\/a> on <a href=\"https:\/\/vimeo.com\">Vimeo<\/a>.<\/p>\n","protected":false},"excerpt":{"rendered":"<p>Des de fa uns anys hem tingut l&#8217;oportunitat de participar en el projecte REACCIONA. Aquesta iniciativa, patrocinada per l&#8217;Ajuntament i la Diputaci\u00f3, que normalment emmarquem en la mat\u00e8ria de &#8220;Cultura i Valors&#8221;,\u00a0 consisteix en la gravaci\u00f3 per part dels alumnes d&#8217;un v\u00eddeo que despr\u00e9s \u00e9s&hellip;  <a href=\"https:\/\/agora.xtec.cat\/inseugenixammar\/trets-didentitat\/tutoria-entre-iguals-tei\/\" title=\"Read Projecte Reacciona\">Llegeix m\u00e9s\u00bb<\/a><\/p>\n","protected":false},"author":1,"featured_media":0,"parent":813,"menu_order":10,"comment_status":"closed","ping_status":"closed","template":"page-templates\/side-menu.php","meta":{"_bbp_topic_count":0,"_bbp_reply_count":0,"_bbp_total_topic_count":0,"_bbp_total_reply_count":0,"_bbp_voice_count":0,"_bbp_anonymous_reply_count":0,"_bbp_topic_count_hidden":0,"_bbp_reply_count_hidden":0,"_bbp_forum_subforum_count":0,"footnotes":""},"class_list":["post-532","page","type-page","status-publish","hentry"],"post_mailing_queue_ids":[],"_links":{"self":[{"href":"https:\/\/agora.xtec.cat\/inseugenixammar\/wp-json\/wp\/v2\/pages\/532","targetHints":{"allow":["GET"]}}],"collection":[{"href":"https:\/\/agora.xtec.cat\/inseugenixammar\/wp-json\/wp\/v2\/pages"}],"about":[{"href":"https:\/\/agora.xtec.cat\/inseugenixammar\/wp-json\/wp\/v2\/types\/page"}],"author":[{"embeddable":true,"href":"https:\/\/agora.xtec.cat\/inseugenixammar\/wp-json\/wp\/v2\/users\/1"}],"replies":[{"embeddable":true,"href":"https:\/\/agora.xtec.cat\/inseugenixammar\/wp-json\/wp\/v2\/comments?post=532"}],"version-history":[{"count":6,"href":"https:\/\/agora.xtec.cat\/inseugenixammar\/wp-json\/wp\/v2\/pages\/532\/revisions"}],"predecessor-version":[{"id":3767,"href":"https:\/\/agora.xtec.cat\/inseugenixammar\/wp-json\/wp\/v2\/pages\/532\/revisions\/3767"}],"up":[{"embeddable":true,"href":"https:\/\/agora.xtec.cat\/inseugenixammar\/wp-json\/wp\/v2\/pages\/813"}],"wp:attachment":[{"href":"https:\/\/agora.xtec.cat\/inseugenixammar\/wp-json\/wp\/v2\/media?parent=532"}],"curies":[{"name":"wp","href":"https:\/\/api.w.org\/{rel}","templated":true}]}}