{"id":531,"date":"2021-06-12T20:20:07","date_gmt":"2021-06-12T18:20:07","guid":{"rendered":"https:\/\/agora.xtec.cat\/inseugenixammar\/?page_id=531"},"modified":"2024-08-31T01:26:24","modified_gmt":"2024-08-30T23:26:24","slug":"projectes-curriculars-xammar","status":"publish","type":"page","link":"https:\/\/agora.xtec.cat\/inseugenixammar\/trets-didentitat\/projectes-curriculars-xammar\/","title":{"rendered":"Projectes Xammar"},"content":{"rendered":"<h2><a href=\"https:\/\/agora.xtec.cat\/inseugenixammar\/wp-content\/uploads\/usu2541\/2021\/07\/Eugeni-Xammar.png\"><img loading=\"lazy\" decoding=\"async\" class=\" wp-image-959 alignleft\" src=\"https:\/\/agora.xtec.cat\/inseugenixammar\/wp-content\/uploads\/usu2541\/2021\/07\/Eugeni-Xammar.png\" alt=\"\" width=\"121\" height=\"214\" \/><\/a><\/h2>\n<p style=\"text-align: justify;\">Els projectes Eugeni Xammar, iniciats al curs 2012-13, pretenen desenvolupar l&#8217;autonomia i iniciativa del nostre alumnat fomentant la cultura del treball cooperatiu i la corresponsabilitat de l&#8217;aprenentatge. Es tracta de projectes centrats en l&#8217;alumnat i dirigits per ell mateix que treballen continguts significatius directament observables en el seu entorn i busquen les connexions entre el m\u00f3n acad\u00e8mic, la vida i les compet\u00e8ncies. Constitueixen una oportunitat per fomentar la creativat, la reflexi\u00f3 sobre el propi aprenentatge i la coavaluaci\u00f3.<\/p>\n<p>Actualment es duen a terme a 2n i 3r d&#8217;ESO durant la segona quinzena de desembre i els projectes que es realitzen s\u00f3n: a 2n d&#8217;ESO &#8220;<em>Ruta Modernista<\/em>. <em>Prepararem material did\u00e0ctic per fer una fira modernista a l&#8217;Ametlla&#8221;\u00a0<\/em>i a 3r d&#8217;ESO &#8220;<em>Notes la taula peri\u00f2dica? Treballem els grups qu\u00edmics i esbrinem d&#8217;on va sorgir tot&#8221;.<\/em><\/p>\n<p><a href=\"https:\/\/agora.xtec.cat\/inseugenixammar\/projectes-xammar-23\/\"><img loading=\"lazy\" decoding=\"async\" class=\"wp-image-1958 aligncenter\" src=\"https:\/\/agora.xtec.cat\/inseugenixammar\/wp-content\/uploads\/usu2541\/2022\/01\/projectes-xammar-web-px.jpg\" alt=\"\" width=\"438\" height=\"102\" srcset=\"https:\/\/agora.xtec.cat\/inseugenixammar\/wp-content\/uploads\/usu2541\/2022\/01\/projectes-xammar-web-px.jpg 904w, https:\/\/agora.xtec.cat\/inseugenixammar\/wp-content\/uploads\/usu2541\/2022\/01\/projectes-xammar-web-px-300x70.jpg 300w, https:\/\/agora.xtec.cat\/inseugenixammar\/wp-content\/uploads\/usu2541\/2022\/01\/projectes-xammar-web-px-768x178.jpg 768w\" sizes=\"auto, (max-width: 438px) 100vw, 438px\" \/><\/a><\/p>\n<p>&nbsp;<\/p>\n<table style=\"border-collapse: collapse; width: 100%; height: 290px;\">\n<tbody>\n<tr style=\"height: 49px;\">\n<td style=\"width: 99.9999%; text-align: center; height: 49px;\" colspan=\"3\">\n<h5><strong>PROJECTES CURSOS ANTERIORS<\/strong><\/h5>\n<\/td>\n<\/tr>\n<tr style=\"height: 49px;\">\n<td style=\"width: 10.9681%; height: 49px;\">\n<h5 style=\"text-align: center;\"><strong>CURS<\/strong><\/h5>\n<\/td>\n<td style=\"width: 42.2633%; height: 49px;\">\n<h5><strong>2n d&#8217;ESO<\/strong><\/h5>\n<\/td>\n<td style=\"width: 46.7685%; height: 49px;\">\n<h5><strong>3r d&#8217;ESO<\/strong><\/h5>\n<\/td>\n<\/tr>\n<tr style=\"height: 32px;\">\n<td style=\"width: 10.9681%; height: 32px;\">2018-2019<\/td>\n<td style=\"width: 42.2633%; height: 32px;\"><span class=\"color_35\">Commemoraci\u00f3 del 70\u00e8 aniversari de la Declaraci\u00f3 Universal dels Drets Humans (DUDH): Expliquem la DUDH a prim\u00e0ria.<\/span><\/td>\n<td style=\"width: 46.7685%; height: 32px;\"><span class=\"color_35\">Commemoraci\u00f3 del 70\u00e8 aniversari de la Declaraci\u00f3 Universal dels Drets Humans (DUDH): Preparem una exposici\u00f3 sobre la DUDH.<\/span><\/td>\n<\/tr>\n<tr style=\"height: 32px;\">\n<td style=\"width: 10.9681%; height: 32px;\">2017-2018<\/td>\n<td style=\"width: 42.2633%; height: 32px;\"><span class=\"color_35\">Creaci\u00f3 d&#8217;un esdeveniment esportiu.<\/span><\/td>\n<td style=\"width: 46.7685%; height: 32px;\"><span class=\"color_35\">Creaci\u00f3 d&#8217;un campus de b\u00e0squet<\/span><\/td>\n<\/tr>\n<tr style=\"height: 32px;\">\n<td style=\"width: 10.9681%; height: 32px;\">2016-2017<\/td>\n<td style=\"width: 42.2633%; height: 32px;\"><span class=\"color_35\">20\u00e8 aniversari Institut Eugeni Xammar<\/span><\/td>\n<td style=\"width: 46.7685%; height: 32px;\"><span class=\"color_35\">Let&#8217;s avidigitalitzar<\/span><\/td>\n<\/tr>\n<tr style=\"height: 32px;\">\n<td style=\"width: 10.9681%; height: 32px;\">2015-2016<\/td>\n<td style=\"width: 42.2633%; height: 32px;\"><span class=\"color_35\">Euronet 50\/50<\/span><\/td>\n<td style=\"width: 46.7685%; height: 32px;\"><span class=\"color_35\">\u00a0<\/span><\/td>\n<\/tr>\n<tr style=\"height: 32px;\">\n<td style=\"width: 10.9681%; height: 32px;\">2014-2015<\/td>\n<td style=\"width: 42.2633%; height: 32px;\"><span class=\"color_35\">Escenaris de la vida d&#8217;Eugeni Xammar<\/span><\/td>\n<td style=\"width: 46.7685%; height: 32px;\"><span class=\"color_35\">L&#8217;institut entre tots<\/span><\/td>\n<\/tr>\n<tr>\n<td style=\"width: 10.9681%;\">2013-2014<\/td>\n<td style=\"width: 42.2633%;\"><span class=\"color_35\">L&#8217;aigua<\/span><\/td>\n<td style=\"width: 46.7685%;\"><span class=\"color_35\">El temps d&#8217;Eugeni Xammar<\/span><\/td>\n<\/tr>\n<tr>\n<td style=\"width: 10.9681%;\">2012-2013<\/td>\n<td style=\"width: 42.2633%;\"><span class=\"color_35\"><span style=\"font-family: inherit; font-size: 1em;\">Projecte de renovaci\u00f3 del pati nord de l&#8217;Institut.<\/span><\/span><\/td>\n<td style=\"width: 46.7685%;\"><span class=\"color_35\">El consum<\/span><\/td>\n<\/tr>\n<\/tbody>\n<\/table>\n<p class=\"font_8\"><em>\u00a0<\/em><span class=\"wixGuard\">\u200b<\/span><\/p>\n<p class=\"font_8\"><span class=\"wixGuard\">\u200b<\/span><\/p>\n<p class=\"font_8\"><span class=\"wixGuard\">\u200b<\/span><\/p>\n<p class=\"font_8\"><span class=\"wixGuard\">\u200b<\/span><\/p>\n<p>&nbsp;<\/p>\n","protected":false},"excerpt":{"rendered":"<p><a href=\"https:\/\/agora.xtec.cat\/inseugenixammar\/wp-content\/uploads\/usu2541\/2021\/07\/Eugeni-Xammar.png\"><\/a><br \/>\nEls projectes Eugeni Xammar, iniciats al curs 2012-13, pretenen desenvolupar l&#8217;autonomia i iniciativa del nostre alumnat fomentant la cultura del treball cooperatiu i la corresponsabilitat de l&#8217;aprenentatge. Es tracta de projectes centrats en l&#8217;alumnat i dirigits per ell mateix que treballen continguts significatius directament&hellip;  <a href=\"https:\/\/agora.xtec.cat\/inseugenixammar\/trets-didentitat\/projectes-curriculars-xammar\/\" title=\"Read Projectes Xammar\">Llegeix m\u00e9s\u00bb<\/a><\/p>\n","protected":false},"author":1,"featured_media":0,"parent":813,"menu_order":20,"comment_status":"closed","ping_status":"closed","template":"page-templates\/side-menu.php","meta":{"_bbp_topic_count":0,"_bbp_reply_count":0,"_bbp_total_topic_count":0,"_bbp_total_reply_count":0,"_bbp_voice_count":0,"_bbp_anonymous_reply_count":0,"_bbp_topic_count_hidden":0,"_bbp_reply_count_hidden":0,"_bbp_forum_subforum_count":0,"footnotes":""},"class_list":["post-531","page","type-page","status-publish","hentry"],"post_mailing_queue_ids":[],"_links":{"self":[{"href":"https:\/\/agora.xtec.cat\/inseugenixammar\/wp-json\/wp\/v2\/pages\/531","targetHints":{"allow":["GET"]}}],"collection":[{"href":"https:\/\/agora.xtec.cat\/inseugenixammar\/wp-json\/wp\/v2\/pages"}],"about":[{"href":"https:\/\/agora.xtec.cat\/inseugenixammar\/wp-json\/wp\/v2\/types\/page"}],"author":[{"embeddable":true,"href":"https:\/\/agora.xtec.cat\/inseugenixammar\/wp-json\/wp\/v2\/users\/1"}],"replies":[{"embeddable":true,"href":"https:\/\/agora.xtec.cat\/inseugenixammar\/wp-json\/wp\/v2\/comments?post=531"}],"version-history":[{"count":5,"href":"https:\/\/agora.xtec.cat\/inseugenixammar\/wp-json\/wp\/v2\/pages\/531\/revisions"}],"predecessor-version":[{"id":3482,"href":"https:\/\/agora.xtec.cat\/inseugenixammar\/wp-json\/wp\/v2\/pages\/531\/revisions\/3482"}],"up":[{"embeddable":true,"href":"https:\/\/agora.xtec.cat\/inseugenixammar\/wp-json\/wp\/v2\/pages\/813"}],"wp:attachment":[{"href":"https:\/\/agora.xtec.cat\/inseugenixammar\/wp-json\/wp\/v2\/media?parent=531"}],"curies":[{"name":"wp","href":"https:\/\/api.w.org\/{rel}","templated":true}]}}