{"id":530,"date":"2021-06-12T20:20:07","date_gmt":"2021-06-12T18:20:07","guid":{"rendered":"https:\/\/agora.xtec.cat\/inseugenixammar\/?page_id=530"},"modified":"2024-02-08T19:07:52","modified_gmt":"2024-02-08T18:07:52","slug":"projecte-rius","status":"publish","type":"page","link":"https:\/\/agora.xtec.cat\/inseugenixammar\/projecte-rius\/","title":{"rendered":"Projecte rius"},"content":{"rendered":"<p><b><a href=\"https:\/\/agora.xtec.cat\/inseugenixammar\/wp-content\/uploads\/usu2541\/2021\/12\/projecte-rius.png\"><img loading=\"lazy\" decoding=\"async\" class=\"size-full wp-image-1872 aligncenter\" src=\"https:\/\/agora.xtec.cat\/inseugenixammar\/wp-content\/uploads\/usu2541\/2021\/12\/projecte-rius.png\" alt=\"\" width=\"337\" height=\"85\" srcset=\"https:\/\/agora.xtec.cat\/inseugenixammar\/wp-content\/uploads\/usu2541\/2021\/12\/projecte-rius.png 337w, https:\/\/agora.xtec.cat\/inseugenixammar\/wp-content\/uploads\/usu2541\/2021\/12\/projecte-rius-300x76.png 300w\" sizes=\"auto, (max-width: 337px) 100vw, 337px\" \/><\/a><\/b><\/p>\n<p><b>El Projecte Rius \u00e9s una iniciativa de l\u2019Associaci\u00f3 H\u00e0bitat<\/b><span style=\"font-weight: 400;\">, una entitat sense afany de lucre que des del 1997 treballa per apropar les persones als rius i les rieres.\u00a0\u00a0<\/span><\/p>\n<p><b>L\u2019Institut Eugeni Xammar, des de fa anys, col\u00b7laborem i formem part d\u2019aquesta xarxa volunt\u00e0ria de treball. En el nostre cas,\u00a0 inspeccionem cada any l\u2019estat ecol\u00f2gic del Torrent del Verder.\u00a0<\/b><\/p>\n<p><b>L\u2019alumnat apr\u00e8n com es valora la salut d\u2019un ecosistema de ribera i es conciencia de la import\u00e0ncia de la cura del medi ambient i dels seus h\u00e0bitats.<\/b><\/p>\n<p><b>Enguany, l\u2019alumnat de l\u2019optativa de Biologia i Geologia de 4t d\u2019ESO seran els encarregats de dur a terme aquesta inspecci\u00f3.<\/b><\/p>\n\n\t\t<style type=\"text\/css\">\n\t\t\t#gallery-1 {\n\t\t\t\tmargin: auto;\n\t\t\t}\n\t\t\t#gallery-1 .gallery-item {\n\t\t\t\tfloat: left;\n\t\t\t\tmargin-top: 10px;\n\t\t\t\ttext-align: center;\n\t\t\t\twidth: 25%;\n\t\t\t}\n\t\t\t#gallery-1 img {\n\t\t\t\tborder: 2px solid #cfcfcf;\n\t\t\t}\n\t\t\t#gallery-1 .gallery-caption {\n\t\t\t\tmargin-left: 0;\n\t\t\t}\n\t\t\t\/* see gallery_shortcode() in wp-includes\/media.php *\/\n\t\t<\/style>\n\t\t<div id='gallery-1' class='gallery galleryid-530 gallery-columns-4 gallery-size-medium'><dl class='gallery-item'>\n\t\t\t<dt class='gallery-icon landscape'>\n\t\t\t\t<a href='https:\/\/agora.xtec.cat\/inseugenixammar\/projecte-rius\/attachment\/torrent-del-verder-01\/'><img loading=\"lazy\" decoding=\"async\" width=\"300\" height=\"189\" src=\"https:\/\/agora.xtec.cat\/inseugenixammar\/wp-content\/uploads\/usu2541\/2021\/12\/Torrent-del-verder-01-300x189.png\" class=\"attachment-medium size-medium\" alt=\"\" srcset=\"https:\/\/agora.xtec.cat\/inseugenixammar\/wp-content\/uploads\/usu2541\/2021\/12\/Torrent-del-verder-01-300x189.png 300w, https:\/\/agora.xtec.cat\/inseugenixammar\/wp-content\/uploads\/usu2541\/2021\/12\/Torrent-del-verder-01-1024x645.png 1024w, https:\/\/agora.xtec.cat\/inseugenixammar\/wp-content\/uploads\/usu2541\/2021\/12\/Torrent-del-verder-01-768x484.png 768w, https:\/\/agora.xtec.cat\/inseugenixammar\/wp-content\/uploads\/usu2541\/2021\/12\/Torrent-del-verder-01.png 1222w\" sizes=\"auto, (max-width: 300px) 100vw, 300px\" \/><\/a>\n\t\t\t<\/dt><\/dl><dl class='gallery-item'>\n\t\t\t<dt class='gallery-icon landscape'>\n\t\t\t\t<a href='https:\/\/agora.xtec.cat\/inseugenixammar\/projecte-rius\/attachment\/torrent-del-verder\/'><img loading=\"lazy\" decoding=\"async\" width=\"300\" height=\"225\" src=\"https:\/\/agora.xtec.cat\/inseugenixammar\/wp-content\/uploads\/usu2541\/2021\/12\/torrent-del-verder-300x225.jpg\" class=\"attachment-medium size-medium\" alt=\"\" srcset=\"https:\/\/agora.xtec.cat\/inseugenixammar\/wp-content\/uploads\/usu2541\/2021\/12\/torrent-del-verder-300x225.jpg 300w, https:\/\/agora.xtec.cat\/inseugenixammar\/wp-content\/uploads\/usu2541\/2021\/12\/torrent-del-verder-200x150.jpg 200w, https:\/\/agora.xtec.cat\/inseugenixammar\/wp-content\/uploads\/usu2541\/2021\/12\/torrent-del-verder.jpg 560w\" sizes=\"auto, (max-width: 300px) 100vw, 300px\" \/><\/a>\n\t\t\t<\/dt><\/dl><dl class='gallery-item'>\n\t\t\t<dt class='gallery-icon landscape'>\n\t\t\t\t<a href='https:\/\/agora.xtec.cat\/inseugenixammar\/projecte-rius\/attachment\/dscn7735_01\/'><img loading=\"lazy\" decoding=\"async\" width=\"300\" height=\"225\" src=\"https:\/\/agora.xtec.cat\/inseugenixammar\/wp-content\/uploads\/usu2541\/2021\/12\/DSCN7735_01-300x225.jpg\" class=\"attachment-medium size-medium\" alt=\"\" srcset=\"https:\/\/agora.xtec.cat\/inseugenixammar\/wp-content\/uploads\/usu2541\/2021\/12\/DSCN7735_01-300x225.jpg 300w, https:\/\/agora.xtec.cat\/inseugenixammar\/wp-content\/uploads\/usu2541\/2021\/12\/DSCN7735_01-200x150.jpg 200w, https:\/\/agora.xtec.cat\/inseugenixammar\/wp-content\/uploads\/usu2541\/2021\/12\/DSCN7735_01.jpg 560w\" sizes=\"auto, (max-width: 300px) 100vw, 300px\" \/><\/a>\n\t\t\t<\/dt><\/dl><dl class='gallery-item'>\n\t\t\t<dt class='gallery-icon landscape'>\n\t\t\t\t<a href='https:\/\/agora.xtec.cat\/inseugenixammar\/projecte-rius\/attachment\/torrent-del-verder-02\/'><img loading=\"lazy\" decoding=\"async\" width=\"300\" height=\"271\" src=\"https:\/\/agora.xtec.cat\/inseugenixammar\/wp-content\/uploads\/usu2541\/2021\/12\/torrent-del-verder-02-300x271.jpg\" class=\"attachment-medium size-medium\" alt=\"\" srcset=\"https:\/\/agora.xtec.cat\/inseugenixammar\/wp-content\/uploads\/usu2541\/2021\/12\/torrent-del-verder-02-300x271.jpg 300w, https:\/\/agora.xtec.cat\/inseugenixammar\/wp-content\/uploads\/usu2541\/2021\/12\/torrent-del-verder-02.jpg 645w\" sizes=\"auto, (max-width: 300px) 100vw, 300px\" \/><\/a>\n\t\t\t<\/dt><\/dl><br style=\"clear: both\" \/>\n\t\t<\/div>\n\n<p><span style=\"font-weight: 400;\">El projecte Rius basa la seva tasca en tres pilars fonamentals:\u00a0\u00a0<\/span><\/p>\n<ul>\n<li style=\"font-weight: 400;\" aria-level=\"1\"><span style=\"font-weight: 400;\">La import\u00e0ncia de <\/span><b>l\u2019educaci\u00f3<\/b><span style=\"font-weight: 400;\"> per con\u00e8ixer millor els ecosistemes aqu\u00e0tics.<\/span><\/li>\n<li style=\"font-weight: 400;\" aria-level=\"1\"><span style=\"font-weight: 400;\">La const\u00e0ncia del treball del <\/span><b>voluntariat<\/b><span style=\"font-weight: 400;\">, que vetlla per la conservaci\u00f3 d\u2019un tram de riu a l\u2019\u00e0mbit local.<\/span><\/li>\n<li style=\"font-weight: 400;\" aria-level=\"1\"><span style=\"font-weight: 400;\">El foment de la <\/span><b>participaci\u00f3<\/b><span style=\"font-weight: 400;\"> ciutadana, com a eina fonamental que ens condueix cap a una societat m\u00e9s conscient i capacitada per emprendre accions de protecci\u00f3 i millora d\u2019aquests ecosistemes.<\/span><\/li>\n<\/ul>\n<p><span style=\"font-weight: 400;\">El Projecte Rius es fonamenta en el <\/span><b>treball en xarxa<\/b><span style=\"font-weight: 400;\"> que realitzen diferents grups de voluntaris a tot Catalunya. Els grup realitzen <\/span><b>dues inspeccions anuals d\u2019un tram de riu<\/b><span style=\"font-weight: 400;\"> o riera que ells mateixos trien i que, normalment, \u00e9s proper al seu domicili.<\/span><\/p>\n<p><span style=\"font-weight: 400;\">Amb el conjunt de resultats s\u2019elabora cada any <\/span><b>l\u2019informe RiusCat<\/b><span style=\"font-weight: 400;\">, que mostra <\/span><b>l\u2019estat ecol\u00f2gic dels rius i rieres de Catalunya<\/b><span style=\"font-weight: 400;\">. A m\u00e9s, es configura una base de dades hist\u00f2rica sobre l\u2019evoluci\u00f3 dels cursos fluvials. Aquestes dades s\u00f3n v\u00e0lides per a la <\/span><b>recerca cient\u00edfica.<\/b><\/p>\n<p>&nbsp;<\/p>\n<p>&nbsp;<\/p>\n","protected":false},"excerpt":{"rendered":"<p><a href=\"https:\/\/agora.xtec.cat\/inseugenixammar\/wp-content\/uploads\/usu2541\/2021\/12\/projecte-rius.png\"><\/a><br \/>\nEl Projecte Rius \u00e9s una iniciativa de l\u2019Associaci\u00f3 H\u00e0bitat, una entitat sense afany de lucre que des del 1997 treballa per apropar les persones als rius i les rieres.\u00a0\u00a0<br \/>\nL\u2019Institut Eugeni Xammar, des de fa anys, col\u00b7laborem i formem part d\u2019aquesta xarxa volunt\u00e0ria de treball.&hellip;  <a href=\"https:\/\/agora.xtec.cat\/inseugenixammar\/projecte-rius\/\" title=\"Read Projecte rius\">Llegeix m\u00e9s\u00bb<\/a><\/p>\n","protected":false},"author":1,"featured_media":0,"parent":0,"menu_order":0,"comment_status":"closed","ping_status":"closed","template":"page-templates\/side-menu.php","meta":{"_bbp_topic_count":0,"_bbp_reply_count":0,"_bbp_total_topic_count":0,"_bbp_total_reply_count":0,"_bbp_voice_count":0,"_bbp_anonymous_reply_count":0,"_bbp_topic_count_hidden":0,"_bbp_reply_count_hidden":0,"_bbp_forum_subforum_count":0,"footnotes":""},"class_list":["post-530","page","type-page","status-publish","hentry"],"post_mailing_queue_ids":[],"_links":{"self":[{"href":"https:\/\/agora.xtec.cat\/inseugenixammar\/wp-json\/wp\/v2\/pages\/530","targetHints":{"allow":["GET"]}}],"collection":[{"href":"https:\/\/agora.xtec.cat\/inseugenixammar\/wp-json\/wp\/v2\/pages"}],"about":[{"href":"https:\/\/agora.xtec.cat\/inseugenixammar\/wp-json\/wp\/v2\/types\/page"}],"author":[{"embeddable":true,"href":"https:\/\/agora.xtec.cat\/inseugenixammar\/wp-json\/wp\/v2\/users\/1"}],"replies":[{"embeddable":true,"href":"https:\/\/agora.xtec.cat\/inseugenixammar\/wp-json\/wp\/v2\/comments?post=530"}],"version-history":[{"count":5,"href":"https:\/\/agora.xtec.cat\/inseugenixammar\/wp-json\/wp\/v2\/pages\/530\/revisions"}],"predecessor-version":[{"id":3323,"href":"https:\/\/agora.xtec.cat\/inseugenixammar\/wp-json\/wp\/v2\/pages\/530\/revisions\/3323"}],"wp:attachment":[{"href":"https:\/\/agora.xtec.cat\/inseugenixammar\/wp-json\/wp\/v2\/media?parent=530"}],"curies":[{"name":"wp","href":"https:\/\/api.w.org\/{rel}","templated":true}]}}