{"id":529,"date":"2021-06-12T20:20:07","date_gmt":"2021-06-12T18:20:07","guid":{"rendered":"https:\/\/agora.xtec.cat\/inseugenixammar\/?page_id=529"},"modified":"2024-02-04T19:54:33","modified_gmt":"2024-02-04T18:54:33","slug":"campus-itaca","status":"publish","type":"page","link":"https:\/\/agora.xtec.cat\/inseugenixammar\/campus-itaca\/","title":{"rendered":"Campus \u00edtaca"},"content":{"rendered":"<p style=\"text-align: justify;\"><a href=\"https:\/\/agora.xtec.cat\/inseugenixammar\/wp-content\/uploads\/usu2541\/2021\/09\/Campus-Itaca-1.jpg\"><img loading=\"lazy\" decoding=\"async\" class=\"size-full wp-image-1278 alignleft\" src=\"https:\/\/agora.xtec.cat\/inseugenixammar\/wp-content\/uploads\/usu2541\/2021\/09\/Campus-Itaca-1.jpg\" alt=\"\" width=\"350\" height=\"210\" srcset=\"https:\/\/agora.xtec.cat\/inseugenixammar\/wp-content\/uploads\/usu2541\/2021\/09\/Campus-Itaca-1.jpg 350w, https:\/\/agora.xtec.cat\/inseugenixammar\/wp-content\/uploads\/usu2541\/2021\/09\/Campus-Itaca-1-300x180.jpg 300w\" sizes=\"auto, (max-width: 350px) 100vw, 350px\" \/><\/a><\/p>\n<p style=\"text-align: justify;\">El Campus \u00cdtaca \u00e9s un\u00a0<strong>programa socioeducatiu<\/strong>\u00a0de la Universitat Aut\u00f2noma de Barcelona, i patrocinat pel\u00a0<strong>Banc Santander<\/strong>, dirigit a estudiants de secund\u00e0ria. Consisteix en\u00a0<strong>una estada al campus<\/strong> durant els mesos de juny i juliol, organitzada en dos torns de set dies cadascun. L\u2019alumnat fa una s\u00e8rie d\u2019activitats pedag\u00f2giques i l\u00fadiques que tenen com a objectiu incentivar-los a continuar la seva formaci\u00f3 un cop finalitzada l\u2019etapa obligat\u00f2ria. Consulteu <a href=\"https:\/\/www.uab.cat\/web\/campus-itaca-1345767531119.html\" target=\"_blank\" rel=\"noopener\">aquest enlla\u00e7<\/a> per accedir al seu web.<\/p>\n<p>&nbsp;<\/p>\n<table style=\"border-collapse: collapse; width: 100%; height: 96px;\">\n<tbody>\n<tr style=\"height: 32px;\">\n<td style=\"width: 66.6666%; height: 32px; text-align: center;\" colspan=\"2\"><strong><a href=\"https:\/\/drive.google.com\/file\/d\/1ZxR1b-Ev06J_SQm6UkyFNU25L7axd3-3\/view\" target=\"_blank\" rel=\"noopener\">Criteris de selecci\u00f3 per participar-hi<\/a><\/strong><\/td>\n<\/tr>\n<tr style=\"height: 32px;\">\n<td style=\"width: 33.3333%; height: 32px;\"><a href=\"https:\/\/www.uab.cat\/web\/campus-itaca\/galeria-de-imagenes-1345780037352.html\" target=\"_blank\" rel=\"noopener\">Imatges Campus 2021<\/a><\/td>\n<td style=\"width: 33.3333%; height: 32px;\"><\/td>\n<\/tr>\n<tr style=\"height: 32px;\">\n<td style=\"width: 33.3333%; height: 32px;\"><a href=\"https:\/\/www.youtube.com\/watch?v=areJ-kmeouY\" target=\"_blank\" rel=\"noopener\">Imatges Campus 2019<\/a><\/td>\n<td style=\"width: 33.3333%; height: 32px;\"><\/td>\n<\/tr>\n<\/tbody>\n<\/table>\n<p>&nbsp;<\/p>\n","protected":false},"excerpt":{"rendered":"<p><a href=\"https:\/\/agora.xtec.cat\/inseugenixammar\/wp-content\/uploads\/usu2541\/2021\/09\/Campus-Itaca-1.jpg\"><\/a><br \/>\nEl Campus \u00cdtaca \u00e9s un\u00a0programa socioeducatiu\u00a0de la Universitat Aut\u00f2noma de Barcelona, i patrocinat pel\u00a0Banc Santander, dirigit a estudiants de secund\u00e0ria. Consisteix en\u00a0una estada al campus durant els mesos de juny i juliol, organitzada en dos torns de set dies cadascun. L\u2019alumnat fa una s\u00e8rie&hellip;  <a href=\"https:\/\/agora.xtec.cat\/inseugenixammar\/campus-itaca\/\" title=\"Read Campus \u00edtaca\">Llegeix m\u00e9s\u00bb<\/a><\/p>\n","protected":false},"author":1,"featured_media":0,"parent":0,"menu_order":0,"comment_status":"closed","ping_status":"closed","template":"page-templates\/side-menu.php","meta":{"_bbp_topic_count":0,"_bbp_reply_count":0,"_bbp_total_topic_count":0,"_bbp_total_reply_count":0,"_bbp_voice_count":0,"_bbp_anonymous_reply_count":0,"_bbp_topic_count_hidden":0,"_bbp_reply_count_hidden":0,"_bbp_forum_subforum_count":0,"footnotes":""},"class_list":["post-529","page","type-page","status-publish","hentry"],"post_mailing_queue_ids":[],"_links":{"self":[{"href":"https:\/\/agora.xtec.cat\/inseugenixammar\/wp-json\/wp\/v2\/pages\/529","targetHints":{"allow":["GET"]}}],"collection":[{"href":"https:\/\/agora.xtec.cat\/inseugenixammar\/wp-json\/wp\/v2\/pages"}],"about":[{"href":"https:\/\/agora.xtec.cat\/inseugenixammar\/wp-json\/wp\/v2\/types\/page"}],"author":[{"embeddable":true,"href":"https:\/\/agora.xtec.cat\/inseugenixammar\/wp-json\/wp\/v2\/users\/1"}],"replies":[{"embeddable":true,"href":"https:\/\/agora.xtec.cat\/inseugenixammar\/wp-json\/wp\/v2\/comments?post=529"}],"version-history":[{"count":3,"href":"https:\/\/agora.xtec.cat\/inseugenixammar\/wp-json\/wp\/v2\/pages\/529\/revisions"}],"predecessor-version":[{"id":2931,"href":"https:\/\/agora.xtec.cat\/inseugenixammar\/wp-json\/wp\/v2\/pages\/529\/revisions\/2931"}],"wp:attachment":[{"href":"https:\/\/agora.xtec.cat\/inseugenixammar\/wp-json\/wp\/v2\/media?parent=529"}],"curies":[{"name":"wp","href":"https:\/\/api.w.org\/{rel}","templated":true}]}}