{"id":528,"date":"2021-06-12T20:20:07","date_gmt":"2021-06-12T18:20:07","guid":{"rendered":"https:\/\/agora.xtec.cat\/inseugenixammar\/?page_id=528"},"modified":"2024-02-11T13:12:03","modified_gmt":"2024-02-11T12:12:03","slug":"master-class","status":"publish","type":"page","link":"https:\/\/agora.xtec.cat\/inseugenixammar\/trets-didentitat\/master-class\/","title":{"rendered":"M\u00e0ster Class"},"content":{"rendered":"<p class=\"font_7\" style=\"text-align: justify;\">L&#8217;alumnat de batxillerat gaudeix de m\u00e0ster classes a c\u00e0rrec de professionals. En aquestes sessions, en qu\u00e8 es presenten en primera persona projectes reals en proc\u00e9s de desenvolupament, l&#8217;alumnat pot veure com la teoria t\u00e9 una aplicaci\u00f3 pr\u00e0ctica en una activitat professional.<\/p>\n<p>Alguns dels professionals que ens han visitat o ens visiten s\u00f3n els seg\u00fcents:<\/p>\n<table style=\"border-collapse: collapse; width: 100%;\">\n<tbody>\n<tr>\n<td style=\"width: 50%;\" colspan=\"2\"><a href=\"https:\/\/agora.xtec.cat\/inseugenixammar\/wp-content\/uploads\/usu2541\/2024\/02\/master-class.jpg\"><img loading=\"lazy\" decoding=\"async\" class=\"size-full wp-image-3091 aligncenter\" src=\"https:\/\/agora.xtec.cat\/inseugenixammar\/wp-content\/uploads\/usu2541\/2024\/02\/master-class.jpg\" alt=\"\" width=\"588\" height=\"76\" srcset=\"https:\/\/agora.xtec.cat\/inseugenixammar\/wp-content\/uploads\/usu2541\/2024\/02\/master-class.jpg 588w, https:\/\/agora.xtec.cat\/inseugenixammar\/wp-content\/uploads\/usu2541\/2024\/02\/master-class-300x39.jpg 300w\" sizes=\"auto, (max-width: 588px) 100vw, 588px\" \/><\/a><\/td>\n<\/tr>\n<tr>\n<td style=\"width: 50%;\">\n<ul>\n<li>Dani Campos, enginyer aeron\u00e0utic<\/li>\n<li>Carol Gin\u00e9, enginyera de telecomunicacions<\/li>\n<li>Aida Montoya, empres\u00e0ria i traductora<\/li>\n<li>Sergi Armengol, director t\u00e8cnic de Cosmos arom\u00e0tica<\/li>\n<li>Rosa Segri\u00e0, RRHH de Cosmos arom\u00e0tica<\/li>\n<li>Teresa Sagrera, escriptora<\/li>\n<li>Jordi Ferrer, investigador de nous materials<\/li>\n<\/ul>\n<\/td>\n<td style=\"width: 50%;\">\n<ul>\n<li>Pilar Cerisuelo, periodista en una productora<\/li>\n<li>Judith S\u00e1nchez, pediatra<\/li>\n<li>V\u00edctor Cort\u00e9s, enginyer de F1<\/li>\n<li>Xavier Capellas, m\u00fasic<\/li>\n<li>Gin\u00e9s Hern\u00e1ndez, t\u00e8cnic d&#8217;helic\u00f2pter<\/li>\n<li>Gemma Casas, ambient\u00f2loga i t\u00e8cnica de laboratori<\/li>\n<li>Bel\u00e9n Garcia, pilot de F1<\/li>\n<\/ul>\n<\/td>\n<\/tr>\n<\/tbody>\n<\/table>\n<p>I en un m\u00f3n emergent com el nostre, any rere any intentem fer nous contactes.<\/p>\n<p class=\"font_7\">Aqu\u00ed podeu veure les programacions de les <em>m\u00e0ster class<\/em> anteriors:<\/p>\n<table style=\"border-collapse: collapse; width: 57.4545%;\">\n<tbody>\n<tr>\n<td style=\"width: 30.8485%; text-align: left;\">\u00a0<img loading=\"lazy\" decoding=\"async\" class=\"alignnone wp-image-965\" style=\"font-size: 16px;\" src=\"https:\/\/agora.xtec.cat\/inseugenixammar\/wp-content\/uploads\/usu2541\/2021\/07\/20170317_101941-1024x768.jpg\" alt=\"\" width=\"228\" height=\"171\" srcset=\"https:\/\/agora.xtec.cat\/inseugenixammar\/wp-content\/uploads\/usu2541\/2021\/07\/20170317_101941-1024x768.jpg 1024w, https:\/\/agora.xtec.cat\/inseugenixammar\/wp-content\/uploads\/usu2541\/2021\/07\/20170317_101941-300x225.jpg 300w, https:\/\/agora.xtec.cat\/inseugenixammar\/wp-content\/uploads\/usu2541\/2021\/07\/20170317_101941-768x576.jpg 768w, https:\/\/agora.xtec.cat\/inseugenixammar\/wp-content\/uploads\/usu2541\/2021\/07\/20170317_101941-1536x1152.jpg 1536w, https:\/\/agora.xtec.cat\/inseugenixammar\/wp-content\/uploads\/usu2541\/2021\/07\/20170317_101941-2048x1536.jpg 2048w, https:\/\/agora.xtec.cat\/inseugenixammar\/wp-content\/uploads\/usu2541\/2021\/07\/20170317_101941-200x150.jpg 200w\" sizes=\"auto, (max-width: 228px) 100vw, 228px\" \/><\/td>\n<td style=\"width: 26.606%; text-align: left;\">\n<ul style=\"font-size: 16px; font-family: 'Helvetica Neue', Helvetica, Helvetica, Arial, sans-serif;\">\n<li class=\"font_8\"><strong><a style=\"color: #2795b6;\" href=\"https:\/\/8fa43146-21a5-4dfb-a743-383e18fe4a03.filesusr.com\/ugd\/44d33e_cde0bb7409674b018cadbfd59275ca8f.pdf\" target=\"_blank\" rel=\"noopener\">Curs 2016\/17<\/a><\/strong><\/li>\n<li class=\"font_8\"><strong><a href=\"https:\/\/8fa43146-21a5-4dfb-a743-383e18fe4a03.filesusr.com\/ugd\/44d33e_66a2d77b5bc446a38b65c815cecc18b9.pdf\" target=\"_blank\" rel=\"noopener\">Curs 2017\/18<\/a><\/strong><\/li>\n<li class=\"font_7\"><span class=\"wixGuard\">\u200b<\/span><strong><a style=\"font-family: inherit; font-size: 1em;\" href=\"https:\/\/docs.google.com\/presentation\/d\/1ReghUYjXxKP0HWVgn9eX2FyXZl-QtKs7DE9Av-UDf7o\/edit?usp=sharing\" target=\"_blank\" rel=\"noopener\">Curs 2020\/21<\/a><\/strong><\/li>\n<li><em>A partir del 21\/22 les trobareu als butlletins mensuals<\/em><\/li>\n<\/ul>\n<\/td>\n<\/tr>\n<\/tbody>\n<\/table>\n","protected":false},"excerpt":{"rendered":"<p>L&#8217;alumnat de batxillerat gaudeix de m\u00e0ster classes a c\u00e0rrec de professionals. En aquestes sessions, en qu\u00e8 es presenten en primera persona projectes reals en proc\u00e9s de desenvolupament, l&#8217;alumnat pot veure com la teoria t\u00e9 una aplicaci\u00f3 pr\u00e0ctica en una activitat professional.<br \/>\nAlguns dels professionals que ens&hellip;  <a href=\"https:\/\/agora.xtec.cat\/inseugenixammar\/trets-didentitat\/master-class\/\" title=\"Read M\u00e0ster Class\">Llegeix m\u00e9s\u00bb<\/a><\/p>\n","protected":false},"author":1,"featured_media":0,"parent":813,"menu_order":30,"comment_status":"closed","ping_status":"closed","template":"page-templates\/side-menu.php","meta":{"_bbp_topic_count":0,"_bbp_reply_count":0,"_bbp_total_topic_count":0,"_bbp_total_reply_count":0,"_bbp_voice_count":0,"_bbp_anonymous_reply_count":0,"_bbp_topic_count_hidden":0,"_bbp_reply_count_hidden":0,"_bbp_forum_subforum_count":0,"footnotes":""},"class_list":["post-528","page","type-page","status-publish","hentry"],"post_mailing_queue_ids":[],"_links":{"self":[{"href":"https:\/\/agora.xtec.cat\/inseugenixammar\/wp-json\/wp\/v2\/pages\/528","targetHints":{"allow":["GET"]}}],"collection":[{"href":"https:\/\/agora.xtec.cat\/inseugenixammar\/wp-json\/wp\/v2\/pages"}],"about":[{"href":"https:\/\/agora.xtec.cat\/inseugenixammar\/wp-json\/wp\/v2\/types\/page"}],"author":[{"embeddable":true,"href":"https:\/\/agora.xtec.cat\/inseugenixammar\/wp-json\/wp\/v2\/users\/1"}],"replies":[{"embeddable":true,"href":"https:\/\/agora.xtec.cat\/inseugenixammar\/wp-json\/wp\/v2\/comments?post=528"}],"version-history":[{"count":6,"href":"https:\/\/agora.xtec.cat\/inseugenixammar\/wp-json\/wp\/v2\/pages\/528\/revisions"}],"predecessor-version":[{"id":3094,"href":"https:\/\/agora.xtec.cat\/inseugenixammar\/wp-json\/wp\/v2\/pages\/528\/revisions\/3094"}],"up":[{"embeddable":true,"href":"https:\/\/agora.xtec.cat\/inseugenixammar\/wp-json\/wp\/v2\/pages\/813"}],"wp:attachment":[{"href":"https:\/\/agora.xtec.cat\/inseugenixammar\/wp-json\/wp\/v2\/media?parent=528"}],"curies":[{"name":"wp","href":"https:\/\/api.w.org\/{rel}","templated":true}]}}