{"id":527,"date":"2021-06-12T20:20:07","date_gmt":"2021-06-12T18:20:07","guid":{"rendered":"https:\/\/agora.xtec.cat\/inseugenixammar\/?page_id=527"},"modified":"2024-02-04T19:53:56","modified_gmt":"2024-02-04T18:53:56","slug":"school-to-school","status":"publish","type":"page","link":"https:\/\/agora.xtec.cat\/inseugenixammar\/school-to-school\/","title":{"rendered":"School to school"},"content":{"rendered":"<table style=\"border-collapse: collapse; width: 100%;\">\n<tbody>\n<tr>\n<td style=\"width: 33.3333%;\" colspan=\"3\"><a href=\"https:\/\/agora.xtec.cat\/inseugenixammar\/wp-content\/uploads\/usu2541\/2021\/08\/school-to-school.png\"><img loading=\"lazy\" decoding=\"async\" class=\"size-full wp-image-1038 aligncenter\" src=\"https:\/\/agora.xtec.cat\/inseugenixammar\/wp-content\/uploads\/usu2541\/2021\/08\/school-to-school.png\" alt=\"\" width=\"1017\" height=\"564\" srcset=\"https:\/\/agora.xtec.cat\/inseugenixammar\/wp-content\/uploads\/usu2541\/2021\/08\/school-to-school.png 1017w, https:\/\/agora.xtec.cat\/inseugenixammar\/wp-content\/uploads\/usu2541\/2021\/08\/school-to-school-300x166.png 300w, https:\/\/agora.xtec.cat\/inseugenixammar\/wp-content\/uploads\/usu2541\/2021\/08\/school-to-school-768x426.png 768w\" sizes=\"auto, (max-width: 1017px) 100vw, 1017px\" \/><\/a><\/p>\n<p style=\"font-family: 'Helvetica Neue', Helvetica, Helvetica, Arial, sans-serif; font-size: 14px; text-align: justify;\">\n<\/td>\n<\/tr>\n<tr>\n<td style=\"width: 33.3333%;\"><a href=\"https:\/\/agora.xtec.cat\/inseugenixammar\/wp-content\/uploads\/usu2541\/2021\/07\/13.jpeg\"><img loading=\"lazy\" decoding=\"async\" class=\"alignnone size-large wp-image-982\" src=\"https:\/\/agora.xtec.cat\/inseugenixammar\/wp-content\/uploads\/usu2541\/2021\/07\/13-768x1024.jpeg\" alt=\"\" width=\"768\" height=\"1024\" srcset=\"https:\/\/agora.xtec.cat\/inseugenixammar\/wp-content\/uploads\/usu2541\/2021\/07\/13-768x1024.jpeg 768w, https:\/\/agora.xtec.cat\/inseugenixammar\/wp-content\/uploads\/usu2541\/2021\/07\/13-225x300.jpeg 225w, https:\/\/agora.xtec.cat\/inseugenixammar\/wp-content\/uploads\/usu2541\/2021\/07\/13.jpeg 780w\" sizes=\"auto, (max-width: 768px) 100vw, 768px\" \/><\/a><\/td>\n<td style=\"width: 33.3333%;\">\n<p style=\"font-family: 'Helvetica Neue', Helvetica, Helvetica, Arial, sans-serif; font-size: 14px; text-align: justify;\">El Projecte School to School, de la fundaci\u00f3<a href=\"https:\/\/fundacionvicenteferrer.org\/es\/la-fundacion\" target=\"_blank\" rel=\"noopener\"><em><strong>\u00a0Vicente Ferrer<\/strong><\/em><\/a>, ens proposa un intercanvi cultural entre una escola de la \u00cdndia i el nostre centre. Pret\u00e9n promoure la reflexi\u00f3 cr\u00edtica mitjan\u00e7ant una proposta educativa que abordi les desigualtats, la pobresa i les relacions Nord-Sud, apropant una realitat concreta, la de l\u2019\u00cdndia, des d\u2019un enfocament de valors i de just\u00edcia social. Alhora potencia i refor\u00e7a actituds i valors de solidaritat entre els alumnes i les alumnes, a trav\u00e9s de l\u2019apropament de dues realitats culturals diferents per a un enriquiment mutu. En aquest enlla\u00e7 podeu consultar la seva p\u00e0gina web:<\/p>\n<p><a href=\"https:\/\/schooltoschool.es\/\" target=\"_blank\" rel=\"noopener\">https:\/\/schooltoschool.es\/<\/a><\/td>\n<td style=\"width: 33.3333%;\"><a href=\"https:\/\/agora.xtec.cat\/inseugenixammar\/wp-content\/uploads\/usu2541\/2021\/07\/44.jpeg\"><img loading=\"lazy\" decoding=\"async\" class=\"alignnone size-large wp-image-983\" src=\"https:\/\/agora.xtec.cat\/inseugenixammar\/wp-content\/uploads\/usu2541\/2021\/07\/44-768x1024.jpeg\" alt=\"\" width=\"768\" height=\"1024\" srcset=\"https:\/\/agora.xtec.cat\/inseugenixammar\/wp-content\/uploads\/usu2541\/2021\/07\/44-768x1024.jpeg 768w, https:\/\/agora.xtec.cat\/inseugenixammar\/wp-content\/uploads\/usu2541\/2021\/07\/44-225x300.jpeg 225w, https:\/\/agora.xtec.cat\/inseugenixammar\/wp-content\/uploads\/usu2541\/2021\/07\/44.jpeg 780w\" sizes=\"auto, (max-width: 768px) 100vw, 768px\" \/><\/a><\/td>\n<\/tr>\n<\/tbody>\n<\/table>\n<p>&nbsp;<\/p>\n<p>Hem participat en aquest projecte fins el curs 2022-23 amb l&#8217;alumnat de 3r d&#8217;ESO.<\/p>\n<p class=\"m_-8067279185318983586MsoListParagraphCxSpFirst\"><a href=\"https:\/\/docs.google.com\/document\/d\/1XAXl-mabUH-0HxyGrul7AjY-jcxUEOKwyUgS36d7JT8\/edit?usp=sharing\" target=\"_blank\" rel=\"noopener\">Projecte curs 20\/21<\/a><\/p>\n<p class=\"font_7\">\n","protected":false},"excerpt":{"rendered":"<p><a href=\"https:\/\/agora.xtec.cat\/inseugenixammar\/wp-content\/uploads\/usu2541\/2021\/08\/school-to-school.png\"><\/a><\/p>\n<p><a href=\"https:\/\/agora.xtec.cat\/inseugenixammar\/wp-content\/uploads\/usu2541\/2021\/07\/13.jpeg\"><\/a><\/p>\n<p>El Projecte School to School, de la fundaci\u00f3<a href=\"https:\/\/fundacionvicenteferrer.org\/es\/la-fundacion\" target=\"_blank\" rel=\"noopener\">\u00a0Vicente Ferrer<\/a>, ens proposa un intercanvi cultural entre una escola de la \u00cdndia i el nostre centre. Pret\u00e9n promoure la reflexi\u00f3 cr\u00edtica mitjan\u00e7ant una proposta educativa que abordi les desigualtats, la pobresa i&hellip;  <a href=\"https:\/\/agora.xtec.cat\/inseugenixammar\/school-to-school\/\" title=\"Read School to school\">Llegeix m\u00e9s\u00bb<\/a><\/p>\n","protected":false},"author":1,"featured_media":0,"parent":0,"menu_order":0,"comment_status":"closed","ping_status":"closed","template":"page-templates\/side-menu.php","meta":{"_bbp_topic_count":0,"_bbp_reply_count":0,"_bbp_total_topic_count":0,"_bbp_total_reply_count":0,"_bbp_voice_count":0,"_bbp_anonymous_reply_count":0,"_bbp_topic_count_hidden":0,"_bbp_reply_count_hidden":0,"_bbp_forum_subforum_count":0,"footnotes":""},"class_list":["post-527","page","type-page","status-publish","hentry"],"post_mailing_queue_ids":[],"_links":{"self":[{"href":"https:\/\/agora.xtec.cat\/inseugenixammar\/wp-json\/wp\/v2\/pages\/527","targetHints":{"allow":["GET"]}}],"collection":[{"href":"https:\/\/agora.xtec.cat\/inseugenixammar\/wp-json\/wp\/v2\/pages"}],"about":[{"href":"https:\/\/agora.xtec.cat\/inseugenixammar\/wp-json\/wp\/v2\/types\/page"}],"author":[{"embeddable":true,"href":"https:\/\/agora.xtec.cat\/inseugenixammar\/wp-json\/wp\/v2\/users\/1"}],"replies":[{"embeddable":true,"href":"https:\/\/agora.xtec.cat\/inseugenixammar\/wp-json\/wp\/v2\/comments?post=527"}],"version-history":[{"count":6,"href":"https:\/\/agora.xtec.cat\/inseugenixammar\/wp-json\/wp\/v2\/pages\/527\/revisions"}],"predecessor-version":[{"id":2930,"href":"https:\/\/agora.xtec.cat\/inseugenixammar\/wp-json\/wp\/v2\/pages\/527\/revisions\/2930"}],"wp:attachment":[{"href":"https:\/\/agora.xtec.cat\/inseugenixammar\/wp-json\/wp\/v2\/media?parent=527"}],"curies":[{"name":"wp","href":"https:\/\/api.w.org\/{rel}","templated":true}]}}