{"id":525,"date":"2021-06-12T20:20:07","date_gmt":"2021-06-12T18:20:07","guid":{"rendered":"https:\/\/agora.xtec.cat\/inseugenixammar\/?page_id=525"},"modified":"2025-09-22T13:45:08","modified_gmt":"2025-09-22T11:45:08","slug":"erasmus-plus","status":"publish","type":"page","link":"https:\/\/agora.xtec.cat\/inseugenixammar\/projectes\/erasmus-plus\/","title":{"rendered":"Erasmus Plus"},"content":{"rendered":"\r\n\t<div class=\"slideshow_container slideshow_container_style-light\" style=\"height: 200px; \" data-slideshow-id=\"793\" data-style-name=\"style-light\" data-style-version=\"2.3.1\" >\r\n\r\n\t\t\t\t\t<div class=\"slideshow_loading_icon\"><\/div>\r\n\t\t\r\n\t\t<div class=\"slideshow_content\" style=\"display: none;\">\r\n\r\n\t\t\t<div class=\"slideshow_view\">\r\n\t\t\t\t<div class=\"slideshow_slide slideshow_slide_image\">\r\n\t\t\t\t\t\t\t\t\t\t\t<img src=\"https:\/\/agora.xtec.cat\/inseugenixammar\/wp-content\/uploads\/usu2541\/2021\/07\/ERASMUS04.jpg\" alt=\"ERASMUS04\" width=\"960\" height=\"394\" \/>\r\n\t\t\t\t\t\t\t\t\t\t<div class=\"slideshow_description_box slideshow_transparent\">\r\n\t\t\t\t\t\t\t\t\t\t\t\t\t\t\t\t\t<\/div>\r\n\t\t\t\t<\/div>\r\n\r\n\t\t\t\t\t\t<div style=\"clear: both;\"><\/div><\/div><div class=\"slideshow_view\">\r\n\t\t\t\t<div class=\"slideshow_slide slideshow_slide_image\">\r\n\t\t\t\t\t\t\t\t\t\t\t<img src=\"https:\/\/agora.xtec.cat\/inseugenixammar\/wp-content\/uploads\/usu2541\/2021\/07\/ERASMUS-LOGO-1.jpg\" alt=\"ERASMUS LOGO 1\" width=\"390\" height=\"129\" \/>\r\n\t\t\t\t\t\t\t\t\t\t<div class=\"slideshow_description_box slideshow_transparent\">\r\n\t\t\t\t\t\t\t\t\t\t\t\t\t\t\t\t\t<\/div>\r\n\t\t\t\t<\/div>\r\n\r\n\t\t\t\t\t\t<div style=\"clear: both;\"><\/div><\/div>\r\n\t\t<\/div>\r\n\r\n\t\t<div class=\"slideshow_controlPanel slideshow_transparent\" style=\"display: none;\"><ul><li class=\"slideshow_togglePlay\" data-play-text=\"Visualitza\" data-pause-text=\"Pausa\"><\/li><\/ul><\/div>\r\n\r\n\t\t<div class=\"slideshow_button slideshow_previous slideshow_transparent\" role=\"button\" data-previous-text=\"Anterior\" style=\"display: none;\"><\/div>\r\n\t\t<div class=\"slideshow_button slideshow_next slideshow_transparent\" role=\"button\" data-next-text=\"Seg\u00fcent\" style=\"display: none;\"><\/div>\r\n\r\n\t\t<div class=\"slideshow_pagination\" style=\"display: none;\" data-go-to-text=\"V\u00e9s a la diapositiva\"><div class=\"slideshow_pagination_center\"><\/div><\/div>\r\n\r\n\t\t<!-- WordPress Slideshow Version 2.3.1 -->\r\n\r\n\t\t\t<\/div>\r\n\r\n\n<div>\n<p style=\"text-align: justify;\"><span style=\"font-weight: 400;\">El centre participa per 3a vegada en un programa de MOBILITATS ERASMUS+, en aquest cas del 2023 al 2027. <\/span><span style=\"font-weight: 400;\">Aquestes mobilitats consisteixen en una setmana d&#8217;activitats als instituts que acullen les visites, amb la participaci\u00f3 d&#8217;uns 36 estudiants forans (dotze de cadascun dels centres visitants) i uns altres 36 locals, que els allotgen a casa seva. En el nostre cas, hi participa alumnat que aquests dos cursos far\u00e0 3r i 4t d&#8217;ESO.<\/span><\/p>\n<p style=\"text-align: justify;\"><span style=\"font-weight: 400;\">Les activitats estan centrades en els nostres cinc objectius Erasmus+, que s\u00f3n <\/span><b>sostenibilitat, digitalitzaci\u00f3, cooperaci\u00f3, integraci\u00f3 i pr\u00e0ctica de les lleng\u00fces estrangeres.<\/b><br \/>\n<i><span style=\"font-weight: 400;\">\u00a0<\/span><\/i><br \/>\n<span style=\"font-weight: 400;\">Aquestes mobilitats tamb\u00e9 ens permeten mantenir i enfortir la relaci\u00f3 d&#8217;amistat i cooperaci\u00f3 que tenim les comunitats educatives dels quatre centres participants.<\/span><br \/>\n<span style=\"font-weight: 400;\">\u00a0<\/span><br \/>\n<span style=\"font-weight: 400;\">Dins aquest Pla Erasmus+ hem organitzat quatre mobilitats durant els cursos 23-24 i 24-25, amb el seg\u00fcent calendari:\u200b\u200b<\/span><\/p>\n<\/div>\n<div>\n<div><\/div>\n<\/div>\n<div>\n<table style=\"border-collapse: collapse; width: 100%; height: 127px;\">\n<tbody>\n<tr style=\"height: 95px;\">\n<td style=\"width: 25%; height: 95px;\"><a href=\"https:\/\/agora.xtec.cat\/inseugenixammar\/wp-content\/uploads\/usu2541\/2024\/02\/erasmus-logo-dinamarca.jpg\"><img loading=\"lazy\" decoding=\"async\" class=\"alignnone size-full wp-image-2974\" src=\"https:\/\/agora.xtec.cat\/inseugenixammar\/wp-content\/uploads\/usu2541\/2024\/02\/erasmus-logo-dinamarca.jpg\" alt=\"\" width=\"376\" height=\"144\" srcset=\"https:\/\/agora.xtec.cat\/inseugenixammar\/wp-content\/uploads\/usu2541\/2024\/02\/erasmus-logo-dinamarca.jpg 376w, https:\/\/agora.xtec.cat\/inseugenixammar\/wp-content\/uploads\/usu2541\/2024\/02\/erasmus-logo-dinamarca-300x115.jpg 300w\" sizes=\"auto, (max-width: 376px) 100vw, 376px\" \/><\/a><\/td>\n<td style=\"width: 25%; height: 95px;\"><a href=\"https:\/\/agora.xtec.cat\/inseugenixammar\/wp-content\/uploads\/usu2541\/2024\/02\/logo-xammar-lletres-PNG.png\"><img loading=\"lazy\" decoding=\"async\" class=\"wp-image-2975 aligncenter\" src=\"https:\/\/agora.xtec.cat\/inseugenixammar\/wp-content\/uploads\/usu2541\/2024\/02\/logo-xammar-lletres-PNG.png\" alt=\"\" width=\"111\" height=\"64\" \/><\/a><\/td>\n<td style=\"width: 25%; height: 95px;\"><a href=\"https:\/\/agora.xtec.cat\/inseugenixammar\/wp-content\/uploads\/usu2541\/2024\/02\/erasmus-logo-islandia.jpg\"><img loading=\"lazy\" decoding=\"async\" class=\"alignnone size-full wp-image-2976\" src=\"https:\/\/agora.xtec.cat\/inseugenixammar\/wp-content\/uploads\/usu2541\/2024\/02\/erasmus-logo-islandia.jpg\" alt=\"\" width=\"322\" height=\"112\" srcset=\"https:\/\/agora.xtec.cat\/inseugenixammar\/wp-content\/uploads\/usu2541\/2024\/02\/erasmus-logo-islandia.jpg 322w, https:\/\/agora.xtec.cat\/inseugenixammar\/wp-content\/uploads\/usu2541\/2024\/02\/erasmus-logo-islandia-300x104.jpg 300w\" sizes=\"auto, (max-width: 322px) 100vw, 322px\" \/><\/a><\/td>\n<td style=\"width: 25%; height: 95px;\"><a href=\"https:\/\/agora.xtec.cat\/inseugenixammar\/wp-content\/uploads\/usu2541\/2024\/02\/erasmus-logo-alemanya.jpg\"><img loading=\"lazy\" decoding=\"async\" class=\"alignnone size-large wp-image-2977\" src=\"https:\/\/agora.xtec.cat\/inseugenixammar\/wp-content\/uploads\/usu2541\/2024\/02\/erasmus-logo-alemanya-1024x302.jpg\" alt=\"\" width=\"1024\" height=\"302\" srcset=\"https:\/\/agora.xtec.cat\/inseugenixammar\/wp-content\/uploads\/usu2541\/2024\/02\/erasmus-logo-alemanya-1024x302.jpg 1024w, https:\/\/agora.xtec.cat\/inseugenixammar\/wp-content\/uploads\/usu2541\/2024\/02\/erasmus-logo-alemanya-300x88.jpg 300w, https:\/\/agora.xtec.cat\/inseugenixammar\/wp-content\/uploads\/usu2541\/2024\/02\/erasmus-logo-alemanya-768x227.jpg 768w, https:\/\/agora.xtec.cat\/inseugenixammar\/wp-content\/uploads\/usu2541\/2024\/02\/erasmus-logo-alemanya-1536x453.jpg 1536w, https:\/\/agora.xtec.cat\/inseugenixammar\/wp-content\/uploads\/usu2541\/2024\/02\/erasmus-logo-alemanya.jpg 1729w\" sizes=\"auto, (max-width: 1024px) 100vw, 1024px\" \/><\/a><\/td>\n<\/tr>\n<tr style=\"height: 32px;\">\n<td style=\"width: 25%; height: 32px;\"><span style=\"color: #6a97f7;\"><a style=\"color: #6a97f7;\" href=\"https:\/\/oestbirk-skole.aula.dk\/\" target=\"_blank\" rel=\"noopener\">Oestbirk Skole, Horsens, Dinamarca<\/a><\/span><\/td>\n<td style=\"width: 25%; height: 32px;\"><span style=\"color: #6a97f7;\"><a style=\"color: #6a97f7;\" href=\"https:\/\/agora.xtec.cat\/inseugenixammar\/\" target=\"_blank\" rel=\"noopener\">Institut Eugeni Xammar, Spain<\/a><\/span><\/td>\n<td style=\"width: 25%; height: 32px;\"><span style=\"color: #6a97f7;\"><a style=\"color: #6a97f7;\" href=\"https:\/\/ingunnarskoli.is\/\" target=\"_blank\" rel=\"noopener\"><span style=\"font-size: small;\">Ingunnarsk\u00f3li, Reykjavik, Isl\u00e0ndia<\/span><\/a><\/span><\/td>\n<td style=\"width: 25%; height: 32px;\"><span style=\"color: #6a97f7;\"><a style=\"color: #6a97f7;\" href=\"https:\/\/www.realschule-hoevelhof.de\/\" target=\"_blank\" rel=\"noopener\"><span style=\"font-size: small;\">Franz-Stock-Realschule, H\u00f6velhof, Ren\u00e0nia del Nord-Westf\u00e0lia, Alemanya<\/span><\/a><\/span><\/td>\n<\/tr>\n<tr>\n<td style=\"width: 25%; text-align: center;\">Del 23\/11\/25 al 29\/11\/25<\/td>\n<td style=\"width: 25%; text-align: center;\">Del 04\/04\/27 al 10\/04\/27<\/td>\n<td style=\"width: 25%; text-align: center;\"><span style=\"font-size: small;\">Del 15\/03\/26 al 21\/03\/26<\/span><\/td>\n<td style=\"width: 25%; text-align: center;\"><span style=\"font-size: small;\">Del 22\/11\/26 al 28\/11\/26<\/span><\/td>\n<\/tr>\n<\/tbody>\n<\/table>\n<\/div>\n<div><\/div>\n<p>En la taula seg\u00fcent podeu veure l&#8217;hist\u00f2ric dels Erasmus+ en els que hem participat:<\/p>\n<table style=\"border-collapse: collapse; width: 100%;\">\n<tbody>\n<tr>\n<td style=\"width: 25%; text-align: center;\" colspan=\"4\"><span style=\"color: #2214a3;\"><strong>ERASMUS+\u00a0 REALITZATS<\/strong><\/span><\/td>\n<\/tr>\n<tr>\n<td style=\"width: 25%;\"><\/td>\n<td style=\"width: 25%;\">\n<p style=\"text-align: center;\"><a href=\"https:\/\/agora.xtec.cat\/inseugenixammar\/erasmus-plus-2020-2023\/\" target=\"_blank\" rel=\"noopener\">Veure m\u00e9s informaci\u00f3<\/a><\/p>\n<p style=\"text-align: center;\"><a href=\"http:\/\/the-planet-needs-you.eu\/erasmus2\/\" target=\"_blank\" rel=\"noopener\">The planet needs you: facts, activities and hope (20-23)<\/a><\/p>\n<\/td>\n<td style=\"width: 25%;\"><a href=\"http:\/\/www.necstudies.eu\" target=\"_blank\" rel=\"noopener\">Immigration, there&#8217;s no going back (17-19)<\/a><\/td>\n<td style=\"width: 25%;\"><\/td>\n<\/tr>\n<\/tbody>\n<\/table>\n<p><a href=\"https:\/\/ec.europa.eu\/programmes\/erasmus-plus\/about_es\" target=\"_blank\" rel=\"noopener\">M\u00e9s informaci\u00f3 sobre els programes Erasmus +<\/a><\/p>\n","protected":false},"excerpt":{"rendered":"<ul>\n<li class=\"slideshow_togglePlay\" data-play-text=\"Visualitza\" data-pause-text=\"Pausa\"><\/li>\n<\/ul>\n<p>El centre participa per 3a vegada en un programa de MOBILITATS ERASMUS+, en aquest cas del 2023 al 2027. Aquestes mobilitats consisteixen en una setmana d&#8217;activitats als instituts que acullen les visites, amb la participaci\u00f3 d&#8217;uns 36 estudiants forans (dotze de cadascun&hellip;  <a href=\"https:\/\/agora.xtec.cat\/inseugenixammar\/projectes\/erasmus-plus\/\" title=\"Read Erasmus Plus\">Llegeix m\u00e9s\u00bb<\/a><\/p>\n","protected":false},"author":1,"featured_media":0,"parent":1007,"menu_order":10,"comment_status":"closed","ping_status":"closed","template":"page-templates\/side-menu.php","meta":{"_bbp_topic_count":0,"_bbp_reply_count":0,"_bbp_total_topic_count":0,"_bbp_total_reply_count":0,"_bbp_voice_count":0,"_bbp_anonymous_reply_count":0,"_bbp_topic_count_hidden":0,"_bbp_reply_count_hidden":0,"_bbp_forum_subforum_count":0,"footnotes":""},"class_list":["post-525","page","type-page","status-publish","hentry"],"post_mailing_queue_ids":[],"_links":{"self":[{"href":"https:\/\/agora.xtec.cat\/inseugenixammar\/wp-json\/wp\/v2\/pages\/525","targetHints":{"allow":["GET"]}}],"collection":[{"href":"https:\/\/agora.xtec.cat\/inseugenixammar\/wp-json\/wp\/v2\/pages"}],"about":[{"href":"https:\/\/agora.xtec.cat\/inseugenixammar\/wp-json\/wp\/v2\/types\/page"}],"author":[{"embeddable":true,"href":"https:\/\/agora.xtec.cat\/inseugenixammar\/wp-json\/wp\/v2\/users\/1"}],"replies":[{"embeddable":true,"href":"https:\/\/agora.xtec.cat\/inseugenixammar\/wp-json\/wp\/v2\/comments?post=525"}],"version-history":[{"count":7,"href":"https:\/\/agora.xtec.cat\/inseugenixammar\/wp-json\/wp\/v2\/pages\/525\/revisions"}],"predecessor-version":[{"id":3857,"href":"https:\/\/agora.xtec.cat\/inseugenixammar\/wp-json\/wp\/v2\/pages\/525\/revisions\/3857"}],"up":[{"embeddable":true,"href":"https:\/\/agora.xtec.cat\/inseugenixammar\/wp-json\/wp\/v2\/pages\/1007"}],"wp:attachment":[{"href":"https:\/\/agora.xtec.cat\/inseugenixammar\/wp-json\/wp\/v2\/media?parent=525"}],"curies":[{"name":"wp","href":"https:\/\/api.w.org\/{rel}","templated":true}]}}