{"id":524,"date":"2021-06-12T20:20:06","date_gmt":"2021-06-12T18:20:06","guid":{"rendered":"https:\/\/agora.xtec.cat\/inseugenixammar\/?page_id=524"},"modified":"2024-02-12T10:18:04","modified_gmt":"2024-02-12T09:18:04","slug":"generacio-plurilingue-gep","status":"publish","type":"page","link":"https:\/\/agora.xtec.cat\/inseugenixammar\/trets-didentitat\/generacio-plurilingue-gep\/","title":{"rendered":"Generaci\u00f3 Pluriling\u00fce (GEP)"},"content":{"rendered":"<p><a href=\"https:\/\/agora.xtec.cat\/inseugenixammar\/wp-content\/uploads\/usu2541\/2021\/07\/gep.png\"><img loading=\"lazy\" decoding=\"async\" class=\"size-full wp-image-778 aligncenter\" src=\"https:\/\/agora.xtec.cat\/inseugenixammar\/wp-content\/uploads\/usu2541\/2021\/07\/gep.png\" alt=\"\" width=\"286\" height=\"176\" \/><\/a><\/p>\n<p class=\"font_8\" style=\"text-align: justify;\"><span class=\"color_15\">El GEP \u00e9s un programa impulsat pel Departament d\u2019Ensenyament que pret\u00e9n incrementar el temps d\u2019exposici\u00f3 de l\u2019alumnat a les lleng\u00fces estrangeres curriculars, d\u2019una banda,\u00a0 i acompanyar els centres educatius en el proc\u00e9s de desplegament i consolidaci\u00f3 d\u2019un projecte ling\u00fc\u00edstic pluriling\u00fce propi, de l\u2019altra.\u00a0<\/span><\/p>\n<p class=\"font_8\" style=\"text-align: justify;\"><span class=\"color_15\">Aquest programa t\u00e9 una durada de tres cursos (del 19-20 al 21-22); en el cas de l\u2019Institut Eugeni Xammar la llengua estrangera utilitzada \u00e9s l\u2019anglesa, i els professorat que forma part del projecte t\u00e9 l\u2019acreditaci\u00f3 i formaci\u00f3 adients per impartir-lo. El Departament de lleng\u00fces estrangeres supervisa les activitats proposades, pel bon funcionament del programa.<\/span><\/p>\n<p class=\"font_8\" style=\"text-align: justify;\"><span class=\"color_15\">El programa es va iniciar a 1r i 2n d\u2019ESO i 1r de batxillerat en les assignatures de m\u00fasica a l\u2019ESO i biologia a batxillerat. Va comen\u00e7ar de manera paulatina i en alguns grups i de mica en mica s\u2019han anat incrementant el nombre d\u2019activitats. En algunes de les optatives disponibles al centre tamb\u00e9 s\u2019ha implementat el programa GEP.<\/span><\/p>\n<p class=\"font_8\" style=\"text-align: justify;\">A continuaci\u00f3 podeu veure una de les activitats realitzades el curs 2020\/21 i que ha estat publicada pel Departament d&#8217;Educaci\u00f3.<\/p>\n<p style=\"text-align: justify;\">Es tracta d&#8217;un projecte conjunt entre les assignatures de m\u00fasica i biologia en el que ha participat l&#8217;alumnat de l&#8217;optativa de m\u00fasica de 4t de la ESO.<\/p>\n<p class=\"font_8\" style=\"text-align: justify;\">Cal remarcar la satisfacci\u00f3 tant de l&#8217;alumnat com del professorat participant, treballar per projectes a resultat tot un \u00e8xit!<\/p>\n<p class=\"font_8\" style=\"text-align: justify;\">El projecte ha girat entorn a la creaci\u00f3 d&#8217;una s\u00e8rie de podcasts per radiar a la futura Radio L&#8217;Ametlla en els que l&#8217;alumnat ha intentat compartir amb els i les oients temes cient\u00edfics d&#8217;actualitat. Els nois i noies participants han creat la sintonia del programa i algunes de les m\u00fasiques dels podcasts, aix\u00ed mateix han triat aquells temes cient\u00edfics actuals que han considerat interessants i rellevants per al municipi i n&#8217;han intentat fer un tractament cient\u00edfic i acurat.<\/p>\n<p>Si cliqueu sobre la imatge podreu accedir a tota la informaci\u00f3 d&#8217;aquest projecte, a l&#8217;espai web que es va crear i podreu escoltar tots els podcasts. Esperem que us agradin!!<\/p>\n<p><a href=\"https:\/\/arelats1.wixsite.com\/irradiatingscience\" target=\"_blank\" rel=\"noopener\"><img loading=\"lazy\" decoding=\"async\" class=\"wp-image-1851 aligncenter\" src=\"https:\/\/agora.xtec.cat\/inseugenixammar\/wp-content\/uploads\/usu2541\/2021\/11\/irradiating-science-1024x478.png\" alt=\"\" width=\"763\" height=\"356\" srcset=\"https:\/\/agora.xtec.cat\/inseugenixammar\/wp-content\/uploads\/usu2541\/2021\/11\/irradiating-science-1024x478.png 1024w, https:\/\/agora.xtec.cat\/inseugenixammar\/wp-content\/uploads\/usu2541\/2021\/11\/irradiating-science-300x140.png 300w, https:\/\/agora.xtec.cat\/inseugenixammar\/wp-content\/uploads\/usu2541\/2021\/11\/irradiating-science-768x358.png 768w, https:\/\/agora.xtec.cat\/inseugenixammar\/wp-content\/uploads\/usu2541\/2021\/11\/irradiating-science.png 1369w\" sizes=\"auto, (max-width: 763px) 100vw, 763px\" \/><\/a><\/p>\n<p>&nbsp;<\/p>\n<p><a href=\"https:\/\/forms.gle\/JPbGLaRiCxiEjWxS6\" target=\"_blank\" rel=\"noopener noreferrer\">ENQUESTA ALUMNAT<\/a><\/p>\n","protected":false},"excerpt":{"rendered":"<p><a href=\"https:\/\/agora.xtec.cat\/inseugenixammar\/wp-content\/uploads\/usu2541\/2021\/07\/gep.png\"><\/a><br \/>\nEl GEP \u00e9s un programa impulsat pel Departament d\u2019Ensenyament que pret\u00e9n incrementar el temps d\u2019exposici\u00f3 de l\u2019alumnat a les lleng\u00fces estrangeres curriculars, d\u2019una banda,\u00a0 i acompanyar els centres educatius en el proc\u00e9s de desplegament i consolidaci\u00f3 d\u2019un projecte ling\u00fc\u00edstic pluriling\u00fce propi, de l\u2019altra.\u00a0<br \/>\nAquest programa&hellip;  <a href=\"https:\/\/agora.xtec.cat\/inseugenixammar\/trets-didentitat\/generacio-plurilingue-gep\/\" title=\"Read Generaci\u00f3 Pluriling\u00fce (GEP)\">Llegeix m\u00e9s\u00bb<\/a><\/p>\n","protected":false},"author":1,"featured_media":0,"parent":813,"menu_order":90,"comment_status":"closed","ping_status":"closed","template":"page-templates\/side-menu.php","meta":{"_bbp_topic_count":0,"_bbp_reply_count":0,"_bbp_total_topic_count":0,"_bbp_total_reply_count":0,"_bbp_voice_count":0,"_bbp_anonymous_reply_count":0,"_bbp_topic_count_hidden":0,"_bbp_reply_count_hidden":0,"_bbp_forum_subforum_count":0,"footnotes":""},"class_list":["post-524","page","type-page","status-publish","hentry"],"post_mailing_queue_ids":[],"_links":{"self":[{"href":"https:\/\/agora.xtec.cat\/inseugenixammar\/wp-json\/wp\/v2\/pages\/524","targetHints":{"allow":["GET"]}}],"collection":[{"href":"https:\/\/agora.xtec.cat\/inseugenixammar\/wp-json\/wp\/v2\/pages"}],"about":[{"href":"https:\/\/agora.xtec.cat\/inseugenixammar\/wp-json\/wp\/v2\/types\/page"}],"author":[{"embeddable":true,"href":"https:\/\/agora.xtec.cat\/inseugenixammar\/wp-json\/wp\/v2\/users\/1"}],"replies":[{"embeddable":true,"href":"https:\/\/agora.xtec.cat\/inseugenixammar\/wp-json\/wp\/v2\/comments?post=524"}],"version-history":[{"count":5,"href":"https:\/\/agora.xtec.cat\/inseugenixammar\/wp-json\/wp\/v2\/pages\/524\/revisions"}],"predecessor-version":[{"id":3123,"href":"https:\/\/agora.xtec.cat\/inseugenixammar\/wp-json\/wp\/v2\/pages\/524\/revisions\/3123"}],"up":[{"embeddable":true,"href":"https:\/\/agora.xtec.cat\/inseugenixammar\/wp-json\/wp\/v2\/pages\/813"}],"wp:attachment":[{"href":"https:\/\/agora.xtec.cat\/inseugenixammar\/wp-json\/wp\/v2\/media?parent=524"}],"curies":[{"name":"wp","href":"https:\/\/api.w.org\/{rel}","templated":true}]}}