{"id":522,"date":"2021-06-12T20:20:06","date_gmt":"2021-06-12T18:20:06","guid":{"rendered":"https:\/\/agora.xtec.cat\/inseugenixammar\/?page_id=522"},"modified":"2025-09-28T18:29:30","modified_gmt":"2025-09-28T16:29:30","slug":"pagaments","status":"publish","type":"page","link":"https:\/\/agora.xtec.cat\/inseugenixammar\/secretaria\/pagaments\/","title":{"rendered":"Pagaments"},"content":{"rendered":"<p><a href=\"https:\/\/tpvescola.com\/Default2.aspx\" target=\"_blank\" rel=\"noopener\"><img loading=\"lazy\" decoding=\"async\" class=\"size-full wp-image-1400 aligncenter\" src=\"https:\/\/agora.xtec.cat\/inseugenixammar\/wp-content\/uploads\/usu2541\/2021\/10\/logo-tpv.png\" alt=\"\" width=\"386\" height=\"95\" srcset=\"https:\/\/agora.xtec.cat\/inseugenixammar\/wp-content\/uploads\/usu2541\/2021\/10\/logo-tpv.png 386w, https:\/\/agora.xtec.cat\/inseugenixammar\/wp-content\/uploads\/usu2541\/2021\/10\/logo-tpv-300x74.png 300w\" sizes=\"auto, (max-width: 386px) 100vw, 386px\" \/><\/a><img loading=\"lazy\" decoding=\"async\" class=\" wp-image-1401 alignleft\" src=\"https:\/\/agora.xtec.cat\/inseugenixammar\/wp-content\/uploads\/usu2541\/2021\/10\/tpv-logo.png\" alt=\"\" width=\"125\" height=\"189\" \/><\/p>\n<p style=\"text-align: justify;\">Tots els pagaments de sortides, viatges, material escolar, armariets, activitats complement\u00e0ries i\u00a0 extraescolars s\u2019han d\u2019efectuar a trav\u00e9s de la plataforma virtual TPV escola.<\/p>\n<p><strong>I qu\u00e8 es TPV Escola?\u00a0<\/strong>Doncs \u00e9s el sistema de refer\u00e8ncia per gestionar els pagaments escolar que facilita la gesti\u00f3 i el control dels pagaments, tant als centres, a les fam\u00edlies i a l&#8217;AMPA.<\/p>\n<p>Es pot utilitzar des d&#8217;un m\u00f2bil, tauleta o ordinador.<\/p>\n<p>Els pagaments que es realitzen durant el curs escolar s\u00f3n els seg\u00fcents:<\/p>\n<p style=\"text-align: justify;\"><strong>QUOTA DE MATERIAL:\u00a0<\/strong>La quota de material \u00e9s de<strong> 80 \u20ac<\/strong> per cada curs escolar i alumne\/a. Aquest import es dedica a: material, fotoc\u00f2pies, llibres pel pla lector, manteniment de la plataforma de gesti\u00f3 d\u2019abs\u00e8ncies i incid\u00e8ncies (iEduca), inversions en mobiliari i millores de l\u2019espai (aules i pati), equipament i fungibles de laboratoris i tallers, material per activitats de dies especials (Nadal, Carnestoltes, tallers de Sant Jordi, final de curs, graduacions, etc.), premis i obsequis de concursos, activitats i xerrades de setmanes o dies tem\u00e0tics (setmana de la ci\u00e8ncia, english day, autors a les aules&#8230;) i a dotar el centre d\u2019altres recursos.<\/p>\n<p style=\"text-align: justify;\"><strong>ASSEGURAN\u00c7A ESCOLAR:<\/strong> L&#8217;import de l&#8217;asseguran\u00e7a escolar \u00e9s de <strong>1,15\u20ac <\/strong>i l&#8217;han de fer efectiu tots els alumnes a partir de 3r d&#8217;ESO.<\/p>\n<p style=\"text-align: justify;\"><strong>SORTIDES:\u00a0<\/strong>Cada nivell realitza diferents sortides, amb pernoctaci\u00f3 o sense, que tamb\u00e9 es paguen per TPV i que des del centre es va activant el pagament quan s&#8217;acosta la data de la sortida.<\/p>\n<p style=\"text-align: justify;\"><strong>DOSSIERS I\/O LLIC\u00c8NCIES DIGITALS: <\/strong>Algunes mat\u00e8ries no demanen comprar llibre de text i confeccionen un dossier propi o demanen una llic\u00e8ncia digital. Aquests dossiers i llic\u00e8ncies tamb\u00e9 cal pagar-los via TPV escola. Excepcionalment, per evitar comissions del sistema TPV per a dossiers de molt poc cost, es demana als alumnes que els adquireixin directament a la consergeria del centre.<\/p>\n<p style=\"text-align: justify;\"><strong>ARMARIETS (Opcional): <\/strong>L&#8217;alumnat que ho desitgi pot llogar un armariet durant el curs per desar-hi el material escolar. El lloguer \u00e9s de <strong>30 \u20ac<\/strong>\u00a0 per curs i haur\u00e0 de portar el seu propi cadenat. Els alumnes interessats en aquest servei cal que signin <a href=\"https:\/\/drive.google.com\/file\/d\/1uPw6jR2q2OzmBl7cTnaus4S6xYSFkuCy\/view?usp=sharing\" target=\"_blank\" rel=\"noopener\">aquest contracte<\/a>. Per fer aquest pagament cal entrar a <strong><em>tpv<\/em><\/strong>, anar a <strong><em>compres<\/em>,<\/strong><em><strong> articles, armariets<\/strong>. <\/em>En acabar el curs, han de buidar l&#8217;armariet i retirar el cadenat.<\/p>\n","protected":false},"excerpt":{"rendered":"<p><a href=\"https:\/\/tpvescola.com\/Default2.aspx\" target=\"_blank\" rel=\"noopener\"><\/a><br \/>\nTots els pagaments de sortides, viatges, material escolar, armariets, activitats complement\u00e0ries i\u00a0 extraescolars s\u2019han d\u2019efectuar a trav\u00e9s de la plataforma virtual TPV escola.<br \/>\nI qu\u00e8 es TPV Escola?\u00a0Doncs \u00e9s el sistema de refer\u00e8ncia per gestionar els pagaments escolar que facilita la gesti\u00f3 i&hellip;  <a href=\"https:\/\/agora.xtec.cat\/inseugenixammar\/secretaria\/pagaments\/\" title=\"Read Pagaments\">Llegeix m\u00e9s\u00bb<\/a><\/p>\n","protected":false},"author":1,"featured_media":0,"parent":81,"menu_order":80,"comment_status":"closed","ping_status":"closed","template":"page-templates\/side-menu.php","meta":{"_bbp_topic_count":0,"_bbp_reply_count":0,"_bbp_total_topic_count":0,"_bbp_total_reply_count":0,"_bbp_voice_count":0,"_bbp_anonymous_reply_count":0,"_bbp_topic_count_hidden":0,"_bbp_reply_count_hidden":0,"_bbp_forum_subforum_count":0,"footnotes":""},"class_list":["post-522","page","type-page","status-publish","hentry"],"post_mailing_queue_ids":[],"_links":{"self":[{"href":"https:\/\/agora.xtec.cat\/inseugenixammar\/wp-json\/wp\/v2\/pages\/522","targetHints":{"allow":["GET"]}}],"collection":[{"href":"https:\/\/agora.xtec.cat\/inseugenixammar\/wp-json\/wp\/v2\/pages"}],"about":[{"href":"https:\/\/agora.xtec.cat\/inseugenixammar\/wp-json\/wp\/v2\/types\/page"}],"author":[{"embeddable":true,"href":"https:\/\/agora.xtec.cat\/inseugenixammar\/wp-json\/wp\/v2\/users\/1"}],"replies":[{"embeddable":true,"href":"https:\/\/agora.xtec.cat\/inseugenixammar\/wp-json\/wp\/v2\/comments?post=522"}],"version-history":[{"count":6,"href":"https:\/\/agora.xtec.cat\/inseugenixammar\/wp-json\/wp\/v2\/pages\/522\/revisions"}],"predecessor-version":[{"id":3865,"href":"https:\/\/agora.xtec.cat\/inseugenixammar\/wp-json\/wp\/v2\/pages\/522\/revisions\/3865"}],"up":[{"embeddable":true,"href":"https:\/\/agora.xtec.cat\/inseugenixammar\/wp-json\/wp\/v2\/pages\/81"}],"wp:attachment":[{"href":"https:\/\/agora.xtec.cat\/inseugenixammar\/wp-json\/wp\/v2\/media?parent=522"}],"curies":[{"name":"wp","href":"https:\/\/api.w.org\/{rel}","templated":true}]}}